{"id":10096,"date":"2024-09-16T11:15:58","date_gmt":"2024-09-16T09:15:58","guid":{"rendered":"https:\/\/www.selfprotein.com\/?page_id=10096"},"modified":"2024-11-05T10:21:27","modified_gmt":"2024-11-05T09:21:27","slug":"vanilla-protein-pancakes-recipe","status":"publish","type":"page","link":"https:\/\/www.selfprotein.com\/de\/vanilla-protein-pancakes-recipe\/","title":{"rendered":"Vanille-Protein-Pfannkuchen-Rezept"},"content":{"rendered":"<div data-elementor-type=\"wp-page\" data-elementor-id=\"10096\" class=\"elementor elementor-10096\" data-elementor-post-type=\"page\">\n\t\t\t\t<div class=\"elementor-element elementor-element-7852bd9c elementor-hidden-mobile_extra elementor-hidden-mobile e-flex e-con-boxed e-con e-parent\" data-id=\"7852bd9c\" data-element_type=\"container\">\n\t\t\t\t\t<div class=\"e-con-inner\">\n\t\t<div class=\"elementor-element elementor-element-6df9c1cb e-con-full e-flex e-con e-child\" data-id=\"6df9c1cb\" data-element_type=\"container\" data-settings=\"{&quot;background_background&quot;:&quot;classic&quot;}\">\n\t\t\t\t<\/div>\n\t\t<div class=\"elementor-element elementor-element-1c317933 e-con-full e-flex e-con e-child\" data-id=\"1c317933\" data-element_type=\"container\">\n\t\t\t\t<\/div>\n\t\t\t\t\t<\/div>\n\t\t\t\t<\/div>\n\t\t<div class=\"elementor-element elementor-element-74a6e596 e-flex e-con-boxed e-con e-parent\" data-id=\"74a6e596\" data-element_type=\"container\">\n\t\t\t\t\t<div class=\"e-con-inner\">\n\t\t<div class=\"elementor-element elementor-element-a357308 e-con-full elementor-hidden-mobile_extra elementor-hidden-mobile e-flex e-con e-child\" data-id=\"a357308\" data-element_type=\"container\" data-settings=\"{&quot;background_background&quot;:&quot;classic&quot;}\">\n\t\t\t\t<\/div>\n\t\t<div class=\"elementor-element elementor-element-64046d15 e-con-full e-flex e-con e-child\" data-id=\"64046d15\" data-element_type=\"container\">\n\t\t\t\t<div class=\"elementor-element elementor-element-6aec7e13 elementor-widget__width-initial elementor-widget elementor-widget-image\" data-id=\"6aec7e13\" data-element_type=\"widget\" data-widget_type=\"image.default\">\n\t\t\t\t<div class=\"elementor-widget-container\">\n\t\t\t\t\t\t\t\t\t\t\t\t\t\t\t<img fetchpriority=\"high\" decoding=\"async\" width=\"620\" height=\"400\" src=\"https:\/\/www.selfprotein.com\/wp-content\/uploads\/2024\/09\/vanilla-protein-pancakes.png\" class=\"attachment-full size-full wp-image-9663\" alt=\"Vanille-Eiwei\u00df-Pfannkuchen\" srcset=\"https:\/\/www.selfprotein.com\/wp-content\/uploads\/2024\/09\/vanilla-protein-pancakes.png 620w, https:\/\/www.selfprotein.com\/wp-content\/uploads\/2024\/09\/vanilla-protein-pancakes-300x194.png 300w, https:\/\/www.selfprotein.com\/wp-content\/uploads\/2024\/09\/vanilla-protein-pancakes-18x12.png 18w, https:\/\/www.selfprotein.com\/wp-content\/uploads\/2024\/09\/vanilla-protein-pancakes-600x387.png 600w\" sizes=\"(max-width: 620px) 100vw, 620px\" \/>\t\t\t\t\t\t\t\t\t\t\t\t\t\t\t<\/div>\n\t\t\t\t<\/div>\n\t\t\t\t<\/div>\n\t\t\t\t\t<\/div>\n\t\t\t\t<\/div>\n\t\t<div class=\"elementor-element elementor-element-3f0b5a31 e-flex e-con-boxed e-con e-parent\" data-id=\"3f0b5a31\" data-element_type=\"container\">\n\t\t\t\t\t<div class=\"e-con-inner\">\n\t\t<div class=\"elementor-element elementor-element-785afa87 e-con-full elementor-hidden-mobile_extra elementor-hidden-mobile e-flex e-con e-child\" data-id=\"785afa87\" data-element_type=\"container\" data-settings=\"{&quot;background_background&quot;:&quot;classic&quot;}\">\n\t\t\t\t<\/div>\n\t\t<div class=\"elementor-element elementor-element-6b0dab10 e-con-full e-flex e-con e-child\" data-id=\"6b0dab10\" data-element_type=\"container\">\n\t\t\t\t<div class=\"elementor-element elementor-element-3880abab elementor-widget-tablet__width-initial elementor-widget elementor-widget-heading\" data-id=\"3880abab\" data-element_type=\"widget\" data-widget_type=\"heading.default\">\n\t\t\t\t<div class=\"elementor-widget-container\">\n\t\t\t\t\t<h1 class=\"elementor-heading-title elementor-size-default\">Vanille-Eiwei\u00df\nPfannkuchen<\/h1>\t\t\t\t<\/div>\n\t\t\t\t<\/div>\n\t\t\t\t<\/div>\n\t\t\t\t\t<\/div>\n\t\t\t\t<\/div>\n\t\t<div class=\"elementor-element elementor-element-37c9ba34 e-flex e-con-boxed e-con e-parent\" data-id=\"37c9ba34\" data-element_type=\"container\">\n\t\t\t\t\t<div class=\"e-con-inner\">\n\t\t<div class=\"elementor-element elementor-element-331cd106 e-con-full e-flex e-con e-child\" data-id=\"331cd106\" data-element_type=\"container\" data-settings=\"{&quot;background_background&quot;:&quot;classic&quot;}\">\n\t\t\t\t<div class=\"elementor-element elementor-element-599a222c elementor-widget elementor-widget-heading\" data-id=\"599a222c\" data-element_type=\"widget\" data-widget_type=\"heading.default\">\n\t\t\t\t<div class=\"elementor-widget-container\">\n\t\t\t\t\t<h2 class=\"elementor-heading-title elementor-size-default\">Inhaltsstoffe<\/h2>\t\t\t\t<\/div>\n\t\t\t\t<\/div>\n\t\t\t\t<div class=\"elementor-element elementor-element-72b4b2ff elementor-widget-divider--view-line elementor-widget elementor-widget-divider\" data-id=\"72b4b2ff\" data-element_type=\"widget\" data-widget_type=\"divider.default\">\n\t\t\t\t<div class=\"elementor-widget-container\">\n\t\t\t\t\t\t\t<div class=\"elementor-divider\">\n\t\t\t<span class=\"elementor-divider-separator\">\n\t\t\t\t\t\t<\/span>\n\t\t<\/div>\n\t\t\t\t\t\t<\/div>\n\t\t\t\t<\/div>\n\t\t\t\t<div class=\"elementor-element elementor-element-22dc39c6 elementor-widget elementor-widget-text-editor\" data-id=\"22dc39c6\" data-element_type=\"widget\" data-widget_type=\"text-editor.default\">\n\t\t\t\t<div class=\"elementor-widget-container\">\n\t\t\t\t\t\t\t\t\t<ul><li>2 Kugeln Protein Pfannkuchen\u00a0<\/li><li>1 Messl\u00f6ffel <a style=\"text-decoration: underline;\" href=\"https:\/\/www.selfprotein.com\/de\/produkt\/iso-whey-premium\/\" target=\"_blank\" rel=\"noopener\">Vanille Iso Whey Premium<\/a><\/li><li>200 ml Wasser<\/li><li>2 reife Bananen<\/li><li>1-2 Essl\u00f6ffel <a style=\"text-decoration: underline;\" href=\"https:\/\/www.selfprotein.com\/de\/produkt\/mct-oil\/\" target=\"_blank\" rel=\"noopener\">Kokosnuss\u00f6l<\/a><\/li><\/ul>\t\t\t\t\t\t\t\t<\/div>\n\t\t\t\t<\/div>\n\t\t\t\t<\/div>\n\t\t<div class=\"elementor-element elementor-element-500b0422 e-con-full e-flex e-con e-child\" data-id=\"500b0422\" data-element_type=\"container\">\n\t\t\t\t<div class=\"elementor-element elementor-element-478f39ff elementor-widget elementor-widget-heading\" data-id=\"478f39ff\" data-element_type=\"widget\" data-widget_type=\"heading.default\">\n\t\t\t\t<div class=\"elementor-widget-container\">\n\t\t\t\t\t<h2 class=\"elementor-heading-title elementor-size-default\">Verfahren<\/h2>\t\t\t\t<\/div>\n\t\t\t\t<\/div>\n\t\t\t\t<div class=\"elementor-element elementor-element-1e8c94fa elementor-widget-divider--view-line elementor-widget elementor-widget-divider\" data-id=\"1e8c94fa\" data-element_type=\"widget\" data-widget_type=\"divider.default\">\n\t\t\t\t<div class=\"elementor-widget-container\">\n\t\t\t\t\t\t\t<div class=\"elementor-divider\">\n\t\t\t<span class=\"elementor-divider-separator\">\n\t\t\t\t\t\t<\/span>\n\t\t<\/div>\n\t\t\t\t\t\t<\/div>\n\t\t\t\t<\/div>\n\t\t\t\t<div class=\"elementor-element elementor-element-70254317 elementor-widget elementor-widget-text-editor\" data-id=\"70254317\" data-element_type=\"widget\" data-widget_type=\"text-editor.default\">\n\t\t\t\t<div class=\"elementor-widget-container\">\n\t\t\t\t\t\t\t\t\t<p>1. Protein Pancake und Vanilleproteinpulver mit dem Wasser glatt r\u00fchren.<br \/>2. Die Bananen zerdr\u00fccken und zu der Mischung geben.<br \/>3. Eine antihaftbeschichtete Pfanne mit dem Kokos\u00f6l erhitzen.<br \/>4. Die Mischung in die Pfanne gie\u00dfen und kleine Pfannkuchen formen.<br \/>5. Pro Seite 2-3 Minuten goldbraun braten.<\/p>\t\t\t\t\t\t\t\t<\/div>\n\t\t\t\t<\/div>\n\t\t\t\t<div class=\"elementor-element elementor-element-623dbb69 elementor-widget elementor-widget-heading\" data-id=\"623dbb69\" data-element_type=\"widget\" data-widget_type=\"heading.default\">\n\t\t\t\t<div class=\"elementor-widget-container\">\n\t\t\t\t\t<h2 class=\"elementor-heading-title elementor-size-default\">Tipp<\/h2>\t\t\t\t<\/div>\n\t\t\t\t<\/div>\n\t\t\t\t<div class=\"elementor-element elementor-element-66120245 elementor-widget-divider--view-line elementor-widget elementor-widget-divider\" data-id=\"66120245\" data-element_type=\"widget\" data-widget_type=\"divider.default\">\n\t\t\t\t<div class=\"elementor-widget-container\">\n\t\t\t\t\t\t\t<div class=\"elementor-divider\">\n\t\t\t<span class=\"elementor-divider-separator\">\n\t\t\t\t\t\t<\/span>\n\t\t<\/div>\n\t\t\t\t\t\t<\/div>\n\t\t\t\t<\/div>\n\t\t\t\t<div class=\"elementor-element elementor-element-79280174 elementor-widget elementor-widget-text-editor\" data-id=\"79280174\" data-element_type=\"widget\" data-widget_type=\"text-editor.default\">\n\t\t\t\t<div class=\"elementor-widget-container\">\n\t\t\t\t\t\t\t\t\t<p>F\u00fcr zus\u00e4tzlichen Geschmack eine Prise Zimt hinzuf\u00fcgen.<br \/>Mit frischem Obst und zuckerfreiem Ahornsirup servieren.<\/p>\t\t\t\t\t\t\t\t<\/div>\n\t\t\t\t<\/div>\n\t\t\t\t<\/div>\n\t\t\t\t\t<\/div>\n\t\t\t\t<\/div>\n\t\t\t\t<\/div>","protected":false},"excerpt":{"rendered":"<p>Vanille-Protein-Pfannkuchen Zutaten 2 Messl\u00f6ffel Protein Pancake 1 Messl\u00f6ffel Vanilla Iso Whey Premium 200 ml Wasser 2 reife Bananen 1-2 Essl\u00f6ffel Kokos\u00f6l Zubereitung 1. Protein Pancake und Vanille-Proteinpulver mit dem Wasser glatt r\u00fchren.2. Bananen zerdr\u00fccken und zu der Mischung geben.3. Eine beschichtete Pfanne erhitzen [...]<\/p>","protected":false},"author":22483,"featured_media":0,"parent":0,"menu_order":0,"comment_status":"closed","ping_status":"closed","template":"","meta":{"footnotes":""},"class_list":["post-10096","page","type-page","status-publish","hentry"],"aioseo_notices":[],"_links":{"self":[{"href":"https:\/\/www.selfprotein.com\/de\/wp-json\/wp\/v2\/pages\/10096"}],"collection":[{"href":"https:\/\/www.selfprotein.com\/de\/wp-json\/wp\/v2\/pages"}],"about":[{"href":"https:\/\/www.selfprotein.com\/de\/wp-json\/wp\/v2\/types\/page"}],"author":[{"embeddable":true,"href":"https:\/\/www.selfprotein.com\/de\/wp-json\/wp\/v2\/users\/22483"}],"replies":[{"embeddable":true,"href":"https:\/\/www.selfprotein.com\/de\/wp-json\/wp\/v2\/comments?post=10096"}],"version-history":[{"count":23,"href":"https:\/\/www.selfprotein.com\/de\/wp-json\/wp\/v2\/pages\/10096\/revisions"}],"predecessor-version":[{"id":11249,"href":"https:\/\/www.selfprotein.com\/de\/wp-json\/wp\/v2\/pages\/10096\/revisions\/11249"}],"wp:attachment":[{"href":"https:\/\/www.selfprotein.com\/de\/wp-json\/wp\/v2\/media?parent=10096"}],"curies":[{"name":"wp","href":"https:\/\/api.w.org\/{rel}","templated":true}]}}