{"id":10137,"date":"2024-09-16T11:14:11","date_gmt":"2024-09-16T09:14:11","guid":{"rendered":"https:\/\/www.selfprotein.com\/?page_id=10137"},"modified":"2024-10-17T15:23:27","modified_gmt":"2024-10-17T13:23:27","slug":"cherry-almond-smoothie-recipe","status":"publish","type":"page","link":"https:\/\/www.selfprotein.com\/de\/cherry-almond-smoothie-recipe\/","title":{"rendered":"Kirsche-Mandel-Smoothie-Rezept"},"content":{"rendered":"<div data-elementor-type=\"wp-page\" data-elementor-id=\"10137\" class=\"elementor elementor-10137\" data-elementor-post-type=\"page\">\n\t\t\t\t<div class=\"elementor-element elementor-element-4eb2ab50 elementor-hidden-mobile_extra elementor-hidden-mobile e-flex e-con-boxed e-con e-parent\" data-id=\"4eb2ab50\" data-element_type=\"container\">\n\t\t\t\t\t<div class=\"e-con-inner\">\n\t\t<div class=\"elementor-element elementor-element-56211805 e-con-full e-flex e-con e-child\" data-id=\"56211805\" data-element_type=\"container\" data-settings=\"{&quot;background_background&quot;:&quot;classic&quot;}\">\n\t\t\t\t<\/div>\n\t\t<div class=\"elementor-element elementor-element-526a7111 e-con-full e-flex e-con e-child\" data-id=\"526a7111\" data-element_type=\"container\">\n\t\t\t\t<\/div>\n\t\t\t\t\t<\/div>\n\t\t\t\t<\/div>\n\t\t<div class=\"elementor-element elementor-element-420dc63d e-flex e-con-boxed e-con e-parent\" data-id=\"420dc63d\" data-element_type=\"container\">\n\t\t\t\t\t<div class=\"e-con-inner\">\n\t\t<div class=\"elementor-element elementor-element-2cd8611 e-con-full elementor-hidden-mobile_extra elementor-hidden-mobile e-flex e-con e-child\" data-id=\"2cd8611\" data-element_type=\"container\" data-settings=\"{&quot;background_background&quot;:&quot;classic&quot;}\">\n\t\t\t\t<\/div>\n\t\t<div class=\"elementor-element elementor-element-50470f4a e-con-full e-flex e-con e-child\" data-id=\"50470f4a\" data-element_type=\"container\">\n\t\t\t\t<div class=\"elementor-element elementor-element-3febd76d elementor-widget__width-initial elementor-widget elementor-widget-image\" data-id=\"3febd76d\" data-element_type=\"widget\" data-widget_type=\"image.default\">\n\t\t\t\t<div class=\"elementor-widget-container\">\n\t\t\t\t\t\t\t\t\t\t\t\t\t\t\t<img fetchpriority=\"high\" decoding=\"async\" width=\"620\" height=\"400\" src=\"https:\/\/www.selfprotein.com\/wp-content\/uploads\/2024\/09\/cherry-almond-smoothie.png\" class=\"attachment-full size-full wp-image-9660\" alt=\"Kirsche-Mandel-Smoothie\" srcset=\"https:\/\/www.selfprotein.com\/wp-content\/uploads\/2024\/09\/cherry-almond-smoothie.png 620w, https:\/\/www.selfprotein.com\/wp-content\/uploads\/2024\/09\/cherry-almond-smoothie-300x194.png 300w, https:\/\/www.selfprotein.com\/wp-content\/uploads\/2024\/09\/cherry-almond-smoothie-18x12.png 18w, https:\/\/www.selfprotein.com\/wp-content\/uploads\/2024\/09\/cherry-almond-smoothie-600x387.png 600w\" sizes=\"(max-width: 620px) 100vw, 620px\" \/>\t\t\t\t\t\t\t\t\t\t\t\t\t\t\t<\/div>\n\t\t\t\t<\/div>\n\t\t\t\t<\/div>\n\t\t\t\t\t<\/div>\n\t\t\t\t<\/div>\n\t\t<div class=\"elementor-element elementor-element-18863c66 e-flex e-con-boxed e-con e-parent\" data-id=\"18863c66\" data-element_type=\"container\">\n\t\t\t\t\t<div class=\"e-con-inner\">\n\t\t<div class=\"elementor-element elementor-element-7d71eb43 e-con-full elementor-hidden-mobile_extra elementor-hidden-mobile e-flex e-con e-child\" data-id=\"7d71eb43\" data-element_type=\"container\" data-settings=\"{&quot;background_background&quot;:&quot;classic&quot;}\">\n\t\t\t\t<\/div>\n\t\t<div class=\"elementor-element elementor-element-54081305 e-con-full e-flex e-con e-child\" data-id=\"54081305\" data-element_type=\"container\">\n\t\t\t\t<div class=\"elementor-element elementor-element-4dba86d7 elementor-widget-tablet__width-initial elementor-widget elementor-widget-heading\" data-id=\"4dba86d7\" data-element_type=\"widget\" data-widget_type=\"heading.default\">\n\t\t\t\t<div class=\"elementor-widget-container\">\n\t\t\t\t\t<h1 class=\"elementor-heading-title elementor-size-default\">Kirsche-Mandel\nSmoothie<\/h1>\t\t\t\t<\/div>\n\t\t\t\t<\/div>\n\t\t\t\t<\/div>\n\t\t\t\t\t<\/div>\n\t\t\t\t<\/div>\n\t\t<div class=\"elementor-element elementor-element-41d4dcdb e-flex e-con-boxed e-con e-parent\" data-id=\"41d4dcdb\" data-element_type=\"container\">\n\t\t\t\t\t<div class=\"e-con-inner\">\n\t\t<div class=\"elementor-element elementor-element-24d9392 e-con-full e-flex e-con e-child\" data-id=\"24d9392\" data-element_type=\"container\" data-settings=\"{&quot;background_background&quot;:&quot;classic&quot;}\">\n\t\t\t\t<div class=\"elementor-element elementor-element-5b3e9999 elementor-widget elementor-widget-heading\" data-id=\"5b3e9999\" data-element_type=\"widget\" data-widget_type=\"heading.default\">\n\t\t\t\t<div class=\"elementor-widget-container\">\n\t\t\t\t\t<h2 class=\"elementor-heading-title elementor-size-default\">Inhaltsstoffe<\/h2>\t\t\t\t<\/div>\n\t\t\t\t<\/div>\n\t\t\t\t<div class=\"elementor-element elementor-element-6dbde948 elementor-widget-divider--view-line elementor-widget elementor-widget-divider\" data-id=\"6dbde948\" data-element_type=\"widget\" data-widget_type=\"divider.default\">\n\t\t\t\t<div class=\"elementor-widget-container\">\n\t\t\t\t\t\t\t<div class=\"elementor-divider\">\n\t\t\t<span class=\"elementor-divider-separator\">\n\t\t\t\t\t\t<\/span>\n\t\t<\/div>\n\t\t\t\t\t\t<\/div>\n\t\t\t\t<\/div>\n\t\t\t\t<div class=\"elementor-element elementor-element-505e4ab4 elementor-widget elementor-widget-text-editor\" data-id=\"505e4ab4\" data-element_type=\"widget\" data-widget_type=\"text-editor.default\">\n\t\t\t\t<div class=\"elementor-widget-container\">\n\t\t\t\t\t\t\t\t\t<ul><li>1 Messl\u00f6ffel <a style=\"text-decoration: underline;\" href=\"https:\/\/www.selfprotein.com\/de\/produkt\/iso-whey-premium\/\" target=\"_blank\" rel=\"noopener\">Vanille Iso-Molke<\/a><a style=\"text-decoration: underline;\" href=\"https:\/\/www.selfprotein.com\/de\/produkt\/iso-whey-premium\/\" target=\"_blank\" rel=\"noopener\"> Pr\u00e4mie<\/a><\/li><li>100 g entsteinte Kirschen<\/li><li>200 ml Mandelmilch<\/li><li>1 Essl\u00f6ffel Mandelbutter<\/li><\/ul>\t\t\t\t\t\t\t\t<\/div>\n\t\t\t\t<\/div>\n\t\t\t\t<\/div>\n\t\t<div class=\"elementor-element elementor-element-2a9720c2 e-con-full e-flex e-con e-child\" data-id=\"2a9720c2\" data-element_type=\"container\">\n\t\t\t\t<div class=\"elementor-element elementor-element-7dd12708 elementor-widget elementor-widget-heading\" data-id=\"7dd12708\" data-element_type=\"widget\" data-widget_type=\"heading.default\">\n\t\t\t\t<div class=\"elementor-widget-container\">\n\t\t\t\t\t<h2 class=\"elementor-heading-title elementor-size-default\">Verfahren<\/h2>\t\t\t\t<\/div>\n\t\t\t\t<\/div>\n\t\t\t\t<div class=\"elementor-element elementor-element-537c3bb elementor-widget-divider--view-line elementor-widget elementor-widget-divider\" data-id=\"537c3bb\" data-element_type=\"widget\" data-widget_type=\"divider.default\">\n\t\t\t\t<div class=\"elementor-widget-container\">\n\t\t\t\t\t\t\t<div class=\"elementor-divider\">\n\t\t\t<span class=\"elementor-divider-separator\">\n\t\t\t\t\t\t<\/span>\n\t\t<\/div>\n\t\t\t\t\t\t<\/div>\n\t\t\t\t<\/div>\n\t\t\t\t<div class=\"elementor-element elementor-element-72e13891 elementor-widget elementor-widget-text-editor\" data-id=\"72e13891\" data-element_type=\"widget\" data-widget_type=\"text-editor.default\">\n\t\t\t\t<div class=\"elementor-widget-container\">\n\t\t\t\t\t\t\t\t\t<p>1. Alle Zutaten in einen Mixer geben.<br \/>2. Mixen, bis die Masse glatt ist.<br \/>3. Sofort servieren.<\/p>\t\t\t\t\t\t\t\t<\/div>\n\t\t\t\t<\/div>\n\t\t\t\t<div class=\"elementor-element elementor-element-4693bcb8 elementor-widget elementor-widget-heading\" data-id=\"4693bcb8\" data-element_type=\"widget\" data-widget_type=\"heading.default\">\n\t\t\t\t<div class=\"elementor-widget-container\">\n\t\t\t\t\t<h2 class=\"elementor-heading-title elementor-size-default\">Tipp<\/h2>\t\t\t\t<\/div>\n\t\t\t\t<\/div>\n\t\t\t\t<div class=\"elementor-element elementor-element-3bcf1c9a elementor-widget-divider--view-line elementor-widget elementor-widget-divider\" data-id=\"3bcf1c9a\" data-element_type=\"widget\" data-widget_type=\"divider.default\">\n\t\t\t\t<div class=\"elementor-widget-container\">\n\t\t\t\t\t\t\t<div class=\"elementor-divider\">\n\t\t\t<span class=\"elementor-divider-separator\">\n\t\t\t\t\t\t<\/span>\n\t\t<\/div>\n\t\t\t\t\t\t<\/div>\n\t\t\t\t<\/div>\n\t\t\t\t<div class=\"elementor-element elementor-element-6f1618cb elementor-widget elementor-widget-text-editor\" data-id=\"6f1618cb\" data-element_type=\"widget\" data-widget_type=\"text-editor.default\">\n\t\t\t\t<div class=\"elementor-widget-container\">\n\t\t\t\t\t\t\t\t\t<p>Verwenden Sie gefrorene Kirschen f\u00fcr einen frischeren Smoothie.<br \/>F\u00fcr einen Hauch von Geschmack ein wenig Zimt hinzuf\u00fcgen.<br \/>Mit Kirschspalten und gehackten Mandeln garnieren.<\/p>\t\t\t\t\t\t\t\t<\/div>\n\t\t\t\t<\/div>\n\t\t\t\t<\/div>\n\t\t\t\t\t<\/div>\n\t\t\t\t<\/div>\n\t\t\t\t<\/div>","protected":false},"excerpt":{"rendered":"<p>Kirsch-Mandel-Smoothie Zutaten 1 Messl\u00f6ffel Vanilla Iso Whey Premium 100 g entsteinte Kirschen 200 ml Mandelmilch 1 Essl\u00f6ffel Mandelbutter Vorgehensweise 1. Alle Zutaten in einen Mixer geben.2. glatt p\u00fcrieren.3. sofort servieren. Tipp Verwenden Sie gefrorene Kirschen f\u00fcr einen frischeren Smoothie, f\u00fcgen Sie etwas Zimt f\u00fcr einen Hauch von Geschmack hinzu und garnieren Sie den Smoothie mit Kirschenscheiben [...]<\/p>","protected":false},"author":22483,"featured_media":0,"parent":0,"menu_order":0,"comment_status":"closed","ping_status":"closed","template":"","meta":{"footnotes":""},"class_list":["post-10137","page","type-page","status-publish","hentry"],"aioseo_notices":[],"_links":{"self":[{"href":"https:\/\/www.selfprotein.com\/de\/wp-json\/wp\/v2\/pages\/10137"}],"collection":[{"href":"https:\/\/www.selfprotein.com\/de\/wp-json\/wp\/v2\/pages"}],"about":[{"href":"https:\/\/www.selfprotein.com\/de\/wp-json\/wp\/v2\/types\/page"}],"author":[{"embeddable":true,"href":"https:\/\/www.selfprotein.com\/de\/wp-json\/wp\/v2\/users\/22483"}],"replies":[{"embeddable":true,"href":"https:\/\/www.selfprotein.com\/de\/wp-json\/wp\/v2\/comments?post=10137"}],"version-history":[{"count":37,"href":"https:\/\/www.selfprotein.com\/de\/wp-json\/wp\/v2\/pages\/10137\/revisions"}],"predecessor-version":[{"id":10882,"href":"https:\/\/www.selfprotein.com\/de\/wp-json\/wp\/v2\/pages\/10137\/revisions\/10882"}],"wp:attachment":[{"href":"https:\/\/www.selfprotein.com\/de\/wp-json\/wp\/v2\/media?parent=10137"}],"curies":[{"name":"wp","href":"https:\/\/api.w.org\/{rel}","templated":true}]}}