{"id":1879,"date":"2024-02-07T17:40:28","date_gmt":"2024-02-07T16:40:28","guid":{"rendered":"https:\/\/34.88.231.180\/?page_id=1879"},"modified":"2024-08-21T12:17:30","modified_gmt":"2024-08-21T10:17:30","slug":"athletes","status":"publish","type":"page","link":"https:\/\/www.selfprotein.com\/de\/athletes\/","title":{"rendered":"Athleten"},"content":{"rendered":"<div data-elementor-type=\"wp-page\" data-elementor-id=\"1879\" class=\"elementor elementor-1879\" data-elementor-post-type=\"page\">\n\t\t\t\t<div class=\"elementor-element elementor-element-7578786 e-con-full e-flex e-con e-parent\" data-id=\"7578786\" data-element_type=\"container\" data-settings=\"{&quot;background_background&quot;:&quot;classic&quot;}\">\n\t\t<div class=\"elementor-element elementor-element-e89793b e-con-full e-flex e-con e-child\" data-id=\"e89793b\" data-element_type=\"container\">\n\t\t\t\t<div class=\"elementor-element elementor-element-3cb0afe elementor-widget elementor-widget-text-editor\" data-id=\"3cb0afe\" data-element_type=\"widget\" data-widget_type=\"text-editor.default\">\n\t\t\t\t<div class=\"elementor-widget-container\">\n\t\t\t\t\t\t\t\t\t<p>ATHLETEN<\/p>\t\t\t\t\t\t\t\t<\/div>\n\t\t\t\t<\/div>\n\t\t\t\t<div class=\"elementor-element elementor-element-6a9b77e elementor-widget elementor-widget-heading\" data-id=\"6a9b77e\" data-element_type=\"widget\" data-widget_type=\"heading.default\">\n\t\t\t\t<div class=\"elementor-widget-container\">\n\t\t\t\t\t<h2 class=\"elementor-heading-title elementor-size-default\">SELF TEAM<\/h2>\t\t\t\t<\/div>\n\t\t\t\t<\/div>\n\t\t\t\t<\/div>\n\t\t\t\t<\/div>\n\t\t<div class=\"elementor-element elementor-element-0eaecae e-flex e-con-boxed e-con e-parent\" data-id=\"0eaecae\" data-element_type=\"container\">\n\t\t\t\t\t<div class=\"e-con-inner\">\n\t\t\t\t<div class=\"elementor-element elementor-element-868c16f elementor-widget elementor-widget-text-editor\" data-id=\"868c16f\" data-element_type=\"widget\" data-widget_type=\"text-editor.default\">\n\t\t\t\t<div class=\"elementor-widget-container\">\n\t\t\t\t\t\t\t\t\t<p>Treffen Sie unsere Spitzensportler und erfahrenen Trainer, die auf<br \/>SELF OMNINUTRITION, um ihre H\u00f6chstleistung zu erreichen.<\/p>\t\t\t\t\t\t\t\t<\/div>\n\t\t\t\t<\/div>\n\t\t\t\t\t<\/div>\n\t\t\t\t<\/div>\n\t\t<div class=\"elementor-element elementor-element-68842af e-con-full e-flex e-con e-parent\" data-id=\"68842af\" data-element_type=\"container\" data-settings=\"{&quot;background_background&quot;:&quot;classic&quot;}\">\n\t\t<div class=\"elementor-element elementor-element-aebefca e-con-full e-flex e-con e-child\" data-id=\"aebefca\" data-element_type=\"container\" data-settings=\"{&quot;background_background&quot;:&quot;classic&quot;}\">\n\t\t\t\t<div class=\"elementor-element elementor-element-3314b82 elementor-widget elementor-widget-heading\" data-id=\"3314b82\" data-element_type=\"widget\" data-widget_type=\"heading.default\">\n\t\t\t\t<div class=\"elementor-widget-container\">\n\t\t\t\t\t<h2 class=\"elementor-heading-title elementor-size-default\">Margherita Bianchin<\/h2>\t\t\t\t<\/div>\n\t\t\t\t<\/div>\n\t\t\t\t<div class=\"elementor-element elementor-element-8cf5640 elementor-widget elementor-widget-text-editor\" data-id=\"8cf5640\" data-element_type=\"widget\" data-widget_type=\"text-editor.default\">\n\t\t\t\t<div class=\"elementor-widget-container\">\n\t\t\t\t\t\t\t\t\t<p>Margherita Bianchin wurde in Treviso, Italien, geboren.<br>\nNachdem sie f\u00fcr die besten Jugend-Volleyballmannschaften gespielt hat<br>\nund 3 Beachvolleyball-Nationalsiege<br>\nMeisterschaften erhielt sie eine volle sportliche<br>\nStipendium in den USA. Sie machte ihren Abschluss an der<br>\nFlorida International University (Miami) mit einem<br>\nBachelor in Internationalen Beziehungen, Nebenfach<br>\nMarketing, einen Master-Abschluss in Internationaler<br>\nWirtschaft und einen Master-Abschluss in Sport<br>\nManagement. Sie wurde 2-mal All American,<br>\nund First Team All-Region. Sie trat der<br>\nNationalmannschaft und ihr olympisches Programm f\u00fcr 2020.<br>\nSie gewann auch viele Titel wie 2 italienische Pokale, sie<br> war\nMedaillengewinner der Welttournee, holte Silber bei der<br> Mittelmeer\nStrandspiele und wurde in<br> die Top10 der europ\u00e4ischen\nund Weltmeisterschaften.<\/p>\t\t\t\t\t\t\t\t<\/div>\n\t\t\t\t<\/div>\n\t\t\t\t<\/div>\n\t\t<div class=\"elementor-element elementor-element-9f60e99 e-con-full e-flex e-con e-child\" data-id=\"9f60e99\" data-element_type=\"container\" data-settings=\"{&quot;background_background&quot;:&quot;classic&quot;}\">\n\t\t\t\t<\/div>\n\t\t\t\t<\/div>\n\t\t<div class=\"elementor-element elementor-element-17466c3 e-con-full e-flex e-con e-parent\" data-id=\"17466c3\" data-element_type=\"container\" data-settings=\"{&quot;background_background&quot;:&quot;classic&quot;}\">\n\t\t<div class=\"elementor-element elementor-element-9cc3b8d e-con-full e-flex e-con e-child\" data-id=\"9cc3b8d\" data-element_type=\"container\" data-settings=\"{&quot;background_background&quot;:&quot;classic&quot;}\">\n\t\t\t\t<div class=\"elementor-element elementor-element-2a69b53 elementor-widget elementor-widget-heading\" data-id=\"2a69b53\" data-element_type=\"widget\" data-widget_type=\"heading.default\">\n\t\t\t\t<div class=\"elementor-widget-container\">\n\t\t\t\t\t<h2 class=\"elementor-heading-title elementor-size-default\">Sveva Gerevini<\/h2>\t\t\t\t<\/div>\n\t\t\t\t<\/div>\n\t\t\t\t<div class=\"elementor-element elementor-element-f8c878c elementor-widget elementor-widget-text-editor\" data-id=\"f8c878c\" data-element_type=\"widget\" data-widget_type=\"text-editor.default\">\n\t\t\t\t<div class=\"elementor-widget-container\">\n\t\t\t\t\t\t\t\t\t<p>Sveva Gerevini ist eine der vielseitigsten und talentiertesten Athletinnen der italienischen Leichtathletik. Sie ist die erste italienische Athletin in der Geschichte, die vier aufeinanderfolgende nationale Titel im Siebenkampf gewonnen hat (2017, 2018, 2019 und 2020). Im M\u00e4rz 2024 stellte sie bei den Hallenweltmeisterschaften in Glasgow mit 4559 Punkten einen neuen Rekord im Hallenf\u00fcnfkampf auf und belegte damit den vierten Platz, die beste Leistung, die Italien jemals in den Mehrk\u00e4mpfen auf globaler Ebene erzielt hat. 2024 brach Sveva im Juni bei den Europameisterschaften in Rom den seit 25 Jahren bestehenden italienischen Rekord im Siebenkampf, indem sie 6379 Punkte erzielte und Sechste wurde. Mit dieser au\u00dfergew\u00f6hnlichen Leistung qualifizierte sie sich f\u00fcr die Olympischen Spiele 2024 in Paris, wo sie Italien nach 25-j\u00e4hriger Abwesenheit im Siebenkampf vertreten wird. Sveva schloss ihr Studium der Radiologie mit Auszeichnung ab und arbeitete engagiert zwischen Cremona, Crema und Parma, bevor sie im November 2020 zu den Carabinieri eingezogen wurde.Als Liebhaberin von Comics hat sie f\u00fcr die Europameisterschaften in Rom und die Olympischen Spiele in Paris eine Graphic Novel mit anderen Spitzensportlern wie Marcell Jacobs, Antonella Palmisano, Larissa Iapichino und Leonardo Fabbri herausgebracht, in der sie ihre Leidenschaft f\u00fcr den Sport mit ihrer Liebe zur Kunst verbindet.Mit ihrer Entschlossenheit und Vielseitigkeit inspiriert Sveva Gerevini weiterhin junge Sportler und zeigt, dass man mit Engagement und Leidenschaft au\u00dfergew\u00f6hnliche Ziele erreichen kann, sowohl im Sport als auch im Leben.<\/p>\t\t\t\t\t\t\t\t<\/div>\n\t\t\t\t<\/div>\n\t\t\t\t<\/div>\n\t\t<div class=\"elementor-element elementor-element-e65ca73 e-con-full e-flex e-con e-child\" data-id=\"e65ca73\" data-element_type=\"container\" data-settings=\"{&quot;background_background&quot;:&quot;classic&quot;}\">\n\t\t\t\t<\/div>\n\t\t\t\t<\/div>\n\t\t<div class=\"elementor-element elementor-element-b41e0dc e-con-full e-flex e-con e-parent\" data-id=\"b41e0dc\" data-element_type=\"container\" data-settings=\"{&quot;background_background&quot;:&quot;classic&quot;}\">\n\t\t<div class=\"elementor-element elementor-element-36f7ff0 e-con-full e-flex e-con e-child\" data-id=\"36f7ff0\" data-element_type=\"container\" data-settings=\"{&quot;background_background&quot;:&quot;classic&quot;}\">\n\t\t\t\t<div class=\"elementor-element elementor-element-5f43700 elementor-widget elementor-widget-heading\" data-id=\"5f43700\" data-element_type=\"widget\" data-widget_type=\"heading.default\">\n\t\t\t\t<div class=\"elementor-widget-container\">\n\t\t\t\t\t<h2 class=\"elementor-heading-title elementor-size-default\">Jakob Hellberg<\/h2>\t\t\t\t<\/div>\n\t\t\t\t<\/div>\n\t\t\t\t<div class=\"elementor-element elementor-element-ba0c903 elementor-widget elementor-widget-text-editor\" data-id=\"ba0c903\" data-element_type=\"widget\" data-widget_type=\"text-editor.default\">\n\t\t\t\t<div class=\"elementor-widget-container\">\n\t\t\t\t\t\t\t\t\tJacob Hellberg, geboren in Stockholm, Schweden, ist ein<br>\nprofessioneller Life Coach und Personal Trainer mit \u00fcber<br>\n25 Jahre Erfahrung in der k\u00f6rperlichen Ert\u00fcchtigung,<br> Ziel-\nArbeit und psychische Gesundheit. Er ist spezialisiert auf<br> in\nden Menschen zu einem ges\u00fcnderen und erf\u00fcllteren Leben zu verhelfen.<br> \u00dcber\nIm Laufe seiner Karriere hat er mit folgenden Unternehmen zusammengearbeitet<br> Welt\nK\u00fcnstler und Schauspieler wie Katy Perry, Lukas Graham,<br>\nMax Martin und Alexander Skarsgard usw.<br><br>\n\nNeben der Ausbildung zertifiziert Jacob auch andere Lebens<br>\nist Trainer und Gastgeber eines beliebten Podcasts namens<br> \"The Life\nCoach\", der es auf Platz 1 der iTunes-Liste geschafft hat<br> der Selbsthilfe\npodcast bei mehreren Gelegenheiten.\t\t\t\t\t\t\t\t<\/div>\n\t\t\t\t<\/div>\n\t\t\t\t<\/div>\n\t\t<div class=\"elementor-element elementor-element-d2cdb26 e-con-full e-flex e-con e-child\" data-id=\"d2cdb26\" data-element_type=\"container\" data-settings=\"{&quot;background_background&quot;:&quot;classic&quot;}\">\n\t\t\t\t<\/div>\n\t\t\t\t<\/div>\n\t\t<div class=\"elementor-element elementor-element-6263f17 e-con-full e-flex e-con e-parent\" data-id=\"6263f17\" data-element_type=\"container\" data-settings=\"{&quot;background_background&quot;:&quot;classic&quot;}\">\n\t\t<div class=\"elementor-element elementor-element-7b2be81 e-con-full e-flex e-con e-child\" data-id=\"7b2be81\" data-element_type=\"container\" data-settings=\"{&quot;background_background&quot;:&quot;classic&quot;}\">\n\t\t\t\t<div class=\"elementor-element elementor-element-dfafcc2 elementor-widget elementor-widget-heading\" data-id=\"dfafcc2\" data-element_type=\"widget\" data-widget_type=\"heading.default\">\n\t\t\t\t<div class=\"elementor-widget-container\">\n\t\t\t\t\t<h2 class=\"elementor-heading-title elementor-size-default\">Maria Diva Ahlberg<\/h2>\t\t\t\t<\/div>\n\t\t\t\t<\/div>\n\t\t\t\t<div class=\"elementor-element elementor-element-56c8ab0 elementor-widget elementor-widget-text-editor\" data-id=\"56c8ab0\" data-element_type=\"widget\" data-widget_type=\"text-editor.default\">\n\t\t\t\t<div class=\"elementor-widget-container\">\n\t\t\t\t\t\t\t\t\tGeboren in Stockholm, Schweden, Maria Diva Ahlberg<br>\nist ein sehr gefragter Personal Trainer<br>\nweltweit. Mit 7 Jahren in Asien und einem Online<br>\nTrainerin, die sich leidenschaftlich f\u00fcr die Verbreitung ihrer<br>\nBotschaft an Menschen, die ihr Leben gestalten wollen<br>\n\u00e4ndern. Nachdem er 25 Jahre lang bei nationalen Wettbewerben<br>\nund internationalen Ebene weltweit, im Bikini &amp;<br>\nK\u00f6rperfitness, entschied sie sich f\u00fcr den Schritt zum<br>\nn\u00e4chste Stufe. Seit 1997 hat sie Tausenden geholfen<br>\nder Kunden \u00e4ndern ihre t\u00e4glichen Routinen und<br>\nMentalit\u00e4t. Maria leitet auch ihren eigenen Wettbewerb<br>\nTeam f\u00fcr diejenigen, die am Wettbewerb teilnehmen wollen.\t\t\t\t\t\t\t\t<\/div>\n\t\t\t\t<\/div>\n\t\t\t\t<\/div>\n\t\t<div class=\"elementor-element elementor-element-5883bfc e-con-full e-flex e-con e-child\" data-id=\"5883bfc\" data-element_type=\"container\" data-settings=\"{&quot;background_background&quot;:&quot;classic&quot;}\">\n\t\t\t\t<\/div>\n\t\t\t\t<\/div>\n\t\t<div class=\"elementor-element elementor-element-1f70212 e-con-full e-flex e-con e-parent\" data-id=\"1f70212\" data-element_type=\"container\" data-settings=\"{&quot;background_background&quot;:&quot;classic&quot;}\">\n\t\t<div class=\"elementor-element elementor-element-c9fecca e-con-full e-flex e-con e-child\" data-id=\"c9fecca\" data-element_type=\"container\" data-settings=\"{&quot;background_background&quot;:&quot;classic&quot;}\">\n\t\t\t\t<div class=\"elementor-element elementor-element-a02dcfd elementor-widget elementor-widget-heading\" data-id=\"a02dcfd\" data-element_type=\"widget\" data-widget_type=\"heading.default\">\n\t\t\t\t<div class=\"elementor-widget-container\">\n\t\t\t\t\t<h2 class=\"elementor-heading-title elementor-size-default\">Carlo Bonifazi<\/h2>\t\t\t\t<\/div>\n\t\t\t\t<\/div>\n\t\t\t\t<div class=\"elementor-element elementor-element-7c54642 elementor-widget elementor-widget-text-editor\" data-id=\"7c54642\" data-element_type=\"widget\" data-widget_type=\"text-editor.default\">\n\t\t\t\t<div class=\"elementor-widget-container\">\n\t\t\t\t\t\t\t\t\t<p>Carlo Bonifazi wurde im November 1992 geboren und wuchs in<br \/>in einer Familie von Volleyballern. Trotzdem ist seine erste Leidenschaft<br \/>war der Basketball, und diese Liebe f\u00fchrte ihn dazu, eine<br \/>semiprofessionelle Karriere bis zum Alter von 21 Jahren. Im Jahr 2014<br \/>begann er eine sportliche Karriere als professioneller Strandl\u00e4ufer<br \/>Volleyballspieler. In seinem plamareshe hat:<\/p><ul><li>1 absoluter italienischer Meistertitel im Jahr 2023<\/li><li>1 italienischer Pokal im selben Jahr<\/li><li>2 Goldmedaillen auf der Welttournee<\/li><li>2 Teilnahmen an der Europameisterschaft<br \/>in M\u00fcnchen und Wien<\/li><li>1 in der Endrunde der Weltmeisterschaft in Rom<br \/>Auf der nationalen Ebene gewann er 27 Medaillen.<br \/>in der italienischen Gesamtmeisterschaft.<br \/>Ein echter Champion!!!<\/li><\/ul>\t\t\t\t\t\t\t\t<\/div>\n\t\t\t\t<\/div>\n\t\t\t\t<\/div>\n\t\t<div class=\"elementor-element elementor-element-8184c97 e-con-full e-flex e-con e-child\" data-id=\"8184c97\" data-element_type=\"container\" data-settings=\"{&quot;background_background&quot;:&quot;classic&quot;}\">\n\t\t\t\t<\/div>\n\t\t\t\t<\/div>\n\t\t\t\t<\/div>","protected":false},"excerpt":{"rendered":"<p>ATHLETES SELF TEAM Lernen Sie unsere Spitzensportler und erfahrenen Trainer kennen, die auf SELF OMNINUTRITION vertrauen, um ihre H\u00f6chstleistung zu erreichen. Margherita Bianchin Margherita Bianchin wurde in Treviso, Italien, geboren. Nachdem sie f\u00fcr die besten Jugend-Volleyballteams gespielt und 3 nationale Beachvolleyball-Meisterschaften gewonnen hatte, erhielt sie ein Sportstipendium in den USA. Sie machte ihren Abschluss in Florida [...]<\/p>","protected":false},"author":1,"featured_media":0,"parent":0,"menu_order":0,"comment_status":"closed","ping_status":"closed","template":"","meta":{"footnotes":""},"class_list":["post-1879","page","type-page","status-publish","hentry"],"aioseo_notices":[],"_links":{"self":[{"href":"https:\/\/www.selfprotein.com\/de\/wp-json\/wp\/v2\/pages\/1879"}],"collection":[{"href":"https:\/\/www.selfprotein.com\/de\/wp-json\/wp\/v2\/pages"}],"about":[{"href":"https:\/\/www.selfprotein.com\/de\/wp-json\/wp\/v2\/types\/page"}],"author":[{"embeddable":true,"href":"https:\/\/www.selfprotein.com\/de\/wp-json\/wp\/v2\/users\/1"}],"replies":[{"embeddable":true,"href":"https:\/\/www.selfprotein.com\/de\/wp-json\/wp\/v2\/comments?post=1879"}],"version-history":[{"count":547,"href":"https:\/\/www.selfprotein.com\/de\/wp-json\/wp\/v2\/pages\/1879\/revisions"}],"predecessor-version":[{"id":8835,"href":"https:\/\/www.selfprotein.com\/de\/wp-json\/wp\/v2\/pages\/1879\/revisions\/8835"}],"wp:attachment":[{"href":"https:\/\/www.selfprotein.com\/de\/wp-json\/wp\/v2\/media?parent=1879"}],"curies":[{"name":"wp","href":"https:\/\/api.w.org\/{rel}","templated":true}]}}