{"id":2770,"date":"2024-02-16T10:05:28","date_gmt":"2024-02-16T09:05:28","guid":{"rendered":"https:\/\/34.88.231.180\/?page_id=2770"},"modified":"2024-06-14T10:13:34","modified_gmt":"2024-06-14T08:13:34","slug":"privacy-policy","status":"publish","type":"page","link":"https:\/\/www.selfprotein.com\/de\/privacy-policy\/","title":{"rendered":"Datenschutzbestimmungen"},"content":{"rendered":"<div data-elementor-type=\"wp-page\" data-elementor-id=\"2770\" class=\"elementor elementor-2770\" data-elementor-post-type=\"page\">\n\t\t\t\t<div class=\"elementor-element elementor-element-7e34914 e-flex e-con-boxed e-con e-parent\" data-id=\"7e34914\" data-element_type=\"container\">\n\t\t\t\t\t<div class=\"e-con-inner\">\n\t\t\t\t<div class=\"elementor-element elementor-element-c526cbd elementor-widget elementor-widget-heading\" data-id=\"c526cbd\" data-element_type=\"widget\" data-widget_type=\"heading.default\">\n\t\t\t\t<div class=\"elementor-widget-container\">\n\t\t\t\t\t<h1 class=\"elementor-heading-title elementor-size-default\">Datenschutzbestimmungen<\/h1>\t\t\t\t<\/div>\n\t\t\t\t<\/div>\n\t\t\t\t\t<\/div>\n\t\t\t\t<\/div>\n\t\t<div class=\"elementor-element elementor-element-dff0ae9 e-flex e-con-boxed e-con e-parent\" data-id=\"dff0ae9\" data-element_type=\"container\">\n\t\t\t\t\t<div class=\"e-con-inner\">\n\t\t\t\t<div class=\"elementor-element elementor-element-7eec3f1 elementor-widget elementor-widget-heading\" data-id=\"7eec3f1\" data-element_type=\"widget\" data-widget_type=\"heading.default\">\n\t\t\t\t<div class=\"elementor-widget-container\">\n\t\t\t\t\t<h2 class=\"elementor-heading-title elementor-size-default\">13 Protein Import AB | Self omninutrition (13PIAB | SELF)<\/h2>\t\t\t\t<\/div>\n\t\t\t\t<\/div>\n\t\t\t\t\t<\/div>\n\t\t\t\t<\/div>\n\t\t<div class=\"elementor-element elementor-element-f2554a9 e-flex e-con-boxed e-con e-parent\" data-id=\"f2554a9\" data-element_type=\"container\">\n\t\t\t\t\t<div class=\"e-con-inner\">\n\t\t\t\t<div class=\"elementor-element elementor-element-00b6ae9 elementor-widget elementor-widget-text-editor\" data-id=\"00b6ae9\" data-element_type=\"widget\" data-widget_type=\"text-editor.default\">\n\t\t\t\t<div class=\"elementor-widget-container\">\n\t\t\t\t\t\t\t\t\tDatenschutz ist f\u00fcr 13PIAB | SELF wichtig. Es ist wichtig, dass Ihre pers\u00f6nlichen Daten im Hinblick auf Ihre Privatsph\u00e4re verantwortungsvoll behandelt werden. Sie k\u00f6nnen herausfinden, welche Informationen wir \u00fcber Sie speichern und wie wir sie verwenden. Diese Richtlinie beschreibt auch Ihre Rechte und wie Sie diese aus\u00fcben k\u00f6nnen.\n<h3 style=\"font-family: average sans;\"><strong>Wer ist der f\u00fcr die Verarbeitung Ihrer personenbezogenen Daten Verantwortliche?<\/strong><\/h3>\nDas schwedische Unternehmen mit der folgenden Adresse und einem eingetragenen Firmensitz in Stockholm ist gem\u00e4\u00df den geltenden Datenschutzbestimmungen f\u00fcr die personenbezogenen Daten verantwortlich, die Sie uns \u00fcbermittelt oder bereitgestellt haben: 13 Protein Import AB Speditionsv\u00e4gen 45 SE-142 50 SKOG\u00c5S\/STOCKHOLM SCHWEDEN Branchenbuch: Schwedisches Handelsregister Handelsregisternummer: 556641-1830 Umsatzsteuer-Identifikationsnummer: SE556641183001\n<h3 style=\"font-family: average sans;\"><strong>Kontakt<\/strong><\/h3>\nWenn Sie Fragen oder Bedenken hinsichtlich der Verarbeitung Ihrer pers\u00f6nlichen Daten und Informationen haben, k\u00f6nnen Sie uns gerne eine E-Mail an die folgenden Kontaktdaten senden: E-Mail: <a href=\"mailto:privacy@13protein.com\">privacy@13protein.com<\/a> Telefon: + 46 (0) 8 645 79 59\n<h3 style=\"font-family: average sans;\"><strong>Welche Informationen sammeln wir?<\/strong><\/h3>\n13PIAB | SELF sammelt Informationen in den folgenden Bereichen und Funktionen. Wenn Sie unsere Dienste nutzen oder bei uns einkaufen, k\u00f6nnen Sie uns auf verschiedene Weise direkt oder indirekt Informationen \u00fcber sich selbst geben, beispielsweise wenn Sie \u00fcber unsere Website einen Einkauf t\u00e4tigen oder uns kontaktieren und dabei pers\u00f6nliche Informationen jeglicher Art preisgeben.\n<h3 style=\"font-family: average sans;\"><strong>Informationen, die Sie uns zur Verf\u00fcgung stellen und die wir \u00fcber Sie sammeln<\/strong><\/h3>\n<ul>\n \t<li>Kontaktinformationen (Name, E-Mail-Adresse, Telefonnummer, Rechnungs- und Lieferadresse).<\/li>\n \t<li>Zahlungsinformationen (Kreditkarteninformationen, Rechnungsinformationen, usw.).<\/li>\n \t<li>Adressdaten (Adressdaten werden von Ihnen, dem Kunden, oder, falls von Ihnen gew\u00fcnscht, von Partnern wie: Klarna, Paypal)<\/li>\n \t<li>Informationen \u00fcber Produkte\/Dienstleistungen (Einzelheiten zu den von Ihnen erworbenen Produkten\/Dienstleistungen)<\/li>\n \t<li>Finanzielle Informationen (genehmigte Kredite \u00fcber unsere Partner. (Beispiele f\u00fcr Quellen: Klarna, PayPal).<\/li>\n \t<li>Informationen dar\u00fcber, wie Sie unsere Website nutzen, wie Sie zu uns gelangt sind und wie Sie unsere Dienste in Anspruch nehmen.<\/li>\n<\/ul>\n<h3 style=\"font-family: average sans;\"><strong>Was machen wir mit Ihren Informationen?<\/strong><\/h3>\nWenn Sie Produkte oder Dienstleistungen von 13PIAB | SELF kaufen, werden Ihre pers\u00f6nlichen Daten gespeichert und zur Verbesserung unseres Service und unserer Dienstleistungen verwendet. Wenn und falls Sie eine Bestellung best\u00e4tigen, werden Ihre pers\u00f6nlichen Daten wie folgt behandelt:\n<ul>\n \t<li>Ihren Kauf von Produkten oder Dienstleistungen abzuschlie\u00dfen und, falls erforderlich, Ihre Identit\u00e4t zu \u00fcberpr\u00fcfen.<\/li>\n \t<li>in der Lage sein, Ihnen Kundenbetreuung und Informationen \u00fcber Produkte oder Dienstleistungen zu bieten<\/li>\n \t<li>Verwaltung, Entwicklung, Verbesserung und Pr\u00fcfung unserer Dienstleistungen sowie des Systems, mit dem sie erbracht werden.<\/li>\n \t<li>Werbung f\u00fcr Produkte oder Dienstleistungen.<\/li>\n<\/ul>\nWenn Sie Ihr Einverst\u00e4ndnis geben, werden Ihre pers\u00f6nlichen Daten so behandelt, dass sie den Anforderungen entsprechen:\n<ul>\n \t<li>Versenden von Newslettern mit aktuellen oder pers\u00f6nlichen Angeboten<\/li>\n \t<li>Durch die Cookies werden Ihre Web-Einstellungen gespeichert, um eine personalisierte Benutzererfahrung zu schaffen und Marketingangebote an Sie richten zu k\u00f6nnen.<\/li>\n \t<li>Bewertung und Verbesserung unserer Produkte und Dienstleistungen sowie der Systeme, in denen sie bereitgestellt werden, z. B. durch Fehlerbehebung, Datenanalyse und \u00c4hnliches<\/li>\n \t<li>Bearbeitung von Kundendienstanfragen (Anfragen, Beschwerden und \u00c4hnliches)<\/li>\n \t<li>Verhinderung des Missbrauchs des Dienstes (Vorbeugung, Verhinderung und Untersuchung von Straftaten)<\/li>\n<\/ul>\n13PIAB | SELF erhebt und verarbeitet personenbezogene Daten auch, um die geltenden Gesetze einzuhalten, z. B. das Rechnungslegungsrecht oder das Steuerrecht.\n<h3 style=\"font-family: average sans;\"><strong>Mit Ihnen kommunizieren<\/strong><\/h3>\n13PIAB | SELF kann Ihre Informationen auch verwenden, um \u00fcber analoge und digitale Marketingkan\u00e4le mit Ihnen zu kommunizieren. Wenn Sie keine gezielten Mitteilungen von uns erhalten m\u00f6chten, k\u00f6nnen Sie sich abmelden, indem Sie sich bei meinem Konto anmelden und Ihr Konto verwalten. Bitte beachten Sie, dass die \u00c4nderung nicht sofort wirksam wird und es zu Verz\u00f6gerungen bei den Einstellungen kommen kann.\n<h3 style=\"font-family: average sans;\"><strong>Wir k\u00f6nnen Ihre Informationen weitergeben an<\/strong><\/h3>\nUm unsere Dienste bereitzustellen und Ihnen Ihre Produkte zu liefern, k\u00f6nnen wir Ihre Informationen an ausgew\u00e4hlte Dritte \u00fcbertragen oder mit ihnen teilen. Lieferanten, Subunternehmer: Um unseren Verpflichtungen Ihnen gegen\u00fcber nachzukommen und f\u00fcr andere in dieser Richtlinie beschriebene Zwecke kann 13PIAB | SELF Ihre pers\u00f6nlichen Daten und Informationen an Anbieter oder Auftragnehmer (einschlie\u00dflich Logistikunternehmen) weitergeben. Dies ist durch einen Vertrag zwischen den Unternehmen streng geregelt. Kreditagenturen: Um Ihre Zahlungen zu verwalten, werden Ihre Daten an Finanzakteure weitergegeben, mit denen Sie m\u00f6glicherweise bereits eine Vereinbarung haben (Klarna, PayPal). Wenn Sie sich daf\u00fcr entscheiden, Kreditdienste \u00fcber unsere Partner zu nutzen, werden Ihre pers\u00f6nlichen Daten an Finanzunternehmen weitergegeben. Versicherungsunternehmen: Wenn Sie im Zusammenhang mit Ihrem Kauf entscheiden, eines Ihrer Produkte zu versichern, werden Ihre pers\u00f6nlichen Daten sowie Produktinformationen an den Versicherer weitergegeben. Beh\u00f6rden: PGA. Gesetz oder mit Ihrer Zustimmung kann 13PIAB | SELF Ihre Informationen an Regierungsbeh\u00f6rden wie das Finanzamt, die Polizei oder andere Beh\u00f6rden weitergeben.\n<h3 style=\"font-family: average sans;\"><strong>Sicherheit<\/strong><\/h3>\n13PIAB\/SELF ist bestrebt, Ihre pers\u00f6nlichen Daten zu sch\u00fctzen und unterh\u00e4lt entsprechende technische und organisatorische Ma\u00dfnahmen, um unangemessene oder unfreiwillige Auslassungen, Verwendungen, Zugriffe, Verluste, \u00c4nderungen oder Besch\u00e4digungen Ihrer pers\u00f6nlichen Daten zu verhindern. Zugriff auf Ihre pers\u00f6nlichen Daten haben ausschlie\u00dflich 13PIAB | SELF oder Mitarbeiter unserer Lieferanten, die f\u00fcr eine bestimmte Aufgabe Zugriff auf Ihre pers\u00f6nlichen Daten ben\u00f6tigen.\n<h3 style=\"font-family: average sans;\"><strong>Was wir mit Ihren Informationen nicht tun werden<\/strong><\/h3>\nWir werden Ihre pers\u00f6nlichen Daten oder Informationen nicht zu Marketingzwecken an Dritte weitergeben, verkaufen oder austauschen.\n<h3 style=\"font-family: average sans;\"><strong>Wo wir Ihre Informationen speichern<\/strong><\/h3>\nWir kommen zum allergr\u00f6\u00dften Teil, n\u00e4mlich der Verarbeitung Ihrer personenbezogenen Daten innerhalb der EU\/des EWR. Wenn personenbezogene Daten in ein Land au\u00dferhalb der EU\/des EWR \u00fcbertragen oder dort verarbeitet werden, ergreift 13PIAB | SELF alle angemessenen rechtlichen, technischen und organisatorischen Ma\u00dfnahmen, um sicherzustellen, dass Ihre personenbezogenen Daten sicher und mit einem angemessenen Schutzniveau verarbeitet werden, das mit dem innerhalb der EU\/des EWR gebotenen Schutz vergleichbar ist.\n<h3 style=\"font-family: average sans;\"><strong>Wie lange bewahren wir Ihre Informationen auf?<\/strong><\/h3>\nWir bewahren Ihre personenbezogenen Daten nur so lange auf, wie dies zur Erf\u00fcllung der in dieser Richtlinie genannten Zwecke erforderlich ist. Wenn wir Ihre Daten f\u00fcr andere Zwecke speichern, z. B. um die Anforderungen f\u00fcr die Ver\u00f6ffentlichung zu erf\u00fcllen, bewahren wir Ihre Daten nur so lange auf, wie dies f\u00fcr die jeweiligen Zwecke erforderlich und\/oder gesetzlich vorgeschrieben ist. Wir f\u00fchren regelm\u00e4\u00dfige \u00dcberpr\u00fcfungen durch und entfernen personenbezogene Daten, wenn sie nicht mehr ben\u00f6tigt werden und wenn Sie f\u00fcr einen Zeitraum von einem (1) Jahr kein aktiver Kunde sind (gekaufte Produkte, verwaltetes Konto).\n<h3 style=\"font-family: average sans;\"><strong>Ihre Rechte, das Recht auf Berichtigung und Einschr\u00e4nkung<\/strong><\/h3>\nSie haben das Recht, auf Ihre Daten zuzugreifen. Melden Sie sich auf meinen Seiten an, wo Sie rund um die Uhr Ihre Daten und Informationen verwalten k\u00f6nnen. Sie k\u00f6nnen ungenaue oder unvollst\u00e4ndige Informationen \u00fcber sich selbst \u00e4ndern lassen. Sie k\u00f6nnen die L\u00f6schung Ihres Profils w\u00e4hlen (\u201eRecht auf Vergessenwerden\u201c). Wenn Sie die L\u00f6schung Ihrer Informationen w\u00e4hlen, werden diese gel\u00f6scht. Es k\u00f6nnen jedoch gesetzliche Verpflichtungen bestehen, z. B. das Rechnungslegungsrecht, was bedeutet, dass wir Teile Ihrer Daten sofort l\u00f6schen k\u00f6nnen. Wir speichern die Daten nur entsprechend der Zeitvorgabe, zu deren Aufbewahrung wir gesetzlich verpflichtet sind. Sie haben das Recht, eine Einschr\u00e4nkung der Behandlung zu verlangen, wenn einer der folgenden Punkte zutrifft: Wenn Sie die Richtigkeit personenbezogener Daten bestreiten, Sie der Ansicht sind, dass die Verarbeitung rechtswidrig ist, wir die Daten nicht mehr ben\u00f6tigen, Sie diese jedoch zur Begr\u00fcndung, Aus\u00fcbung oder Verteidigung eines Rechtsanspruchs ben\u00f6tigen. Sie haben das Recht, der Verarbeitung zu widersprechen, wenn die Rechtsgrundlage f\u00fcr Ihre Behandlung die Interessenabw\u00e4gung ist.\n<h3 style=\"font-family: average sans;\"><strong>Aufsichtsbeh\u00f6rde<\/strong><\/h3>\nDie schwedische Datenschutzbeh\u00f6rde (seit dem 25. Mai 2018, davor die schwedische Datenaufsichtsbeh\u00f6rde) ist die Aufsichtsbeh\u00f6rde in Schweden, die die Verarbeitung personenbezogener Daten im Einklang mit der Datenschutzverordnung \u00fcberwacht. Wenn Sie glauben, dass 13PIAB | SELF Ihre personenbezogenen Daten unter Versto\u00df gegen die Datenschutzverordnung verarbeitet, haben Sie das Recht, eine Beschwerde bei der Integritetsskydds-Beh\u00f6rde einzureichen.\n\nKontaktinformationen: Telefon: 08-657 6100 E-Mail: <a href=\"mailto:datainspektionen@datainspektionen.se\">datainspektionen@datainspektionen.se<\/a> \u00a0 13PIAB | SELF beh\u00e4lt sich das Recht vor, diese Politik zu \u00e4ndern und zu aktualisieren.\t\t\t\t\t\t\t\t<\/div>\n\t\t\t\t<\/div>\n\t\t\t\t\t<\/div>\n\t\t\t\t<\/div>\n\t\t\t\t<\/div>","protected":false},"excerpt":{"rendered":"<p>Datenschutzerkl\u00e4rung 13 Protein Import AB | Self omninutrition (13PIAB | SELF) Datenschutz ist wichtig f\u00fcr 13PIAB | SELF, es ist wichtig, dass Ihre pers\u00f6nlichen Daten verantwortungsvoll im Hinblick auf Ihre Privatsph\u00e4re behandelt werden, und Sie k\u00f6nnen herausfinden, welche Informationen wir \u00fcber Sie haben und wie wir sie verwenden. Diese Richtlinie beschreibt auch [...]<\/p>","protected":false},"author":1,"featured_media":0,"parent":0,"menu_order":0,"comment_status":"closed","ping_status":"closed","template":"","meta":{"footnotes":""},"class_list":["post-2770","page","type-page","status-publish","hentry"],"aioseo_notices":[],"_links":{"self":[{"href":"https:\/\/www.selfprotein.com\/de\/wp-json\/wp\/v2\/pages\/2770"}],"collection":[{"href":"https:\/\/www.selfprotein.com\/de\/wp-json\/wp\/v2\/pages"}],"about":[{"href":"https:\/\/www.selfprotein.com\/de\/wp-json\/wp\/v2\/types\/page"}],"author":[{"embeddable":true,"href":"https:\/\/www.selfprotein.com\/de\/wp-json\/wp\/v2\/users\/1"}],"replies":[{"embeddable":true,"href":"https:\/\/www.selfprotein.com\/de\/wp-json\/wp\/v2\/comments?post=2770"}],"version-history":[{"count":125,"href":"https:\/\/www.selfprotein.com\/de\/wp-json\/wp\/v2\/pages\/2770\/revisions"}],"predecessor-version":[{"id":6765,"href":"https:\/\/www.selfprotein.com\/de\/wp-json\/wp\/v2\/pages\/2770\/revisions\/6765"}],"wp:attachment":[{"href":"https:\/\/www.selfprotein.com\/de\/wp-json\/wp\/v2\/media?parent=2770"}],"curies":[{"name":"wp","href":"https:\/\/api.w.org\/{rel}","templated":true}]}}