{"id":2819,"date":"2024-02-16T10:46:02","date_gmt":"2024-02-16T09:46:02","guid":{"rendered":"https:\/\/34.88.231.180\/?page_id=2819"},"modified":"2024-08-21T10:00:35","modified_gmt":"2024-08-21T08:00:35","slug":"about-us","status":"publish","type":"page","link":"https:\/\/www.selfprotein.com\/de\/about-us\/","title":{"rendered":"\u00dcber uns"},"content":{"rendered":"<div data-elementor-type=\"wp-page\" data-elementor-id=\"2819\" class=\"elementor elementor-2819\" data-elementor-post-type=\"page\">\n\t\t\t\t<div class=\"elementor-element elementor-element-1a1d228 e-con-full e-flex e-con e-parent\" data-id=\"1a1d228\" data-element_type=\"container\" data-settings=\"{&quot;background_background&quot;:&quot;classic&quot;}\">\n\t\t<div class=\"elementor-element elementor-element-676a3e0 e-flex e-con-boxed e-con e-child\" data-id=\"676a3e0\" data-element_type=\"container\">\n\t\t\t\t\t<div class=\"e-con-inner\">\n\t\t\t\t<div class=\"elementor-element elementor-element-7ac98c8 elementor-widget elementor-widget-text-editor\" data-id=\"7ac98c8\" data-element_type=\"widget\" data-widget_type=\"text-editor.default\">\n\t\t\t\t<div class=\"elementor-widget-container\">\n\t\t\t\t\t\t\t\t\t<p>SEID EUCH SELBST TREU<\/p>\t\t\t\t\t\t\t\t<\/div>\n\t\t\t\t<\/div>\n\t\t\t\t<div class=\"elementor-element elementor-element-73cceef elementor-widget elementor-widget-heading\" data-id=\"73cceef\" data-element_type=\"widget\" data-widget_type=\"heading.default\">\n\t\t\t\t<div class=\"elementor-widget-container\">\n\t\t\t\t\t<h2 class=\"elementor-heading-title elementor-size-default\">\u00dcber uns<\/h2>\t\t\t\t<\/div>\n\t\t\t\t<\/div>\n\t\t\t\t\t<\/div>\n\t\t\t\t<\/div>\n\t\t\t\t<\/div>\n\t\t<div class=\"elementor-element elementor-element-ace9339 e-flex e-con-boxed e-con e-parent\" data-id=\"ace9339\" data-element_type=\"container\">\n\t\t\t\t\t<div class=\"e-con-inner\">\n\t\t<div class=\"elementor-element elementor-element-d120d62 e-con-full e-flex e-con e-child\" data-id=\"d120d62\" data-element_type=\"container\">\n\t\t\t\t<div class=\"elementor-element elementor-element-91c8f78 elementor-widget__width-inherit elementor-widget-mobile_extra__width-initial elementor-widget elementor-widget-gallery\" data-id=\"91c8f78\" data-element_type=\"widget\" data-settings=\"{&quot;columns&quot;:2,&quot;aspect_ratio&quot;:&quot;1:1&quot;,&quot;lazyload&quot;:&quot;yes&quot;,&quot;gallery_layout&quot;:&quot;grid&quot;,&quot;columns_tablet&quot;:2,&quot;columns_mobile&quot;:1,&quot;gap&quot;:{&quot;unit&quot;:&quot;px&quot;,&quot;size&quot;:10,&quot;sizes&quot;:[]},&quot;gap_tablet_extra&quot;:{&quot;unit&quot;:&quot;px&quot;,&quot;size&quot;:10,&quot;sizes&quot;:[]},&quot;gap_tablet&quot;:{&quot;unit&quot;:&quot;px&quot;,&quot;size&quot;:10,&quot;sizes&quot;:[]},&quot;gap_mobile_extra&quot;:{&quot;unit&quot;:&quot;px&quot;,&quot;size&quot;:10,&quot;sizes&quot;:[]},&quot;gap_mobile&quot;:{&quot;unit&quot;:&quot;px&quot;,&quot;size&quot;:10,&quot;sizes&quot;:[]},&quot;overlay_background&quot;:&quot;yes&quot;,&quot;content_hover_animation&quot;:&quot;fade-in&quot;}\" data-widget_type=\"gallery.default\">\n\t\t\t\t<div class=\"elementor-widget-container\">\n\t\t\t\t\t\t\t<div class=\"elementor-gallery__container\">\n\t\t\t\t\t\t\t<div class=\"e-gallery-item elementor-gallery-item elementor-animated-content\">\n\t\t\t\t\t<div class=\"e-gallery-image elementor-gallery-item__image\" data-thumbnail=\"https:\/\/www.selfprotein.com\/wp-content\/uploads\/2024\/02\/pancake-protein-honey.jpg\" data-width=\"1320\" data-height=\"1600\" aria-label=\"Pfannkuchen-Eiwei\u00df-Honig\" role=\"img\" ><\/div>\n\t\t\t\t\t\t\t\t\t\t\t<div class=\"elementor-gallery-item__overlay\"><\/div>\n\t\t\t\t\t\t\t\t\t\t\t\t\t\t<\/div>\n\t\t\t\t\t\t\t<div class=\"e-gallery-item elementor-gallery-item elementor-animated-content\">\n\t\t\t\t\t<div class=\"e-gallery-image elementor-gallery-item__image\" data-thumbnail=\"https:\/\/www.selfprotein.com\/wp-content\/uploads\/2024\/02\/multivitamin-sponsor.jpg\" data-width=\"659\" data-height=\"960\" aria-label=\"Multivitamin-Sponsor\" role=\"img\" ><\/div>\n\t\t\t\t\t\t\t\t\t\t\t<div class=\"elementor-gallery-item__overlay\"><\/div>\n\t\t\t\t\t\t\t\t\t\t\t\t\t\t<\/div>\n\t\t\t\t\t\t\t<div class=\"e-gallery-item elementor-gallery-item elementor-animated-content\">\n\t\t\t\t\t<div class=\"e-gallery-image elementor-gallery-item__image\" data-thumbnail=\"https:\/\/www.selfprotein.com\/wp-content\/uploads\/2024\/02\/mass-active-gainer-sponsor.jpg\" data-width=\"1080\" data-height=\"1920\" aria-label=\"mass-active-gainer-sponsor\" role=\"img\" ><\/div>\n\t\t\t\t\t\t\t\t\t\t\t<div class=\"elementor-gallery-item__overlay\"><\/div>\n\t\t\t\t\t\t\t\t\t\t\t\t\t\t<\/div>\n\t\t\t\t\t\t\t<div class=\"e-gallery-item elementor-gallery-item elementor-animated-content\">\n\t\t\t\t\t<div class=\"e-gallery-image elementor-gallery-item__image\" data-thumbnail=\"https:\/\/www.selfprotein.com\/wp-content\/uploads\/2024\/02\/micro-whey-active.jpg\" data-width=\"768\" data-height=\"1024\" aria-label=\"Mikro-Whey-aktiv\" role=\"img\" ><\/div>\n\t\t\t\t\t\t\t\t\t\t\t<div class=\"elementor-gallery-item__overlay\"><\/div>\n\t\t\t\t\t\t\t\t\t\t\t\t\t\t<\/div>\n\t\t\t\t\t<\/div>\n\t\t\t\t\t<\/div>\n\t\t\t\t<\/div>\n\t\t\t\t<\/div>\n\t\t<div class=\"elementor-element elementor-element-9c6a07c e-con-full e-flex e-con e-child\" data-id=\"9c6a07c\" data-element_type=\"container\">\n\t\t\t\t<div class=\"elementor-element elementor-element-e5f0d55 elementor-widget elementor-widget-heading\" data-id=\"e5f0d55\" data-element_type=\"widget\" data-widget_type=\"heading.default\">\n\t\t\t\t<div class=\"elementor-widget-container\">\n\t\t\t\t\t<h2 class=\"elementor-heading-title elementor-size-default\">DIES IST SELF<br>OMNINUTRITION<\/h2>\t\t\t\t<\/div>\n\t\t\t\t<\/div>\n\t\t\t\t<div class=\"elementor-element elementor-element-73fffb7 elementor-widget elementor-widget-text-editor\" data-id=\"73fffb7\" data-element_type=\"widget\" data-widget_type=\"text-editor.default\">\n\t\t\t\t<div class=\"elementor-widget-container\">\n\t\t\t\t\t\t\t\t\t<p>Die 13: e Protein Import AB (SELF Omninutrition) ist stolz darauf, das beste Sortiment an Nahrungserg\u00e4nzungsmitteln auf dem Markt anzubieten und den Menschen zu helfen, besser zu leben, indem sie Wohlbefinden und Freude am Essen von Nahrungserg\u00e4nzungsmitteln in ihr t\u00e4gliches Leben bringen.<\/p><p>Seit \u00fcber 20 Jahren sind wir immer an vorderster Front dabei, wenn es darum geht, innovative Produkte anzubieten. Wir bieten immer die beste Qualit\u00e4t f\u00fcr unsere breite Palette an Sportprodukten, die Ihnen helfen, jedes Ziel zu erreichen.<br \/>F\u00fcr alle unsere Produkte verwenden wir nur die besten Zutaten, die auf dem Markt erh\u00e4ltlich sind.<\/p><p>Dadurch werden hochwertige Inhaltsstoffe in gesunde und sichere Nahrungserg\u00e4nzungsmittel umgewandelt. Um dies zu verst\u00e4rken wird in unseren Produktionslinien HACCP und GMP f\u00fcr die Sicherheit und Qualit\u00e4t der Produkte auf den Markt gebracht gefolgt.<\/p><p>Dar\u00fcber hinaus setzt unser Qualit\u00e4tsb\u00fcro unabh\u00e4ngige Labors ein, um die volle mikrobiologische Sicherheit aller verwendeten Materialien zu gew\u00e4hrleisten. Was den Geschmack betrifft, so ist dieser un\u00fcbertroffen.<\/p><p>Unsere Entwicklungsabteilung hat eine neue <br \/>\"New Flavour Technology\" zur Aromatisierung aller unserer Produkte. <br \/>Wir sind sicher, dass Sie in unserer gesamten Produktpalette den f\u00fcr Sie perfekten Geschmack finden werden.<\/p>\t\t\t\t\t\t\t\t<\/div>\n\t\t\t\t<\/div>\n\t\t\t\t<\/div>\n\t\t\t\t\t<\/div>\n\t\t\t\t<\/div>\n\t\t<div class=\"elementor-element elementor-element-f9f0cf6 e-flex e-con-boxed e-con e-parent\" data-id=\"f9f0cf6\" data-element_type=\"container\">\n\t\t\t\t\t<div class=\"e-con-inner\">\n\t\t<div class=\"elementor-element elementor-element-c9cb915 e-con-full e-flex e-con e-child\" data-id=\"c9cb915\" data-element_type=\"container\">\n\t\t\t\t<div class=\"elementor-element elementor-element-dff1e00 elementor-widget elementor-widget-heading\" data-id=\"dff1e00\" data-element_type=\"widget\" data-widget_type=\"heading.default\">\n\t\t\t\t<div class=\"elementor-widget-container\">\n\t\t\t\t\t<h2 class=\"elementor-heading-title elementor-size-default\">UNTERNEHMENSINFORMATIONEN<\/h2>\t\t\t\t<\/div>\n\t\t\t\t<\/div>\n\t\t\t\t<div class=\"elementor-element elementor-element-501063b elementor-widget elementor-widget-text-editor\" data-id=\"501063b\" data-element_type=\"widget\" data-widget_type=\"text-editor.default\">\n\t\t\t\t<div class=\"elementor-widget-container\">\n\t\t\t\t\t\t\t\t\t<p>Speditionsv\u00e4gen 45, 142 50 Skog\u00e5s, Schweden<\/p><p>Tel: +46 (8)-645 79 59<\/p><p>Org.nr: 5566411830<\/p>\t\t\t\t\t\t\t\t<\/div>\n\t\t\t\t<\/div>\n\t\t\t\t<\/div>\n\t\t<div class=\"elementor-element elementor-element-6df420b e-con-full e-flex e-con e-child\" data-id=\"6df420b\" data-element_type=\"container\">\n\t\t\t\t<div class=\"elementor-element elementor-element-1d90707 elementor-widget elementor-widget-gallery\" data-id=\"1d90707\" data-element_type=\"widget\" data-settings=\"{&quot;columns&quot;:2,&quot;lazyload&quot;:&quot;yes&quot;,&quot;gallery_layout&quot;:&quot;grid&quot;,&quot;columns_tablet&quot;:2,&quot;columns_mobile&quot;:1,&quot;gap&quot;:{&quot;unit&quot;:&quot;px&quot;,&quot;size&quot;:10,&quot;sizes&quot;:[]},&quot;gap_tablet_extra&quot;:{&quot;unit&quot;:&quot;px&quot;,&quot;size&quot;:10,&quot;sizes&quot;:[]},&quot;gap_tablet&quot;:{&quot;unit&quot;:&quot;px&quot;,&quot;size&quot;:10,&quot;sizes&quot;:[]},&quot;gap_mobile_extra&quot;:{&quot;unit&quot;:&quot;px&quot;,&quot;size&quot;:10,&quot;sizes&quot;:[]},&quot;gap_mobile&quot;:{&quot;unit&quot;:&quot;px&quot;,&quot;size&quot;:10,&quot;sizes&quot;:[]},&quot;aspect_ratio&quot;:&quot;3:2&quot;,&quot;overlay_background&quot;:&quot;yes&quot;,&quot;content_hover_animation&quot;:&quot;fade-in&quot;}\" data-widget_type=\"gallery.default\">\n\t\t\t\t<div class=\"elementor-widget-container\">\n\t\t\t\t\t\t\t<div class=\"elementor-gallery__container\">\n\t\t\t\t\t\t\t<div class=\"e-gallery-item elementor-gallery-item elementor-animated-content\">\n\t\t\t\t\t<div class=\"e-gallery-image elementor-gallery-item__image\" data-thumbnail=\"https:\/\/www.selfprotein.com\/wp-content\/uploads\/2024\/02\/iso-whey-premium-sponsor.jpg\" data-width=\"455\" data-height=\"610\" aria-label=\"iso-whey-premium-sponsor\" role=\"img\" ><\/div>\n\t\t\t\t\t\t\t\t\t\t\t<div class=\"elementor-gallery-item__overlay\"><\/div>\n\t\t\t\t\t\t\t\t\t\t\t\t\t\t<\/div>\n\t\t\t\t\t\t\t<div class=\"e-gallery-item elementor-gallery-item elementor-animated-content\">\n\t\t\t\t\t<div class=\"e-gallery-image elementor-gallery-item__image\" data-thumbnail=\"https:\/\/www.selfprotein.com\/wp-content\/uploads\/2024\/02\/arm-back-muscles-scaled.jpg\" data-width=\"1920\" data-height=\"1281\" aria-label=\"Arm-R\u00fccken-Muskulatur\" role=\"img\" ><\/div>\n\t\t\t\t\t\t\t\t\t\t\t<div class=\"elementor-gallery-item__overlay\"><\/div>\n\t\t\t\t\t\t\t\t\t\t\t\t\t\t<\/div>\n\t\t\t\t\t\t\t<div class=\"e-gallery-item elementor-gallery-item elementor-animated-content\">\n\t\t\t\t\t<div class=\"e-gallery-image elementor-gallery-item__image\" data-thumbnail=\"https:\/\/www.selfprotein.com\/wp-content\/uploads\/2024\/02\/trainings-tools-scaled.jpg\" data-width=\"1283\" data-height=\"1920\" aria-label=\"Schulungen - Werkzeuge\" role=\"img\" ><\/div>\n\t\t\t\t\t\t\t\t\t\t\t<div class=\"elementor-gallery-item__overlay\"><\/div>\n\t\t\t\t\t\t\t\t\t\t\t\t\t\t<\/div>\n\t\t\t\t\t\t\t<div class=\"e-gallery-item elementor-gallery-item elementor-animated-content\">\n\t\t\t\t\t<div class=\"e-gallery-image elementor-gallery-item__image\" data-thumbnail=\"https:\/\/www.selfprotein.com\/wp-content\/uploads\/2024\/02\/barbells-training.jpg\" data-width=\"1600\" data-height=\"1067\" aria-label=\"Langhantel-Training\" role=\"img\" ><\/div>\n\t\t\t\t\t\t\t\t\t\t\t<div class=\"elementor-gallery-item__overlay\"><\/div>\n\t\t\t\t\t\t\t\t\t\t\t\t\t\t<\/div>\n\t\t\t\t\t<\/div>\n\t\t\t\t\t<\/div>\n\t\t\t\t<\/div>\n\t\t\t\t<\/div>\n\t\t\t\t\t<\/div>\n\t\t\t\t<\/div>\n\t\t\t\t<\/div>","protected":false},"excerpt":{"rendered":"<p>BE YOURSELF \u00dcber uns DAS IST SELFOMNINUTRITION Die 13: e Protein Import AB (SELF Omninutrition) ist stolz darauf, die beste Auswahl an Nahrungserg\u00e4nzungsmitteln auf dem Markt anzubieten und den Menschen zu helfen, besser zu leben, indem sie Wohlbefinden und Freude am Essen von Nahrungserg\u00e4nzungsmitteln in ihr t\u00e4gliches Leben bringen. Seit \u00fcber 20 Jahren sind wir immer an der [...]<\/p>","protected":false},"author":1,"featured_media":0,"parent":0,"menu_order":0,"comment_status":"closed","ping_status":"closed","template":"","meta":{"footnotes":""},"class_list":["post-2819","page","type-page","status-publish","hentry"],"aioseo_notices":[],"_links":{"self":[{"href":"https:\/\/www.selfprotein.com\/de\/wp-json\/wp\/v2\/pages\/2819"}],"collection":[{"href":"https:\/\/www.selfprotein.com\/de\/wp-json\/wp\/v2\/pages"}],"about":[{"href":"https:\/\/www.selfprotein.com\/de\/wp-json\/wp\/v2\/types\/page"}],"author":[{"embeddable":true,"href":"https:\/\/www.selfprotein.com\/de\/wp-json\/wp\/v2\/users\/1"}],"replies":[{"embeddable":true,"href":"https:\/\/www.selfprotein.com\/de\/wp-json\/wp\/v2\/comments?post=2819"}],"version-history":[{"count":138,"href":"https:\/\/www.selfprotein.com\/de\/wp-json\/wp\/v2\/pages\/2819\/revisions"}],"predecessor-version":[{"id":8797,"href":"https:\/\/www.selfprotein.com\/de\/wp-json\/wp\/v2\/pages\/2819\/revisions\/8797"}],"wp:attachment":[{"href":"https:\/\/www.selfprotein.com\/de\/wp-json\/wp\/v2\/media?parent=2819"}],"curies":[{"name":"wp","href":"https:\/\/api.w.org\/{rel}","templated":true}]}}