{"id":9572,"date":"2024-09-16T11:13:54","date_gmt":"2024-09-16T09:13:54","guid":{"rendered":"https:\/\/www.selfprotein.com\/?page_id=9572"},"modified":"2024-10-17T15:16:41","modified_gmt":"2024-10-17T13:16:41","slug":"banana-bread-with-salted-caramel-recipe","status":"publish","type":"page","link":"https:\/\/www.selfprotein.com\/de\/banana-bread-with-salted-caramel-recipe\/","title":{"rendered":"Bananenbrot mit gesalzenem Karamell Rezept"},"content":{"rendered":"<div data-elementor-type=\"wp-page\" data-elementor-id=\"9572\" class=\"elementor elementor-9572\" data-elementor-post-type=\"page\">\n\t\t\t\t<div class=\"elementor-element elementor-element-75e61d04 elementor-hidden-mobile_extra elementor-hidden-mobile e-flex e-con-boxed e-con e-parent\" data-id=\"75e61d04\" data-element_type=\"container\">\n\t\t\t\t\t<div class=\"e-con-inner\">\n\t\t<div class=\"elementor-element elementor-element-71296dec e-con-full e-flex e-con e-child\" data-id=\"71296dec\" data-element_type=\"container\" data-settings=\"{&quot;background_background&quot;:&quot;classic&quot;}\">\n\t\t\t\t<\/div>\n\t\t<div class=\"elementor-element elementor-element-894400f e-con-full e-flex e-con e-child\" data-id=\"894400f\" data-element_type=\"container\">\n\t\t\t\t<\/div>\n\t\t\t\t\t<\/div>\n\t\t\t\t<\/div>\n\t\t<div class=\"elementor-element elementor-element-64c406cc e-flex e-con-boxed e-con e-parent\" data-id=\"64c406cc\" data-element_type=\"container\">\n\t\t\t\t\t<div class=\"e-con-inner\">\n\t\t<div class=\"elementor-element elementor-element-4ea722 e-con-full elementor-hidden-mobile_extra elementor-hidden-mobile e-flex e-con e-child\" data-id=\"4ea722\" data-element_type=\"container\" data-settings=\"{&quot;background_background&quot;:&quot;classic&quot;}\">\n\t\t\t\t<\/div>\n\t\t<div class=\"elementor-element elementor-element-1efc2e3f e-con-full e-flex e-con e-child\" data-id=\"1efc2e3f\" data-element_type=\"container\">\n\t\t\t\t<div class=\"elementor-element elementor-element-4433d815 elementor-widget__width-initial elementor-widget elementor-widget-image\" data-id=\"4433d815\" data-element_type=\"widget\" data-widget_type=\"image.default\">\n\t\t\t\t<div class=\"elementor-widget-container\">\n\t\t\t\t\t\t\t\t\t\t\t\t\t\t\t<img fetchpriority=\"high\" decoding=\"async\" width=\"620\" height=\"400\" src=\"https:\/\/www.selfprotein.com\/wp-content\/uploads\/2024\/09\/banana-bread-with-salted-caramel.png\" class=\"attachment-full size-full wp-image-9550\" alt=\"Bananenbrot-mit-Salz-Karamell\" srcset=\"https:\/\/www.selfprotein.com\/wp-content\/uploads\/2024\/09\/banana-bread-with-salted-caramel.png 620w, https:\/\/www.selfprotein.com\/wp-content\/uploads\/2024\/09\/banana-bread-with-salted-caramel-300x194.png 300w, https:\/\/www.selfprotein.com\/wp-content\/uploads\/2024\/09\/banana-bread-with-salted-caramel-18x12.png 18w, https:\/\/www.selfprotein.com\/wp-content\/uploads\/2024\/09\/banana-bread-with-salted-caramel-600x387.png 600w\" sizes=\"(max-width: 620px) 100vw, 620px\" \/>\t\t\t\t\t\t\t\t\t\t\t\t\t\t\t<\/div>\n\t\t\t\t<\/div>\n\t\t\t\t<\/div>\n\t\t\t\t\t<\/div>\n\t\t\t\t<\/div>\n\t\t<div class=\"elementor-element elementor-element-7a90e79c e-flex e-con-boxed e-con e-parent\" data-id=\"7a90e79c\" data-element_type=\"container\">\n\t\t\t\t\t<div class=\"e-con-inner\">\n\t\t<div class=\"elementor-element elementor-element-3b089f1 e-con-full elementor-hidden-mobile_extra elementor-hidden-mobile e-flex e-con e-child\" data-id=\"3b089f1\" data-element_type=\"container\" data-settings=\"{&quot;background_background&quot;:&quot;classic&quot;}\">\n\t\t\t\t<\/div>\n\t\t<div class=\"elementor-element elementor-element-2e6f74c3 e-con-full e-flex e-con e-child\" data-id=\"2e6f74c3\" data-element_type=\"container\">\n\t\t\t\t<div class=\"elementor-element elementor-element-3ba8fa21 elementor-widget-tablet__width-initial elementor-widget elementor-widget-heading\" data-id=\"3ba8fa21\" data-element_type=\"widget\" data-widget_type=\"heading.default\">\n\t\t\t\t<div class=\"elementor-widget-container\">\n\t\t\t\t\t<h1 class=\"elementor-heading-title elementor-size-default\">Bananenbrot mit gesalzenem Karamell<\/h1>\t\t\t\t<\/div>\n\t\t\t\t<\/div>\n\t\t\t\t<\/div>\n\t\t\t\t\t<\/div>\n\t\t\t\t<\/div>\n\t\t<div class=\"elementor-element elementor-element-360c54d8 e-flex e-con-boxed e-con e-parent\" data-id=\"360c54d8\" data-element_type=\"container\">\n\t\t\t\t\t<div class=\"e-con-inner\">\n\t\t<div class=\"elementor-element elementor-element-3abdfeb9 e-con-full e-flex e-con e-child\" data-id=\"3abdfeb9\" data-element_type=\"container\" data-settings=\"{&quot;background_background&quot;:&quot;classic&quot;}\">\n\t\t\t\t<div class=\"elementor-element elementor-element-2b209f0b elementor-widget elementor-widget-heading\" data-id=\"2b209f0b\" data-element_type=\"widget\" data-widget_type=\"heading.default\">\n\t\t\t\t<div class=\"elementor-widget-container\">\n\t\t\t\t\t<h2 class=\"elementor-heading-title elementor-size-default\">Inhaltsstoffe<\/h2>\t\t\t\t<\/div>\n\t\t\t\t<\/div>\n\t\t\t\t<div class=\"elementor-element elementor-element-43cefb3e elementor-widget-divider--view-line elementor-widget elementor-widget-divider\" data-id=\"43cefb3e\" data-element_type=\"widget\" data-widget_type=\"divider.default\">\n\t\t\t\t<div class=\"elementor-widget-container\">\n\t\t\t\t\t\t\t<div class=\"elementor-divider\">\n\t\t\t<span class=\"elementor-divider-separator\">\n\t\t\t\t\t\t<\/span>\n\t\t<\/div>\n\t\t\t\t\t\t<\/div>\n\t\t\t\t<\/div>\n\t\t\t\t<div class=\"elementor-element elementor-element-6a0dc8f9 elementor-widget elementor-widget-text-editor\" data-id=\"6a0dc8f9\" data-element_type=\"widget\" data-widget_type=\"text-editor.default\">\n\t\t\t\t<div class=\"elementor-widget-container\">\n\t\t\t\t\t\t\t\t\t<ul><li>2 reife Bananen<\/li><li>1 Ei<\/li><li>35 ml zuckerfreier Ahornsirup<\/li><li>2 Schaufeln <a style=\"text-decoration: underline;\" href=\"https:\/\/www.selfprotein.com\/de\/produkt\/100-micro-whey-active\/\" target=\"_blank\" rel=\"noopener\">Gesalzen<\/a><a style=\"text-decoration: underline;\" href=\"https:\/\/www.selfprotein.com\/de\/produkt\/100-micro-whey-active\/\" target=\"_blank\" rel=\"noopener\"> Cara<\/a><a style=\"text-decoration: underline;\" href=\"https:\/\/www.selfprotein.com\/de\/produkt\/100-micro-whey-active\/\" target=\"_blank\" rel=\"noopener\">mel<\/a><a style=\"text-decoration: underline;\" href=\"https:\/\/www.selfprotein.com\/de\/produkt\/100-micro-whey-active\/\" target=\"_blank\" rel=\"noopener\"> Molkenprotein<\/a><\/li><li>100 g <a style=\"text-decoration: underline;\" href=\"https:\/\/www.selfprotein.com\/de\/produkt\/instant-oat\/\" target=\"_blank\" rel=\"noopener\">Nat\u00fcrliches  Instant Oat pulver<\/a><\/li><li>1 Teel\u00f6ffel Backnatron<\/li><li>1 Teel\u00f6ffel Zimt<\/li><li>1 Teel\u00f6ffel Vanilleextrakt<\/li><\/ul>\t\t\t\t\t\t\t\t<\/div>\n\t\t\t\t<\/div>\n\t\t\t\t<\/div>\n\t\t<div class=\"elementor-element elementor-element-408b03d3 e-con-full e-flex e-con e-child\" data-id=\"408b03d3\" data-element_type=\"container\">\n\t\t\t\t<div class=\"elementor-element elementor-element-4aeb7930 elementor-widget elementor-widget-heading\" data-id=\"4aeb7930\" data-element_type=\"widget\" data-widget_type=\"heading.default\">\n\t\t\t\t<div class=\"elementor-widget-container\">\n\t\t\t\t\t<h2 class=\"elementor-heading-title elementor-size-default\">Verfahren<\/h2>\t\t\t\t<\/div>\n\t\t\t\t<\/div>\n\t\t\t\t<div class=\"elementor-element elementor-element-2250daab elementor-widget-divider--view-line elementor-widget elementor-widget-divider\" data-id=\"2250daab\" data-element_type=\"widget\" data-widget_type=\"divider.default\">\n\t\t\t\t<div class=\"elementor-widget-container\">\n\t\t\t\t\t\t\t<div class=\"elementor-divider\">\n\t\t\t<span class=\"elementor-divider-separator\">\n\t\t\t\t\t\t<\/span>\n\t\t<\/div>\n\t\t\t\t\t\t<\/div>\n\t\t\t\t<\/div>\n\t\t\t\t<div class=\"elementor-element elementor-element-3e936ac7 elementor-widget elementor-widget-text-editor\" data-id=\"3e936ac7\" data-element_type=\"widget\" data-widget_type=\"text-editor.default\">\n\t\t\t\t<div class=\"elementor-widget-container\">\n\t\t\t\t\t\t\t\t\t<p>1. Den Backofen auf 180\u00b0 vorheizen<br \/>2. Die Bananen in eine Sch\u00fcssel geben und p\u00fcrieren, bis sie weich sind.<br \/>3. Das Ei zu den Bananen geben und mischen, bis alles gut vermischt ist.<br \/>4. Dann den zuckerfreien Ahornsirup und alle anderen trockenen Zutaten hinzuf\u00fcgen<br \/>5. Mischen, bis der Teig glatt ist<br \/>6. Den Teig in eine mit Backpapier ausgelegte Form geben und 25 Minuten backen.<\/p>\t\t\t\t\t\t\t\t<\/div>\n\t\t\t\t<\/div>\n\t\t\t\t<div class=\"elementor-element elementor-element-32046ded elementor-widget elementor-widget-heading\" data-id=\"32046ded\" data-element_type=\"widget\" data-widget_type=\"heading.default\">\n\t\t\t\t<div class=\"elementor-widget-container\">\n\t\t\t\t\t<h2 class=\"elementor-heading-title elementor-size-default\">Tipp<\/h2>\t\t\t\t<\/div>\n\t\t\t\t<\/div>\n\t\t\t\t<div class=\"elementor-element elementor-element-719657d4 elementor-widget-divider--view-line elementor-widget elementor-widget-divider\" data-id=\"719657d4\" data-element_type=\"widget\" data-widget_type=\"divider.default\">\n\t\t\t\t<div class=\"elementor-widget-container\">\n\t\t\t\t\t\t\t<div class=\"elementor-divider\">\n\t\t\t<span class=\"elementor-divider-separator\">\n\t\t\t\t\t\t<\/span>\n\t\t<\/div>\n\t\t\t\t\t\t<\/div>\n\t\t\t\t<\/div>\n\t\t\t\t<div class=\"elementor-element elementor-element-7b08741e elementor-widget elementor-widget-text-editor\" data-id=\"7b08741e\" data-element_type=\"widget\" data-widget_type=\"text-editor.default\">\n\t\t\t\t<div class=\"elementor-widget-container\">\n\t\t\t\t\t\t\t\t\t<p>F\u00fcr zus\u00e4tzliche Knusprigkeit und gesunde Fette geben Sie 30 g gehackte Waln\u00fcsse in den Teig.<br \/>F\u00fcr eine schmackhaftere Variante 50 g dunkle Schokoladenst\u00fcckchen hinzuf\u00fcgen.<\/p>\t\t\t\t\t\t\t\t<\/div>\n\t\t\t\t<\/div>\n\t\t\t\t<\/div>\n\t\t\t\t\t<\/div>\n\t\t\t\t<\/div>\n\t\t\t\t<\/div>","protected":false},"excerpt":{"rendered":"<p>Bananenbrot mit gesalzenem Karamell Zutaten 2 reife Bananen 1 Ei 35 ml zuckerfreier Ahornsirup 2 Messl\u00f6ffel gesalzenes Karamell-Molkenprotein 100 g nat\u00fcrliches Instant-Haferpulver 1 Teel\u00f6ffel Backpulver 1 Teel\u00f6ffel Zimt 1 Teel\u00f6ffel Vanilleextrakt Zubereitung 1. Heizen Sie den Ofen auf 180\u00b02 vor. Geben Sie die Bananen in eine Sch\u00fcssel und p\u00fcrieren Sie sie, bis sie weich sind.3. [...]<\/p>","protected":false},"author":22483,"featured_media":0,"parent":0,"menu_order":0,"comment_status":"closed","ping_status":"closed","template":"","meta":{"footnotes":""},"class_list":["post-9572","page","type-page","status-publish","hentry"],"aioseo_notices":[],"_links":{"self":[{"href":"https:\/\/www.selfprotein.com\/de\/wp-json\/wp\/v2\/pages\/9572"}],"collection":[{"href":"https:\/\/www.selfprotein.com\/de\/wp-json\/wp\/v2\/pages"}],"about":[{"href":"https:\/\/www.selfprotein.com\/de\/wp-json\/wp\/v2\/types\/page"}],"author":[{"embeddable":true,"href":"https:\/\/www.selfprotein.com\/de\/wp-json\/wp\/v2\/users\/22483"}],"replies":[{"embeddable":true,"href":"https:\/\/www.selfprotein.com\/de\/wp-json\/wp\/v2\/comments?post=9572"}],"version-history":[{"count":63,"href":"https:\/\/www.selfprotein.com\/de\/wp-json\/wp\/v2\/pages\/9572\/revisions"}],"predecessor-version":[{"id":10870,"href":"https:\/\/www.selfprotein.com\/de\/wp-json\/wp\/v2\/pages\/9572\/revisions\/10870"}],"wp:attachment":[{"href":"https:\/\/www.selfprotein.com\/de\/wp-json\/wp\/v2\/media?parent=9572"}],"curies":[{"name":"wp","href":"https:\/\/api.w.org\/{rel}","templated":true}]}}