{"id":10418,"date":"2024-10-01T00:05:03","date_gmt":"2024-09-30T22:05:03","guid":{"rendered":"https:\/\/www.selfprotein.com\/?post_type=product&#038;p=10418"},"modified":"2026-04-01T00:00:49","modified_gmt":"2026-03-31T22:00:49","slug":"morning-boost-pack","status":"publish","type":"product","link":"https:\/\/www.selfprotein.com\/de\/produkt\/morning-boost-pack\/","title":{"rendered":"Morning Boost Pack"},"content":{"rendered":"<p><strong>Morning Boost Pack<\/strong><\/p>\n<p class=\" translation-block\">Geben Sie Ihrem Morgen einen Schub mit dem <strong>Morning Boost Pack<\/strong>, einer Auswahl an Produkten, die Ihnen schon beim Fr\u00fchst\u00fcck Geschmack, Energie und Wohlbefinden verleihen. Perfekt, um den Tag mit dem richtigen Fu\u00df zu beginnen und deine Vitalit\u00e4t hoch zu halten!<\/p>\n<p><strong>Proti Cream<\/strong><\/p>\n<p>Die streichf\u00e4hige Creme, die Sie mit einem L\u00e4cheln in den Tag starten l\u00e4sst! Reich an Eiwei\u00df und superlecker.<\/p>\n<ul>\n<li>Unwiderstehliche Geschmacksrichtungen, perfekt f\u00fcr ein k\u00f6stliches Fr\u00fchst\u00fcck<\/li>\n<li>100%-Protein, 0%-Schuld<\/li>\n<li>Ohne Zuckerzusatz, gibt Ihnen Energie, ohne Sie zu beschweren<\/li>\n<\/ul>\n<p><\/p>\n<p><strong>Omega 3 (60 Kapseln)<\/strong><\/p>\n<p>Ihre Verb\u00fcndeten f\u00fcr einen klaren Verstand und ein gesundes Herz, jeden Tag.<\/p>\n<ul>\n<li>Unterst\u00fctzt Herz und Geist mit essentiellen Fetts\u00e4uren<\/li>\n<li>Reduziert Entz\u00fcndungen und verbessert das allgemeine Wohlbefinden<\/li>\n<li>Starke Omega-3-Fetts\u00e4uren, die Sie vom Fr\u00fchst\u00fcck bis zum Abendessen begleiten<\/li>\n<\/ul>\n<p><\/p>\n<p><strong>Protein Pancake<\/strong><\/p>\n<p>Der Pfannkuchen Ihrer Tr\u00e4ume, vollgepackt mit Proteinen und im Handumdrehen zubereitet!<\/p>\n<ul>\n<li>Einfaches, schnelles und super nahrhaftes Fr\u00fchst\u00fcck<\/li>\n<li>Viele Muskeln, keine Erm\u00fcdung, dank des hohen Proteingehalts<\/li>\n<li>Perfekt mit Obst, Honig, Marmelade oder unserer Proti-Creme f\u00fcr eine Geschmacksexplosion<\/li>\n<\/ul>","protected":false},"excerpt":{"rendered":"<p>Morning Boost Pack Geben Sie Ihrem Morgen einen Schub mit dem Morning Boost Pack, einer Auswahl an Produkten, die Ihnen schon beim Fr\u00fchst\u00fcck Geschmack, Energie und Wohlbefinden verleihen. Perfekt f\u00fcr einen guten Start in den Tag und um Ihre Vitalit\u00e4t aufrechtzuerhalten! Proti Cream Die streichf\u00e4hige Creme, mit der Sie Ihren Tag mit einem [...]<\/p>","protected":false},"featured_media":11550,"template":"","meta":[],"product_cat":[313,158,320,210],"product_tag":[316,18,321,223],"class_list":{"0":"post-10418","1":"product","2":"type-product","3":"status-publish","4":"has-post-thumbnail","6":"product_cat-protein-snacks-and-fit-food","7":"product_cat-proteins","8":"product_cat-self-bundles","9":"product_cat-snacks-meal-solutions","10":"product_tag-protein-snacks-fit-food","11":"product_tag-proteins","12":"product_tag-self-bundles","13":"product_tag-snacks-meal-solutions","15":"first","16":"instock","17":"taxable","18":"shipping-taxable","19":"purchasable","20":"product-type-variable","21":"has-default-attributes"},"aioseo_notices":[],"_links":{"self":[{"href":"https:\/\/www.selfprotein.com\/de\/wp-json\/wp\/v2\/product\/10418"}],"collection":[{"href":"https:\/\/www.selfprotein.com\/de\/wp-json\/wp\/v2\/product"}],"about":[{"href":"https:\/\/www.selfprotein.com\/de\/wp-json\/wp\/v2\/types\/product"}],"wp:featuredmedia":[{"embeddable":true,"href":"https:\/\/www.selfprotein.com\/de\/wp-json\/wp\/v2\/media\/11550"}],"wp:attachment":[{"href":"https:\/\/www.selfprotein.com\/de\/wp-json\/wp\/v2\/media?parent=10418"}],"wp:term":[{"taxonomy":"product_cat","embeddable":true,"href":"https:\/\/www.selfprotein.com\/de\/wp-json\/wp\/v2\/product_cat?post=10418"},{"taxonomy":"product_tag","embeddable":true,"href":"https:\/\/www.selfprotein.com\/de\/wp-json\/wp\/v2\/product_tag?post=10418"}],"curies":[{"name":"wp","href":"https:\/\/api.w.org\/{rel}","templated":true}]}}