{"id":10422,"date":"2024-10-28T12:30:30","date_gmt":"2024-10-28T11:30:30","guid":{"rendered":"https:\/\/www.selfprotein.com\/?post_type=product&#038;p=10422"},"modified":"2026-05-01T00:24:27","modified_gmt":"2026-04-30T22:24:27","slug":"quicky","status":"publish","type":"product","link":"https:\/\/www.selfprotein.com\/de\/produkt\/quicky\/","title":{"rendered":"Quicky"},"content":{"rendered":"<p><strong>Quicky<\/strong><\/p>\n<p>Quicky ist ein Proteinpr\u00e4parat, das f\u00fcr Menschen mit einem hektischen Lebensstil entwickelt wurde, die keine Kompromisse bei der Qualit\u00e4t ihrer Ern\u00e4hrung eingehen wollen. Dieses Produkt ist einfach zuzubereiten und vereint Geschmack und N\u00e4hrwert in einer einzigen L\u00f6sung.<\/p>\n<p>Vorteile<\/p>\n<p><strong>Hohe Proteinkonzentration:<\/strong><\/p>\n<ul>\n<li>Mit \u00fcber 22 g Protein pro Portion unterst\u00fctzt Quicky effektiv die Proteinsynthese und das Muskelwachstum und tr\u00e4gt so zum Erhalt der Muskelmasse bei.<\/li>\n<\/ul>\n<p><\/p>\n<p><strong>Ausgew\u00e4hlter Zutatenmix:<\/strong><\/p>\n<ul>\n<li>Es enth\u00e4lt Haferflocken und mizellares Casein, ein langsam resorbierbares Milchprotein, sowie eine Kombination aus nat\u00fcrlichen Aromen f\u00fcr einen k\u00f6stlichen Geschmack.<\/li>\n<\/ul>\n<p><\/p>\n<p><strong>Ausgewogene Absorption:<\/strong><\/p>\n<ul>\n<li>Mizellares Casein, kombiniert mit Haferflocken, sorgt f\u00fcr eine allm\u00e4hliche Freisetzung von Aminos\u00e4uren in den Blutkreislauf und gew\u00e4hrleistet so ein langes S\u00e4ttigungsgef\u00fchl und eine gleichm\u00e4\u00dfige N\u00e4hrstoffzufuhr.<\/li>\n<\/ul>\n<p><\/p>\n<p><strong>Einfach zuzubereiten:<\/strong><\/p>\n<ul>\n<li>Einfach Wasser oder Milch hinzuf\u00fcgen, umr\u00fchren und 60 Sekunden lang in der Mikrowelle kochen. Quicky kann \u00fcberall genossen werden, zu Hause oder im B\u00fcro.<\/li>\n<\/ul>\n<p><\/p>\n<p><strong>Glutenfrei:<\/strong><\/p>\n<ul>\n<li>Quicky eignet sich f\u00fcr Menschen mit Glutenunvertr\u00e4glichkeit und ist f\u00fcr verschiedene Ern\u00e4hrungsbed\u00fcrfnisse geeignet, ohne Kompromisse beim Geschmack einzugehen.<\/li>\n<\/ul>\n<p><\/p>\n<p><strong>Empfohlene Verwendung:<\/strong><\/p>\n<ul>\n<li>Verzehren Sie 1-2 Portionen pro Tag, je nach Proteinbedarf und k\u00f6rperlicher Aktivit\u00e4t. Es ist ideal zum Fr\u00fchst\u00fcck, als Snack nach dem Training oder als schnelle Mahlzeit zu jeder Tageszeit.<\/li>\n<\/ul>\n<p><\/p>\n<p><strong>Hinweis:<\/strong><\/p>\n<ul>\n<li>Nur f\u00fcr Erwachsene und sollte im Rahmen einer abwechslungsreichen, ausgewogenen Ern\u00e4hrung und gesunden Lebensweise eingenommen werden.<\/li>\n<li>\u00dcberschreiten Sie nicht die empfohlene Dosis.<\/li>\n<li>Nicht w\u00e4hrend der Stillzeit, der Schwangerschaft oder \u00fcber einen l\u00e4ngeren Zeitraum ohne R\u00fccksprache mit einem Arzt verwenden.<\/li>\n<li>Lagern Sie das Produkt an einem k\u00fchlen, trockenen Ort, in einem gut verschlossenen Beh\u00e4lter und au\u00dferhalb der Reichweite von Kindern unter 3 Jahren.<\/li>\n<li>Kann Spuren von Eiern und Soja enthalten.<\/li>\n<li>Glutenfrei.<\/li>\n<\/ul>","protected":false},"excerpt":{"rendered":"<p>Quicky Quicky ist ein Proteinpr\u00e4parat, das f\u00fcr Menschen mit einem hektischen Lebensstil entwickelt wurde, die keine Kompromisse bei der Qualit\u00e4t ihrer Ern\u00e4hrung eingehen wollen. Dieses Produkt ist einfach zuzubereiten und vereint Geschmack und N\u00e4hrwert in einer einzigen L\u00f6sung. Vorteile Hohe Proteinkonzentration: Mit \u00fcber 22 g Eiwei\u00df pro Portion unterst\u00fctzt Quicky effektiv die Eiwei\u00dfversorgung [...]<\/p>","protected":false},"featured_media":10427,"template":"","meta":[],"product_cat":[210,309],"product_tag":[223,319],"class_list":{"0":"post-10422","1":"product","2":"type-product","3":"status-publish","4":"has-post-thumbnail","6":"product_cat-snacks-meal-solutions","7":"product_cat-weight-management-and-definition","8":"product_tag-snacks-meal-solutions","9":"product_tag-weight-management-and-definition","11":"first","12":"instock","13":"taxable","14":"shipping-taxable","15":"purchasable","16":"product-type-variable"},"aioseo_notices":[],"_links":{"self":[{"href":"https:\/\/www.selfprotein.com\/de\/wp-json\/wp\/v2\/product\/10422"}],"collection":[{"href":"https:\/\/www.selfprotein.com\/de\/wp-json\/wp\/v2\/product"}],"about":[{"href":"https:\/\/www.selfprotein.com\/de\/wp-json\/wp\/v2\/types\/product"}],"wp:featuredmedia":[{"embeddable":true,"href":"https:\/\/www.selfprotein.com\/de\/wp-json\/wp\/v2\/media\/10427"}],"wp:attachment":[{"href":"https:\/\/www.selfprotein.com\/de\/wp-json\/wp\/v2\/media?parent=10422"}],"wp:term":[{"taxonomy":"product_cat","embeddable":true,"href":"https:\/\/www.selfprotein.com\/de\/wp-json\/wp\/v2\/product_cat?post=10422"},{"taxonomy":"product_tag","embeddable":true,"href":"https:\/\/www.selfprotein.com\/de\/wp-json\/wp\/v2\/product_tag?post=10422"}],"curies":[{"name":"wp","href":"https:\/\/api.w.org\/{rel}","templated":true}]}}