{"id":10429,"date":"2024-10-28T12:30:25","date_gmt":"2024-10-28T11:30:25","guid":{"rendered":"https:\/\/www.selfprotein.com\/?post_type=product&#038;p=10429"},"modified":"2026-04-01T00:00:50","modified_gmt":"2026-03-31T22:00:50","slug":"quicky-bundle","status":"publish","type":"product","link":"https:\/\/www.selfprotein.com\/de\/produkt\/quicky-bundle\/","title":{"rendered":"Quicky Bundle"},"content":{"rendered":"<p><strong>Quicky Bundle: Ihre Wahl, Ihr Geschmack!<\/strong><\/p>\n<p>Mit dem Quicky-Bundle haben Sie die Freiheit, sechs Packungen unseres unwiderstehlichen Quicky in drei k\u00f6stlichen Geschmacksrichtungen zu w\u00e4hlen: <strong>Apfel und Zimt<\/strong>, <strong>Schokolade<\/strong> und <strong>Vanille<\/strong>. Gestalten Sie Ihr Paket mit zwei Optionen nach Ihren W\u00fcnschen:<\/p>\n<p><strong>Option 1: Stellen Sie die Packung mit Ihrem Lieblingsgeschmack zusammen!<\/strong><\/p>\n<p>Wenn Sie eine Lieblingsgeschmacksrichtung haben, ist dies die perfekte Option f\u00fcr Sie. W\u00e4hlen Sie sechs Packungen der gleichen Geschmacksrichtung und genie\u00dfen Sie Quicky genau so, wie Sie es m\u00f6gen.<\/p>\n<p><strong>Option 2: Mix &amp; Match!<\/strong><\/p>\n<p>Stellen Sie Ihre perfekte Mischung mit zwei Packungen jeder Geschmacksrichtung zusammen, also insgesamt sechs. Eine ideale Kombination f\u00fcr alle, die Abwechslung und Geschmack lieben.<\/p>\n<p><strong>Nehmen Sie es \u00fcberall und jederzeit mit!<\/strong><\/p>\n<p>Egal, ob Sie einen nahrhaften Snack, ein schnelles Fr\u00fchst\u00fcck oder einen Verb\u00fcndeten f\u00fcr Ihr Pre- oder Post-Workout suchen, Quicky ist die ideale L\u00f6sung. Mit hochwertigen Zutaten und einem hohen Proteingehalt ist jeder Quicky immer bereit, dir Energie und Geschmack zu geben, wo immer du bist.<\/p>","protected":false},"excerpt":{"rendered":"<p>Quicky Bundle: Ihre Wahl, Ihr Geschmack! Mit dem Quicky-Bundle haben Sie die Freiheit, sechs Packungen unseres unwiderstehlichen Quicky in drei k\u00f6stlichen Geschmacksrichtungen zu w\u00e4hlen: Apfel und Zimt, Schokolade und Vanille. Stellen Sie Ihr Bundle mit zwei Optionen ganz nach Ihren W\u00fcnschen zusammen: Option 1: Stellen Sie die Packung mit Ihrem Lieblingsgeschmack zusammen! Wenn Sie eine [...]<\/p>","protected":false},"featured_media":10555,"template":"","meta":[],"product_cat":[210],"product_tag":[223],"class_list":{"0":"post-10429","1":"product","2":"type-product","3":"status-publish","4":"has-post-thumbnail","6":"product_cat-snacks-meal-solutions","7":"product_tag-snacks-meal-solutions","9":"first","10":"instock","11":"taxable","12":"shipping-taxable","13":"purchasable","14":"product-type-variable","15":"has-default-attributes"},"aioseo_notices":[],"_links":{"self":[{"href":"https:\/\/www.selfprotein.com\/de\/wp-json\/wp\/v2\/product\/10429"}],"collection":[{"href":"https:\/\/www.selfprotein.com\/de\/wp-json\/wp\/v2\/product"}],"about":[{"href":"https:\/\/www.selfprotein.com\/de\/wp-json\/wp\/v2\/types\/product"}],"wp:featuredmedia":[{"embeddable":true,"href":"https:\/\/www.selfprotein.com\/de\/wp-json\/wp\/v2\/media\/10555"}],"wp:attachment":[{"href":"https:\/\/www.selfprotein.com\/de\/wp-json\/wp\/v2\/media?parent=10429"}],"wp:term":[{"taxonomy":"product_cat","embeddable":true,"href":"https:\/\/www.selfprotein.com\/de\/wp-json\/wp\/v2\/product_cat?post=10429"},{"taxonomy":"product_tag","embeddable":true,"href":"https:\/\/www.selfprotein.com\/de\/wp-json\/wp\/v2\/product_tag?post=10429"}],"curies":[{"name":"wp","href":"https:\/\/api.w.org\/{rel}","templated":true}]}}