{"id":11066,"date":"2024-10-22T16:21:01","date_gmt":"2024-10-22T14:21:01","guid":{"rendered":"https:\/\/www.selfprotein.com\/?post_type=product&#038;p=11066"},"modified":"2026-05-06T22:05:58","modified_gmt":"2026-05-06T20:05:58","slug":"large-mass-gainer","status":"publish","type":"product","link":"https:\/\/www.selfprotein.com\/de\/produkt\/large-mass-gainer\/","title":{"rendered":"Large Mass Gainer"},"content":{"rendered":"<p><strong>Large Mass Gainer<\/strong><\/p>\n<p><strong>Aminos\u00e4uren, Vitamine &amp; Mineralien-Mischung<\/strong><\/p>\n<p>Large Mass Gainer ist ein Nahrungserg\u00e4nzungsmittel, das diejenigen unterst\u00fctzen soll, die ihr Gewicht und ihre Muskelmasse effektiv erh\u00f6hen wollen.<\/p>\n<p>Mit einer fortschrittlichen Formel, die hochwertige Proteine, Kohlenhydrate, essentielle Fette, Vitamine und Mineralien kombiniert, bietet dieses Produkt eine umfassende Unterst\u00fctzung f\u00fcr Muskelwachstum, Erholung und Energieerhaltung w\u00e4hrend der intensivsten Trainingseinheiten. Das schnell resorbierbare Molkenprotein tr\u00e4gt zur Muskelsynthese bei und verbessert die Leistung und Erholung.<\/p>\n<p>Unser Large Mass Gainer wurde gerade mit einem unglaublichen neuen Geschmack angereichert: eine unwiderstehliche Mischung aus Vanille, Orange und einem Hauch von reicher Schokolade.<\/p>\n<p><strong>Vorteile<\/strong><\/p>\n<ul>\n<li><strong>Hochwertige Proteine f\u00fcr den Muskelaufbau:<\/strong><\/li>\n<\/ul>\n<p>Das Molkenprotein wird schnell absorbiert und ist f\u00fcr die Stimulierung der Muskelproteinsynthese und die Erholung unerl\u00e4sslich.<\/p>\n<ul>\n<li><strong>Leicht verdauliche Kohlenhydrate f\u00fcr Energie:<\/strong><\/li>\n<\/ul>\n<p>Dank der Kohlenhydrate, die aus Maltodextrinen gewonnen werden, f\u00fcllt Large Mass Gainer die Glykogenspeicher wieder auf und bietet so eine wichtige Energiequelle bei intensiven Trainingseinheiten.<\/p>\n<ul>\n<li><strong>Ausgewogene N\u00e4hrstoffe f\u00fcr eine gesunde Gewichtszunahme:<\/strong><\/li>\n<\/ul>\n<p>Die ausgewogene Formel aus Proteinen, Kohlenhydraten und Fetten ist ideal, um eine kontrollierte und gesunde Gewichtszunahme zu unterst\u00fctzen.<\/p>\n<ul>\n<li><strong>Wichtige Vitamine und Mineralien:<\/strong><\/li>\n<\/ul>\n<p>Zus\u00e4tzlich zu den Makron\u00e4hrstoffen ist Large Mass Gainer mit essentiellen Vitaminen und Mineralien angereichert, um das allgemeine Wohlbefinden des K\u00f6rpers zu unterst\u00fctzen und die k\u00f6rperliche Leistungsf\u00e4higkeit zu verbessern.<\/p>\n<ul>\n<li><strong>Optimale Unterst\u00fctzung f\u00fcr die Erholung der Muskeln:<\/strong><\/li>\n<\/ul>\n<p>Die in dem Produkt enthaltenen Hauptn\u00e4hrstoffe tragen dazu bei, die Erm\u00fcdung der Muskeln nach dem Training zu verringern, die Regeneration zu verbessern und Sie auf zuk\u00fcnftige Trainingseinheiten vorzubereiten.<\/p>\n<p><strong>Empfohlene Verwendung<\/strong><\/p>\n<p>Nehmen Sie eine Portion direkt nach der k\u00f6rperlichen Aktivit\u00e4t oder 1-2 Portionen w\u00e4hrend des Tages f\u00fcr diejenigen, die mit einer Gewichtszunahme k\u00e4mpfen.<\/p>\n<p><strong>Hinweis:<\/strong><\/p>\n<ul>\n<li>Nur f\u00fcr Erwachsene und ersetzt nicht eine abwechslungsreiche und ausgewogene Ern\u00e4hrung oder einen gesunden Lebensstil.<\/li>\n<li>\u00dcberschreiten Sie nicht die empfohlene Dosis.<\/li>\n<li>In der Stillzeit und w\u00e4hrend der Schwangerschaft nicht ohne R\u00fccksprache mit einem Arzt anwenden.<\/li>\n<li>Lagern Sie das Produkt an einem k\u00fchlen, trockenen Ort, in einem gut verschlossenen Beh\u00e4lter und bewahren Sie es au\u00dferhalb der Reichweite von Kindern unter 3 Jahren auf.<\/li>\n<li>Kann Spuren von Hafer, Eiern und Soja enthalten.<\/li>\n<\/ul>","protected":false},"excerpt":{"rendered":"<p>Large Mass Gainer Aminos\u00e4uren, Vitamine &amp; Mineralien Large Mass Gainer ist ein Nahrungserg\u00e4nzungsmittel zur Unterst\u00fctzung derjenigen, die ihr Gewicht und ihre Muskelmasse effektiv erh\u00f6hen m\u00f6chten. Mit einer fortschrittlichen Formel, die hochwertige Proteine, Kohlenhydrate, essentielle Fette, Vitamine und Mineralien kombiniert, bietet dieses Produkt eine umfassende Unterst\u00fctzung f\u00fcr Muskelwachstum, Erholung und Energieerhaltung w\u00e4hrend [...].<\/p>","protected":false},"featured_media":11100,"template":"","meta":[],"product_cat":[154,308],"product_tag":[162,318],"class_list":{"0":"post-11066","1":"product","2":"type-product","3":"status-publish","4":"has-post-thumbnail","6":"product_cat-gain-performance","7":"product_cat-strength-and-muscle-mass","8":"product_tag-gain-performance","9":"product_tag-strength-and-muscle-mass","11":"first","12":"instock","13":"taxable","14":"shipping-taxable","15":"purchasable","16":"product-type-variable"},"aioseo_notices":[],"_links":{"self":[{"href":"https:\/\/www.selfprotein.com\/de\/wp-json\/wp\/v2\/product\/11066"}],"collection":[{"href":"https:\/\/www.selfprotein.com\/de\/wp-json\/wp\/v2\/product"}],"about":[{"href":"https:\/\/www.selfprotein.com\/de\/wp-json\/wp\/v2\/types\/product"}],"wp:featuredmedia":[{"embeddable":true,"href":"https:\/\/www.selfprotein.com\/de\/wp-json\/wp\/v2\/media\/11100"}],"wp:attachment":[{"href":"https:\/\/www.selfprotein.com\/de\/wp-json\/wp\/v2\/media?parent=11066"}],"wp:term":[{"taxonomy":"product_cat","embeddable":true,"href":"https:\/\/www.selfprotein.com\/de\/wp-json\/wp\/v2\/product_cat?post=11066"},{"taxonomy":"product_tag","embeddable":true,"href":"https:\/\/www.selfprotein.com\/de\/wp-json\/wp\/v2\/product_tag?post=11066"}],"curies":[{"name":"wp","href":"https:\/\/api.w.org\/{rel}","templated":true}]}}