{"id":11852,"date":"2025-01-21T13:30:28","date_gmt":"2025-01-21T12:30:28","guid":{"rendered":"https:\/\/www.selfprotein.com\/?post_type=product&#038;p=11852"},"modified":"2026-05-01T00:24:31","modified_gmt":"2026-04-30T22:24:31","slug":"oat-flakes","status":"publish","type":"product","link":"https:\/\/www.selfprotein.com\/de\/produkt\/oat-flakes\/","title":{"rendered":"Oat Flakes"},"content":{"rendered":"<p style=\"text-align: left;\" align=\"center\"><strong><span lang=\"en-US\">Oat Flakes<\/span><\/strong><\/p>\n<p><span lang=\"en-US\">Instant-Haferflocken sind ein Erg\u00e4nzungsprodukt aus Hafermehl, das eine vielseitige und nahrhafte L\u00f6sung zur Bereicherung Ihrer t\u00e4glichen Ern\u00e4hrung darstellt. Dank seiner Anpassungsf\u00e4higkeit kann diese Form des Hafermehls leicht in verschiedene Gerichte und Mahlzeiten integriert werden und bietet eine breite Palette von Vorteilen f\u00fcr Ihre Gesundheit und Ihr Wohlbefinden.<\/span><\/p>\n<p><span lang=\"en-US\">Vorteile von Haferflocken:<\/span><\/p>\n<ul>\n<li><strong><span lang=\"en-US\">Quelle f\u00fcr komplexe Kohlenhydrate:<\/span><\/strong><span lang=\"en-US\"> Instant-Haferflocken sind eine gesunde und nachhaltige Quelle komplexer Kohlenhydrate, die langfristig Energie liefern und zu einem stabilen Blutzuckerspiegel beitragen.<\/span><\/li>\n<li><strong><span lang=\"en-US\">Reich an Ballaststoffen:<\/span><\/strong><span lang=\"en-US\"> Haferflockenmehl ist reich an Ballaststoffen, die die Gesundheit der Verdauung f\u00f6rdern, das S\u00e4ttigungsgef\u00fchl verst\u00e4rken und zur Regulierung des Stuhlgangs beitragen.<\/span><\/li>\n<li><strong><span lang=\"en-US\">Wesentliche N\u00e4hrstoffe:<\/span><\/strong><span lang=\"en-US\"> Diese Flocken sind eine nat\u00fcrliche Quelle von B-Vitaminen und Mineralien wie Eisen und Magnesium, die f\u00fcr das reibungslose Funktionieren des K\u00f6rpers und die Erhaltung der Gesundheit von entscheidender Bedeutung sind.<\/span><\/li>\n<li><strong><span lang=\"en-US\">Langsame Freisetzung von Energie:<\/span><\/strong><span lang=\"en-US\"> Aufgrund ihrer Zusammensetzung bieten Instant-Haferflocken eine allm\u00e4hliche Energiefreisetzung, die f\u00fcr ein lang anhaltendes S\u00e4ttigungsgef\u00fchl sorgt und Ihre k\u00f6rperliche und geistige Aktivit\u00e4t unterst\u00fctzt.<\/span><\/li>\n<li><strong><span lang=\"en-US\">Kulinarische Vielseitigkeit:<\/span><\/strong><span lang=\"en-US\"> Diese Form des Hafermehls kann in der K\u00fcche auf vielf\u00e4ltige Weise verwendet werden, von der Einarbeitung in das Fr\u00fchst\u00fcck, in Smoothies oder Joghurt bis hin zur Zubereitung von leckeren Gerichten wie Keksen, selbstgemachten Proteinriegeln oder Haferbrei, und bietet so eine unendliche Vielfalt an M\u00f6glichkeiten, um Ihren Geschmack und Ihre Ern\u00e4hrungsbed\u00fcrfnisse zu befriedigen.<\/span><\/li>\n<\/ul>\n<p>&nbsp;<\/p>\n<p><strong><span lang=\"en-US\">Empfohlene Verwendung<\/span><\/strong><\/p>\n<p><span lang=\"en-US\">1 Portion zum Fr\u00fchst\u00fcck, vor oder nach dem Training.<\/span><\/p>\n<p class=\"xmprfx_MsoNormal\"><b>Hinweis:<\/b><\/p>\n<ul>\n<li>Nur f\u00fcr Erwachsene und ersetzt nicht eine abwechslungsreiche, ausgewogene Ern\u00e4hrung und eine gesunde Lebensweise.<\/li>\n<li>\u00dcberschreiten Sie nicht die empfohlene Dosis.<\/li>\n<li>Verwenden Sie es nicht w\u00e4hrend der Stillzeit, Schwangerschaft Perioden ohne R\u00fccksprache mit dem Arzt.<\/li>\n<li>Lagern Sie das Produkt an einem k\u00fchlen, trockenen Ort in einer gut verschlossenen Verpackung au\u00dferhalb der Reichweite von Kindern unter 3 Jahren.<\/li>\n<li>Kann Spuren von Ei, Soja und Milch enthalten.<\/li>\n<li>Laktosefrei und Glutenfrei.<\/li>\n<\/ul>","protected":false},"excerpt":{"rendered":"<p>Haferflocken Haferflocken sind ein Erg\u00e4nzungsmittel aus Hafermehl, das eine vielseitige und nahrhafte L\u00f6sung zur Bereicherung Ihrer t\u00e4glichen Ern\u00e4hrung darstellt. Dank seiner Anpassungsf\u00e4higkeit kann diese Form des Hafermehls leicht in verschiedene Gerichte und Mahlzeiten integriert werden und bietet eine breite Palette von Vorteilen f\u00fcr Ihre Gesundheit und Ihr Wohlbefinden. Vorteile von Hafer [...]<\/p>","protected":false},"featured_media":11861,"template":"","meta":[],"product_cat":[313,210],"product_tag":[316,223],"class_list":{"0":"post-11852","1":"product","2":"type-product","3":"status-publish","4":"has-post-thumbnail","6":"product_cat-protein-snacks-and-fit-food","7":"product_cat-snacks-meal-solutions","8":"product_tag-protein-snacks-fit-food","9":"product_tag-snacks-meal-solutions","11":"first","12":"instock","13":"taxable","14":"shipping-taxable","15":"purchasable","16":"product-type-variable"},"aioseo_notices":[],"_links":{"self":[{"href":"https:\/\/www.selfprotein.com\/de\/wp-json\/wp\/v2\/product\/11852"}],"collection":[{"href":"https:\/\/www.selfprotein.com\/de\/wp-json\/wp\/v2\/product"}],"about":[{"href":"https:\/\/www.selfprotein.com\/de\/wp-json\/wp\/v2\/types\/product"}],"wp:featuredmedia":[{"embeddable":true,"href":"https:\/\/www.selfprotein.com\/de\/wp-json\/wp\/v2\/media\/11861"}],"wp:attachment":[{"href":"https:\/\/www.selfprotein.com\/de\/wp-json\/wp\/v2\/media?parent=11852"}],"wp:term":[{"taxonomy":"product_cat","embeddable":true,"href":"https:\/\/www.selfprotein.com\/de\/wp-json\/wp\/v2\/product_cat?post=11852"},{"taxonomy":"product_tag","embeddable":true,"href":"https:\/\/www.selfprotein.com\/de\/wp-json\/wp\/v2\/product_tag?post=11852"}],"curies":[{"name":"wp","href":"https:\/\/api.w.org\/{rel}","templated":true}]}}