{"id":12152,"date":"2025-03-10T00:02:53","date_gmt":"2025-03-09T23:02:53","guid":{"rendered":"https:\/\/www.selfprotein.com\/?post_type=product&#038;p=12152"},"modified":"2026-04-01T00:00:54","modified_gmt":"2026-03-31T22:00:54","slug":"power-breakfast-pack","status":"publish","type":"product","link":"https:\/\/www.selfprotein.com\/de\/produkt\/power-breakfast-pack\/","title":{"rendered":"Power Breakfast Pack"},"content":{"rendered":"<p><strong>Power Breakfast Pack<\/strong><\/p>\n<p class=\" translation-block\">Beginnen Sie Ihren Tag mit der perfekten Balance aus Geschmack, Energie und N\u00e4hrstoffen! Das <strong>Proti Cream &amp; Oat Flakes Pack<\/strong> kombiniert die unwiderstehliche Cremigkeit der Proti Cream mit der G\u00fcte der Haferflocken f\u00fcr ein Fr\u00fchst\u00fcck, das Ihren K\u00f6rper mit Energie versorgt und Ihren Appetit stillt.<\/p>\n<p><strong>Proti Cream<\/strong><\/p>\n<p>Der Brotaufstrich, der jeden Bissen zu einem Moment puren Genusses macht! Vollgepackt mit Proteinen und unglaublich cremig.<\/p>\n<ul>\n<li>Unwiderstehliche Aromen, perfekt f\u00fcr ein k\u00f6stliches Fr\u00fchst\u00fcck<\/li>\n<li>Hoher Proteingehalt, wenig Zucker \u2013 zum Genie\u00dfen ohne schlechtes Gewissen<\/li>\n<li>Geschmeidige, reichhaltige Textur, ideal zu Hafer, Pfannkuchen oder direkt vom L\u00f6ffel<\/li>\n<\/ul>\n<p><\/p>\n<p>\n<strong>Oat Flakes<\/strong><\/p>\n<p>Der perfekte Verb\u00fcndete f\u00fcr ein gesundes und nahrhaftes Fr\u00fchst\u00fcck, entwickelt f\u00fcr alle, die den Tag richtig beginnen m\u00f6chten.<\/p>\n<ul>\n<li>Sofortige Energie mit langsam freigesetzten komplexen Kohlenhydraten<\/li>\n<li>Ballaststoffreich und nat\u00fcrlich s\u00e4ttigend \u2013 gut f\u00fcr die Verdauung und das Wohlbefinden<\/li>\n<\/ul>\n<\/p>\n<p><strong>Warum dieses Paket w\u00e4hlen?<\/strong><\/p>\n<ul>\n<li>Hoher Proteingehalt f\u00fcr optimale Muskelunterst\u00fctzung<\/li>\n<li>Langsam freigesetzte Kohlenhydrate f\u00fcr langanhaltende Energie<\/li>\n<li>Unwiderstehliche Aromen, um Ihren Tag mit einem L\u00e4cheln zu beginnen<\/li>\n<li>Ohne Zuckerzusatz, perfekt f\u00fcr jeden gesunden Lebensstil<\/li>\n<\/ul>\n<p><\/p>\n<p>\n<strong>Wie genie\u00dft man es?<\/strong><\/p>\n<ul>\n<li>Mische die Haferflocken mit Milch oder Joghurt f\u00fcr einen cremigen Porridge<\/li>\n<li>F\u00fcr mehr Geschmack und Protein f\u00fcgen Sie einen L\u00f6ffel Proti Cream hinzu<\/li>\n<li>Perfekt f\u00fcr Pfannkuchen, Smoothies und gesunde Desserts<\/li>\n<\/ul>\n<p><\/p>\n<p>Egal ob warmer Haferbrei oder knuspriges Topping f\u00fcr deinen Joghurt, diese Kombi ist die perfekte Wahl f\u00fcr ein ausgewogenes und leckeres Fr\u00fchst\u00fcck!<\/p>","protected":false},"excerpt":{"rendered":"<p>Power Breakfast Pack Beginnen Sie Ihren Tag mit der perfekten Balance aus Geschmack, Energie und N\u00e4hrstoffen! Das Proti Cream &amp; Oat Flakes Pack kombiniert die unwiderstehliche Cremigkeit von Proti Cream mit der G\u00fcte von Haferflocken f\u00fcr ein Fr\u00fchst\u00fcck, das Ihren K\u00f6rper mit Energie versorgt und Ihren Hei\u00dfhunger stillt. Proti Cream Der Aufstrich, der jeden Bissen zu einem [...]<\/p>","protected":false},"featured_media":12175,"template":"","meta":[],"product_cat":[313,320,210],"product_tag":[316,321,223],"class_list":{"0":"post-12152","1":"product","2":"type-product","3":"status-publish","4":"has-post-thumbnail","6":"product_cat-protein-snacks-and-fit-food","7":"product_cat-self-bundles","8":"product_cat-snacks-meal-solutions","9":"product_tag-protein-snacks-fit-food","10":"product_tag-self-bundles","11":"product_tag-snacks-meal-solutions","13":"first","14":"instock","15":"taxable","16":"shipping-taxable","17":"purchasable","18":"product-type-variable"},"aioseo_notices":[],"_links":{"self":[{"href":"https:\/\/www.selfprotein.com\/de\/wp-json\/wp\/v2\/product\/12152"}],"collection":[{"href":"https:\/\/www.selfprotein.com\/de\/wp-json\/wp\/v2\/product"}],"about":[{"href":"https:\/\/www.selfprotein.com\/de\/wp-json\/wp\/v2\/types\/product"}],"wp:featuredmedia":[{"embeddable":true,"href":"https:\/\/www.selfprotein.com\/de\/wp-json\/wp\/v2\/media\/12175"}],"wp:attachment":[{"href":"https:\/\/www.selfprotein.com\/de\/wp-json\/wp\/v2\/media?parent=12152"}],"wp:term":[{"taxonomy":"product_cat","embeddable":true,"href":"https:\/\/www.selfprotein.com\/de\/wp-json\/wp\/v2\/product_cat?post=12152"},{"taxonomy":"product_tag","embeddable":true,"href":"https:\/\/www.selfprotein.com\/de\/wp-json\/wp\/v2\/product_tag?post=12152"}],"curies":[{"name":"wp","href":"https:\/\/api.w.org\/{rel}","templated":true}]}}