{"id":12534,"date":"2025-04-14T17:36:47","date_gmt":"2025-04-14T15:36:47","guid":{"rendered":"https:\/\/www.selfprotein.com\/?post_type=product&#038;p=12534"},"modified":"2026-04-01T16:49:05","modified_gmt":"2026-04-01T14:49:05","slug":"micro-whey-active","status":"publish","type":"product","link":"https:\/\/www.selfprotein.com\/de\/produkt\/micro-whey-active\/","title":{"rendered":"Micro Whey Active"},"content":{"rendered":"<p><strong>Micro Whey Active<\/strong><\/p>\n<p>Micro Whey Active ist ein Nahrungserg\u00e4nzungsmittel auf der Basis von Molkenproteinisolat (WPI), das sich ideal zur Unterst\u00fctzung des Aufbaus und der Erhaltung der Muskelmasse eignet. Dank des Mikrofiltrationsverfahrens bietet es einen hohen Proteingehalt mit einer reduzierten Aufnahme von Fetten und Kohlenhydraten, was es perfekt f\u00fcr diejenigen macht, die einen aktiven Lebensstil verfolgen.<\/p>\n<p><strong>Wichtigste Vorteile:<\/strong><\/p>\n<ul>\n<li><strong>Hohe Proteinkonzentration<\/strong>: Die isolierten Proteine helfen Ihnen, Ihre t\u00e4gliche Proteinzufuhr zu erreichen und tragen zum Muskelaufbau und -erhalt bei.<\/li>\n<li><strong>Mit ausgew\u00e4hlten Aminos\u00e4uren<\/strong>: mit Glycin, Alanin und Lysin angereicherte Formel zur Unterst\u00fctzung der Erholungsprozesse und der Muskelfunktion.<\/li>\n<li><strong>Schnelle Absorption<\/strong>: Die l\u00f6sliche Struktur f\u00f6rdert eine schnelle Verdauung und eine effektive Assimilation, ideal f\u00fcr die Zeit nach dem Training.<\/li>\n<li><strong>Vielseitiger Einsatz<\/strong>: Es l\u00e4sst sich leicht mit Wasser, Milch oder pflanzlichen Getr\u00e4nken mischen und eignet sich perfekt f\u00fcr Smoothies und Proteinrezepte.<\/li>\n<li><strong>Erf\u00fcllt den Proteinbedarf<\/strong>: Eine regelm\u00e4\u00dfige Einnahme von Proteinisolaten kann dazu beitragen, den t\u00e4glichen Proteinbedarf zu decken und die Muskelmasse und die Trainingsziele zu unterst\u00fctzen.<\/li>\n<\/ul>\n<p>&nbsp;<\/p>\n<p><strong>Empfohlene Verwendung<\/strong><\/p>\n<p>Nehmen Sie <strong>1-3 Portionen<\/strong> pro Tag, basierend auf Ihrem N\u00e4hrstoffbedarf und unter Ber\u00fccksichtigung des Beitrags anderer Proteinquellen zu Ihrer t\u00e4glichen Ern\u00e4hrung.<\/p>\n<p><strong>Hinweis<\/strong><\/p>\n<ul>\n<li>Das Produkt ist f\u00fcr Erwachsene bestimmt.<\/li>\n<li>Sie sind kein Ersatz f\u00fcr eine ausgewogene Ern\u00e4hrung und eine gesunde Lebensweise.<\/li>\n<li>\u00dcberschreiten Sie nicht die empfohlene Tagesdosis.<\/li>\n<li>W\u00e4hrend der Schwangerschaft und Stillzeit nicht ohne R\u00fccksprache mit einem Arzt anwenden.<\/li>\n<li>An einem k\u00fchlen, trockenen Ort und au\u00dferhalb der Reichweite von Kindern unter 3 Jahren aufbewahren.<\/li>\n<li>Kann Spuren von Hafer, Eiern und Soja enthalten.<\/li>\n<li><strong>Glutenfrei<\/strong>.<\/li>\n<\/ul>","protected":false},"excerpt":{"rendered":"<p>Micro Whey Active Micro Whey Active ist ein Nahrungserg\u00e4nzungsmittel auf der Basis von Molkenproteinisolat (WPI), das sich ideal zur Unterst\u00fctzung des Aufbaus und der Erhaltung von Muskelmasse eignet. Dank des Mikrofiltrationsverfahrens bietet es einen hohen Proteingehalt bei einer reduzierten Aufnahme von Fetten und Kohlenhydraten, was es perfekt f\u00fcr diejenigen macht, die einen aktiven Lebensstil verfolgen. Haupt [...]<\/p>","protected":false},"featured_media":12553,"template":"","meta":[],"product_cat":[158,308],"product_tag":[18,318],"class_list":{"0":"post-12534","1":"product","2":"type-product","3":"status-publish","4":"has-post-thumbnail","6":"product_cat-proteins","7":"product_cat-strength-and-muscle-mass","8":"product_tag-proteins","9":"product_tag-strength-and-muscle-mass","11":"first","12":"instock","13":"sale","14":"taxable","15":"shipping-taxable","16":"purchasable","17":"product-type-variable"},"aioseo_notices":[],"_links":{"self":[{"href":"https:\/\/www.selfprotein.com\/de\/wp-json\/wp\/v2\/product\/12534"}],"collection":[{"href":"https:\/\/www.selfprotein.com\/de\/wp-json\/wp\/v2\/product"}],"about":[{"href":"https:\/\/www.selfprotein.com\/de\/wp-json\/wp\/v2\/types\/product"}],"wp:featuredmedia":[{"embeddable":true,"href":"https:\/\/www.selfprotein.com\/de\/wp-json\/wp\/v2\/media\/12553"}],"wp:attachment":[{"href":"https:\/\/www.selfprotein.com\/de\/wp-json\/wp\/v2\/media?parent=12534"}],"wp:term":[{"taxonomy":"product_cat","embeddable":true,"href":"https:\/\/www.selfprotein.com\/de\/wp-json\/wp\/v2\/product_cat?post=12534"},{"taxonomy":"product_tag","embeddable":true,"href":"https:\/\/www.selfprotein.com\/de\/wp-json\/wp\/v2\/product_tag?post=12534"}],"curies":[{"name":"wp","href":"https:\/\/api.w.org\/{rel}","templated":true}]}}