{"id":12543,"date":"2025-04-15T15:17:02","date_gmt":"2025-04-15T13:17:02","guid":{"rendered":"https:\/\/www.selfprotein.com\/?post_type=product&#038;p=12543"},"modified":"2026-04-01T00:01:04","modified_gmt":"2026-03-31T22:01:04","slug":"pure-isolate-whey-protein","status":"publish","type":"product","link":"https:\/\/www.selfprotein.com\/de\/produkt\/pure-isolate-whey-protein\/","title":{"rendered":"Pure Isolate Whey Protein"},"content":{"rendered":"<p><strong>Reines Molkenprotein-Isolat - 90% Molkenprotein-Isolat<\/strong><\/p>\n<p><strong>Die ideale Wahl f\u00fcr alle, die schnell Muskeln aufbauen, die Regeneration verbessern und eine saubere Ern\u00e4hrung beibehalten wollen.<\/strong><\/p>\n<p>Pure Isolate Whey Protein ist die ideale Wahl f\u00fcr alle, die ein reines und leistungsstarkes Proteinpr\u00e4parat suchen. Dank seines hohen Proteingehalts und seines geringen Fett- und Kohlenhydratanteils ist es perfekt geeignet, um das Muskelwachstum zu unterst\u00fctzen, die Erholung nach dem Training zu verbessern und das Gewicht zu kontrollieren. Laktosefrei und mit ultraschneller Absorption ist es das ideale Protein f\u00fcr jeden Athleten und Fitnessbegeisterten.<\/p>\n<p><strong>Warum Sie es lieben werden<\/strong><\/p>\n<ul>\n<li><strong>Beschleunigtes Muskelwachstum<\/strong>: Die hohe biologische Wertigkeit von Molkenprotein f\u00f6rdert das Muskelwachstum und die Muskelreparatur, die nach dem Training unerl\u00e4sslich sind.<\/li>\n<li><strong>Niedriger Kaloriengehalt<\/strong>Perfekt f\u00fcr diejenigen, die Muskeln aufbauen wollen, ohne zu viel Fett oder Kalorien zuzuf\u00fchren.<\/li>\n<li><strong>Schnelle Erholung<\/strong>: reduziert Muskelschmerzen und beschleunigt den Erholungsprozess, so dass Sie schneller wieder ins Fitnessstudio gehen k\u00f6nnen.<\/li>\n<li><strong>Unterst\u00fctzt das Immunsystem<\/strong>Molkenproteine enthalten Immunglobuline und andere Verbindungen, die die nat\u00fcrlichen Abwehrkr\u00e4fte des K\u00f6rpers st\u00e4rken.<\/li>\n<\/ul>\n<p>&nbsp;<\/p>\n<p><strong>Empfohlene Dosis<\/strong><\/p>\n<p>Mischen Sie <strong>30 g<\/strong> (etwa 1 Messl\u00f6ffel) reines Molkenproteinisolat mit <strong>100 ml Wasser<\/strong> in einem Sch\u00fcttler.<\/p>\n<p>Maximale Reinheit, minimaler Aufwand: Es l\u00f6st sich in einem Augenblick auf und wird sofort vom K\u00f6rper aufgenommen.<\/p>\n<p><strong>Hinweis<\/strong><\/p>\n<ul>\n<li>Nur f\u00fcr Erwachsene.<\/li>\n<li>Sie sind kein Ersatz f\u00fcr eine ausgewogene Ern\u00e4hrung und eine gesunde Lebensweise.<\/li>\n<li>\u00dcberschreiten Sie nicht die empfohlene Dosis.<\/li>\n<li>Konsultieren Sie Ihren Arzt w\u00e4hrend der Schwangerschaft oder Stillzeit.<\/li>\n<li>K\u00fchl, trocken und vor direktem Licht gesch\u00fctzt lagern.<\/li>\n<li>Kann Spuren von Hafer, Eiern und Soja enthalten.<\/li>\n<li><strong>Laktosefrei und glutenfrei<\/strong>.<\/li>\n<\/ul>\n<p>&nbsp;<\/p>\n<p><strong>Perfekt f\u00fcr: diejenigen, die ein reines protein suchen, das schnell absorbiert wird, ideal f\u00fcr die erholung nach dem training und zur f\u00f6rderung des muskelwachstums.<\/strong><\/p>","protected":false},"excerpt":{"rendered":"<p>Pure Isolate Whey Protein - 90% Molkenproteinisolat Die ideale Wahl f\u00fcr alle, die schnell Muskeln aufbauen, die Regeneration verbessern und eine saubere Ern\u00e4hrung beibehalten wollen. Pure Isolate Whey Protein ist die ideale Wahl f\u00fcr alle, die ein reines und leistungsstarkes Proteinpr\u00e4parat suchen. Dank seines hohen Proteingehalts und seines geringen Fett- und [...]<\/p>","protected":false},"featured_media":12597,"template":"","meta":[],"product_cat":[158,308],"product_tag":[18,318],"class_list":{"0":"post-12543","1":"product","2":"type-product","3":"status-publish","4":"has-post-thumbnail","6":"product_cat-proteins","7":"product_cat-strength-and-muscle-mass","8":"product_tag-proteins","9":"product_tag-strength-and-muscle-mass","11":"first","12":"instock","13":"taxable","14":"shipping-taxable","15":"purchasable","16":"product-type-variable"},"aioseo_notices":[],"_links":{"self":[{"href":"https:\/\/www.selfprotein.com\/de\/wp-json\/wp\/v2\/product\/12543"}],"collection":[{"href":"https:\/\/www.selfprotein.com\/de\/wp-json\/wp\/v2\/product"}],"about":[{"href":"https:\/\/www.selfprotein.com\/de\/wp-json\/wp\/v2\/types\/product"}],"wp:featuredmedia":[{"embeddable":true,"href":"https:\/\/www.selfprotein.com\/de\/wp-json\/wp\/v2\/media\/12597"}],"wp:attachment":[{"href":"https:\/\/www.selfprotein.com\/de\/wp-json\/wp\/v2\/media?parent=12543"}],"wp:term":[{"taxonomy":"product_cat","embeddable":true,"href":"https:\/\/www.selfprotein.com\/de\/wp-json\/wp\/v2\/product_cat?post=12543"},{"taxonomy":"product_tag","embeddable":true,"href":"https:\/\/www.selfprotein.com\/de\/wp-json\/wp\/v2\/product_tag?post=12543"}],"curies":[{"name":"wp","href":"https:\/\/api.w.org\/{rel}","templated":true}]}}