{"id":12547,"date":"2025-04-14T17:45:48","date_gmt":"2025-04-14T15:45:48","guid":{"rendered":"https:\/\/www.selfprotein.com\/?post_type=product&#038;p=12547"},"modified":"2026-05-01T00:24:35","modified_gmt":"2026-04-30T22:24:35","slug":"whey-shake","status":"publish","type":"product","link":"https:\/\/www.selfprotein.com\/de\/produkt\/whey-shake\/","title":{"rendered":"Whey Shake"},"content":{"rendered":"<p><strong>Molken-Shake - Molkenprotein-Konzentrat (WPC)<\/strong><\/p>\n<p><strong>Das Protein, das Sie bei jedem Training unterst\u00fctzt.<\/strong><\/p>\n<p>Whey Shake ist das Molkenproteinkonzentrat, das jeder Sportler in sein Trainingsprogramm integrieren sollte. Mit seinem hohen Proteingehalt und seiner schnellen Verdaulichkeit ist es der perfekte Verb\u00fcndete f\u00fcr die Erholung nach dem Training, den Muskelaufbau und kann, wenn es in eine ausgewogene Ern\u00e4hrung integriert wird, auch die Gewichtsabnahme f\u00f6rdern.<\/p>\n<p><strong>Warum Sie es lieben werden<\/strong><\/p>\n<ul>\n<li><strong>Wachstum der Muskeln<\/strong>: ein komplettes Protein, das die Proteinsynthese f\u00fcr das Muskelwachstum und die Erholung unterst\u00fctzt.<\/li>\n<li><strong>Schnelle Erholung<\/strong>: Perfekt f\u00fcr den Verzehr nach dem Training, tr\u00e4gt es dazu bei, die Muskeln mit wichtigen N\u00e4hrstoffen zu versorgen und die Regeneration zu beschleunigen.<\/li>\n<li><strong>Unterst\u00fctzt die Gewichtsabnahme<\/strong>: eine magere Proteinquelle, die das S\u00e4ttigungsgef\u00fchl f\u00f6rdert und den Appetit reduziert, was bei der Gewichtskontrolle hilfreich ist.<\/li>\n<li><strong>Mit ausgew\u00e4hlten Aminos\u00e4uren<\/strong>: mit Glycin, Alanin und Lysin angereicherte Formel zur Unterst\u00fctzung der Erholungsprozesse und der Muskelfunktion.<\/li>\n<li><strong>Leicht verdaulich<\/strong>: Dank seiner schnellen Assimilation ist es ein leicht verdauliches Eiwei\u00df, ohne Magen-Darm-St\u00f6rungen.<\/li>\n<li><strong>Schnelle Absorption<\/strong>: sofortige Freisetzung von N\u00e4hrstoffen zur Maximierung der Vorteile nach dem Training.<\/li>\n<\/ul>\n<p>&nbsp;<\/p>\n<p><strong>Empfohlene Dosis<\/strong><\/p>\n<p>Mischen Sie <strong>30 g<\/strong> (etwa 1 Messl\u00f6ffel) mit <strong>200 ml Wasser<\/strong> in einem Shaker, je nach Ihrem N\u00e4hrstoffbedarf und unter Ber\u00fccksichtigung der anderen Proteinquellen in Ihrer Ern\u00e4hrung. Sie k\u00f6nnen das Pulver auch mit Milch oder Ihrem Lieblingsgetr\u00e4nk mischen, um den Geschmack zu ver\u00e4ndern.<\/p>\n<p><strong>Hinweis<\/strong><\/p>\n<ul>\n<li>Nur f\u00fcr Erwachsene.<\/li>\n<li>Sie sind kein Ersatz f\u00fcr eine abwechslungsreiche und ausgewogene Ern\u00e4hrung und eine gesunde Lebensweise.<\/li>\n<li>\u00dcberschreiten Sie nicht die empfohlene Dosis.<\/li>\n<li>Konsultieren Sie einen Arzt, wenn Sie schwanger sind oder stillen.<\/li>\n<li>K\u00fchl, trocken und vor direktem Licht gesch\u00fctzt lagern.<\/li>\n<li>Kann Spuren von Hafer, Eiern und Soja enthalten.<\/li>\n<li><strong>Glutenfrei<\/strong>.<\/li>\n<\/ul>\n<p>&nbsp;<\/p>\n<p><strong>Perfekt f\u00fcr: sportler, fitness-enthusiasten, alle, die eine schnelle, hochwertige Proteinquelle suchen.<\/strong><\/p>","protected":false},"excerpt":{"rendered":"<p>Whey Shake - Molkenproteinkonzentrat (WPC) Das Protein, das Sie bei jedem Training unterst\u00fctzt. Whey Shake ist das Molkenproteinkonzentrat, das jeder Sportler in sein Trainingsprogramm integrieren sollte. Mit seinem hohen Proteingehalt und seiner schnellen Verdaulichkeit ist es der perfekte Verb\u00fcndete f\u00fcr die Erholung nach dem Training, den Muskelaufbau und, wenn es in ein ausgewogenes [...]<\/p>","protected":false},"featured_media":12559,"template":"","meta":[],"product_cat":[158,308],"product_tag":[18,318],"class_list":{"0":"post-12547","1":"product","2":"type-product","3":"status-publish","4":"has-post-thumbnail","6":"product_cat-proteins","7":"product_cat-strength-and-muscle-mass","8":"product_tag-proteins","9":"product_tag-strength-and-muscle-mass","11":"first","12":"instock","13":"taxable","14":"shipping-taxable","15":"purchasable","16":"product-type-variable"},"aioseo_notices":[],"_links":{"self":[{"href":"https:\/\/www.selfprotein.com\/de\/wp-json\/wp\/v2\/product\/12547"}],"collection":[{"href":"https:\/\/www.selfprotein.com\/de\/wp-json\/wp\/v2\/product"}],"about":[{"href":"https:\/\/www.selfprotein.com\/de\/wp-json\/wp\/v2\/types\/product"}],"wp:featuredmedia":[{"embeddable":true,"href":"https:\/\/www.selfprotein.com\/de\/wp-json\/wp\/v2\/media\/12559"}],"wp:attachment":[{"href":"https:\/\/www.selfprotein.com\/de\/wp-json\/wp\/v2\/media?parent=12547"}],"wp:term":[{"taxonomy":"product_cat","embeddable":true,"href":"https:\/\/www.selfprotein.com\/de\/wp-json\/wp\/v2\/product_cat?post=12547"},{"taxonomy":"product_tag","embeddable":true,"href":"https:\/\/www.selfprotein.com\/de\/wp-json\/wp\/v2\/product_tag?post=12547"}],"curies":[{"name":"wp","href":"https:\/\/api.w.org\/{rel}","templated":true}]}}