{"id":15180,"date":"2026-04-07T12:47:11","date_gmt":"2026-04-07T10:47:11","guid":{"rendered":"https:\/\/www.selfprotein.com\/?post_type=product&#038;p=15180"},"modified":"2026-04-07T12:47:11","modified_gmt":"2026-04-07T10:47:11","slug":"creatine-gummies","status":"publish","type":"product","link":"https:\/\/www.selfprotein.com\/de\/produkt\/creatine-gummies\/","title":{"rendered":"Creatine Gummies"},"content":{"rendered":"<p class=\" translation-block\"><strong>CREATINE GUMMIES<\/strong><br>\n<strong>Die neue Form von Kreatin. Jederzeit und \u00fcberall.<\/strong><br>\nEine einfache und schnelle M\u00f6glichkeit, Kreatin in Ihren Alltag zu integrieren.<br>\n<strong>Kreatin-Gummib\u00e4rchen<\/strong> verbinden einfache Anwendung mit Funktionalit\u00e4t und bieten eine Alternative zu herk\u00f6mmlichem Kreatinpulver.<br>\nDie weichen, gebrauchsfertigen Gummib\u00e4rchen lassen sich jederzeit und \u00fcberall leicht einnehmen, ganz ohne Wasser oder Shaker.<br>\nKreatin ist einer der am besten erforschten Inhaltsstoffe in der Sportern\u00e4hrung und tr\u00e4gt zu einer Steigerung der k\u00f6rperlichen Leistungsf\u00e4higkeit bei aufeinanderfolgenden kurzen, hochintensiven Trainingseinheiten bei.*<\/p>\n<p><strong>Warum es Ihnen gefallen wird<\/strong><br \/>\nPraktisches Format, sofort einsatzbereit.<br \/>\n\u2022 Praktische, verzehrfertige gummib\u00e4rchen<br \/>\n\u2022 Keine Vorbereitung erforderlich<br \/>\n\u2022 Leicht mitzunehmen<br \/>\n\u2022 Zu jeder Tageszeit geeignet<\/p>\n<p><strong>F\u00fcr wen ist es gedacht<\/strong><br \/>\nEntwickelt f\u00fcr unterschiedliche Alltagsabl\u00e4ufe und Lebensstile.<br \/>\n\u2022 Aktive Menschen und Sportler<br \/>\n\u2022 Hochintensives training<br \/>\n\u2022 T\u00e4gliche bewegungsroutinen<br \/>\n\u2022 Alle, die nach einem einfachen und leicht erh\u00e4ltlichen Nahrungserg\u00e4nzungsmittel suchen<\/p>\n<p><strong>Empfohlene Dosis<\/strong><br \/>\nNehmen Sie <strong>2 gummies pro tag<\/strong>.<br \/>\n\u2022 Zu jeder tageszeit<br \/>\n\u2022 Vor oder nach dem training<br \/>\n\u2022 Auch an ruhetagen<\/p>\n<p><strong>Qualit\u00e4t<\/strong><br \/>\n\u2022 Ausgew\u00e4hltes Kreatin<br \/>\n\u2022 Kontrollierte qualit\u00e4tsstandards<br \/>\n\u2022 Auf Benutzerfreundlichkeit ausgelegt<\/p>\n<p><strong>Hinweis<\/strong><br \/>\n\u2022 Nahrungserg\u00e4nzungsmittel sollten nicht als Ersatz f\u00fcr eine abwechslungsreiche und ausgewogene Ern\u00e4hrung sowie eine gesunde Lebensweise verwendet werden.<br \/>\n\u2022 Die empfohlene Tagesdosis darf nicht \u00fcberschritten werden.<br \/>\n\u2022 Au\u00dferhalb der reichweite von kindern aufbewahren.<\/p>","protected":false},"excerpt":{"rendered":"<p>CREATINE GUMMIES The new form of creatine. Anytime, anywhere. A simple and immediate way to integrate creatine into your daily routine. Creatine Gummies combine ease of use and functionality, offering an alternative to traditional creatine powder. The soft, ready-to-use gummy format allows easy intake anytime, anywhere, no water or shaker needed. Creatine is one of [&hellip;]<\/p>","protected":false},"featured_media":15240,"template":"","meta":[],"product_cat":[151,308],"product_tag":[161,318],"class_list":{"0":"post-15180","1":"product","2":"type-product","3":"status-publish","4":"has-post-thumbnail","6":"product_cat-amino-acids-creatine","7":"product_cat-strength-and-muscle-mass","8":"product_tag-amino-acids-creatine","9":"product_tag-strength-and-muscle-mass","11":"first","12":"instock","13":"sale","14":"taxable","15":"shipping-taxable","16":"purchasable","17":"product-type-variable"},"aioseo_notices":[],"_links":{"self":[{"href":"https:\/\/www.selfprotein.com\/de\/wp-json\/wp\/v2\/product\/15180"}],"collection":[{"href":"https:\/\/www.selfprotein.com\/de\/wp-json\/wp\/v2\/product"}],"about":[{"href":"https:\/\/www.selfprotein.com\/de\/wp-json\/wp\/v2\/types\/product"}],"wp:featuredmedia":[{"embeddable":true,"href":"https:\/\/www.selfprotein.com\/de\/wp-json\/wp\/v2\/media\/15240"}],"wp:attachment":[{"href":"https:\/\/www.selfprotein.com\/de\/wp-json\/wp\/v2\/media?parent=15180"}],"wp:term":[{"taxonomy":"product_cat","embeddable":true,"href":"https:\/\/www.selfprotein.com\/de\/wp-json\/wp\/v2\/product_cat?post=15180"},{"taxonomy":"product_tag","embeddable":true,"href":"https:\/\/www.selfprotein.com\/de\/wp-json\/wp\/v2\/product_tag?post=15180"}],"curies":[{"name":"wp","href":"https:\/\/api.w.org\/{rel}","templated":true}]}}