{"id":16,"date":"2023-10-10T18:16:27","date_gmt":"2023-10-10T16:16:27","guid":{"rendered":"https:\/\/34.88.231.180\/?post_type=product&#038;p=16"},"modified":"2026-05-01T00:23:38","modified_gmt":"2026-04-30T22:23:38","slug":"l-arginine","status":"publish","type":"product","link":"https:\/\/www.selfprotein.com\/de\/produkt\/l-arginine\/","title":{"rendered":"L-Arginine"},"content":{"rendered":"<p style=\"text-align: left;\" align=\"center\"><strong><span lang=\"en-US\">L-Arginine<\/span><\/strong><\/p>\n<p><span lang=\"en-US\">L-Arginin ist eine semi-essentielle Aminos\u00e4ure, die in proteinreichen Lebensmitteln wie Fleisch, Fisch, Milchprodukten und H\u00fclsenfr\u00fcchten enthalten ist. Der K\u00f6rper kann Arginin zwar selbst herstellen, aber m\u00f6glicherweise nicht genug, um den physiologischen Bedarf zu decken. Diese Aminos\u00e4ure spielt eine entscheidende Rolle bei zahlreichen K\u00f6rperfunktionen, einschlie\u00dflich der Produktion von Stickstoffmonoxid, das f\u00fcr die Aufrechterhaltung der kardiovaskul\u00e4ren Gesundheit und eines optimalen Blutflusses unerl\u00e4sslich ist.<\/span><\/p>\n<p><span lang=\"en-US\">Die Aufnahme von Arginin in die Ern\u00e4hrung kann ein wirksames Mittel zur Unterst\u00fctzung der allgemeinen Gesundheit und des Wohlbefindens sein.<\/span><\/p>\n<p><span lang=\"en-US\">Vorteile von L-Arginin:<\/span><\/p>\n<ul>\n<li><strong><span lang=\"en-US\">Verbesserung der sportlichen Leistung<\/span><\/strong><span lang=\"en-US\"><strong>:<\/strong> Die Aufnahme von Arginin in die Ern\u00e4hrung kann die k\u00f6rperliche Leistungsf\u00e4higkeit bei sportlichen Aktivit\u00e4ten verbessern. Es ist bekannt, dass diese Aminos\u00e4ure die Durchblutung und die Sauerstoffzufuhr zu den Muskeln erh\u00f6ht und dadurch die Ausdauer und die F\u00e4higkeit zu intensiver k\u00f6rperlicher Bet\u00e4tigung verbessert.<\/span><\/li>\n<li><strong><span lang=\"en-US\">Verbesserung der kardiovaskul\u00e4ren Gesundheit:<\/span><\/strong><span lang=\"en-US\"> Arginin wird mit zahlreichen Vorteilen f\u00fcr die kardiovaskul\u00e4re Gesundheit in Verbindung gebracht. Durch die Verbesserung des Blutflusses und die Erweiterung der Blutgef\u00e4\u00dfe durch die Produktion von Stickstoffmonoxid kann Arginin dazu beitragen, den Blutdruck und das Risiko von Blutgerinnseln zu senken und so die Gesundheit von Herz und Arterien zu f\u00f6rdern.<\/span><\/li>\n<li><strong><span lang=\"en-US\">Verbesserung der Immunfunktion: <\/span><\/strong><span lang=\"en-US\">Die Aufnahme von Arginin in die Ern\u00e4hrung kann das Immunsystem unterst\u00fctzen und st\u00e4rken. Diese Aminos\u00e4ure kann die Produktion von Immunzellen erh\u00f6hen und deren F\u00e4higkeit zur Bek\u00e4mpfung von Infektionen verbessern und so zur Aufrechterhaltung eines starken und reaktionsf\u00e4higen Immunsystems beitragen.<\/span><\/li>\n<li><strong><span lang=\"en-US\">Verbesserte erektile Funktion:<\/span><\/strong><span lang=\"en-US\"> F\u00fcr M\u00e4nner mit erektiler Dysfunktion kann Arginin erhebliche Vorteile bieten. Diese Aminos\u00e4ure ist daf\u00fcr bekannt, dass sie die Durchblutung des Penis erh\u00f6ht und dadurch die Erektionsf\u00e4higkeit und die sexuelle Gesundheit verbessert.<\/span><\/li>\n<\/ul>\n<p>&nbsp;<\/p>\n<p><strong><span lang=\"en-US\">Empfohlene Verwendung<\/span><\/strong><\/p>\n<p><span lang=\"en-US\">Nehmen Sie 1 Portion 30-45 Minuten vor der sportlichen Aktivit\u00e4t und 1 Portion vor dem Schlafengehen ein.<\/span><\/p>\n<p><strong>Hinweis:<\/strong><\/p>\n<ul>\n<li>Nur f\u00fcr Erwachsene und ersetzt nicht eine abwechslungsreiche, ausgewogene Ern\u00e4hrung und eine gesunde Lebensweise.<\/li>\n<li>\u00dcberschreiten Sie nicht die empfohlene Dosis.<\/li>\n<li>Verwenden Sie es nicht w\u00e4hrend der Stillzeit, Schwangerschaft Perioden ohne R\u00fccksprache mit dem Arzt.<\/li>\n<li>Lagern Sie das Produkt an einem k\u00fchlen, trockenen Ort in einer gut verschlossenen Verpackung au\u00dferhalb der Reichweite von Kindern unter 3 Jahren.<\/li>\n<li>Kann Spuren von Milch, Hafer, Ei und Soja enthalten.<\/li>\n<li>Laktosefrei und Glutenfrei.<\/li>\n<\/ul>","protected":false},"excerpt":{"rendered":"<details>\n<summary>Inhaltsstoffe<\/summary>\n<table style=\"text-align: center;\">\n<tbody>\n<tr>\n<th>ZUTATEN<\/th>\n<th>pro Portion<\/th>\n<\/tr>\n<tr>\n<td>L-Arginine<\/td>\n<td>5g<\/td>\n<\/tr>\n<\/tbody>\n<\/table>\n<\/details>\n<p>&nbsp;<\/p>","protected":false},"featured_media":11848,"template":"","meta":[],"product_cat":[151,310],"product_tag":[161,315],"class_list":{"0":"post-16","1":"product","2":"type-product","3":"status-publish","4":"has-post-thumbnail","6":"product_cat-amino-acids-creatine","7":"product_cat-performance-and-endurance","8":"product_tag-amino-acids-creatine","9":"product_tag-performance-and-endurance","11":"first","12":"instock","13":"sale","14":"taxable","15":"shipping-taxable","16":"purchasable","17":"product-type-simple"},"aioseo_notices":[],"_links":{"self":[{"href":"https:\/\/www.selfprotein.com\/de\/wp-json\/wp\/v2\/product\/16"}],"collection":[{"href":"https:\/\/www.selfprotein.com\/de\/wp-json\/wp\/v2\/product"}],"about":[{"href":"https:\/\/www.selfprotein.com\/de\/wp-json\/wp\/v2\/types\/product"}],"wp:featuredmedia":[{"embeddable":true,"href":"https:\/\/www.selfprotein.com\/de\/wp-json\/wp\/v2\/media\/11848"}],"wp:attachment":[{"href":"https:\/\/www.selfprotein.com\/de\/wp-json\/wp\/v2\/media?parent=16"}],"wp:term":[{"taxonomy":"product_cat","embeddable":true,"href":"https:\/\/www.selfprotein.com\/de\/wp-json\/wp\/v2\/product_cat?post=16"},{"taxonomy":"product_tag","embeddable":true,"href":"https:\/\/www.selfprotein.com\/de\/wp-json\/wp\/v2\/product_tag?post=16"}],"curies":[{"name":"wp","href":"https:\/\/api.w.org\/{rel}","templated":true}]}}