{"id":214,"date":"2023-11-27T12:57:46","date_gmt":"2023-11-27T11:57:46","guid":{"rendered":"https:\/\/34.88.231.180\/product\/3-phase-protein\/"},"modified":"2026-05-01T00:23:41","modified_gmt":"2026-04-30T22:23:41","slug":"3-phase-protein","status":"publish","type":"product","link":"https:\/\/www.selfprotein.com\/de\/produkt\/3-phase-protein\/","title":{"rendered":"3 Phase Protein"},"content":{"rendered":"<p><strong>3 Phase Protein<\/strong><\/p>\n<p><strong>Dreifache Wirkung, maximale Unterst\u00fctzung der Muskeln.<\/strong><\/p>\n<p>3 Phase Protein ist eine fortschrittliche Proteinerg\u00e4nzung, die aus drei verschiedenen hochwertigen Proteinquellen besteht: Molkenproteinisolat (WPI), Molkenproteinhydrolysat (WPH) und mizellares Casein. Diese Synergie garantiert eine sequentielle und verl\u00e4ngerte Freisetzung von Aminos\u00e4uren, die die Muskeln w\u00e4hrend der verschiedenen Erholungsphasen kontinuierlich mit N\u00e4hrstoffen versorgen.<br \/>\nPerfekt nach dem Training oder als strategischer Snack ist es die ideale Wahl f\u00fcr alle, die die Assimilationszeit optimieren wollen, ohne dabei zu viele Kohlenhydrate oder Fette zuzuf\u00fchren.<\/p>\n<p><strong>Warum es Ihnen gefallen wird<\/strong><\/p>\n<ul>\n<li><strong>Dreifache Proteinquelle<\/strong>: schnelle, mittlere und langsame Freisetzung f\u00fcr eine kontinuierliche Versorgung mit N\u00e4hrstoffen.<\/li>\n<li><strong>Konstante Muskelunterst\u00fctzung<\/strong>: f\u00f6rdert die Proteinsynthese und die Erholung der Muskeln, auch noch Stunden nach dem Verzehr.<\/li>\n<li><strong>Mit nat\u00fcrlichen BCAAs<\/strong>: Leucin, Isoleucin und Valin zur F\u00f6rderung der Regeneration und Verbesserung der Leistungsf\u00e4higkeit.<\/li>\n<li><strong>Kohlenhydratarm &amp; fettarm<\/strong>: auch ideal in der Definitionsphase oder w\u00e4hrend einer kalorienarmen Di\u00e4t<\/li>\n<li><strong>Optimale Eiwei\u00dfbilanz<\/strong>: Unterst\u00fctzt den t\u00e4glichen Bedarf und tr\u00e4gt zum Wachstum und zur Erhaltung der Magermasse bei.<\/li>\n<\/ul>\n<p>&nbsp;<\/p>\n<p><strong>Empfohlene Dosis<\/strong><\/p>\n<p>Mischen Sie <strong>30 g<\/strong> (etwa 1 Messl\u00f6ffel) mit <strong>200 ml Wasser<\/strong> in einem Sch\u00fcttler.<\/p>\n<p>Nehmen Sie es nach dem Training oder zwischen den Mahlzeiten ein, je nach Ihrem Proteinbedarf.<\/p>\n<p><strong>Hinweis<\/strong><\/p>\n<ul>\n<li>Nur f\u00fcr Erwachsene.<\/li>\n<li>Sie sind kein Ersatz f\u00fcr eine abwechslungsreiche, ausgewogene Ern\u00e4hrung und eine gesunde Lebensweise.<\/li>\n<li>\u00dcberschreiten Sie nicht die empfohlene Tagesdosis.<\/li>\n<li>W\u00e4hrend der Schwangerschaft und Stillzeit nicht ohne R\u00fccksprache mit einem Arzt anwenden.<\/li>\n<li>K\u00fchl, trocken und au\u00dferhalb der Reichweite von Kindern unter 3 Jahren aufbewahren.<\/li>\n<li>Kann Spuren von Hafer, Eiern und Soja enthalten.<\/li>\n<li><strong>Glutenfrei<\/strong>.<\/li>\n<\/ul>\n<p>&nbsp;<\/p>\n<p><strong>Ein Protein, drei Freisetzungsgeschwindigkeiten: versorgen Sie Ihre Muskeln zu jeder Tageszeit.<\/strong><\/p>","protected":false},"excerpt":{"rendered":"<p>3 Phase Protein Dreifache Wirkung, maximale Muskelunterst\u00fctzung. 3 Phase Protein ist eine fortschrittliche Proteinerg\u00e4nzung, die aus drei verschiedenen hochwertigen Proteinquellen besteht: Molkenproteinisolat (WPI), Molkenproteinhydrolysat (WPH) und mizellares Casein. Diese Synergie garantiert eine sequentielle und verl\u00e4ngerte Freisetzung von Aminos\u00e4uren, die eine kontinuierliche Versorgung der Muskeln w\u00e4hrend der verschiedenen Phasen des [...]<\/p>","protected":false},"featured_media":234,"template":"","meta":[],"product_cat":[158,308],"product_tag":[18,318],"class_list":{"0":"post-214","1":"product","2":"type-product","3":"status-publish","4":"has-post-thumbnail","6":"product_cat-proteins","7":"product_cat-strength-and-muscle-mass","8":"product_tag-proteins","9":"product_tag-strength-and-muscle-mass","11":"first","12":"instock","13":"taxable","14":"shipping-taxable","15":"purchasable","16":"product-type-variable"},"aioseo_notices":[],"_links":{"self":[{"href":"https:\/\/www.selfprotein.com\/de\/wp-json\/wp\/v2\/product\/214"}],"collection":[{"href":"https:\/\/www.selfprotein.com\/de\/wp-json\/wp\/v2\/product"}],"about":[{"href":"https:\/\/www.selfprotein.com\/de\/wp-json\/wp\/v2\/types\/product"}],"wp:featuredmedia":[{"embeddable":true,"href":"https:\/\/www.selfprotein.com\/de\/wp-json\/wp\/v2\/media\/234"}],"wp:attachment":[{"href":"https:\/\/www.selfprotein.com\/de\/wp-json\/wp\/v2\/media?parent=214"}],"wp:term":[{"taxonomy":"product_cat","embeddable":true,"href":"https:\/\/www.selfprotein.com\/de\/wp-json\/wp\/v2\/product_cat?post=214"},{"taxonomy":"product_tag","embeddable":true,"href":"https:\/\/www.selfprotein.com\/de\/wp-json\/wp\/v2\/product_tag?post=214"}],"curies":[{"name":"wp","href":"https:\/\/api.w.org\/{rel}","templated":true}]}}