{"id":243,"date":"2023-11-27T12:58:01","date_gmt":"2023-11-27T11:58:01","guid":{"rendered":"https:\/\/34.88.231.180\/product\/acetyl-l-carnitine-1000\/"},"modified":"2026-05-01T00:23:38","modified_gmt":"2026-04-30T22:23:38","slug":"acetyl-l-carnitine-1000","status":"publish","type":"product","link":"https:\/\/www.selfprotein.com\/de\/produkt\/acetyl-l-carnitine-1000\/","title":{"rendered":"Acetyl L-Carnitine 1000"},"content":{"rendered":"<p style=\"text-align: left;\" align=\"center\"><strong><span lang=\"en-US\">Acetyl L-Carnitine 1000<\/span><\/strong><\/p>\n<p><span lang=\"en-US\">Entdecken Sie das Potenzial von Acetyl-L-Carnitin (ALCAR), einem Aminos\u00e4urederivat, das eine entscheidende Rolle im Fettstoffwechsel und bei der Energieproduktion im menschlichen K\u00f6rper spielt. ALCAR, das in der Natur vorkommt und aus Nahrungsmitteln wie rotem Fleisch, Fisch und Milchprodukten gewonnen werden kann, ist auch in Form von Nahrungserg\u00e4nzungsmitteln erh\u00e4ltlich und wird f\u00fcr verschiedene Zwecke eingesetzt, z. B. zur Verbesserung der kognitiven Funktionen, zur Unterst\u00fctzung der Gewichtsabnahme und zur F\u00f6rderung des gesunden Alterns.<\/span><\/p>\n<p><span lang=\"en-US\">Vorteile von Acetyl-L-Carnitin (ALCAR):<\/span><\/p>\n<ul>\n<li><strong><span lang=\"en-US\">Verbesserung der kognitiven Funktionen:<\/span><\/strong><span lang=\"en-US\"> ALCAR kann zur Verbesserung des Ged\u00e4chtnisses, der Konzentration und der allgemeinen kognitiven Leistung beitragen und bietet somit potenzielle Vorteile f\u00fcr die Gesundheit des Gehirns.<\/span><\/li>\n<li><strong><span lang=\"en-US\">Erh\u00f6hte Energie:<\/span><\/strong><span lang=\"en-US\"> Durch die Stimulierung der Produktion von ATP, der Hauptenergiew\u00e4hrung des K\u00f6rpers, kann ALCAR das Energieniveau erh\u00f6hen und so bei der Bew\u00e4ltigung anspruchsvoller k\u00f6rperlicher und geistiger Aktivit\u00e4ten helfen.<\/span><\/li>\n<li><strong><span lang=\"en-US\">Stimmungsaufhellung<\/span><\/strong><span lang=\"en-US\"><strong>:<\/strong> ALCAR kann sich positiv auf die Stimmung auswirken, indem es die Symptome von Depressionen und Angstzust\u00e4nden reduziert und ein Gef\u00fchl des geistigen Wohlbefindens f\u00f6rdert.<\/span><\/li>\n<li><strong><span lang=\"en-US\">Anti-Aging-Effekte:<\/span><\/strong><span lang=\"en-US\"> Dank seiner F\u00e4higkeit, oxidativen Stress und Entz\u00fcndungen zu reduzieren, kann ALCAR dazu beitragen, das gesunde Altern zu unterst\u00fctzen und vor altersbedingten chronischen Krankheiten zu sch\u00fctzen.<\/span><\/li>\n<\/ul>\n<p>&nbsp;<\/p>\n<p><span lang=\"en-US\">Wenn Sie Acetyl L-Carnitin (ALCAR) in Ihren Tagesablauf integrieren, k\u00f6nnen Sie eine Reihe von Vorteilen erfahren, die nicht nur Ihr k\u00f6rperliches Wohlbefinden, sondern auch Ihre geistige und kognitive Gesundheit f\u00f6rdern und es Ihnen erm\u00f6glichen, das Leben mit Vitalit\u00e4t und geistiger Klarheit anzugehen.<\/span><\/p>\n<p><strong><span lang=\"en-US\">Empfohlene Verwendung<\/span><\/strong><\/p>\n<p><span lang=\"en-US\">1 Tablette w\u00e4hrend des Tages oder 30-45 Minuten vor dem Training.<\/span><\/p>\n<p><strong>Hinweis:<\/strong><\/p>\n<ul>\n<li>Nur f\u00fcr Erwachsene und ersetzt nicht eine abwechslungsreiche, ausgewogene Ern\u00e4hrung und eine gesunde Lebensweise.<\/li>\n<li>\u00dcberschreiten Sie nicht die empfohlene Dosis.<\/li>\n<li>Verwenden Sie es nicht w\u00e4hrend der Stillzeit, Schwangerschaft Perioden ohne R\u00fccksprache mit dem Arzt.<\/li>\n<li>Lagern Sie das Produkt an einem k\u00fchlen, trockenen Ort in einer gut verschlossenen Verpackung au\u00dferhalb der Reichweite von Kindern unter 3 Jahren.<\/li>\n<li>Kann Spuren von Milch, Hafer, Ei und Soja enthalten.<\/li>\n<li>Laktosefrei und Glutenfrei.<\/li>\n<\/ul>","protected":false},"excerpt":{"rendered":"<details>\n<summary>Inhaltsstoffe<\/summary>\n<table style=\"text-align: center;\">\n<tbody>\n<tr>\n<th>Inhaltsstoffe<\/th>\n<th>pro 1 Tab<\/th>\n<\/tr>\n<tr>\n<td>Acetyl-L-Carnitin<\/td>\n<td>1000mg<\/td>\n<\/tr>\n<tr>\n<td colspan=\"2\"><strong>Andere Inhaltsstoffe: <\/strong>Stabilisierungsmittel E460, E470b, E551<\/td>\n<\/tr>\n<\/tbody>\n<\/table>\n<\/details>\n<p>&nbsp;<\/p>","protected":false},"featured_media":246,"template":"","meta":[],"product_cat":[155,309],"product_tag":[163,319],"class_list":{"0":"post-243","1":"product","2":"type-product","3":"status-publish","4":"has-post-thumbnail","6":"product_cat-weight-control-metabolism","7":"product_cat-weight-management-and-definition","8":"product_tag-weight-control-metabolism","9":"product_tag-weight-management-and-definition","11":"first","12":"instock","13":"taxable","14":"shipping-taxable","15":"purchasable","16":"product-type-simple"},"aioseo_notices":[],"_links":{"self":[{"href":"https:\/\/www.selfprotein.com\/de\/wp-json\/wp\/v2\/product\/243"}],"collection":[{"href":"https:\/\/www.selfprotein.com\/de\/wp-json\/wp\/v2\/product"}],"about":[{"href":"https:\/\/www.selfprotein.com\/de\/wp-json\/wp\/v2\/types\/product"}],"wp:featuredmedia":[{"embeddable":true,"href":"https:\/\/www.selfprotein.com\/de\/wp-json\/wp\/v2\/media\/246"}],"wp:attachment":[{"href":"https:\/\/www.selfprotein.com\/de\/wp-json\/wp\/v2\/media?parent=243"}],"wp:term":[{"taxonomy":"product_cat","embeddable":true,"href":"https:\/\/www.selfprotein.com\/de\/wp-json\/wp\/v2\/product_cat?post=243"},{"taxonomy":"product_tag","embeddable":true,"href":"https:\/\/www.selfprotein.com\/de\/wp-json\/wp\/v2\/product_tag?post=243"}],"curies":[{"name":"wp","href":"https:\/\/api.w.org\/{rel}","templated":true}]}}