{"id":251,"date":"2023-11-27T12:58:05","date_gmt":"2023-11-27T11:58:05","guid":{"rendered":"https:\/\/34.88.231.180\/product\/ala-alpha-lipoic-acid\/"},"modified":"2026-04-01T00:00:07","modified_gmt":"2026-03-31T22:00:07","slug":"ala-alpha-lipoic-acid","status":"publish","type":"product","link":"https:\/\/www.selfprotein.com\/de\/produkt\/ala-alpha-lipoic-acid\/","title":{"rendered":"ALA Alpha Lipoic Acid"},"content":{"rendered":"<p style=\"text-align: left\" align=\"center\"><strong><span lang=\"en-US\">ALA Alpha Lipoic Acid<\/span><\/strong><\/p>\n<p><span lang=\"en-US\">Entdecken Sie die potenziellen Vorteile von Alpha-Lipons\u00e4ure (ALA), einem Antioxidans, das in Lebensmitteln wie Spinat, Brokkoli und Leber vorkommt und die sportliche Leistung von Sportlern unterst\u00fctzen kann. Dank seiner entz\u00fcndungshemmenden Eigenschaften und seiner F\u00e4higkeit, die Insulinsensitivit\u00e4t zu verbessern, ist ALA zu einem beliebten Nahrungserg\u00e4nzungsmittel bei Sportlern geworden, die nach zus\u00e4tzlichen Vorteilen f\u00fcr ihr Training und ihre Erholung suchen.<\/span><\/p>\n<p><span lang=\"en-US\">Vorteile der Alpha-Lipons\u00e4ure (ALA):<\/span><\/p>\n<ul>\n<li><strong><span lang=\"en-US\">Verringerung von Entz\u00fcndungen:<\/span><\/strong><span lang=\"en-US\"> ALA kann dazu beitragen, trainingsbedingte Entz\u00fcndungen und Muskelkater zu reduzieren, so dass sich die Sportler schneller erholen und die n\u00e4chsten Trainingseinheiten mit mehr Komfort angehen k\u00f6nnen.<\/span><\/li>\n<li><strong><span lang=\"en-US\">Verbesserung der Insulinempfindlichkeit: <\/span><\/strong><span lang=\"en-US\">ALA kann dazu beitragen, die Insulinsensitivit\u00e4t zu verbessern, und sorgt so f\u00fcr eine stabile Regulierung des Blutzuckerspiegels w\u00e4hrend des Trainings, was f\u00fcr die Aufrechterhaltung einer konstanten Energie und Leistung entscheidend ist.<\/span><\/li>\n<li><strong><span lang=\"en-US\">Verst\u00e4rkung der Erholung:<\/span><\/strong><span lang=\"en-US\"> Wenn Sportler ALA in ihre Ern\u00e4hrung integrieren, k\u00f6nnen sie sich nach dem Training besser erholen, da ALA in der Lage ist, oxidativen Stress zu reduzieren und die Muskelreparatur zu f\u00f6rdern.<\/span><\/li>\n<li><strong><span lang=\"en-US\">Unterst\u00fctzung der Gesundheit des Gehirns:<\/span><\/strong><span lang=\"en-US\"> Die neuroprotektiven Eigenschaften von ALA k\u00f6nnen Sportlern helfen, ihre kognitiven Funktionen und ihre Konzentration w\u00e4hrend des Trainings und des Wettkampfs aufrechtzuerhalten, so dass sie in jeder Situation fokussiert und leistungsf\u00e4hig bleiben k\u00f6nnen.<\/span><\/li>\n<\/ul>\n<p><\/p>\n<p><span lang=\"en-US\">Mit Alpha-Lipons\u00e4ure (ALA) als Teil ihrer Ern\u00e4hrungsroutine k\u00f6nnen Sportler von einer zus\u00e4tzlichen Unterst\u00fctzung ihres allgemeinen Wohlbefindens und ihrer sportlichen Leistung profitieren, so dass sie ihre sportlichen Ziele mit mehr Selbstvertrauen und Belastbarkeit erreichen k\u00f6nnen.<\/span><\/p>\n<p><strong><span lang=\"en-US\">Empfohlene Verwendung<\/span><\/strong><\/p>\n<p><span lang=\"en-US\">2 Kapseln \u00fcber den Tag verteilt.<\/span><\/p>\n<p><strong>Hinweis:<\/strong><\/p>\n<ul>\n<li>Nur f\u00fcr Erwachsene und ersetzt nicht eine abwechslungsreiche, ausgewogene Ern\u00e4hrung und eine gesunde Lebensweise.<\/li>\n<li>\u00dcberschreiten Sie nicht die empfohlene Dosis.<\/li>\n<li>Verwenden Sie es nicht w\u00e4hrend der Stillzeit, Schwangerschaft Perioden ohne R\u00fccksprache mit dem Arzt.<\/li>\n<li>Lagern Sie das Produkt an einem k\u00fchlen, trockenen Ort in einer gut verschlossenen Verpackung au\u00dferhalb der Reichweite von Kindern unter 3 Jahren.<\/li>\n<li>Kann Spuren von Milch, Hafer, Ei und Soja enthalten.<\/li>\n<li>Laktosefrei und Glutenfrei.<\/li>\n<\/ul>","protected":false},"excerpt":{"rendered":"<details>\n<summary>Inhaltsstoffe<\/summary>\n<table style=\"text-align: center\">\n<tbody>\n<tr>\n<th>Inhaltsstoffe<\/th>\n<th>pro 2 cps<\/th>\n<\/tr>\n<tr>\n<td>Alpha-Lipons\u00e4ure<\/td>\n<td>400mg<\/td>\n<\/tr>\n<tr>\n<td>Biotin<\/td>\n<td>225\u03bcg (450%*)<\/td>\n<\/tr>\n<tr>\n<td>Chrom<\/td>\n<td>200\u03bcg (450%*)<\/td>\n<\/tr>\n<tr>\n<td colspan=\"2\"><strong>Andere Inhaltsstoffe:<\/strong>Stabilisierungsmittel E460, E470b, vegane Kapsel (E1204)<\/td>\n<\/tr>\n<tr>\n<td colspan=\"2\">*(NRV) N\u00e4hrwertreferenzwert<\/td>\n<\/tr>\n<\/tbody>\n<\/table>\n<\/details>\n<p>&nbsp;<\/p>","protected":false},"featured_media":12756,"template":"","meta":[],"product_cat":[155,309],"product_tag":[163,319],"class_list":{"0":"post-251","1":"product","2":"type-product","3":"status-publish","4":"has-post-thumbnail","6":"product_cat-weight-control-metabolism","7":"product_cat-weight-management-and-definition","8":"product_tag-weight-control-metabolism","9":"product_tag-weight-management-and-definition","11":"first","12":"instock","13":"sale","14":"taxable","15":"shipping-taxable","16":"purchasable","17":"product-type-simple"},"aioseo_notices":[],"_links":{"self":[{"href":"https:\/\/www.selfprotein.com\/de\/wp-json\/wp\/v2\/product\/251"}],"collection":[{"href":"https:\/\/www.selfprotein.com\/de\/wp-json\/wp\/v2\/product"}],"about":[{"href":"https:\/\/www.selfprotein.com\/de\/wp-json\/wp\/v2\/types\/product"}],"wp:featuredmedia":[{"embeddable":true,"href":"https:\/\/www.selfprotein.com\/de\/wp-json\/wp\/v2\/media\/12756"}],"wp:attachment":[{"href":"https:\/\/www.selfprotein.com\/de\/wp-json\/wp\/v2\/media?parent=251"}],"wp:term":[{"taxonomy":"product_cat","embeddable":true,"href":"https:\/\/www.selfprotein.com\/de\/wp-json\/wp\/v2\/product_cat?post=251"},{"taxonomy":"product_tag","embeddable":true,"href":"https:\/\/www.selfprotein.com\/de\/wp-json\/wp\/v2\/product_tag?post=251"}],"curies":[{"name":"wp","href":"https:\/\/api.w.org\/{rel}","templated":true}]}}