{"id":259,"date":"2023-11-27T12:58:09","date_gmt":"2023-11-27T11:58:09","guid":{"rendered":"https:\/\/34.88.231.180\/product\/alc-acetyl-l-carnitine\/"},"modified":"2026-05-01T00:23:39","modified_gmt":"2026-04-30T22:23:39","slug":"alc-acetyl-l-carnitine","status":"publish","type":"product","link":"https:\/\/www.selfprotein.com\/de\/produkt\/alc-acetyl-l-carnitine\/","title":{"rendered":"ALC Acetyl L-Carnitine"},"content":{"rendered":"<p style=\"text-align: left;\" align=\"center\"><strong><span lang=\"en-US\">ALC Acetyl L-Carnitine<\/span><\/strong><\/p>\n<p><span lang=\"en-US\">Entdecken Sie das Potenzial von ALC Acetyl L-Carnitin (ALCAR), einer essentiellen Verbindung, die am Fettstoffwechsel und an der Energieproduktion in unserem K\u00f6rper beteiligt ist. ALCAR, das in der Natur vorkommt und auch in Nahrungsmitteln wie rotem Fleisch, Fisch und Milchprodukten enthalten ist, ist weithin f\u00fcr seine entscheidende Rolle bei der F\u00f6rderung von Gesundheit und Wohlbefinden bekannt. ALCAR-Nahrungserg\u00e4nzungsmittel werden h\u00e4ufig f\u00fcr verschiedene Zwecke verwendet, unter anderem zur Verbesserung der kognitiven Funktionen, zur F\u00f6rderung der Gewichtsabnahme und zur Unterst\u00fctzung des gesunden Alterns.<\/span><\/p>\n<p><span lang=\"en-US\">Vorteile von ALC Acetyl L-Carnitin (ALCAR):<\/span><\/p>\n<ul>\n<li><strong><span lang=\"en-US\">Verbesserung der kognitiven Funktionen:<\/span><\/strong><span lang=\"en-US\"> Aufgrund seiner Eigenschaften kann ALCAR eine bessere Gehirnfunktion f\u00f6rdern, indem es das Ged\u00e4chtnis, die Konzentration und die allgemeine kognitive Leistung verbessert.<\/span><\/li>\n<li><strong><span lang=\"en-US\">Erh\u00f6hte Energie:<\/span><\/strong><span lang=\"en-US\"> ALCAR ist in der Lage, das Energieniveau zu steigern, indem es die ATP-Produktion, die prim\u00e4re Energiequelle des menschlichen K\u00f6rpers, erh\u00f6ht.<\/span><\/li>\n<li><strong><span lang=\"en-US\">Stimmungsaufhellung<\/span><\/strong><span lang=\"en-US\"><strong>:<\/strong> Die Aufnahme von ALCAR in die Ern\u00e4hrung kann zu einer Verbesserung der Stimmungslage f\u00fchren, indem Symptome von Depressionen und Angstzust\u00e4nden verringert und ein Gef\u00fchl des emotionalen Wohlbefindens gef\u00f6rdert werden.<\/span><\/li>\n<li><strong><span lang=\"en-US\">Anti-Aging-Effekte<\/span><\/strong><span lang=\"en-US\"><strong>:<\/strong> ALCAR kann zur Unterst\u00fctzung eines gesunden Alterns beitragen, indem es oxidativen Stress und Entz\u00fcndungen reduziert, Faktoren, die mit vielen altersbedingten chronischen Krankheiten in Verbindung gebracht werden.<\/span><\/li>\n<\/ul>\n<p>&nbsp;<\/p>\n<p><strong><span lang=\"en-US\">Empfohlene Verwendung<\/span><\/strong><\/p>\n<p><span lang=\"en-US\">2 Kapseln w\u00e4hrend des Tages oder 30-45 Minuten vor dem Training.<\/span><\/p>\n<p><strong>Hinweis:<\/strong><\/p>\n<ul>\n<li>Nur f\u00fcr Erwachsene und ersetzt nicht eine abwechslungsreiche, ausgewogene Ern\u00e4hrung und eine gesunde Lebensweise.<\/li>\n<li>\u00dcberschreiten Sie nicht die empfohlene Dosis.<\/li>\n<li>Verwenden Sie es nicht w\u00e4hrend der Stillzeit, Schwangerschaft Perioden ohne R\u00fccksprache mit dem Arzt.<\/li>\n<li>Lagern Sie das Produkt an einem k\u00fchlen, trockenen Ort in einer gut verschlossenen Verpackung au\u00dferhalb der Reichweite von Kindern unter 3 Jahren.<\/li>\n<li>Kann Spuren von Milch, Hafer, Ei und Soja enthalten.<\/li>\n<li>Laktosefrei und Glutenfrei.<\/li>\n<\/ul>","protected":false},"excerpt":{"rendered":"<details>\n<summary>Inhaltsstoffe<\/summary>\n<table style=\"text-align: center;\">\n<tbody>\n<tr>\n<th>Inhaltsstoffe<\/th>\n<th>2 cps<\/th>\n<\/tr>\n<tr>\n<td>Acetyl-L-Carnitin<\/td>\n<td>1000mg<\/td>\n<\/tr>\n<tr>\n<td colspan=\"2\"><strong>Andere Inhaltsstoffe: <\/strong>Stabilisierungsmittel E460, E470b, vegane Kapsel (E1024)<\/td>\n<\/tr>\n<\/tbody>\n<\/table>\n<\/details>\n<p>&nbsp;<\/p>","protected":false},"featured_media":262,"template":"","meta":[],"product_cat":[155,309],"product_tag":[163,319],"class_list":{"0":"post-259","1":"product","2":"type-product","3":"status-publish","4":"has-post-thumbnail","6":"product_cat-weight-control-metabolism","7":"product_cat-weight-management-and-definition","8":"product_tag-weight-control-metabolism","9":"product_tag-weight-management-and-definition","11":"first","12":"instock","13":"taxable","14":"shipping-taxable","15":"purchasable","16":"product-type-simple"},"aioseo_notices":[],"_links":{"self":[{"href":"https:\/\/www.selfprotein.com\/de\/wp-json\/wp\/v2\/product\/259"}],"collection":[{"href":"https:\/\/www.selfprotein.com\/de\/wp-json\/wp\/v2\/product"}],"about":[{"href":"https:\/\/www.selfprotein.com\/de\/wp-json\/wp\/v2\/types\/product"}],"wp:featuredmedia":[{"embeddable":true,"href":"https:\/\/www.selfprotein.com\/de\/wp-json\/wp\/v2\/media\/262"}],"wp:attachment":[{"href":"https:\/\/www.selfprotein.com\/de\/wp-json\/wp\/v2\/media?parent=259"}],"wp:term":[{"taxonomy":"product_cat","embeddable":true,"href":"https:\/\/www.selfprotein.com\/de\/wp-json\/wp\/v2\/product_cat?post=259"},{"taxonomy":"product_tag","embeddable":true,"href":"https:\/\/www.selfprotein.com\/de\/wp-json\/wp\/v2\/product_tag?post=259"}],"curies":[{"name":"wp","href":"https:\/\/api.w.org\/{rel}","templated":true}]}}