{"id":3089,"date":"2024-10-26T11:18:43","date_gmt":"2024-10-26T09:18:43","guid":{"rendered":"https:\/\/34.88.231.180\/?post_type=product&#038;p=3089"},"modified":"2026-04-01T00:00:36","modified_gmt":"2026-03-31T22:00:36","slug":"sweet-protein","status":"publish","type":"product","link":"https:\/\/www.selfprotein.com\/de\/produkt\/sweet-protein\/","title":{"rendered":"Sweet Protein"},"content":{"rendered":"<p>Sweet Protein ist ein schmackhafter Snack, der die Lust auf S\u00fc\u00dfes befriedigt, ohne auf N\u00e4hrstoffe zu verzichten. Mit einer Kombination ausgew\u00e4hlter Zutaten bietet dieser Keks eine bequeme und vollst\u00e4ndige L\u00f6sung f\u00fcr alle, die eine nahrhafte und schmackhafte Option suchen, um ihre Ern\u00e4hrung mit wichtigen Proteinen und Ballaststoffen zu erg\u00e4nzen.<\/p>\n<p><strong>Hier sind die wichtigsten Vorteile dieses Produkts:<\/strong><\/p>\n<ul>\n<li><strong>Hochwertige Proteine:<\/strong> Dank der Weizen- und Sojaproteine liefert dieser Keks eine wichtige Eiwei\u00dfzufuhr, die f\u00fcr die Gesundheit der Muskeln und das S\u00e4ttigungsgef\u00fchl unerl\u00e4sslich ist.<\/li>\n<li><strong>Reduzierter Zuckergehalt:<\/strong> Durch die Verwendung von S\u00fc\u00dfungsmitteln wie Maltit und Erythrit kann der Zuckergehalt im Keks reduziert werden, so dass er f\u00fcr alle geeignet ist, die die Zuckeraufnahme in ihrer Ern\u00e4hrung einschr\u00e4nken m\u00f6chten.<\/li>\n<li><strong>Quelle der Ballaststoffe:<\/strong> Das Vorhandensein von Inulin und Leinsamenmehl liefert Ballaststoffe, die die Verdauung f\u00f6rdern und helfen, den Blutzuckerspiegel stabil zu halten.<\/li>\n<li><strong>Geeignete Option f\u00fcr verschiedene Di\u00e4ten:<\/strong> Da er keinen Zuckerzusatz enth\u00e4lt und reich an Proteinen ist, eignet sich dieser Keks f\u00fcr verschiedene Ern\u00e4hrungsbed\u00fcrfnisse, einschlie\u00dflich derer von Chi, die eine eiwei\u00dfhaltige oder kontrollierte Di\u00e4t machen.<\/li>\n<\/ul>\n<p><\/p>\n<p><strong>Hinweis:<\/strong><\/p>\n<ul>\n<li>Allergene: Eier, Gluten, Erdn\u00fcsse, Haseln\u00fcsse, Soja und Derivate, Milch, Erdn\u00fcsse, Sesamsamen.<\/li>\n<li>Hergestellt in einem Betrieb, der Baumn\u00fcsse, Sesamsamen und Erdn\u00fcsse verwendet.<\/li>\n<li>Enth\u00e4lt Polyole.<\/li>\n<li>\u00dcberm\u00e4\u00dfiger Konsum kann abf\u00fchrend wirken.<\/li>\n<\/ul>","protected":false},"excerpt":{"rendered":"<p>Sweet Protein ist ein schmackhafter Snack, der die Lust auf S\u00fc\u00dfes befriedigt, ohne auf N\u00e4hrstoffe zu verzichten. Mit einer Kombination ausgew\u00e4hlter Zutaten bietet dieser Keks eine bequeme und vollst\u00e4ndige L\u00f6sung f\u00fcr alle, die eine nahrhafte und schmackhafte Option suchen, um ihre Ern\u00e4hrung mit wichtigen Proteinen und Ballaststoffen zu erg\u00e4nzen. Hier sind die wichtigsten Vorteile von [...]<\/p>","protected":false},"featured_media":8128,"template":"","meta":[],"product_cat":[313,210],"product_tag":[316,223],"class_list":{"0":"post-3089","1":"product","2":"type-product","3":"status-publish","4":"has-post-thumbnail","6":"product_cat-protein-snacks-and-fit-food","7":"product_cat-snacks-meal-solutions","8":"product_tag-protein-snacks-fit-food","9":"product_tag-snacks-meal-solutions","11":"first","12":"instock","13":"sale","14":"taxable","15":"shipping-taxable","16":"purchasable","17":"product-type-variable"},"aioseo_notices":[],"_links":{"self":[{"href":"https:\/\/www.selfprotein.com\/de\/wp-json\/wp\/v2\/product\/3089"}],"collection":[{"href":"https:\/\/www.selfprotein.com\/de\/wp-json\/wp\/v2\/product"}],"about":[{"href":"https:\/\/www.selfprotein.com\/de\/wp-json\/wp\/v2\/types\/product"}],"wp:featuredmedia":[{"embeddable":true,"href":"https:\/\/www.selfprotein.com\/de\/wp-json\/wp\/v2\/media\/8128"}],"wp:attachment":[{"href":"https:\/\/www.selfprotein.com\/de\/wp-json\/wp\/v2\/media?parent=3089"}],"wp:term":[{"taxonomy":"product_cat","embeddable":true,"href":"https:\/\/www.selfprotein.com\/de\/wp-json\/wp\/v2\/product_cat?post=3089"},{"taxonomy":"product_tag","embeddable":true,"href":"https:\/\/www.selfprotein.com\/de\/wp-json\/wp\/v2\/product_tag?post=3089"}],"curies":[{"name":"wp","href":"https:\/\/api.w.org\/{rel}","templated":true}]}}