{"id":3097,"date":"2024-10-26T11:18:43","date_gmt":"2024-10-26T09:18:43","guid":{"rendered":"https:\/\/34.88.231.180\/?post_type=product&#038;p=3097"},"modified":"2026-04-01T00:00:35","modified_gmt":"2026-03-31T22:00:35","slug":"hydro-energy-gel","status":"publish","type":"product","link":"https:\/\/www.selfprotein.com\/de\/produkt\/hydro-energy-gel\/","title":{"rendered":"Hydro Energy Gel"},"content":{"rendered":"<p style=\"text-align: left;\" align=\"center\"><strong><span lang=\"en-US\">Hydro Energy Gel<\/span><\/strong><\/p>\n<p><span lang=\"en-US\">Wir haben dieses Produkt entwickelt, um eine wirksame L\u00f6sung f\u00fcr die Aufrechterhaltung eines hohen Energieniveaus w\u00e4hrend k\u00f6rperlicher Bet\u00e4tigung zu bieten, indem es schnell wirkende Kohlenhydrate und Elektrolyte liefert. Unsere Gele sind f\u00fcr den Verzehr bei Ausdaueraktivit\u00e4ten wie Laufen, Radfahren oder Triathlon gedacht und helfen den Athleten, ihre optimale Leistung zu erhalten und ihre Ziele zu erreichen.<\/span><\/p>\n<p><span lang=\"en-US\">Vorteile von Hydro Energy Gel:<\/span><\/p>\n<ul>\n<li><strong><span lang=\"en-US\">Sofortige Energieauff\u00fcllung:<\/span><\/strong><span lang=\"en-US\"> Unsere Gele liefern schnell wirkende Kohlenhydrate, die vom K\u00f6rper rasch aufgenommen werden und bei intensiver k\u00f6rperlicher Bet\u00e4tigung f\u00fcr einen raschen Anstieg des Energieniveaus sorgen.<\/span><\/li>\n<li><strong><span lang=\"en-US\">Elektrolytgleichgewicht:<\/span><\/strong><span lang=\"en-US\"> Neben Kohlenhydraten enthalten unsere Gels auch wichtige Elektrolyte wie Natrium, Kalium und Magnesium, die dazu beitragen, das Fl\u00fcssigkeits- und Elektrolytgleichgewicht des K\u00f6rpers aufrechtzuerhalten und so das Risiko von Dehydrierung und Muskelkr\u00e4mpfen zu verringern.<\/span><\/li>\n<li><strong><span lang=\"en-US\">Benutzerfreundlichkeit:<\/span><\/strong><span lang=\"en-US\"> Die praktische Verpackung unserer Gele macht es einfach, sie w\u00e4hrend des Trainings oder des Wettkampfs mitzunehmen und zu konsumieren, ohne die Aktivit\u00e4t unterbrechen zu m\u00fcssen.<\/span><\/li>\n<li><strong><span lang=\"en-US\">Schnelle Aufnahme: <\/span><\/strong><span lang=\"en-US\">Unsere Gelformulierung ist so konzipiert, dass sie eine schnelle und effiziente Absorption gew\u00e4hrleistet, so dass der Sportler sofort von der energiespendenden und feuchtigkeitsspendenden Wirkung profitieren kann.<\/span><\/li>\n<li><strong><span lang=\"en-US\">Anpassungsf\u00e4higkeit an verschiedene T\u00e4tigkeiten:<\/span><\/strong><span lang=\"en-US\"> Unsere Gele sind ideal f\u00fcr eine Vielzahl von Sportarten und Ausdaueraktivit\u00e4ten und bieten Athleten aller Leistungsklassen eine zuverl\u00e4ssige und konstante Unterst\u00fctzung.<\/span><\/li>\n<\/ul>\n<p>&nbsp;<\/p>\n<p><strong><span lang=\"en-US\">Empfohlene Verwendung<\/span><\/strong><\/p>\n<p><span lang=\"en-US\">1-2 Stunden vor oder w\u00e4hrend des Trainings.<\/span><\/p>\n<p><strong>Hinweis:<\/strong><\/p>\n<ul>\n<li>Nur f\u00fcr Erwachsene und ersetzt nicht eine abwechslungsreiche, ausgewogene Ern\u00e4hrung und eine gesunde Lebensweise.<\/li>\n<li>\u00dcberschreiten Sie nicht die empfohlene Dosis.<\/li>\n<li>Verwenden Sie es nicht w\u00e4hrend der Stillzeit, Schwangerschaft Perioden ohne R\u00fccksprache mit dem Arzt.<\/li>\n<li>Lagern Sie das Produkt an einem k\u00fchlen, trockenen Ort in einer gut verschlossenen Verpackung.<\/li>\n<li>Laktosefrei und Glutenfrei.<\/li>\n<\/ul>","protected":false},"excerpt":{"rendered":"<details>\n<summary>N\u00e4hrwertangaben<\/summary>\n<table style=\"text-align: center;\">\n<tbody>\n<tr>\n<th>N\u00e4hrwertangaben<\/th>\n<th>100ML<\/th>\n<th>30ML<\/th>\n<\/tr>\n<tr>\n<td>Energie<\/td>\n<td>1037kj<br \/>\n244kcal<\/td>\n<td>311kj<br \/>\n73kcal<\/td>\n<\/tr>\n<tr>\n<td>Fette<\/td>\n<td>0g<\/td>\n<td>0,00g<\/td>\n<\/tr>\n<tr>\n<td>davon gereift<\/td>\n<td>0g<\/td>\n<td>0,00g<\/td>\n<\/tr>\n<tr>\n<td>Kohlenhydrate<\/td>\n<td>61,6g<\/td>\n<td>18,3<\/td>\n<\/tr>\n<tr>\n<td>davon Zucker<\/td>\n<td>44,2g<\/td>\n<td>13,3g<\/td>\n<\/tr>\n<tr>\n<td>Protein<\/td>\n<td>0g<\/td>\n<td>0g<\/td>\n<\/tr>\n<tr>\n<td>Salz<\/td>\n<td>0,09g<\/td>\n<td>0,03g<\/td>\n<\/tr>\n<tr>\n<td>Ballaststoffe<\/td>\n<td>0g<\/td>\n<td>0g<\/td>\n<\/tr>\n<tr>\n<td>Magnesium<\/td>\n<td>333mg<\/td>\n<td>110mg<\/td>\n<\/tr>\n<tr>\n<td>Kalium<\/td>\n<td>500mg<\/td>\n<td>150mg<\/td>\n<\/tr>\n<tr>\n<td>D-Ribose<\/td>\n<td>910mg<\/td>\n<td>273mg<\/td>\n<\/tr>\n<tr>\n<td colspan=\"3\"><strong>Andere Inhaltsstoffe: <\/strong>Wasser, Maltodextrin DE19, Dextrose, Isomaltulose, Fruktose, Magnesiumcitrat, Kaliumgluconat, Ribose, Konservierungsstoff: Kaliumsorbat; Aromen, S\u00e4uerungsmittel: Zitronens\u00e4ure; Verdickungsmittel: Xanthan<\/td>\n<\/tr>\n<\/tbody>\n<\/table>\n<\/details>\n<p>&nbsp;<\/p>","protected":false},"featured_media":3098,"template":"","meta":[],"product_cat":[310,217],"product_tag":[315,230],"class_list":{"0":"post-3097","1":"product","2":"type-product","3":"status-publish","4":"has-post-thumbnail","6":"product_cat-performance-and-endurance","7":"product_cat-pre-workout-energy","8":"product_tag-performance-and-endurance","9":"product_tag-pre-workout-energy","11":"first","12":"instock","13":"taxable","14":"shipping-taxable","15":"purchasable","16":"product-type-simple"},"aioseo_notices":[],"_links":{"self":[{"href":"https:\/\/www.selfprotein.com\/de\/wp-json\/wp\/v2\/product\/3097"}],"collection":[{"href":"https:\/\/www.selfprotein.com\/de\/wp-json\/wp\/v2\/product"}],"about":[{"href":"https:\/\/www.selfprotein.com\/de\/wp-json\/wp\/v2\/types\/product"}],"wp:featuredmedia":[{"embeddable":true,"href":"https:\/\/www.selfprotein.com\/de\/wp-json\/wp\/v2\/media\/3098"}],"wp:attachment":[{"href":"https:\/\/www.selfprotein.com\/de\/wp-json\/wp\/v2\/media?parent=3097"}],"wp:term":[{"taxonomy":"product_cat","embeddable":true,"href":"https:\/\/www.selfprotein.com\/de\/wp-json\/wp\/v2\/product_cat?post=3097"},{"taxonomy":"product_tag","embeddable":true,"href":"https:\/\/www.selfprotein.com\/de\/wp-json\/wp\/v2\/product_tag?post=3097"}],"curies":[{"name":"wp","href":"https:\/\/api.w.org\/{rel}","templated":true}]}}