{"id":3100,"date":"2024-10-26T11:18:44","date_gmt":"2024-10-26T09:18:44","guid":{"rendered":"https:\/\/34.88.231.180\/?post_type=product&#038;p=3100"},"modified":"2026-05-01T00:24:10","modified_gmt":"2026-04-30T22:24:10","slug":"carbo-energy-gel","status":"publish","type":"product","link":"https:\/\/www.selfprotein.com\/de\/produkt\/carbo-energy-gel\/","title":{"rendered":"Carbo Energy Gel"},"content":{"rendered":"<p style=\"text-align: left;\" align=\"center\"><strong><span lang=\"en-US\">Carbo Energy Gel<\/span><\/strong><\/p>\n<p><span lang=\"en-US\">Carbo Energy Gel ist eine innovative Sportern\u00e4hrungsl\u00f6sung, die entwickelt wurde, um eine schnelle Kohlenhydrat- und Elektrolytquelle w\u00e4hrend k\u00f6rperlicher Bet\u00e4tigung zu bieten. Diese Gele sind ideal f\u00fcr Athleten, die Ausdaueraktivit\u00e4ten wie Laufen, Radfahren und Triathlon betreiben, und bieten eine wesentliche Unterst\u00fctzung, um ein hohes Energieniveau und eine optimale Leistung zu erhalten.<\/span><\/p>\n<p><span lang=\"en-US\">Mit Carbo Energy Gel k\u00f6nnen sich Sportler auf eine verl\u00e4ssliche Quelle elektrolytischer Energie verlassen, um ihre Leistung zu maximieren und ihre Ausdauerziele mit Zuversicht und Entschlossenheit zu erreichen.<\/span><\/p>\n<p><span lang=\"en-US\">Vorteile von Carbo Energy Gel:<\/span><\/p>\n<ul>\n<li><strong><span lang=\"en-US\">Schnelle Quelle f\u00fcr Kohlenhydrate und Elektrolyte:<\/span><\/strong><span lang=\"en-US\"> Carbo Energy Gel bietet eine konzentrierte L\u00f6sung leicht verdaulicher und absorbierter Kohlenhydrate, zusammen mit den Elektrolyten, die zur Aufrechterhaltung des Fl\u00fcssigkeitshaushalts im K\u00f6rper w\u00e4hrend intensiver k\u00f6rperlicher Aktivit\u00e4t ben\u00f6tigt werden.<\/span><\/li>\n<li><strong><span lang=\"en-US\">Wiederauff\u00fcllung der Glykogenreserven:<\/span><\/strong><span lang=\"en-US\"> Der Verzehr von Kohlenhydratgels w\u00e4hrend des Trainings hilft, die Glykogenreserven in den Muskeln wieder aufzuf\u00fcllen, was die Erm\u00fcdung hinausz\u00f6gert und die langfristige Ausdauerleistung verbessert.<\/span><\/li>\n<li><strong><span lang=\"en-US\">Aufrechterhaltung des Blutzuckerspiegels:<\/span><\/strong><span lang=\"en-US\"> Die im Gel enthaltenen Kohlenhydrate tragen zur Aufrechterhaltung eines stabilen Blutzuckerspiegels bei, verhindern eine Unterzuckerung und sorgen f\u00fcr eine konstante Energieversorgung von Muskeln und Gehirn.<\/span><\/li>\n<li><strong><span lang=\"en-US\">Vorbeugung von M\u00fcdigkeit:<\/span><\/strong><span lang=\"en-US\"> Dank seiner schnellen Absorption und seiner F\u00e4higkeit, sofort Energie zu liefern, tr\u00e4gt Carbo Energy Gel dazu bei, die Erm\u00fcdung der Muskeln und des Geistes w\u00e4hrend des Trainings zu verhindern, so dass die Sportler bis zum Ende der Aktivit\u00e4t hohe Leistungen erbringen k\u00f6nnen.<\/span><\/li>\n<li><strong><span lang=\"en-US\">Benutzerfreundlichkeit und Tragbarkeit:<\/span><\/strong><span lang=\"en-US\"> Carbo Energy Gels sind in praktischen Einzelportionspackungen verpackt, die sich leicht mitnehmen und w\u00e4hrend des Trainings oder des Wettkampfs verzehren lassen. Sie bieten eine bequeme M\u00f6glichkeit, den N\u00e4hrstoffbedarf von Sportlern unterwegs zu decken.<\/span><\/li>\n<\/ul>\n<p>&nbsp;<\/p>\n<p><strong><span lang=\"en-US\">Empfohlene Verwendung<\/span><\/strong><\/p>\n<p><span lang=\"en-US\">1-2 Stunden vor oder w\u00e4hrend des Trainings.<\/span><\/p>\n<p><strong>Hinweis:<\/strong><\/p>\n<ul>\n<li>Nur f\u00fcr Erwachsene und ersetzt nicht eine abwechslungsreiche, ausgewogene Ern\u00e4hrung und eine gesunde Lebensweise.<\/li>\n<li>\u00dcberschreiten Sie nicht die empfohlene Dosis.<\/li>\n<li>Verwenden Sie es nicht w\u00e4hrend der Stillzeit, Schwangerschaft Perioden ohne R\u00fccksprache mit dem Arzt.<\/li>\n<li>Lagern Sie das Produkt an einem k\u00fchlen, trockenen Ort in einer gut verschlossenen Verpackung.<\/li>\n<li>Laktosefrei und Glutenfrei.<\/li>\n<\/ul>","protected":false},"excerpt":{"rendered":"<details>\n<summary>N\u00e4hrwertangaben<\/summary>\n<table style=\"text-align: center;\">\n<tbody>\n<tr>\n<th>N\u00e4hrwertangaben<\/th>\n<th>100ML<\/th>\n<th>50ML<\/th>\n<\/tr>\n<tr>\n<td>Energie<\/td>\n<td>728kj<br \/>\n172kcal<\/td>\n<td>364kj<br \/>\n86kcal<\/td>\n<\/tr>\n<tr>\n<td>Fette<\/td>\n<td>0g<\/td>\n<td>0,00g<\/td>\n<\/tr>\n<tr>\n<td>davon gereift<\/td>\n<td>0g<\/td>\n<td>0,00g<\/td>\n<\/tr>\n<tr>\n<td>Kohlenhydrate<\/td>\n<td>42,8g<\/td>\n<td>21,4<\/td>\n<\/tr>\n<tr>\n<td>davon Zucker<\/td>\n<td>19,8g<\/td>\n<td>9,9g<\/td>\n<\/tr>\n<tr>\n<td>Protein<\/td>\n<td>0g<\/td>\n<td>0g<\/td>\n<\/tr>\n<tr>\n<td>Salz<\/td>\n<td>0,14g<\/td>\n<td>0,07g<\/td>\n<\/tr>\n<tr>\n<td>Caffeine<\/td>\n<td>300mg<\/td>\n<td>150mg<\/td>\n<\/tr>\n<tr>\n<td colspan=\"3\"><strong>Andere Inhaltsstoffe: <\/strong>Wasser, Maltodextrin DE19, Fruktose, S\u00e4uerungsmittel: Zitronens\u00e4ure; Koffein, Verdickungsmittel: Xanthan; Natriumhydrogencarbonat, Konservierungsstoff: Kaliumsorbat; Aromen, S\u00fc\u00dfstoff: Sucralose<\/td>\n<\/tr>\n<\/tbody>\n<\/table>\n<\/details>\n<p>&nbsp;<\/p>","protected":false},"featured_media":3170,"template":"","meta":[],"product_cat":[310,217],"product_tag":[315,230],"class_list":{"0":"post-3100","1":"product","2":"type-product","3":"status-publish","4":"has-post-thumbnail","6":"product_cat-performance-and-endurance","7":"product_cat-pre-workout-energy","8":"product_tag-performance-and-endurance","9":"product_tag-pre-workout-energy","11":"first","12":"instock","13":"taxable","14":"shipping-taxable","15":"purchasable","16":"product-type-simple"},"aioseo_notices":[],"_links":{"self":[{"href":"https:\/\/www.selfprotein.com\/de\/wp-json\/wp\/v2\/product\/3100"}],"collection":[{"href":"https:\/\/www.selfprotein.com\/de\/wp-json\/wp\/v2\/product"}],"about":[{"href":"https:\/\/www.selfprotein.com\/de\/wp-json\/wp\/v2\/types\/product"}],"wp:featuredmedia":[{"embeddable":true,"href":"https:\/\/www.selfprotein.com\/de\/wp-json\/wp\/v2\/media\/3170"}],"wp:attachment":[{"href":"https:\/\/www.selfprotein.com\/de\/wp-json\/wp\/v2\/media?parent=3100"}],"wp:term":[{"taxonomy":"product_cat","embeddable":true,"href":"https:\/\/www.selfprotein.com\/de\/wp-json\/wp\/v2\/product_cat?post=3100"},{"taxonomy":"product_tag","embeddable":true,"href":"https:\/\/www.selfprotein.com\/de\/wp-json\/wp\/v2\/product_tag?post=3100"}],"curies":[{"name":"wp","href":"https:\/\/api.w.org\/{rel}","templated":true}]}}