{"id":3136,"date":"2024-10-26T11:18:45","date_gmt":"2024-10-26T09:18:45","guid":{"rendered":"https:\/\/34.88.231.180\/?post_type=product&#038;p=3136"},"modified":"2026-05-01T00:24:17","modified_gmt":"2026-04-30T22:24:17","slug":"proti-break","status":"publish","type":"product","link":"https:\/\/www.selfprotein.com\/de\/produkt\/proti-break\/","title":{"rendered":"Proti Break"},"content":{"rendered":"<p style=\"text-align: left;\" align=\"center\"><span lang=\"en-US\"><strong>Proti Break<\/strong> <\/span><\/p>\n<p><span lang=\"en-US\">Proti Break ist ein Proteinriegel, der eine hochwertige Proteinquelle mit reduziertem Zuckergehalt bietet. Dieser nahrhafte Snack wurde entwickelt, um die Bed\u00fcrfnisse derjenigen zu erf\u00fcllen, die ihre Proteinzufuhr in ihrer Ern\u00e4hrung erh\u00f6hen wollen, wie z. B. Sportler oder Personen, die spezielle Di\u00e4tpl\u00e4ne befolgen.<\/span><\/p>\n<p><span lang=\"en-US\">Vorteile von Proti Break:<\/span><\/p>\n<ul>\n<li><strong><span lang=\"en-US\">Hoher Proteingehalt:<\/span><\/strong><span lang=\"en-US\"> Proti Break Riegel bieten eine gro\u00dfz\u00fcgige Menge an hochwertigem Eiwei\u00df, ideal zur Unterst\u00fctzung des Muskelwachstums und der Erholung sowie zur Aufrechterhaltung der S\u00e4ttigung.<\/span><\/li>\n<li><strong><span lang=\"en-US\">Niedriger Zuckergehalt:<\/span><\/strong><span lang=\"en-US\"> Mit ihrem reduzierten Zuckergehalt sind die Proti Break Riegel die ideale Wahl f\u00fcr alle, die ihre Zuckerzufuhr in ihrer Ern\u00e4hrung einschr\u00e4nken wollen, ohne dabei auf Geschmack und Genuss verzichten zu m\u00fcssen.<\/span><\/li>\n<li><strong><span lang=\"en-US\">Bequemlichkeit:<\/span><\/strong><span lang=\"en-US\"> Proti Break ist eine bequeme Option f\u00fcr alle, die unterwegs einen nahrhaften und schnellen Snack ben\u00f6tigen, der \u00fcberall und jederzeit verzehrt werden kann.<\/span><\/li>\n<li><strong><span lang=\"en-US\">Verschiedene Optionen:<\/span><\/strong><span lang=\"en-US\"> Mit einer Vielzahl von Geschmacksrichtungen gibt es f\u00fcr jeden Geschmack einen Proti Break Riegel, der es leichter macht, hochwertiges Protein in die t\u00e4gliche Ern\u00e4hrung zu integrieren.<\/span><\/li>\n<\/ul>\n<p><\/p>\n<p><strong><span lang=\"en-US\">Empfohlene Verwendung<\/span><\/strong><\/p>\n<p><span lang=\"en-US\">1-2 Riegel pro Tag je nach Bedarf.<\/span><\/p>\n<p><strong>Hinweis:<\/strong><\/p>\n<ul>\n<li>Kann Spuren von Milch, Hafer, Ei und Soja enthalten.<\/li>\n<li>\u00dcberm\u00e4\u00dfiger Konsum kann abf\u00fchrend wirken.<\/li>\n<\/ul>","protected":false},"excerpt":{"rendered":"<p>Proti Break Proti Break ist ein Proteinriegel, der eine hochwertige Proteinquelle mit reduziertem Zuckergehalt darstellt. Dieser nahrhafte Snack wurde entwickelt, um die Bed\u00fcrfnisse derjenigen zu erf\u00fcllen, die ihre Proteinzufuhr in ihrer Ern\u00e4hrung erh\u00f6hen wollen, wie z. B. Sportler oder Personen, die spezielle Di\u00e4tpl\u00e4ne befolgen. Vorteile von Proti Break: Hoher Proteingehalt: [...]<\/p>","protected":false},"featured_media":3165,"template":"","meta":[],"product_cat":[313,210],"product_tag":[316,223],"class_list":{"0":"post-3136","1":"product","2":"type-product","3":"status-publish","4":"has-post-thumbnail","6":"product_cat-protein-snacks-and-fit-food","7":"product_cat-snacks-meal-solutions","8":"product_tag-protein-snacks-fit-food","9":"product_tag-snacks-meal-solutions","11":"first","12":"instock","13":"taxable","14":"shipping-taxable","15":"purchasable","16":"product-type-variable","17":"has-default-attributes"},"aioseo_notices":[],"_links":{"self":[{"href":"https:\/\/www.selfprotein.com\/de\/wp-json\/wp\/v2\/product\/3136"}],"collection":[{"href":"https:\/\/www.selfprotein.com\/de\/wp-json\/wp\/v2\/product"}],"about":[{"href":"https:\/\/www.selfprotein.com\/de\/wp-json\/wp\/v2\/types\/product"}],"wp:featuredmedia":[{"embeddable":true,"href":"https:\/\/www.selfprotein.com\/de\/wp-json\/wp\/v2\/media\/3165"}],"wp:attachment":[{"href":"https:\/\/www.selfprotein.com\/de\/wp-json\/wp\/v2\/media?parent=3136"}],"wp:term":[{"taxonomy":"product_cat","embeddable":true,"href":"https:\/\/www.selfprotein.com\/de\/wp-json\/wp\/v2\/product_cat?post=3136"},{"taxonomy":"product_tag","embeddable":true,"href":"https:\/\/www.selfprotein.com\/de\/wp-json\/wp\/v2\/product_tag?post=3136"}],"curies":[{"name":"wp","href":"https:\/\/api.w.org\/{rel}","templated":true}]}}