{"id":3212,"date":"2024-02-28T15:23:56","date_gmt":"2024-02-28T14:23:56","guid":{"rendered":"https:\/\/34.88.231.180\/?post_type=product&#038;p=3212"},"modified":"2026-05-01T00:24:26","modified_gmt":"2026-04-30T22:24:26","slug":"100-micro-whey-active","status":"publish","type":"product","link":"https:\/\/www.selfprotein.com\/de\/produkt\/100-micro-whey-active\/","title":{"rendered":"100% Micro Whey Active"},"content":{"rendered":"<p style=\"text-align: left\" align=\"center\"><strong><span lang=\"en-US\">100% Micro Whey Active<\/span><\/strong><\/p>\n<p><span lang=\"en-US\">Molkenproteinisolat (WPI) ist ein wertvoller Verb\u00fcndeter in den Bereichen Fitness und Bodybuilding. Dieser durch ein gezieltes Filtrationsverfahren gewonnene Milchproteinextrakt zeichnet sich durch seine hohe Proteinkonzentration aus, wobei die meisten Kohlenhydrate und Fette entfernt werden. Dies macht es zu einer idealen Option f\u00fcr alle, die eine hochwertige Proteinversorgung suchen.<\/span><\/p>\n<p><span lang=\"en-US\">Molkenproteinisolat bietet eine Reihe von Vorteilen, die es zu einer der bevorzugten Optionen in der Welt der Fitness und des Bodybuildings machen:<\/span><\/p>\n<ul>\n<li><strong><span lang=\"en-US\">Hohe Proteinkonzentration:<\/span><\/strong><span lang=\"en-US\"> Durch den Isolierprozess wird der Anteil an Kohlenhydraten und Fetten deutlich reduziert und der Proteingehalt maximiert. Dies gew\u00e4hrleistet eine hohe Proteinzufuhr, die f\u00fcr die Proteinsynthese und den Muskelaufbau unerl\u00e4sslich ist.<\/span><\/li>\n<li><strong><span lang=\"en-US\">Vollst\u00e4ndiges Aminos\u00e4urenprofil<\/span><\/strong><span lang=\"en-US\"><strong>:<\/strong> Molkenproteinisolat enth\u00e4lt alle essenziellen Aminos\u00e4uren und versorgt den K\u00f6rper mit allen N\u00e4hrstoffen, die f\u00fcr den Aufbau und die Erhaltung des Muskelgewebes notwendig sind.<\/span><\/li>\n<li><strong><span lang=\"en-US\">Schnelle Absorption:<\/span><\/strong><span lang=\"en-US\"> Aufgrund seiner hohen L\u00f6slichkeit wird das WPI schnell vom K\u00f6rper aufgenommen. Diese Eigenschaft macht es ideal f\u00fcr den Verzehr vor oder nach dem Training und tr\u00e4gt zur Optimierung der Erholungs- und Muskelwachstumsprozesse bei.<\/span><\/li>\n<li><strong><span lang=\"en-US\">Leichte Verdaulichkeit:<\/span><\/strong><span lang=\"en-US\"> Molkenproteinisolat wird im Allgemeinen vom Verdauungssystem gut vertragen, wodurch das Risiko von Magen-Darm-Beschwerden verringert wird. Daher ist es auch f\u00fcr Menschen mit Nahrungsmittelunvertr\u00e4glichkeiten oder -sensibilit\u00e4ten geeignet.<\/span><\/li>\n<li><span lang=\"en-US\"><strong>Vielseitigkeit im Verbrauch<\/strong>: <\/span><span lang=\"en-US\">Molkenproteinisolat ist in verschiedenen Formen erh\u00e4ltlich, z. B. als Pulver zum Mischen mit Fl\u00fcssigkeiten oder als trinkfertige Nahrungserg\u00e4nzung, und bietet Flexibilit\u00e4t bei der Integration in die t\u00e4gliche Ern\u00e4hrung.<\/span><\/li>\n<li><strong><span lang=\"en-US\">Erf\u00fcllt den Proteinbedarf:<\/span><\/strong><span lang=\"en-US\"> Die regelm\u00e4\u00dfige Einnahme von Molkenproteinisolat kann dazu beitragen, den t\u00e4glichen Proteinbedarf zu decken, die Muskelmasse zu erhalten und das Training zu unterst\u00fctzen.<\/span><\/li>\n<\/ul>\n<p>&nbsp;<\/p>\n<p><strong><span lang=\"en-US\">Empfohlene Verwendung<\/span><\/strong><\/p>\n<p><span lang=\"en-US\">1-3 Portionen pro Tag, je nach individuellem Bedarf und unter Ber\u00fccksichtigung anderer Proteinquellen in der Nahrung.<\/span><\/p>\n<p><strong>Hinweis:<\/strong><\/p>\n<ul>\n<li>Nur f\u00fcr Erwachsene und ersetzt nicht eine abwechslungsreiche, ausgewogene Ern\u00e4hrung und eine gesunde Lebensweise.<\/li>\n<li>\u00dcberschreiten Sie nicht die empfohlene Dosis.<\/li>\n<li>Verwenden Sie es nicht w\u00e4hrend der Stillzeit, Schwangerschaft Perioden ohne R\u00fccksprache mit dem Arzt.<\/li>\n<li>Lagern Sie das Produkt an einem k\u00fchlen, trockenen Ort in einer gut verschlossenen Verpackung au\u00dferhalb der Reichweite von Kindern unter 3 Jahren.<\/li>\n<li>Kann Spuren von Hafer, Ei und Soja enthalten.<\/li>\n<li>Glutenfrei.<\/li>\n<\/ul>","protected":false},"excerpt":{"rendered":"<p>100% Micro Whey Active Whey Protein Isolate (WPI) ist ein wertvoller Verb\u00fcndeter in den Bereichen Fitness und Bodybuilding. Dieser durch ein gezieltes Filtrationsverfahren gewonnene Milchproteinextrakt zeichnet sich durch seine hohe Proteinkonzentration aus, wobei die meisten Kohlenhydrate und Fette eliminiert werden. Dies macht es zu einer idealen Option f\u00fcr alle, die eine hochwertige Proteinversorgung suchen. Whey Protein [...]<\/p>","protected":false},"featured_media":5673,"template":"","meta":[],"product_cat":[158,308],"product_tag":[18,318],"class_list":{"0":"post-3212","1":"product","2":"type-product","3":"status-publish","4":"has-post-thumbnail","6":"product_cat-proteins","7":"product_cat-strength-and-muscle-mass","8":"product_tag-proteins","9":"product_tag-strength-and-muscle-mass","11":"first","12":"instock","13":"taxable","14":"shipping-taxable","15":"purchasable","16":"product-type-variable"},"aioseo_notices":[],"_links":{"self":[{"href":"https:\/\/www.selfprotein.com\/de\/wp-json\/wp\/v2\/product\/3212"}],"collection":[{"href":"https:\/\/www.selfprotein.com\/de\/wp-json\/wp\/v2\/product"}],"about":[{"href":"https:\/\/www.selfprotein.com\/de\/wp-json\/wp\/v2\/types\/product"}],"wp:featuredmedia":[{"embeddable":true,"href":"https:\/\/www.selfprotein.com\/de\/wp-json\/wp\/v2\/media\/5673"}],"wp:attachment":[{"href":"https:\/\/www.selfprotein.com\/de\/wp-json\/wp\/v2\/media?parent=3212"}],"wp:term":[{"taxonomy":"product_cat","embeddable":true,"href":"https:\/\/www.selfprotein.com\/de\/wp-json\/wp\/v2\/product_cat?post=3212"},{"taxonomy":"product_tag","embeddable":true,"href":"https:\/\/www.selfprotein.com\/de\/wp-json\/wp\/v2\/product_tag?post=3212"}],"curies":[{"name":"wp","href":"https:\/\/api.w.org\/{rel}","templated":true}]}}