{"id":322,"date":"2023-11-27T12:58:55","date_gmt":"2023-11-27T11:58:55","guid":{"rendered":"https:\/\/34.88.231.180\/product\/arginine-alpha-ketoglutarate-aakg\/"},"modified":"2026-04-01T00:00:07","modified_gmt":"2026-03-31T22:00:07","slug":"arginine-alpha-ketoglutarate-akg","status":"publish","type":"product","link":"https:\/\/www.selfprotein.com\/de\/produkt\/arginine-alpha-ketoglutarate-akg\/","title":{"rendered":"Arginine Alpha Ketoglutarate (AKG)"},"content":{"rendered":"<p style=\"text-align: left;\" align=\"center\"><strong><span lang=\"en-US\">Arginin-Alpha-Ketoglutarat<\/span><\/strong><\/p>\n<p><span lang=\"en-US\">Arginin-Alpha-Ketoglutarat (AAKG) ist eine Verbindung aus der Aminos\u00e4ure Arginin und Alpha-Ketoglutarat, einem Zwischenprodukt des als Zitronens\u00e4urezyklus bekannten Stoffwechselprozesses. AAKG wird in der Bodybuilding- und Fitnessbranche h\u00e4ufig als Nahrungserg\u00e4nzungsmittel beworben und soll die Durchblutung verbessern, das Energieniveau erh\u00f6hen und die sportliche Leistung steigern.<\/span><\/p>\n<p><span lang=\"en-US\">Vorteile des Produkts:<\/span><\/p>\n<ul>\n<li><strong><span lang=\"en-US\">Verbesserter Blutfluss:<\/span><\/strong><span lang=\"en-US\"> AAKG kann zur Verbesserung der Durchblutung beitragen, indem es die Produktion von Stickstoffmonoxid erh\u00f6ht, einem Molek\u00fcl, das die Entspannung der Blutgef\u00e4\u00dfe f\u00f6rdert und die Durchblutung verbessert.<\/span><\/li>\n<li><strong><span lang=\"en-US\">Erh\u00f6htes Energielevel:<\/span><\/strong><span lang=\"en-US\"> Die Aufnahme von AAKG in die Ern\u00e4hrung kann zu einer Erh\u00f6hung des Energieniveaus f\u00fchren und somit intensive und lang anhaltende k\u00f6rperliche Aktivit\u00e4ten unterst\u00fctzen.<\/span><\/li>\n<li><strong><span lang=\"en-US\">Gesteigerte sportliche Leistung:<\/span><\/strong><span lang=\"en-US\"> Es wird angenommen, dass AAKG die sportliche Leistung steigert, indem es eine bessere Gef\u00e4\u00dferweiterung und eine bessere Versorgung der Muskeln mit N\u00e4hrstoffen und Sauerstoff w\u00e4hrend des Trainings erm\u00f6glicht.<\/span><\/li>\n<li><strong><span lang=\"en-US\">Unterst\u00fctzung f\u00fcr Bodybuilding:<\/span><\/strong><span lang=\"en-US\"> Aufgrund seiner angeblichen Auswirkungen auf den Blutfluss und die Energie wird AAKG h\u00e4ufig im Bodybuilding eingesetzt, um das Muskelwachstum zu f\u00f6rdern und die Erholung nach intensiven Trainingseinheiten zu verbessern.<\/span><\/li>\n<\/ul>\n<p>&nbsp;<\/p>\n<p><strong><span lang=\"en-US\">Empfohlene Verwendung<\/span><\/strong><\/p>\n<p><span lang=\"en-US\">1 Portion 30-45 Minuten vor k\u00f6rperlicher Aktivit\u00e4t und 1 Portion vor dem Schlafengehen.<\/span><\/p>\n<p><strong>Hinweis:<\/strong><\/p>\n<ul>\n<li>Nur f\u00fcr Erwachsene und ersetzt nicht eine abwechslungsreiche, ausgewogene Ern\u00e4hrung und eine gesunde Lebensweise.<\/li>\n<li>\u00dcberschreiten Sie nicht die empfohlene Dosis.<\/li>\n<li>Verwenden Sie es nicht w\u00e4hrend der Stillzeit, Schwangerschaft Perioden ohne R\u00fccksprache mit dem Arzt.<\/li>\n<li>Lagern Sie das Produkt an einem k\u00fchlen, trockenen Ort in einer gut verschlossenen Verpackung au\u00dferhalb der Reichweite von Kindern unter 3 Jahren.<\/li>\n<li>Kann Spuren von Hafer, Ei, Soja und Milch enthalten.<\/li>\n<li>Laktosefrei und Glutenfrei.<\/li>\n<\/ul>","protected":false},"excerpt":{"rendered":"<details>\n<summary>Inhaltsstoffe<\/summary>\n<table style=\"text-align: center;\">\n<tbody>\n<tr>\n<th>Inhaltsstoffe<\/th>\n<th>Per 3 tabs<\/th>\n<\/tr>\n<tr>\n<td>Arginin-Alpha-Ketoglutarat<\/td>\n<td>3000mg<\/td>\n<\/tr>\n<tr>\n<td colspan=\"2\"><strong>Andere Inhaltsstoffe: <\/strong>Stabilisierungsmittel (E460, E470b, E551)<\/td>\n<\/tr>\n<\/tbody>\n<\/table>\n<\/details>\n<p>&nbsp;<\/p>","protected":false},"featured_media":323,"template":"","meta":[],"product_cat":[310,217],"product_tag":[315,230],"class_list":{"0":"post-322","1":"product","2":"type-product","3":"status-publish","4":"has-post-thumbnail","6":"product_cat-performance-and-endurance","7":"product_cat-pre-workout-energy","8":"product_tag-performance-and-endurance","9":"product_tag-pre-workout-energy","11":"first","12":"instock","13":"taxable","14":"shipping-taxable","15":"purchasable","16":"product-type-simple"},"aioseo_notices":[],"_links":{"self":[{"href":"https:\/\/www.selfprotein.com\/de\/wp-json\/wp\/v2\/product\/322"}],"collection":[{"href":"https:\/\/www.selfprotein.com\/de\/wp-json\/wp\/v2\/product"}],"about":[{"href":"https:\/\/www.selfprotein.com\/de\/wp-json\/wp\/v2\/types\/product"}],"wp:featuredmedia":[{"embeddable":true,"href":"https:\/\/www.selfprotein.com\/de\/wp-json\/wp\/v2\/media\/323"}],"wp:attachment":[{"href":"https:\/\/www.selfprotein.com\/de\/wp-json\/wp\/v2\/media?parent=322"}],"wp:term":[{"taxonomy":"product_cat","embeddable":true,"href":"https:\/\/www.selfprotein.com\/de\/wp-json\/wp\/v2\/product_cat?post=322"},{"taxonomy":"product_tag","embeddable":true,"href":"https:\/\/www.selfprotein.com\/de\/wp-json\/wp\/v2\/product_tag?post=322"}],"curies":[{"name":"wp","href":"https:\/\/api.w.org\/{rel}","templated":true}]}}