{"id":325,"date":"2023-11-27T12:59:00","date_gmt":"2023-11-27T11:59:00","guid":{"rendered":"https:\/\/34.88.231.180\/product\/b-complex-vitamin-c-zinc\/"},"modified":"2026-05-01T00:23:41","modified_gmt":"2026-04-30T22:23:41","slug":"b-complex-vitamin-c-zinc","status":"publish","type":"product","link":"https:\/\/www.selfprotein.com\/de\/produkt\/b-complex-vitamin-c-zinc\/","title":{"rendered":"B Complex Vitamin C + Zinc"},"content":{"rendered":"<p style=\"text-align: left;\" align=\"center\"><strong><span lang=\"en-US\">B-Komplex Vitamin C + Zink<\/span><\/strong><\/p>\n<p><span lang=\"en-US\">Vitamin B ist eine Gruppe von acht wasserl\u00f6slichen Vitaminen, die f\u00fcr verschiedene K\u00f6rperfunktionen wie den Energiestoffwechsel, die Funktion des Nervensystems sowie das Wachstum und die Entwicklung der Zellen unerl\u00e4sslich sind.<\/span><\/p>\n<p><span lang=\"en-US\">Eine ausreichende Zufuhr von Vitamin B \u00fcber die Ern\u00e4hrung oder durch Nahrungserg\u00e4nzungsmittel kann den Energiestoffwechsel, die Funktion des Nervensystems und das Zellwachstum f\u00f6rdern und so zu Gesundheit und Wohlbefinden insgesamt beitragen.<\/span><\/p>\n<p><span lang=\"en-US\">Hier sind die Vorteile von Vitamin B:<\/span><\/p>\n<ul>\n<li><strong><span lang=\"en-US\">Thiamin (B1): <\/span><\/strong><span lang=\"en-US\">Hilft dem K\u00f6rper bei der Umwandlung von Nahrung in Energie und spielt eine Rolle bei der Funktion von Nerven, Muskeln und Herz.<\/span><\/li>\n<li><strong><span lang=\"en-US\">Riboflavin (B2):<\/span><\/strong><span lang=\"en-US\"> Tr\u00e4gt zur Umwandlung von Nahrung in Energie bei und ist wichtig f\u00fcr die Gesundheit von Haut, Augen und Nervensystem.<\/span><\/li>\n<li><strong><span lang=\"en-US\">Niacin (B3):<\/span><\/strong><span lang=\"en-US\"> F\u00f6rdert die Umwandlung von Nahrung in Energie und unterst\u00fctzt die Gesundheit von Haut, Verdauungssystem und Nervensystem.<\/span><\/li>\n<li><strong><span lang=\"en-US\">Pantothens\u00e4ure (B5):<\/span><\/strong><span lang=\"en-US\"> Wesentlich f\u00fcr die Umwandlung von Nahrung in Energie und entscheidend f\u00fcr die Gesundheit von Haut, Haaren und Augen.<\/span><\/li>\n<li><strong><span lang=\"en-US\">Pyridoxin (B6):<\/span><\/strong><span lang=\"en-US\"> Hilft dem K\u00f6rper bei der Produktion von Neurotransmittern wie Serotonin und Dopamin und unterst\u00fctzt die Funktion des Immunsystems.<\/span><\/li>\n<li><strong><span lang=\"en-US\">Biotin (B7):<\/span><\/strong><span lang=\"en-US\"> Tr\u00e4gt zum Stoffwechsel bei und ist wichtig f\u00fcr die Gesundheit von Haaren, Haut und N\u00e4geln.<\/span><\/li>\n<li><strong><span lang=\"en-US\">Fols\u00e4ure (B9):<\/span><\/strong><span lang=\"en-US\"> Wichtig f\u00fcr das Wachstum und die Entwicklung der Zellen, insbesondere w\u00e4hrend der Schwangerschaft, und unterst\u00fctzt die Synthese von DNA und roten Blutk\u00f6rperchen.<\/span><\/li>\n<li><strong><span lang=\"en-US\">Cobalamin (B12):<\/span><\/strong><span lang=\"en-US\"> Wesentlich f\u00fcr die Gesundheit des Nervensystems und die Produktion roter Blutk\u00f6rperchen.<\/span><\/li>\n<\/ul>\n<p>&nbsp;<\/p>\n<p><strong><span lang=\"en-US\">Empfohlene Verwendung<\/span><\/strong><\/p>\n<p><span lang=\"en-US\">Nehmen Sie t\u00e4glich 1 Kapsel ein.<\/span><\/p>\n<p><strong>Hinweis:<\/strong><\/p>\n<ul>\n<li>Nur f\u00fcr Erwachsene und ersetzt nicht eine abwechslungsreiche, ausgewogene Ern\u00e4hrung und eine gesunde Lebensweise.<\/li>\n<li>\u00dcberschreiten Sie nicht die empfohlene Dosis.<\/li>\n<li>Verwenden Sie es nicht w\u00e4hrend der Stillzeit, Schwangerschaft Perioden ohne R\u00fccksprache mit dem Arzt.<\/li>\n<li>Lagern Sie das Produkt an einem k\u00fchlen, trockenen Ort in einer gut verschlossenen Verpackung au\u00dferhalb der Reichweite von Kindern unter 3 Jahren.<\/li>\n<li>Kann Spuren von Ei, Soja, Hafer und Milch enthalten.<\/li>\n<li>Laktosefrei und Glutenfrei.<\/li>\n<\/ul>","protected":false},"excerpt":{"rendered":"<p>B-Komplex Vitamin C + Zink Vitamin B ist eine Gruppe von acht wasserl\u00f6slichen Vitaminen, die f\u00fcr verschiedene K\u00f6rperfunktionen wie den Energiestoffwechsel, die Funktion des Nervensystems sowie das Wachstum und die Entwicklung der Zellen wichtig sind. Die Sicherstellung einer ausreichenden Zufuhr von Vitamin B durch die Ern\u00e4hrung oder durch Nahrungserg\u00e4nzungsmittel kann den Energiestoffwechsel, die Funktion des Nervensystems und das Zellwachstum f\u00f6rdern und damit zur [...]<\/p>","protected":false},"featured_media":13898,"template":"","meta":[],"product_cat":[312,214],"product_tag":[314,258],"class_list":{"0":"post-325","1":"product","2":"type-product","3":"status-publish","4":"has-post-thumbnail","6":"product_cat-health-and-wellness","7":"product_cat-vitamins-wellness","8":"product_tag-health-and-wellness","9":"product_tag-vitamins-wellness","11":"first","12":"instock","13":"sale","14":"taxable","15":"shipping-taxable","16":"purchasable","17":"product-type-variable"},"aioseo_notices":[],"_links":{"self":[{"href":"https:\/\/www.selfprotein.com\/de\/wp-json\/wp\/v2\/product\/325"}],"collection":[{"href":"https:\/\/www.selfprotein.com\/de\/wp-json\/wp\/v2\/product"}],"about":[{"href":"https:\/\/www.selfprotein.com\/de\/wp-json\/wp\/v2\/types\/product"}],"wp:featuredmedia":[{"embeddable":true,"href":"https:\/\/www.selfprotein.com\/de\/wp-json\/wp\/v2\/media\/13898"}],"wp:attachment":[{"href":"https:\/\/www.selfprotein.com\/de\/wp-json\/wp\/v2\/media?parent=325"}],"wp:term":[{"taxonomy":"product_cat","embeddable":true,"href":"https:\/\/www.selfprotein.com\/de\/wp-json\/wp\/v2\/product_cat?post=325"},{"taxonomy":"product_tag","embeddable":true,"href":"https:\/\/www.selfprotein.com\/de\/wp-json\/wp\/v2\/product_tag?post=325"}],"curies":[{"name":"wp","href":"https:\/\/api.w.org\/{rel}","templated":true}]}}