{"id":3255,"date":"2024-10-26T11:18:45","date_gmt":"2024-10-26T09:18:45","guid":{"rendered":"https:\/\/34.88.231.180\/?post_type=product&#038;p=3255"},"modified":"2026-04-01T00:00:41","modified_gmt":"2026-03-31T22:00:41","slug":"proti-cream","status":"publish","type":"product","link":"https:\/\/www.selfprotein.com\/de\/produkt\/proti-cream\/","title":{"rendered":"Proti Cream"},"content":{"rendered":"<p style=\"text-align: left;\" align=\"center\"><strong><span lang=\"en-US\">Proti Cream<\/span><\/strong><\/p>\n<p><span lang=\"en-US\">Proti Cream ist eine k\u00f6stliche, streichf\u00e4hige Creme, die mit isoliertem Molkenprotein 20% angereichert ist. Diese Creme eignet sich perfekt f\u00fcr ein nahrhaftes Fr\u00fchst\u00fcck oder einen leckeren Snack. Sie ist glutenfrei und somit auch f\u00fcr Personen geeignet, die eine spezielle Di\u00e4t einhalten oder besondere Ern\u00e4hrungsbed\u00fcrfnisse haben.<\/span><\/p>\n<p><span lang=\"en-US\">Vorteile der Proti-Creme:<\/span><\/p>\n<ul>\n<li><strong><span lang=\"en-US\">Fantastischer Geschmack:<\/span><\/strong><span lang=\"en-US\"> Proti Cream bietet einen unwiderstehlichen Geschmack, der jedes Fr\u00fchst\u00fcck oder jede Zwischenmahlzeit zu einem wahren Genuss werden l\u00e4sst.<\/span><\/li>\n<li><strong><span lang=\"en-US\">Isoliertes Molkenprotein:<\/span><\/strong><span lang=\"en-US\"> Mit 20% isoliertem Molkenprotein bietet diese Creme eine wichtige Proteinquelle, die ideal zur Unterst\u00fctzung der Muskelmasse und zur F\u00f6rderung des S\u00e4ttigungsgef\u00fchls ist.<\/span><\/li>\n<li><strong><span lang=\"en-US\">Ideal zum Fr\u00fchst\u00fcck oder als Zwischenmahlzeit<\/span><\/strong><span lang=\"en-US\"><strong>:<\/strong> Dank seiner Vielseitigkeit kann Proti Cream morgens verzehrt werden, um den Tag mit Energie zu beginnen, oder als schmackhafter Snack w\u00e4hrend des Tages.<\/span><\/li>\n<li><strong><span lang=\"en-US\">Glutenfrei<\/span><\/strong><span lang=\"en-US\"><strong>:<\/strong> Da Proti Cream glutenfrei ist, eignet sie sich auch f\u00fcr diejenigen, die aus gesundheitlichen Gr\u00fcnden oder aus Vorliebe eine glutenfreie Di\u00e4t einhalten, und bietet eine sichere und schmackhafte Alternative.<\/span><\/li>\n<\/ul>\n<p><span lang=\"en-US\">Proti Cream kombiniert den unwiderstehlichen Geschmack mit dem Komfort und der Qualit\u00e4t von isoliertem Molkenprotein und bietet eine streichf\u00e4hige Creme, die sowohl den Gaumen als auch die Ern\u00e4hrungsbed\u00fcrfnisse befriedigt.<\/span><\/p>\n<p><strong><span lang=\"en-US\">Empfohlene Verwendung<\/span><\/strong><\/p>\n<p><span lang=\"en-US\">Vorzugsweise zum Fr\u00fchst\u00fcck oder als Zwischenmahlzeit verzehren.<\/span><\/p>\n<p><strong>Hinweis:<\/strong><\/p>\n<ul>\n<li>Kann Spuren von Sojaprodukten, Ei und Eiprodukten enthalten.<\/li>\n<li>Ein \u00fcberm\u00e4\u00dfiger Konsum kann abf\u00fchrend wirken.<\/li>\n<li>Glutenfrei.<\/li>\n<\/ul>","protected":false},"excerpt":{"rendered":"<p>Proti Cream Proti Cream ist eine k\u00f6stliche streichf\u00e4hige Creme, die mit 20% isoliertem Molkenprotein angereichert ist. Diese Creme eignet sich perfekt f\u00fcr ein nahrhaftes Fr\u00fchst\u00fcck oder einen leckeren Snack. Sie ist glutenfrei und somit auch f\u00fcr Personen geeignet, die eine spezielle Di\u00e4t einhalten oder besondere Ern\u00e4hrungsbed\u00fcrfnisse haben. Vorteile von Proti Cream: Fantastischer Geschmack: Proti Cream bietet einen unwiderstehlichen Geschmack [...]<\/p>","protected":false},"featured_media":3281,"template":"","meta":[],"product_cat":[313,210],"product_tag":[316,223],"class_list":{"0":"post-3255","1":"product","2":"type-product","3":"status-publish","4":"has-post-thumbnail","6":"product_cat-protein-snacks-and-fit-food","7":"product_cat-snacks-meal-solutions","8":"product_tag-protein-snacks-fit-food","9":"product_tag-snacks-meal-solutions","11":"first","12":"instock","13":"taxable","14":"shipping-taxable","15":"purchasable","16":"product-type-variable"},"aioseo_notices":[],"_links":{"self":[{"href":"https:\/\/www.selfprotein.com\/de\/wp-json\/wp\/v2\/product\/3255"}],"collection":[{"href":"https:\/\/www.selfprotein.com\/de\/wp-json\/wp\/v2\/product"}],"about":[{"href":"https:\/\/www.selfprotein.com\/de\/wp-json\/wp\/v2\/types\/product"}],"wp:featuredmedia":[{"embeddable":true,"href":"https:\/\/www.selfprotein.com\/de\/wp-json\/wp\/v2\/media\/3281"}],"wp:attachment":[{"href":"https:\/\/www.selfprotein.com\/de\/wp-json\/wp\/v2\/media?parent=3255"}],"wp:term":[{"taxonomy":"product_cat","embeddable":true,"href":"https:\/\/www.selfprotein.com\/de\/wp-json\/wp\/v2\/product_cat?post=3255"},{"taxonomy":"product_tag","embeddable":true,"href":"https:\/\/www.selfprotein.com\/de\/wp-json\/wp\/v2\/product_tag?post=3255"}],"curies":[{"name":"wp","href":"https:\/\/api.w.org\/{rel}","templated":true}]}}