{"id":3293,"date":"2024-10-26T11:18:46","date_gmt":"2024-10-26T09:18:46","guid":{"rendered":"https:\/\/34.88.231.180\/?post_type=product&#038;p=3293"},"modified":"2026-04-01T00:00:39","modified_gmt":"2026-03-31T22:00:39","slug":"peanut-butter-smooth","status":"publish","type":"product","link":"https:\/\/www.selfprotein.com\/de\/produkt\/peanut-butter-smooth\/","title":{"rendered":"Peanut Butter Smooth"},"content":{"rendered":"<p style=\"text-align: left;\" align=\"center\"><strong><span lang=\"en-US\">Peanut Butter Smooth<\/span><\/strong><\/p>\n<p><span lang=\"en-US\">Erdnussbutter ist eine schmackhafte, streichf\u00e4hige Creme, die aus gemahlenen Erdn\u00fcssen gewonnen wird und sich weltweit gro\u00dfer Beliebtheit erfreut. Erdnussbutter wird nicht nur als F\u00fcllung f\u00fcr Sandwiches und als Dip f\u00fcr Obst und Gem\u00fcse verwendet, sondern ist auch eine nahrhafte und vielseitige Erg\u00e4nzung f\u00fcr jede Ern\u00e4hrung.<\/span><\/p>\n<p><span lang=\"en-US\">Vorteile von Erdnussbutter:<\/span><\/p>\n<ul>\n<li><strong><span lang=\"en-US\">Reich an Eiwei\u00df:<\/span><\/strong><span lang=\"en-US\"> Dank ihres hohen Proteingehalts liefert Erdnussbutter einen hervorragenden Beitrag zur t\u00e4glichen Proteinzufuhr, die f\u00fcr den Muskelaufbau und -erhalt unerl\u00e4sslich ist.<\/span><\/li>\n<li><strong><span lang=\"en-US\">Quelle f\u00fcr gesunde Fette:<\/span><\/strong><span lang=\"en-US\"> Die in Erdnussbutter enthaltenen Fette sind haupts\u00e4chlich unges\u00e4ttigt und f\u00fcr ihre positiven Auswirkungen auf die kardiovaskul\u00e4re Gesundheit bekannt. Diese gesunden Fette k\u00f6nnen dazu beitragen, das Risiko von Herzerkrankungen zu verringern, wenn sie in Ma\u00dfen verzehrt werden.<\/span><\/li>\n<li><strong><span lang=\"en-US\">Reich an Ballaststoffen:<\/span><\/strong><span lang=\"en-US\"> Erdn\u00fcsse sind von Natur aus reich an Ballaststoffen, und Erdnussbutter beh\u00e4lt diese Eigenschaft bei. Ballaststoffe sind wichtig f\u00fcr die Gesundheit der Verdauung und k\u00f6nnen helfen, den Blutzuckerspiegel zu regulieren und das S\u00e4ttigungsgef\u00fchl zu f\u00f6rdern.<\/span><\/li>\n<li><strong><span lang=\"en-US\">Vielseitigkeit beim Kochen:<\/span><\/strong><span lang=\"en-US\"> Erdnussbutter ist eine unglaublich vielseitige Zutat in der K\u00fcche und kann in einer breiten Palette von s\u00fc\u00dfen und herzhaften Gerichten verwendet werden. Von S\u00fc\u00dfigkeiten wie Keksen und Kuchen bis hin zu herzhaften Gerichten wie So\u00dfen und Nudeldressings - die kulinarischen M\u00f6glichkeiten sind endlos.<\/span><\/li>\n<li><strong><span lang=\"en-US\">Quelle f\u00fcr essentielle N\u00e4hrstoffe:<\/span><\/strong><span lang=\"en-US\"> Neben Proteinen, gesunden Fetten und Ballaststoffen enth\u00e4lt Erdnussbutter auch eine Vielzahl anderer essenzieller N\u00e4hrstoffe, darunter B-Vitamine, Vitamin E, Magnesium, Zink und Kalium, die zur Unterst\u00fctzung der allgemeinen Gesundheit beitragen.<\/span><\/li>\n<\/ul>\n<p>&nbsp;<\/p>\n<p><strong>Hinweis:<\/strong><\/p>\n<ul>\n<li>Enth\u00e4lt Allergene: N\u00fcsse.<\/li>\n<li>Glutenfrei.<\/li>\n<\/ul>","protected":false},"excerpt":{"rendered":"<details>\n<summary>N\u00e4hrwertangaben<\/summary>\n<table style=\"text-align: center;\">\n<tbody>\n<tr>\n<th>N\u00e4hrwertangaben<\/th>\n<th>Pro 100g<\/th>\n<th>Pro Portion 25g<\/th>\n<\/tr>\n<tr>\n<td>Energie<\/td>\n<td>2569kj\/620kcal<\/td>\n<td>642kj\/155kcal<\/td>\n<\/tr>\n<tr>\n<td>Fette<\/td>\n<td>50g<\/td>\n<td>12,5g<\/td>\n<\/tr>\n<tr>\n<td>davon ges\u00e4ttigt<\/td>\n<td>7,4g<\/td>\n<td>1,8g<\/td>\n<\/tr>\n<tr>\n<td>Kohlenhydrate<\/td>\n<td>9g<\/td>\n<td>2,2g<\/td>\n<\/tr>\n<tr>\n<td>davon Zucker*<\/td>\n<td>5,7g<\/td>\n<td>1,4g<\/td>\n<\/tr>\n<tr>\n<td>Protein<\/td>\n<td>30g<\/td>\n<td>7,5g<\/td>\n<\/tr>\n<tr>\n<td>Fasern<\/td>\n<td>7g<\/td>\n<td>1,75g<\/td>\n<\/tr>\n<tr>\n<td>Salz<\/td>\n<td>0,30g<\/td>\n<td>0,075g<\/td>\n<\/tr>\n<tr>\n<td colspan=\"3\">*Nat\u00fcrlich vorkommende Zucker<\/td>\n<\/tr>\n<\/tbody>\n<\/table>\n<\/details>\n<p>&nbsp;<\/p>\n<details>\n<summary>Inhaltsstoffe<\/summary>\n<table style=\"text-align: center;\">\n<tbody>\n<tr>\n<td><strong>Zutaten: <\/strong>100% ger\u00f6stete Erdn\u00fcsse<\/td>\n<\/tr>\n<\/tbody>\n<\/table>\n<\/details>\n<p>&nbsp;<\/p>","protected":false},"featured_media":3279,"template":"","meta":[],"product_cat":[313,210],"product_tag":[316,223],"class_list":{"0":"post-3293","1":"product","2":"type-product","3":"status-publish","4":"has-post-thumbnail","6":"product_cat-protein-snacks-and-fit-food","7":"product_cat-snacks-meal-solutions","8":"product_tag-protein-snacks-fit-food","9":"product_tag-snacks-meal-solutions","11":"first","12":"instock","13":"taxable","14":"shipping-taxable","15":"purchasable","16":"product-type-simple"},"aioseo_notices":[],"_links":{"self":[{"href":"https:\/\/www.selfprotein.com\/de\/wp-json\/wp\/v2\/product\/3293"}],"collection":[{"href":"https:\/\/www.selfprotein.com\/de\/wp-json\/wp\/v2\/product"}],"about":[{"href":"https:\/\/www.selfprotein.com\/de\/wp-json\/wp\/v2\/types\/product"}],"wp:featuredmedia":[{"embeddable":true,"href":"https:\/\/www.selfprotein.com\/de\/wp-json\/wp\/v2\/media\/3279"}],"wp:attachment":[{"href":"https:\/\/www.selfprotein.com\/de\/wp-json\/wp\/v2\/media?parent=3293"}],"wp:term":[{"taxonomy":"product_cat","embeddable":true,"href":"https:\/\/www.selfprotein.com\/de\/wp-json\/wp\/v2\/product_cat?post=3293"},{"taxonomy":"product_tag","embeddable":true,"href":"https:\/\/www.selfprotein.com\/de\/wp-json\/wp\/v2\/product_tag?post=3293"}],"curies":[{"name":"wp","href":"https:\/\/api.w.org\/{rel}","templated":true}]}}