{"id":3294,"date":"2024-02-29T10:13:27","date_gmt":"2024-02-29T09:13:27","guid":{"rendered":"https:\/\/34.88.231.180\/?post_type=product&#038;p=3294"},"modified":"2026-05-04T09:29:54","modified_gmt":"2026-05-04T07:29:54","slug":"bcaa-811-2","status":"publish","type":"product","link":"https:\/\/www.selfprotein.com\/de\/produkt\/bcaa-811-2\/","title":{"rendered":"BCAA 8:1:1"},"content":{"rendered":"<p style=\"text-align: left;\" align=\"center\"><strong><span lang=\"en-US\">BCAA 8:1:1<\/span><\/strong><\/p>\n<p><span lang=\"en-US\">BCAAs (verzweigtkettige Aminos\u00e4uren) sind eine essenzielle Gruppe, die aus Leucin, Isoleucin und Valin im Verh\u00e4ltnis 8:1:1 besteht.<\/span><\/p>\n<p><span lang=\"en-US\">BCAAs, die etwa ein Drittel der Muskelproteine im menschlichen K\u00f6rper ausmachen, spielen eine entscheidende Rolle beim Muskelwachstum und der Muskelreparatur. BCAA-Erg\u00e4nzungen werden von Sportlern und Fitness-Enthusiasten h\u00e4ufig verwendet, um die Leistung zu steigern und die Erholung nach dem Training zu f\u00f6rdern.<\/span><\/p>\n<p><span lang=\"en-US\">Vorteile von BCAA 8:1:1<\/span><\/p>\n<ul>\n<li><strong><span lang=\"en-US\">Unterst\u00fctzung f\u00fcr das Muskelwachstum:<\/span><\/strong><span lang=\"en-US\"> BCAAs f\u00f6rdern die Proteinsynthese und tragen so zum Wachstum und zur Erhaltung der Muskelmasse bei. Das \u00fcberwiegende Vorhandensein von Leucin im Verh\u00e4ltnis 8:1:1 verst\u00e4rkt diesen Nutzen, da Leucin besonders an der Stimulation der Proteinsynthese beteiligt ist.<\/span><\/li>\n<li><strong><span lang=\"en-US\">Verringerung von Muskelkater:<\/span><\/strong><span lang=\"en-US\"> Studien deuten darauf hin, dass die Einnahme von BCAA den Muskelkater nach dem Training verringern kann, was eine schnellere Erholung erm\u00f6glicht und die Toleranz gegen\u00fcber nachfolgenden Belastungen verbessert.<\/span><\/li>\n<li><strong><span lang=\"en-US\">Verringerung der M\u00fcdigkeit:<\/span><\/strong><span lang=\"en-US\"> Bei Sportlern kommt es bei l\u00e4ngerem Training h\u00e4ufig zu einem Energieabfall. BCAAs k\u00f6nnen dazu beitragen, den Beginn der Erm\u00fcdung zu verz\u00f6gern, indem sie eine alternative Energiequelle w\u00e4hrend der k\u00f6rperlichen Aktivit\u00e4t bieten.<\/span><\/li>\n<\/ul>\n<p>&nbsp;<\/p>\n<p><span lang=\"en-US\">Verbesserung der k\u00f6rperlichen Leistungsf\u00e4higkeit: <\/span><span lang=\"en-US\">Die Einnahme von BCAA wird mit einer potenziellen Verbesserung der k\u00f6rperlichen Leistungsf\u00e4higkeit in Verbindung gebracht, die es dem Einzelnen erm\u00f6glicht, intensive Anstrengungen \u00fcber einen l\u00e4ngeren Zeitraum durchzuhalten.<\/span><\/p>\n<p><strong><span lang=\"en-US\">Empfohlene Verwendung<\/span><\/strong><\/p>\n<p><span lang=\"en-US\">1 Portion vor, w\u00e4hrend oder nach der k\u00f6rperlichen Aktivit\u00e4t einnehmen.<\/span><\/p>\n<p><strong>Hinweis:<\/strong><\/p>\n<ul>\n<li>Nur f\u00fcr Erwachsene und ersetzt nicht eine abwechslungsreiche, ausgewogene Ern\u00e4hrung und eine gesunde Lebensweise.<\/li>\n<li>\u00dcberschreiten Sie nicht die empfohlene Dosis.<\/li>\n<li>Empfohlene Tagesdosis: 1 Messl\u00f6ffel (ca. 8 g) mit 200 ml Wasser mischen.<\/li>\n<li>Verwenden Sie es nicht w\u00e4hrend der Stillzeit, Schwangerschaft Perioden ohne R\u00fccksprache mit dem Arzt.<\/li>\n<li>Lagern Sie das Produkt an einem k\u00fchlen, trockenen Ort in einer gut verschlossenen Verpackung au\u00dferhalb der Reichweite von Kindern unter 3 Jahren.<\/li>\n<li>Kann Spuren von Milch, Hafer, Ei und Soja enthalten.<\/li>\n<li>Laktosefrei und Glutenfrei.<\/li>\n<\/ul>","protected":false},"excerpt":{"rendered":"<p>BCAA 8:1:1 BCAA oder verzweigtkettige Aminos\u00e4uren sind eine essentielle Gruppe, die aus Leucin, Isoleucin und Valin im Verh\u00e4ltnis 8:1:1 besteht. Da sie etwa ein Drittel der Muskelproteine im menschlichen K\u00f6rper ausmachen, spielen BCAAs eine entscheidende Rolle beim Muskelwachstum und bei der Muskelreparatur. BCAA-Erg\u00e4nzungen werden von Sportlern und Fitness-Enthusiasten h\u00e4ufig verwendet, um die Leistung zu steigern [...]<\/p>","protected":false},"featured_media":3303,"template":"","meta":[],"product_cat":[151,311],"product_tag":[161,317],"class_list":{"0":"post-3294","1":"product","2":"type-product","3":"status-publish","4":"has-post-thumbnail","6":"product_cat-amino-acids-creatine","7":"product_cat-recovery-and-regeneration","8":"product_tag-amino-acids-creatine","9":"product_tag-recovery-and-regeneration","11":"first","12":"instock","13":"taxable","14":"shipping-taxable","15":"purchasable","16":"product-type-variable"},"aioseo_notices":[],"_links":{"self":[{"href":"https:\/\/www.selfprotein.com\/de\/wp-json\/wp\/v2\/product\/3294"}],"collection":[{"href":"https:\/\/www.selfprotein.com\/de\/wp-json\/wp\/v2\/product"}],"about":[{"href":"https:\/\/www.selfprotein.com\/de\/wp-json\/wp\/v2\/types\/product"}],"wp:featuredmedia":[{"embeddable":true,"href":"https:\/\/www.selfprotein.com\/de\/wp-json\/wp\/v2\/media\/3303"}],"wp:attachment":[{"href":"https:\/\/www.selfprotein.com\/de\/wp-json\/wp\/v2\/media?parent=3294"}],"wp:term":[{"taxonomy":"product_cat","embeddable":true,"href":"https:\/\/www.selfprotein.com\/de\/wp-json\/wp\/v2\/product_cat?post=3294"},{"taxonomy":"product_tag","embeddable":true,"href":"https:\/\/www.selfprotein.com\/de\/wp-json\/wp\/v2\/product_tag?post=3294"}],"curies":[{"name":"wp","href":"https:\/\/api.w.org\/{rel}","templated":true}]}}