{"id":3319,"date":"2024-02-29T10:20:24","date_gmt":"2024-02-29T09:20:24","guid":{"rendered":"https:\/\/34.88.231.180\/?post_type=product&#038;p=3319"},"modified":"2026-04-01T00:00:44","modified_gmt":"2026-03-31T22:00:44","slug":"bcaa-211-2","status":"publish","type":"product","link":"https:\/\/www.selfprotein.com\/de\/produkt\/bcaa-211-2\/","title":{"rendered":"BCAA 2:1:1"},"content":{"rendered":"<p style=\"text-align: left;\" align=\"center\"><strong><span lang=\"en-US\">BCAA 2:1:1<\/span><\/strong><\/p>\n<p><span lang=\"en-US\">BCAA 2:1:1 Supplement bietet eine konzentrierte Quelle verzweigtkettiger Aminos\u00e4uren, n\u00e4mlich Leucin, Isoleucin und Valin, in einem ausgewogenen Verh\u00e4ltnis von 2:1:1. Da es sich um essentielle Aminos\u00e4uren handelt, kann der menschliche K\u00f6rper sie nicht selbst synthetisieren, weshalb ihre Zufuhr \u00fcber die Ern\u00e4hrung oder \u00fcber Nahrungserg\u00e4nzungsmittel entscheidend ist. Dieses spezifische Verh\u00e4ltnis von zwei Teilen Leucin zu einem Teil Isoleucin und Valin ist strategisch gew\u00e4hlt, da Leucin eine Schl\u00fcsselrolle bei der Muskelproteinsynthese und der Aktivierung des mTOR-Signalwegs spielt, der das Muskelwachstum reguliert.<\/span><\/p>\n<p><span lang=\"en-US\">Vorteile der BCAA 2:1:1-Erg\u00e4nzung<\/span><\/p>\n<ul>\n<li><strong><span lang=\"en-US\">F\u00f6rderung der Muskelproteinsynthese:<\/span><\/strong><span lang=\"en-US\"> Das ausgewogene Verh\u00e4ltnis von Leucin, Isoleucin und Valin f\u00f6rdert die Muskelproteinsynthese und unterst\u00fctzt so den Aufbau und den Erhalt von fettfreier Masse.<\/span><\/li>\n<li><strong><span lang=\"en-US\">Aktivierung des mTOR-Wegs:<\/span><\/strong><span lang=\"en-US\"> Leucin ist f\u00fcr seine F\u00e4higkeit bekannt, den mTOR-Signalweg zu aktivieren, der das Muskelwachstum und die Proteinsynthese positiv reguliert.<\/span><\/li>\n<li><strong><span lang=\"en-US\">Steigerung der Leistungsf\u00e4higkeit w\u00e4hrend des Trainings<\/span><\/strong><span lang=\"en-US\"><strong>:<\/strong> Athleten verwenden h\u00e4ufig BCAA 2:1:1, um ihre Leistung w\u00e4hrend des Trainings zu optimieren, indem sie die schnelle Energiequelle und die Unterst\u00fctzung der Muskelausdauer nutzen.<\/span><\/li>\n<li><strong><span lang=\"en-US\">Verringerung des Muskelabbaus:<\/span><\/strong><span lang=\"en-US\"> Diese Aminos\u00e4uren tragen dazu bei, dem Muskelabbau entgegenzuwirken, indem sie den Gewebeabbau in Zeiten k\u00f6rperlicher Belastung, wie z. B. bei intensivem Training, verringern.<\/span><\/li>\n<li><strong><span lang=\"en-US\">Erleichterung der Erholung nach dem Training:<\/span><\/strong><span lang=\"en-US\"> BCAA 2:1:1-Erg\u00e4nzungen tragen zu einer besseren Erholung nach dem Training bei, indem sie den Heilungsprozess der Muskeln unterst\u00fctzen und die Erholungszeit verk\u00fcrzen.<\/span><\/li>\n<\/ul>\n<p><\/p>\n<p><strong><span lang=\"en-US\">Empfohlene Verwendung<\/span><\/strong><\/p>\n<p><span lang=\"en-US\">Eine Portion vor, w\u00e4hrend oder nach der k\u00f6rperlichen Aktivit\u00e4t einnehmen.<\/span><\/p>\n<p><strong>Hinweis:<\/strong><\/p>\n<ul>\n<li>Nur f\u00fcr Erwachsene und ersetzt nicht eine abwechslungsreiche, ausgewogene Ern\u00e4hrung und eine gesunde Lebensweise.<\/li>\n<li>\u00dcberschreiten Sie nicht die empfohlene Dosis.<\/li>\n<li>Verwenden Sie es nicht w\u00e4hrend der Stillzeit, Schwangerschaft Perioden ohne R\u00fccksprache mit dem Arzt.<\/li>\n<li>Lagern Sie das Produkt an einem k\u00fchlen, trockenen Ort in einer gut verschlossenen Verpackung au\u00dferhalb der Reichweite von Kindern unter 3 Jahren.<\/li>\n<li>Kann Spuren von Hafer, Ei und Soja enthalten.<\/li>\n<li>Laktosefrei und Glutenfrei.<\/li>\n<\/ul>","protected":false},"excerpt":{"rendered":"<p>BCAA 2:1:1 BCAA 2:1:1 Supplement ist eine konzentrierte Quelle verzweigtkettiger Aminos\u00e4uren, n\u00e4mlich Leucin, Isoleucin und Valin, in einem ausgewogenen Verh\u00e4ltnis von 2:1:1. Da es sich um essentielle Aminos\u00e4uren handelt, kann der menschliche K\u00f6rper sie nicht selbst synthetisieren, weshalb ihre Zufuhr \u00fcber die Ern\u00e4hrung oder \u00fcber Nahrungserg\u00e4nzungsmittel entscheidend ist. Dieses spezifische Verh\u00e4ltnis ist strategisch gew\u00e4hlt, mit zwei Teilen Leucin zu [...]<\/p>","protected":false},"featured_media":3547,"template":"","meta":[],"product_cat":[151,311],"product_tag":[161,317],"class_list":{"0":"post-3319","1":"product","2":"type-product","3":"status-publish","4":"has-post-thumbnail","6":"product_cat-amino-acids-creatine","7":"product_cat-recovery-and-regeneration","8":"product_tag-amino-acids-creatine","9":"product_tag-recovery-and-regeneration","11":"first","12":"instock","13":"sale","14":"taxable","15":"shipping-taxable","16":"purchasable","17":"product-type-variable"},"aioseo_notices":[],"_links":{"self":[{"href":"https:\/\/www.selfprotein.com\/de\/wp-json\/wp\/v2\/product\/3319"}],"collection":[{"href":"https:\/\/www.selfprotein.com\/de\/wp-json\/wp\/v2\/product"}],"about":[{"href":"https:\/\/www.selfprotein.com\/de\/wp-json\/wp\/v2\/types\/product"}],"wp:featuredmedia":[{"embeddable":true,"href":"https:\/\/www.selfprotein.com\/de\/wp-json\/wp\/v2\/media\/3547"}],"wp:attachment":[{"href":"https:\/\/www.selfprotein.com\/de\/wp-json\/wp\/v2\/media?parent=3319"}],"wp:term":[{"taxonomy":"product_cat","embeddable":true,"href":"https:\/\/www.selfprotein.com\/de\/wp-json\/wp\/v2\/product_cat?post=3319"},{"taxonomy":"product_tag","embeddable":true,"href":"https:\/\/www.selfprotein.com\/de\/wp-json\/wp\/v2\/product_tag?post=3319"}],"curies":[{"name":"wp","href":"https:\/\/api.w.org\/{rel}","templated":true}]}}