{"id":365,"date":"2023-11-27T13:00:33","date_gmt":"2023-11-27T12:00:33","guid":{"rendered":"https:\/\/34.88.231.180\/product\/bcaa-811-tab\/"},"modified":"2026-05-04T09:26:39","modified_gmt":"2026-05-04T07:26:39","slug":"bcaa-811-tabs","status":"publish","type":"product","link":"https:\/\/www.selfprotein.com\/de\/produkt\/bcaa-811-tabs\/","title":{"rendered":"BCAA 8:1:1 Tabs"},"content":{"rendered":"<p style=\"text-align: left;\" align=\"center\"><strong><span lang=\"en-US\">BCAA 8:1:1 Tabs<\/span><\/strong><\/p>\n<p><span lang=\"en-US\">BCAAs, die Abk\u00fcrzung f\u00fcr verzweigtkettige Aminos\u00e4uren, umfassen drei essenzielle Aminos\u00e4uren: Leucin, Isoleucin und Valin, in einem Verh\u00e4ltnis von 8:1:1. Diese Bestandteile machen etwa ein Drittel der Muskelproteine im menschlichen K\u00f6rper aus und spielen eine entscheidende Rolle beim Muskelwachstum und der Muskelreparatur. BCAA-Erg\u00e4nzungen in Pillenform werden von Sportlern und Fitnessbegeisterten h\u00e4ufig verwendet, um die Leistung zu steigern und die Erholung der Muskeln nach dem Training zu erleichtern.<\/span><\/p>\n<p><span lang=\"en-US\">Vorteile von BCAA 8:1:1 Tabletten:<\/span><\/p>\n<ul>\n<li><strong><span lang=\"en-US\">Verringerung von Muskelkater<\/span><\/strong><span lang=\"en-US\"><strong>:<\/strong> BCAA-Tabletten k\u00f6nnen dazu beitragen, den Muskelkater nach dem Training zu verringern, so dass die k\u00f6rperlichen Aktivit\u00e4ten schnell und ohne \u00fcberm\u00e4\u00dfige Beschwerden wieder aufgenommen werden k\u00f6nnen.<\/span><\/li>\n<li><strong><span lang=\"en-US\">Minimierung der Muskelerm\u00fcdung:<\/span><\/strong><span lang=\"en-US\"> Indem sie die Erm\u00fcdung der Muskeln w\u00e4hrend des Trainings verringern, f\u00f6rdern BCAA-Pillen die Ausdauer und erm\u00f6glichen l\u00e4ngere und intensivere Trainingseinheiten.<\/span><\/li>\n<li><strong><span lang=\"en-US\">Stimulierung des Muskelwachstums<\/span><\/strong><span lang=\"en-US\"><strong>:<\/strong> BCAAs sind daf\u00fcr bekannt, die Muskelproteinsynthese zu unterst\u00fctzen, indem sie das Wachstum und die Erhaltung der mageren Muskelmasse f\u00f6rdern - ein grundlegender Aspekt f\u00fcr alle, die Sport treiben und optimale Ergebnisse erzielen wollen.<\/span><\/li>\n<li><strong><span lang=\"en-US\">Verbesserung der k\u00f6rperlichen Leistungsf\u00e4higkeit:<\/span><\/strong><span lang=\"en-US\"> Die Aufnahme von BCAAs in die Ern\u00e4hrung kann zu einer allgemeinen Verbesserung der k\u00f6rperlichen Leistungsf\u00e4higkeit f\u00fchren, so dass die Sportler ihre Fitnessziele effizienter und zufriedenstellender erreichen k\u00f6nnen.<\/span><\/li>\n<\/ul>\n<p>&nbsp;<\/p>\n<p><strong><span lang=\"en-US\">Empfohlene Verwendung<\/span><\/strong><\/p>\n<p><span lang=\"en-US\">1 Portion vor, w\u00e4hrend oder nach der k\u00f6rperlichen Aktivit\u00e4t einnehmen.<\/span><\/p>\n<p><strong>Hinweis:<\/strong><\/p>\n<ul>\n<li>Nur f\u00fcr Erwachsene und ersetzt nicht eine abwechslungsreiche, ausgewogene Ern\u00e4hrung und eine gesunde Lebensweise.<\/li>\n<li>\u00dcberschreiten Sie nicht die empfohlene Dosis.<\/li>\n<li>Empfohlene Tagesdosis: 5 Tabletten.<\/li>\n<li>Verwenden Sie es nicht w\u00e4hrend der Stillzeit, Schwangerschaft Perioden ohne R\u00fccksprache mit dem Arzt.<\/li>\n<li>Lagern Sie das Produkt an einem k\u00fchlen, trockenen Ort in einer gut verschlossenen Verpackung au\u00dferhalb der Reichweite von Kindern unter 3 Jahren.<\/li>\n<li>Kann Spuren von Milch, Hafer, Ei und Soja enthalten.<\/li>\n<li>Laktosefrei und Glutenfrei.<\/li>\n<\/ul>","protected":false},"excerpt":{"rendered":"<p>BCAA 8:1:1 Tabs BCAAs, kurz f\u00fcr verzweigtkettige Aminos\u00e4uren, enthalten drei essentielle Aminos\u00e4uren: Leucin, Isoleucin und Valin, im Verh\u00e4ltnis 8:1:1. Diese Bestandteile machen etwa ein Drittel der Muskelproteine im menschlichen K\u00f6rper aus und spielen eine entscheidende Rolle bei Muskelwachstum und -reparatur. BCAA-Erg\u00e4nzungen in Pillenform sind weit verbreitet [...]<\/p>","protected":false},"featured_media":367,"template":"","meta":[],"product_cat":[151,311],"product_tag":[161,317],"class_list":{"0":"post-365","1":"product","2":"type-product","3":"status-publish","4":"has-post-thumbnail","6":"product_cat-amino-acids-creatine","7":"product_cat-recovery-and-regeneration","8":"product_tag-amino-acids-creatine","9":"product_tag-recovery-and-regeneration","11":"first","12":"instock","13":"sale","14":"taxable","15":"shipping-taxable","16":"purchasable","17":"product-type-variable"},"aioseo_notices":[],"_links":{"self":[{"href":"https:\/\/www.selfprotein.com\/de\/wp-json\/wp\/v2\/product\/365"}],"collection":[{"href":"https:\/\/www.selfprotein.com\/de\/wp-json\/wp\/v2\/product"}],"about":[{"href":"https:\/\/www.selfprotein.com\/de\/wp-json\/wp\/v2\/types\/product"}],"wp:featuredmedia":[{"embeddable":true,"href":"https:\/\/www.selfprotein.com\/de\/wp-json\/wp\/v2\/media\/367"}],"wp:attachment":[{"href":"https:\/\/www.selfprotein.com\/de\/wp-json\/wp\/v2\/media?parent=365"}],"wp:term":[{"taxonomy":"product_cat","embeddable":true,"href":"https:\/\/www.selfprotein.com\/de\/wp-json\/wp\/v2\/product_cat?post=365"},{"taxonomy":"product_tag","embeddable":true,"href":"https:\/\/www.selfprotein.com\/de\/wp-json\/wp\/v2\/product_tag?post=365"}],"curies":[{"name":"wp","href":"https:\/\/api.w.org\/{rel}","templated":true}]}}