{"id":371,"date":"2023-11-27T13:00:44","date_gmt":"2023-11-27T12:00:44","guid":{"rendered":"https:\/\/34.88.231.180\/product\/beta-carotene\/"},"modified":"2026-05-01T00:23:40","modified_gmt":"2026-04-30T22:23:40","slug":"beta-carotene","status":"publish","type":"product","link":"https:\/\/www.selfprotein.com\/de\/produkt\/beta-carotene\/","title":{"rendered":"Beta Carotene"},"content":{"rendered":"<p style=\"text-align: left;\" align=\"center\"><strong><span lang=\"en-US\">Beta Carotene<\/span><\/strong><\/p>\n<p><span lang=\"en-US\">Beta-Carotin ist ein starkes Antioxidans, das den K\u00f6rper vor Sch\u00e4den durch freie Radikale sch\u00fctzt, indem es die Oxidation anderer Molek\u00fcle hemmt.<\/span><\/p>\n<p><span lang=\"en-US\">Eine Nahrungserg\u00e4nzung mit Beta-Carotin kann daher dazu beitragen, die allgemeine Gesundheit zu verbessern und das Risiko zahlreicher chronischer Krankheiten zu verringern, indem es den K\u00f6rper mit einem starken Antioxidans und wichtigen N\u00e4hrstoffen versorgt.<\/span><\/p>\n<p><span lang=\"en-US\">Hier sind die Vorteile von Beta-Carotin:<\/span><\/p>\n<ul>\n<li><strong><span lang=\"en-US\">Antioxidationsmittel:<\/span><\/strong><span lang=\"en-US\"> Beta-Carotin wirkt der sch\u00e4digenden Wirkung der freien Radikale im K\u00f6rper entgegen und tr\u00e4gt dazu bei, Zellen und Gewebe vor Oxidation und oxidativem Stress zu sch\u00fctzen.<\/span><\/li>\n<li><strong><span lang=\"en-US\">Gesundheit der Haut:<\/span><\/strong><span lang=\"en-US\"> Der Verzehr von Beta-Carotin kann die Gesundheit der Haut verbessern, indem er das Auftreten von Falten, Alterserscheinungen und durch UV-Strahlen verursachte Sch\u00e4den verringert.<\/span><\/li>\n<li><strong><span lang=\"en-US\">Gesundheit der Augen:<\/span><\/strong><span lang=\"en-US\"> Beta-Carotin ist eine Vorstufe von Vitamin A, das f\u00fcr die Sehkraft wichtig ist. Es kann dazu beitragen, die Gesundheit der Augen zu erhalten und das Risiko von altersbedingten Augenkrankheiten wie Makuladegeneration zu verringern.<\/span><\/li>\n<li><strong><span lang=\"en-US\">Immunsystem:<\/span><\/strong><span lang=\"en-US\"> Es tr\u00e4gt zur Unterst\u00fctzung des Immunsystems bei, indem es die Produktion von Immunzellen f\u00f6rdert, die Infektionen und Krankheiten bek\u00e4mpfen.<\/span><\/li>\n<li><strong><span lang=\"en-US\">Herzgesundheit:<\/span><\/strong><span lang=\"en-US\"> Beta-Carotin kann eine Rolle beim Schutz der Herzgesundheit spielen, indem es Entz\u00fcndungen und das Risiko von Herz-Kreislauf-Erkrankungen verringert.<\/span><\/li>\n<li><strong><span lang=\"en-US\">Gesundheit der Lunge:<\/span><\/strong><span lang=\"en-US\"> Einige Forschungsergebnisse deuten darauf hin, dass Beta-Carotin eine sch\u00fctzende Wirkung auf die Lungenzellen haben und das Risiko chronischer Lungenerkrankungen wie Lungenkrebs verringern kann.<\/span><\/li>\n<\/ul>\n<p>&nbsp;<\/p>\n<p><strong><span lang=\"en-US\">Empfohlene Verwendung<\/span><\/strong><\/p>\n<p><span lang=\"en-US\">Nehmen Sie t\u00e4glich 1 Kapsel ein.<\/span><\/p>\n<p><strong>Hinweis:<\/strong><\/p>\n<ul>\n<li>Nur f\u00fcr Erwachsene und ersetzt nicht eine abwechslungsreiche, ausgewogene Ern\u00e4hrung und eine gesunde Lebensweise.<\/li>\n<li>\u00dcberschreiten Sie nicht die empfohlene Dosis.<\/li>\n<li>Verwenden Sie es nicht w\u00e4hrend der Stillzeit, Schwangerschaft Perioden ohne R\u00fccksprache mit dem Arzt.<\/li>\n<li>Lagern Sie das Produkt an einem k\u00fchlen, trockenen Ort in einer gut verschlossenen Verpackung au\u00dferhalb der Reichweite von Kindern unter 3 Jahren.<\/li>\n<li>Laktosefrei und Glutenfrei.<\/li>\n<\/ul>","protected":false},"excerpt":{"rendered":"<details>\n<summary>Inhaltsstoffe<\/summary>\n<table style=\"text-align: center;\">\n<tbody>\n<tr>\n<th>ZUTATEN<\/th>\n<th>pro 1cps<\/th>\n<\/tr>\n<tr>\n<td>Beta-Carotin (Pro Vitamin A 1200\u03bcg 150%*)<\/td>\n<td>7,5mg<\/td>\n<\/tr>\n<tr>\n<td colspan=\"2\"><strong>Andere Inhaltsstoffe: <\/strong>Antioxidationsmittel (E300), Stabilisatoren (E460, veg. E470b), vegane Kapsel (E1204)<\/td>\n<\/tr>\n<tr>\n<td colspan=\"2\">*% T\u00e4glicher N\u00e4hrstoffreferenzwert (NRV)<\/td>\n<\/tr>\n<\/tbody>\n<\/table>\n<\/details>\n<p>&nbsp;<\/p>","protected":false},"featured_media":13880,"template":"","meta":[],"product_cat":[312,214],"product_tag":[314,258],"class_list":{"0":"post-371","1":"product","2":"type-product","3":"status-publish","4":"has-post-thumbnail","6":"product_cat-health-and-wellness","7":"product_cat-vitamins-wellness","8":"product_tag-health-and-wellness","9":"product_tag-vitamins-wellness","11":"first","12":"instock","13":"taxable","14":"shipping-taxable","15":"purchasable","16":"product-type-simple"},"aioseo_notices":[],"_links":{"self":[{"href":"https:\/\/www.selfprotein.com\/de\/wp-json\/wp\/v2\/product\/371"}],"collection":[{"href":"https:\/\/www.selfprotein.com\/de\/wp-json\/wp\/v2\/product"}],"about":[{"href":"https:\/\/www.selfprotein.com\/de\/wp-json\/wp\/v2\/types\/product"}],"wp:featuredmedia":[{"embeddable":true,"href":"https:\/\/www.selfprotein.com\/de\/wp-json\/wp\/v2\/media\/13880"}],"wp:attachment":[{"href":"https:\/\/www.selfprotein.com\/de\/wp-json\/wp\/v2\/media?parent=371"}],"wp:term":[{"taxonomy":"product_cat","embeddable":true,"href":"https:\/\/www.selfprotein.com\/de\/wp-json\/wp\/v2\/product_cat?post=371"},{"taxonomy":"product_tag","embeddable":true,"href":"https:\/\/www.selfprotein.com\/de\/wp-json\/wp\/v2\/product_tag?post=371"}],"curies":[{"name":"wp","href":"https:\/\/api.w.org\/{rel}","templated":true}]}}