{"id":374,"date":"2023-11-27T13:03:49","date_gmt":"2023-11-27T12:03:49","guid":{"rendered":"https:\/\/34.88.231.180\/product\/bromelain\/"},"modified":"2026-05-01T00:23:40","modified_gmt":"2026-04-30T22:23:40","slug":"bromelain","status":"publish","type":"product","link":"https:\/\/www.selfprotein.com\/de\/produkt\/bromelain\/","title":{"rendered":"Bromelain"},"content":{"rendered":"<p style=\"text-align: left;\" align=\"center\"><strong><span lang=\"en-US\">Bromelain<\/span><\/strong><\/p>\n<p><span lang=\"en-US\">Bromelain, eine Gruppe von Enzymen, die aus dem Stiel und der Frucht der Ananas (Ananas comosus) gewonnen wird, ist ein nat\u00fcrlicher Schatz, der seit Jahrhunderten in der traditionellen Medizin Verwendung findet. Diese Enzymklasse, die als Proteasen bekannt ist, ist f\u00fcr den Abbau von Proteinen verantwortlich.<\/span><\/p>\n<p><span lang=\"en-US\">Zu den zahlreichen Vorteilen von Bromelain f\u00fcr die menschliche Gesundheit geh\u00f6ren:<\/span><\/p>\n<ul>\n<li><strong><span lang=\"en-US\">Verdauungshilfe:<\/span><\/strong><span lang=\"en-US\"> Bromelain ist f\u00fcr seine F\u00e4higkeit bekannt, die Verdauung von Proteinen zu erleichtern, indem es sie in kleinere Peptide und Aminos\u00e4uren aufspaltet. Dies kann f\u00fcr Menschen mit Verdauungsproblemen oder solchen, die Schwierigkeiten mit der Verdauung von Proteinen haben, von gro\u00dfem Nutzen sein.<\/span><\/li>\n<li><strong><span lang=\"en-US\">Entz\u00fcndungshemmende Eigenschaften<\/span><\/strong><span lang=\"en-US\"><strong>:<\/strong> Eine weitere bemerkenswerte Eigenschaft von Bromelain ist seine entz\u00fcndungshemmende Wirkung. Mehrere Studien haben gezeigt, dass diese Substanz Entz\u00fcndungen und Schwellungen deutlich reduzieren kann, was bei Erkrankungen wie Osteoarthritis, rheumatoider Arthritis und Sportverletzungen eine wertvolle Linderung darstellt. Es wird angenommen, dass sie dies durch die Reduzierung entz\u00fcndungsf\u00f6rdernder Molek\u00fcle im K\u00f6rper erreicht.<\/span><\/li>\n<li><strong><span lang=\"en-US\">Sinusitis Entlastung:<\/span><\/strong><span lang=\"en-US\"> Bromelain hat sich als wirksamer Verb\u00fcndeter bei der Bek\u00e4mpfung der unangenehmen Symptome einer Sinusitis erwiesen. Studien deuten darauf hin, dass es dazu beitragen kann, die Nasenverstopfung zu verringern, die Atmung zu verbessern und die \u00fcberm\u00e4\u00dfige Schleimproduktion zu reduzieren, was denjenigen, die an dieser Atemwegserkrankung leiden, Linderung verschafft.<\/span><\/li>\n<\/ul>\n<p>&nbsp;<\/p>\n<p><strong><span lang=\"en-US\">Empfohlene Verwendung<\/span><\/strong><\/p>\n<p><span lang=\"en-US\">Bis zu einem Maximum von 3 Kapseln pro Tag.<\/span><\/p>\n<p><strong>Hinweis:<\/strong><\/p>\n<ul>\n<li>Nur f\u00fcr Erwachsene und ersetzt nicht eine abwechslungsreiche, ausgewogene Ern\u00e4hrung und eine gesunde Lebensweise.<\/li>\n<li>\u00dcberschreiten Sie nicht die empfohlene Dosis.<\/li>\n<li>Verwenden Sie es nicht w\u00e4hrend der Stillzeit, Schwangerschaft Perioden ohne R\u00fccksprache mit dem Arzt.<\/li>\n<li>Lagern Sie das Produkt an einem k\u00fchlen, trockenen Ort in einer gut verschlossenen Verpackung au\u00dferhalb der Reichweite von Kindern unter 3 Jahren.<\/li>\n<li>Kann Spuren von Hafer, Ei und Soja enthalten.<\/li>\n<li>Laktosefrei und Glutenfrei.<\/li>\n<\/ul>","protected":false},"excerpt":{"rendered":"<details>\n<summary>Inhaltsstoffe<\/summary>\n<table style=\"text-align: center;\">\n<tbody>\n<tr>\n<th>Inhaltsstoffe<\/th>\n<th>pro 3 cps<\/th>\n<\/tr>\n<tr>\n<td>Bromelain (1200 GDU\/g)(da Ananas comosus (L.) Merr. Stamm)<\/td>\n<td>1500mg<\/td>\n<\/tr>\n<tr>\n<td colspan=\"3\"><strong>Andere Inhaltsstoffe: <\/strong>Stabilisierungsmittel (E460, E470b, E551), vegane Kapsel (E1204)<\/td>\n<\/tr>\n<\/tbody>\n<\/table>\n<\/details>\n<p>&nbsp;<\/p>","protected":false},"featured_media":375,"template":"","meta":[],"product_cat":[312,214],"product_tag":[314,258],"class_list":{"0":"post-374","1":"product","2":"type-product","3":"status-publish","4":"has-post-thumbnail","6":"product_cat-health-and-wellness","7":"product_cat-vitamins-wellness","8":"product_tag-health-and-wellness","9":"product_tag-vitamins-wellness","11":"first","12":"instock","13":"sale","14":"taxable","15":"shipping-taxable","16":"purchasable","17":"product-type-simple"},"aioseo_notices":[],"_links":{"self":[{"href":"https:\/\/www.selfprotein.com\/de\/wp-json\/wp\/v2\/product\/374"}],"collection":[{"href":"https:\/\/www.selfprotein.com\/de\/wp-json\/wp\/v2\/product"}],"about":[{"href":"https:\/\/www.selfprotein.com\/de\/wp-json\/wp\/v2\/types\/product"}],"wp:featuredmedia":[{"embeddable":true,"href":"https:\/\/www.selfprotein.com\/de\/wp-json\/wp\/v2\/media\/375"}],"wp:attachment":[{"href":"https:\/\/www.selfprotein.com\/de\/wp-json\/wp\/v2\/media?parent=374"}],"wp:term":[{"taxonomy":"product_cat","embeddable":true,"href":"https:\/\/www.selfprotein.com\/de\/wp-json\/wp\/v2\/product_cat?post=374"},{"taxonomy":"product_tag","embeddable":true,"href":"https:\/\/www.selfprotein.com\/de\/wp-json\/wp\/v2\/product_tag?post=374"}],"curies":[{"name":"wp","href":"https:\/\/api.w.org\/{rel}","templated":true}]}}