{"id":377,"date":"2023-11-27T13:03:53","date_gmt":"2023-11-27T12:03:53","guid":{"rendered":"https:\/\/34.88.231.180\/product\/caffeine\/"},"modified":"2026-04-01T00:00:09","modified_gmt":"2026-03-31T22:00:09","slug":"caffeine","status":"publish","type":"product","link":"https:\/\/www.selfprotein.com\/de\/produkt\/caffeine\/","title":{"rendered":"Caffeine"},"content":{"rendered":"<p style=\"text-align: left;\" align=\"center\"><strong><span lang=\"en-US\">Caffeine<\/span><\/strong><\/p>\n<p><span lang=\"en-US\">Entdecken Sie die vielen Vorteile, die Koffein Sportlern und Menschen, die sich regelm\u00e4\u00dfig k\u00f6rperlich bet\u00e4tigen, bieten kann. Dieses Stimulans, das h\u00e4ufig in verschiedenen Formen wie Kaffee, Tee, Energydrinks und Nahrungserg\u00e4nzungsmitteln konsumiert wird, hat sich als wertvoller Verb\u00fcndeter bei der Verbesserung der sportlichen Leistung erwiesen.<\/span><\/p>\n<p><span lang=\"en-US\">Vorteile von Koffein:<\/span><\/p>\n<ul>\n<li><strong><span lang=\"en-US\">Verbesserte Ausdauer:<\/span><\/strong><span lang=\"en-US\"> Es ist bekannt, dass Koffein die F\u00e4higkeit des K\u00f6rpers erh\u00f6ht, w\u00e4hrend des Trainings Fett als Brennstoffquelle zu nutzen, und so zu einer besseren Ausdauerleistung beitr\u00e4gt.<\/span><\/li>\n<li><strong><span lang=\"en-US\">Erh\u00f6hte Konzentration und Wachsamkeit:<\/span><\/strong><span lang=\"en-US\"> Die stimulierende Wirkung von Koffein kann Sportlern helfen, w\u00e4hrend des Trainings und des Wettkampfs ein hohes Ma\u00df an Konzentration und Wachsamkeit aufrechtzuerhalten und so die kognitive Leistung zu verbessern.<\/span><\/li>\n<li><strong><span lang=\"en-US\">Linderung von Muskelschmerzen:<\/span><\/strong><span lang=\"en-US\"> Dank seiner schmerzlindernden Eigenschaften kann Koffein dazu beitragen, Muskelschmerzen und Muskelkater nach dem Training zu reduzieren, so dass sich die Sportler schneller erholen und die n\u00e4chsten Trainingseinheiten mit weniger Beschwerden absolvieren k\u00f6nnen.<\/span><\/li>\n<li><strong><span lang=\"en-US\">Ankurbelung des Stoffwechsels:<\/span><\/strong><span lang=\"en-US\"> Koffein ist in der Lage, den Stoffwechsel anzukurbeln, was die Verbrennung \u00fcbersch\u00fcssiger Kalorien f\u00f6rdert und m\u00f6glicherweise die Bem\u00fchungen von Sportlern unterst\u00fctzt, Gewicht zu verlieren oder eine optimale K\u00f6rperzusammensetzung zu erhalten.<\/span><\/li>\n<\/ul>\n<p><\/p>\n<p><span lang=\"en-US\">Wenn Sie Koffein in Ihr Trainingsprogramm vor dem Training oder vor dem Wettkampf einbauen, k\u00f6nnen Sie eine Reihe von Vorteilen erfahren, die Ihre Leistung und Regeneration verbessern, so dass Sie Ihre sportlichen Ziele leichter erreichen k\u00f6nnen.<\/span>\n<\/p>\n<p><strong><span lang=\"en-US\">Empfohlene Verwendung<\/span><\/strong><\/p>\n<p><span lang=\"en-US\">1 Portion 30-45 Minuten vor dem Training oder in Phasen k\u00f6rperlicher oder geistiger Erm\u00fcdung.<\/span><\/p>\n<p><strong>Hinweis:<\/strong><\/p>\n<ul>\n<li>Nur f\u00fcr Erwachsene und ersetzt nicht eine abwechslungsreiche, ausgewogene Ern\u00e4hrung und eine gesunde Lebensweise.<\/li>\n<li>\u00dcberschreiten Sie nicht die empfohlene Dosis.<\/li>\n<li>Verwenden Sie es nicht w\u00e4hrend der Stillzeit, Schwangerschaft Perioden ohne R\u00fccksprache mit dem Arzt.<\/li>\n<li>Lagern Sie das Produkt an einem k\u00fchlen, trockenen Ort in einer gut verschlossenen Verpackung au\u00dferhalb der Reichweite von Kindern unter 3 Jahren.<\/li>\n<li>Kann Spuren von Milch, Hafer, Ei und Soja enthalten.<\/li>\n<li>Laktosefrei und Glutenfrei.<\/li>\n<\/ul>","protected":false},"excerpt":{"rendered":"<details>\n<summary>Inhaltsstoffe<\/summary>\n<table style=\"text-align: center;\">\n<tbody>\n<tr>\n<th>Inhaltsstoffe<\/th>\n<th>pro Portion 1 Tab<\/th>\n<\/tr>\n<tr>\n<td>Caffeine<\/td>\n<td>200mg<\/td>\n<\/tr>\n<tr>\n<td colspan=\"3\"><strong>Andere Inhaltsstoffe: <\/strong>Stabilisatoren (E953, E470b, E551, E460)<\/td>\n<\/tr>\n<\/tbody>\n<\/table>\n<\/details>\n<p>&nbsp;<\/p>","protected":false},"featured_media":378,"template":"","meta":[],"product_cat":[310,217],"product_tag":[315,163],"class_list":{"0":"post-377","1":"product","2":"type-product","3":"status-publish","4":"has-post-thumbnail","6":"product_cat-performance-and-endurance","7":"product_cat-pre-workout-energy","8":"product_tag-performance-and-endurance","9":"product_tag-weight-control-metabolism","11":"first","12":"instock","13":"taxable","14":"shipping-taxable","15":"purchasable","16":"product-type-simple"},"aioseo_notices":[],"_links":{"self":[{"href":"https:\/\/www.selfprotein.com\/de\/wp-json\/wp\/v2\/product\/377"}],"collection":[{"href":"https:\/\/www.selfprotein.com\/de\/wp-json\/wp\/v2\/product"}],"about":[{"href":"https:\/\/www.selfprotein.com\/de\/wp-json\/wp\/v2\/types\/product"}],"wp:featuredmedia":[{"embeddable":true,"href":"https:\/\/www.selfprotein.com\/de\/wp-json\/wp\/v2\/media\/378"}],"wp:attachment":[{"href":"https:\/\/www.selfprotein.com\/de\/wp-json\/wp\/v2\/media?parent=377"}],"wp:term":[{"taxonomy":"product_cat","embeddable":true,"href":"https:\/\/www.selfprotein.com\/de\/wp-json\/wp\/v2\/product_cat?post=377"},{"taxonomy":"product_tag","embeddable":true,"href":"https:\/\/www.selfprotein.com\/de\/wp-json\/wp\/v2\/product_tag?post=377"}],"curies":[{"name":"wp","href":"https:\/\/api.w.org\/{rel}","templated":true}]}}