{"id":380,"date":"2023-11-27T13:03:57","date_gmt":"2023-11-27T12:03:57","guid":{"rendered":"https:\/\/34.88.231.180\/product\/calcium-pyruvate\/"},"modified":"2026-04-01T00:00:09","modified_gmt":"2026-03-31T22:00:09","slug":"calcium-pyruvate","status":"publish","type":"product","link":"https:\/\/www.selfprotein.com\/de\/produkt\/calcium-pyruvate\/","title":{"rendered":"Calcium Pyruvate"},"content":{"rendered":"<p style=\"text-align: left;\" align=\"center\"><strong><span lang=\"en-US\">Calcium Pyruvate<\/span><\/strong><\/p>\n<p><span lang=\"en-US\">Calciumpyruvat ist eine Form von Pyruvat, einer nat\u00fcrlichen Verbindung, die im K\u00f6rper als Zwischenprodukt des Energiestoffwechsels entsteht. Nahrungserg\u00e4nzungsmittel mit Calciumpyruvat enthalten diese Substanz in konzentrierter Form.<\/span><\/p>\n<p><span lang=\"en-US\">Hier sind die m\u00f6glichen Vorteile der Einnahme von Calciumpyruvat:<\/span><\/p>\n<ul>\n<li><strong><span lang=\"en-US\">Unterst\u00fctzung des Energiestoffwechsels:<\/span><\/strong><span lang=\"en-US\"> Calciumpyruvat ist eine konzentrierte Form von Pyruvat, einer nat\u00fcrlichen Verbindung, die am Kohlenhydrat- und Fettstoffwechsel beteiligt ist. Dies tr\u00e4gt zur Energieproduktion in den Zellen bei. Nahrungserg\u00e4nzungsmittel mit Calciumpyruvat k\u00f6nnen den Energiestoffwechsel wertvoll unterst\u00fctzen und zus\u00e4tzliche Energie bei k\u00f6rperlicher Aktivit\u00e4t und Erholung liefern.<\/span><\/li>\n<li><strong><span lang=\"en-US\">Potenzielle Leistungsverbesserung:<\/span><\/strong><span lang=\"en-US\"> J\u00fcngste Forschungsergebnisse deuten darauf hin, dass die Aufnahme von Kalziumpyruvat positive Auswirkungen auf die k\u00f6rperliche Leistungsf\u00e4higkeit haben kann. Dies k\u00f6nnte zu mehr Ausdauer und Durchhalteverm\u00f6gen bei sportlichen Aktivit\u00e4ten f\u00fchren und es den Sportlern erm\u00f6glichen, \u00fcber ihre Grenzen hinauszugehen.<\/span><\/li>\n<li><strong><span lang=\"en-US\">M\u00f6glicher Gewichtsverlust-Effekt:<\/span><\/strong><span lang=\"en-US\"> Einige Studien haben gezeigt, dass Kalziumpyruvat die Gewichtsabnahme positiv beeinflussen kann. Dies geschieht durch einen erh\u00f6hten Stoffwechsel und die F\u00f6rderung der Fettverbrennung. Kalziumpyruvat-Erg\u00e4nzungen k\u00f6nnen daher f\u00fcr diejenigen n\u00fctzlich sein, die ihr Ziel der Gewichtsabnahme effektiv erreichen wollen.<\/span><\/li>\n<\/ul>\n<p>&nbsp;<\/p>\n<p><span lang=\"en-US\">Es ist wichtig zu beachten, dass die Wirkungen von Person zu Person variieren k\u00f6nnen, und es wird immer empfohlen, einen Arzt zu konsultieren, bevor man mit einer Nahrungserg\u00e4nzungskur beginnt.<\/span><\/p>\n<p><strong><span lang=\"en-US\">Empfohlene Verwendung<\/span><\/strong><\/p>\n<p><span lang=\"en-US\">Maximal 3 Kapseln pro Tag.<\/span><\/p>\n<p><strong>Hinweis:<\/strong><\/p>\n<ul>\n<li>Nur f\u00fcr Erwachsene und ersetzt nicht eine abwechslungsreiche, ausgewogene Ern\u00e4hrung und eine gesunde Lebensweise.<\/li>\n<li>\u00dcberschreiten Sie nicht die empfohlene Dosis.<\/li>\n<li>Verwenden Sie es nicht w\u00e4hrend der Stillzeit, Schwangerschaft Perioden ohne R\u00fccksprache mit dem Arzt.<\/li>\n<li>Lagern Sie das Produkt an einem k\u00fchlen, trockenen Ort in einer gut verschlossenen Verpackung au\u00dferhalb der Reichweite von Kindern unter 3 Jahren.<\/li>\n<li>Kann Spuren von Hafer, Ei und Soja enthalten.<\/li>\n<li>Laktosefrei und Glutenfrei.<\/li>\n<\/ul>","protected":false},"excerpt":{"rendered":"<details>\n<summary>Inhaltsstoffe<\/summary>\n<table style=\"text-align: center;\">\n<tbody>\n<tr>\n<th>Inhaltsstoffe<\/th>\n<th>pro 3 cps<\/th>\n<th>%NRV*<\/th>\n<\/tr>\n<tr>\n<td>Calcium Pyruvate<\/td>\n<td>1800mg<\/td>\n<td><\/td>\n<\/tr>\n<tr>\n<td>davon<\/td>\n<td><\/td>\n<td><\/td>\n<\/tr>\n<tr>\n<td>Kalzium<\/td>\n<td>360mg<\/td>\n<td>45<\/td>\n<\/tr>\n<tr>\n<td>Pyruvat<\/td>\n<td>1440mg<\/td>\n<td><\/td>\n<\/tr>\n<tr>\n<td colspan=\"3\"><strong>Andere Inhaltsstoffe: <\/strong>Stabilisierungsmittel (E460, E470b) vegane Kapsel (E1204)<\/td>\n<\/tr>\n<tr>\n<td colspan=\"3\">*Ern\u00e4hrungsbezogener Referenzwert<\/td>\n<\/tr>\n<\/tbody>\n<\/table>\n<\/details>\n<p>&nbsp;<\/p>","protected":false},"featured_media":381,"template":"","meta":[],"product_cat":[312,214],"product_tag":[314,258],"class_list":{"0":"post-380","1":"product","2":"type-product","3":"status-publish","4":"has-post-thumbnail","6":"product_cat-health-and-wellness","7":"product_cat-vitamins-wellness","8":"product_tag-health-and-wellness","9":"product_tag-vitamins-wellness","11":"first","12":"instock","13":"taxable","14":"shipping-taxable","15":"purchasable","16":"product-type-simple"},"aioseo_notices":[],"_links":{"self":[{"href":"https:\/\/www.selfprotein.com\/de\/wp-json\/wp\/v2\/product\/380"}],"collection":[{"href":"https:\/\/www.selfprotein.com\/de\/wp-json\/wp\/v2\/product"}],"about":[{"href":"https:\/\/www.selfprotein.com\/de\/wp-json\/wp\/v2\/types\/product"}],"wp:featuredmedia":[{"embeddable":true,"href":"https:\/\/www.selfprotein.com\/de\/wp-json\/wp\/v2\/media\/381"}],"wp:attachment":[{"href":"https:\/\/www.selfprotein.com\/de\/wp-json\/wp\/v2\/media?parent=380"}],"wp:term":[{"taxonomy":"product_cat","embeddable":true,"href":"https:\/\/www.selfprotein.com\/de\/wp-json\/wp\/v2\/product_cat?post=380"},{"taxonomy":"product_tag","embeddable":true,"href":"https:\/\/www.selfprotein.com\/de\/wp-json\/wp\/v2\/product_tag?post=380"}],"curies":[{"name":"wp","href":"https:\/\/api.w.org\/{rel}","templated":true}]}}