{"id":383,"date":"2023-11-27T13:04:01","date_gmt":"2023-11-27T12:04:01","guid":{"rendered":"https:\/\/34.88.231.180\/product\/carnitine\/"},"modified":"2026-05-01T00:23:40","modified_gmt":"2026-04-30T22:23:40","slug":"l-carnitine","status":"publish","type":"product","link":"https:\/\/www.selfprotein.com\/de\/produkt\/l-carnitine\/","title":{"rendered":"L-Carnitine"},"content":{"rendered":"<p style=\"text-align: left;\" align=\"center\"><strong>L-Carnitine<\/strong><\/p>\n<p><span lang=\"en-US\">Erforschen Sie die entscheidende Rolle von L-Carnitin, einem essenziellen Aminos\u00e4urederivat im Fettstoffwechsel, das eine grundlegende Rolle beim Transport von Fetts\u00e4uren in die Mitochondrien spielt, wo sie in Energie f\u00fcr den K\u00f6rper umgewandelt werden. L-Carnitin, das in der Natur vorkommt und auch aus Nahrungsmitteln wie rotem Fleisch, Fisch und Milchprodukten gewonnen werden kann, ist in Lebensmitteln oder weit verbreiteten Nahrungserg\u00e4nzungsmitteln enthalten und wird zu verschiedenen Zwecken eingesetzt, u. a. zur Steigerung der sportlichen Leistung, zur F\u00f6rderung der Gewichtsabnahme und zur Unterst\u00fctzung der kognitiven Funktionen.<\/span><\/p>\n<p><span lang=\"en-US\">Vorteile der L-Carnitin-Supplementierung:<\/span><\/p>\n<ul>\n<li><strong><span lang=\"en-US\">Verbesserte k\u00f6rperliche Leistungsf\u00e4higkeit<\/span><\/strong><span lang=\"en-US\"><strong>:<\/strong> Eine Supplementierung mit L-Carnitin kann die Ausdauer erh\u00f6hen und die Erm\u00fcdung w\u00e4hrend des Trainings verringern, indem es die Nutzung von Fetten als Energiequelle optimiert und so die k\u00f6rperliche Leistungsf\u00e4higkeit steigert.<\/span><\/li>\n<li><strong><span lang=\"en-US\">Gewichtsverlust:<\/span><\/strong><span lang=\"en-US\"> L-Carnitin-Nahrungserg\u00e4nzungsmittel k\u00f6nnen den Fettstoffwechsel anregen und den Appetit reduzieren, was den Abnehmprozess erleichtert und eine zus\u00e4tzliche Unterst\u00fctzung bei der Gewichtskontrolle bietet.<\/span><\/li>\n<li><strong><span lang=\"en-US\">Verbesserung der kognitiven Funktionen:<\/span><\/strong><span lang=\"en-US\"> L-Carnitin kann sich positiv auf die Gehirnfunktion auswirken und dazu beitragen, die Konzentration und das Ged\u00e4chtnis zu verbessern, vor allem bei \u00e4lteren Erwachsenen, und so zur Erhaltung der geistigen Beweglichkeit beitragen.<\/span><\/li>\n<li><strong><span lang=\"en-US\">Verbesserung der Herzgesundheit:<\/span><\/strong><span lang=\"en-US\"> Eine Nahrungserg\u00e4nzung mit L-Carnitin kann die Herzfunktion verbessern und das Risiko von Herz-Kreislauf-Erkrankungen verringern und so die allgemeine Gesundheit des Herzens und des Kreislaufsystems unterst\u00fctzen.<\/span><\/li>\n<\/ul>\n<p>&nbsp;<\/p>\n<p><strong><span lang=\"en-US\">Empfohlene Verwendung<\/span><\/strong><\/p>\n<p><span lang=\"en-US\">2 Kapseln w\u00e4hrend des Tages oder 30-45 Minuten vor dem Training.<\/span><\/p>\n<p><strong>Hinweis:<\/strong><\/p>\n<ul>\n<li>Nur f\u00fcr Erwachsene und ersetzt nicht eine abwechslungsreiche, ausgewogene Ern\u00e4hrung und eine gesunde Lebensweise.<\/li>\n<li>\u00dcberschreiten Sie nicht die empfohlene Dosis.<\/li>\n<li>Verwenden Sie es nicht w\u00e4hrend der Stillzeit, Schwangerschaft Perioden ohne R\u00fccksprache mit dem Arzt.<\/li>\n<li>Lagern Sie das Produkt an einem k\u00fchlen, trockenen Ort in einer gut verschlossenen Verpackung au\u00dferhalb der Reichweite von Kindern unter 3 Jahren.<\/li>\n<li>Kann Spuren von Milch, Hafer, Ei und Soja enthalten.<\/li>\n<li>Laktosefrei und Glutenfrei.<\/li>\n<\/ul>","protected":false},"excerpt":{"rendered":"<details>\n<summary>Inhaltsstoffe<\/summary>\n<table style=\"text-align: center;\">\n<tbody>\n<tr>\n<th>Inhaltsstoffe<\/th>\n<th>pro 2 cps<\/th>\n<\/tr>\n<tr>\n<td>L-Carnitin-Tartrat<\/td>\n<td>1000mg<\/td>\n<\/tr>\n<tr>\n<td colspan=\"2\"><strong>Andere Inhaltsstoffe: <\/strong>Stabilisierungsmittel (E460, E470b, E551), vegane Kapsel (E1204)<\/td>\n<\/tr>\n<\/tbody>\n<\/table>\n<\/details>\n<p>&nbsp;<\/p>","protected":false},"featured_media":384,"template":"","meta":[],"product_cat":[155,309],"product_tag":[163,319],"class_list":{"0":"post-383","1":"product","2":"type-product","3":"status-publish","4":"has-post-thumbnail","6":"product_cat-weight-control-metabolism","7":"product_cat-weight-management-and-definition","8":"product_tag-weight-control-metabolism","9":"product_tag-weight-management-and-definition","11":"first","12":"instock","13":"taxable","14":"shipping-taxable","15":"purchasable","16":"product-type-simple"},"aioseo_notices":[],"_links":{"self":[{"href":"https:\/\/www.selfprotein.com\/de\/wp-json\/wp\/v2\/product\/383"}],"collection":[{"href":"https:\/\/www.selfprotein.com\/de\/wp-json\/wp\/v2\/product"}],"about":[{"href":"https:\/\/www.selfprotein.com\/de\/wp-json\/wp\/v2\/types\/product"}],"wp:featuredmedia":[{"embeddable":true,"href":"https:\/\/www.selfprotein.com\/de\/wp-json\/wp\/v2\/media\/384"}],"wp:attachment":[{"href":"https:\/\/www.selfprotein.com\/de\/wp-json\/wp\/v2\/media?parent=383"}],"wp:term":[{"taxonomy":"product_cat","embeddable":true,"href":"https:\/\/www.selfprotein.com\/de\/wp-json\/wp\/v2\/product_cat?post=383"},{"taxonomy":"product_tag","embeddable":true,"href":"https:\/\/www.selfprotein.com\/de\/wp-json\/wp\/v2\/product_tag?post=383"}],"curies":[{"name":"wp","href":"https:\/\/api.w.org\/{rel}","templated":true}]}}