{"id":386,"date":"2023-11-27T13:04:05","date_gmt":"2023-11-27T12:04:05","guid":{"rendered":"https:\/\/34.88.231.180\/product\/carnitine-1000\/"},"modified":"2026-04-01T00:00:09","modified_gmt":"2026-03-31T22:00:09","slug":"l-carnitine-1000","status":"publish","type":"product","link":"https:\/\/www.selfprotein.com\/de\/produkt\/l-carnitine-1000\/","title":{"rendered":"L-Carnitine 1000"},"content":{"rendered":"<p style=\"text-align: left;\" align=\"center\"><strong><span lang=\"en-US\">L-Carnitine 1000<\/span><\/strong><\/p>\n<p><span lang=\"en-US\">Entdecken Sie die grundlegende Rolle von L-Carnitin, einem in der Natur vorkommenden Aminos\u00e4urederivat, das am Fettstoffwechsel und am Transport von Fetts\u00e4uren in die Mitochondrien beteiligt ist, wo sie als Energiequelle f\u00fcr den K\u00f6rper genutzt werden. L-Carnitin, das in geringen Mengen vom K\u00f6rper produziert wird und in Nahrungsmitteln wie rotem Fleisch, Fisch und Milchprodukten enthalten ist, ist auch in Form von Nahrungserg\u00e4nzungsmitteln weit verbreitet und wird zur Steigerung der k\u00f6rperlichen Leistungsf\u00e4higkeit, zur F\u00f6rderung der Gewichtsabnahme und zur Unterst\u00fctzung der kognitiven Gesundheit eingesetzt.<\/span><\/p>\n<p><span lang=\"en-US\">Vorteile von L-Carnitin:<\/span><\/p>\n<ul>\n<li><strong><span lang=\"en-US\">Verbesserte k\u00f6rperliche Leistungsf\u00e4higkeit:<\/span><\/strong><span lang=\"en-US\"> Indem Sie L-Carnitin in Ihre Ern\u00e4hrung integrieren, k\u00f6nnen Sie Ihre Ausdauer steigern und Erm\u00fcdungserscheinungen beim Sport verringern, da es die Nutzung von Fetten als prim\u00e4re Energiequelle f\u00f6rdert.<\/span><\/li>\n<li><strong><span lang=\"en-US\">Gewichtsverlust:<\/span><\/strong><span lang=\"en-US\"> L-Carnitin-Nahrungserg\u00e4nzungsmittel k\u00f6nnen den Fettstoffwechsel anregen und den Appetit verringern und so die Bem\u00fchungen um Gewichtsabnahme und Appetitkontrolle unterst\u00fctzen.<\/span><\/li>\n<li><strong><span lang=\"en-US\">Verbesserung der kognitiven Funktionen:<\/span><\/strong><span lang=\"en-US\"> L-Carnitin kann sich positiv auf die Gesundheit des Gehirns auswirken, indem es die kognitiven Funktionen verbessert, insbesondere bei \u00e4lteren Erwachsenen, und so dazu beitr\u00e4gt, dass der Geist scharf und aktiv bleibt.<\/span><\/li>\n<li><strong><span lang=\"en-US\">Verbesserung der Herzgesundheit:<\/span><\/strong><span lang=\"en-US\"> Die Aufnahme von L-Carnitin in die Ern\u00e4hrung kann dazu beitragen, die Herzfunktion zu verbessern und das Risiko von Herz-Kreislauf-Erkrankungen zu verringern, was sich positiv auf die Gesundheit des Herzens und des Kreislaufsystems auswirkt.<\/span><\/li>\n<\/ul>\n<p>&nbsp;<\/p>\n<p><span lang=\"en-US\">L-Carnitin-Nahrungserg\u00e4nzungsmittel sind in verschiedenen Formen erh\u00e4ltlich, darunter Kapseln, Tabletten und Fl\u00fcssigkeiten, und bieten eine bequeme M\u00f6glichkeit, die zahlreichen Vorteile zu nutzen, die diese Aminos\u00e4ure f\u00fcr Ihre Gesundheit und Ihr allgemeines Wohlbefinden bringen kann.<\/span><\/p>\n<p><strong><span lang=\"en-US\">Empfohlene Verwendung<\/span><\/strong><\/p>\n<p><span lang=\"en-US\">1 Tablette w\u00e4hrend des Tages oder 30-45 Minuten vor dem Training.<\/span><\/p>\n<p><strong>Hinweis:<\/strong><\/p>\n<ul>\n<li>Nur f\u00fcr Erwachsene und ersetzt nicht eine abwechslungsreiche, ausgewogene Ern\u00e4hrung und eine gesunde Lebensweise.<\/li>\n<li>\u00dcberschreiten Sie nicht die empfohlene Dosis.<\/li>\n<li>Verwenden Sie es nicht w\u00e4hrend der Stillzeit, Schwangerschaft Perioden ohne R\u00fccksprache mit dem Arzt.<\/li>\n<li>Lagern Sie das Produkt an einem k\u00fchlen, trockenen Ort in einer gut verschlossenen Verpackung au\u00dferhalb der Reichweite von Kindern unter 3 Jahren.<\/li>\n<li>Kann Spuren von Milch, Hafer, Ei und Soja enthalten.<\/li>\n<li>Laktosefrei und Glutenfrei.<\/li>\n<\/ul>","protected":false},"excerpt":{"rendered":"<details>\n<summary>Inhaltsstoffe<\/summary>\n<table style=\"text-align: center;\">\n<tbody>\n<tr>\n<th>Inhaltsstoffe<\/th>\n<th>pro 1 Tab<\/th>\n<\/tr>\n<tr>\n<td>L-Carnitin-Tartrat<\/td>\n<td>1000mg<\/td>\n<\/tr>\n<tr>\n<td colspan=\"2\"><strong>Andere Inhaltsstoffe: <\/strong>Stabilisierungsmittel (E460, E470b, E551)<\/td>\n<\/tr>\n<\/tbody>\n<\/table>\n<\/details>\n<p>&nbsp;<\/p>","protected":false},"featured_media":387,"template":"","meta":[],"product_cat":[155,309],"product_tag":[163,319],"class_list":{"0":"post-386","1":"product","2":"type-product","3":"status-publish","4":"has-post-thumbnail","6":"product_cat-weight-control-metabolism","7":"product_cat-weight-management-and-definition","8":"product_tag-weight-control-metabolism","9":"product_tag-weight-management-and-definition","11":"first","12":"instock","13":"taxable","14":"shipping-taxable","15":"purchasable","16":"product-type-simple"},"aioseo_notices":[],"_links":{"self":[{"href":"https:\/\/www.selfprotein.com\/de\/wp-json\/wp\/v2\/product\/386"}],"collection":[{"href":"https:\/\/www.selfprotein.com\/de\/wp-json\/wp\/v2\/product"}],"about":[{"href":"https:\/\/www.selfprotein.com\/de\/wp-json\/wp\/v2\/types\/product"}],"wp:featuredmedia":[{"embeddable":true,"href":"https:\/\/www.selfprotein.com\/de\/wp-json\/wp\/v2\/media\/387"}],"wp:attachment":[{"href":"https:\/\/www.selfprotein.com\/de\/wp-json\/wp\/v2\/media?parent=386"}],"wp:term":[{"taxonomy":"product_cat","embeddable":true,"href":"https:\/\/www.selfprotein.com\/de\/wp-json\/wp\/v2\/product_cat?post=386"},{"taxonomy":"product_tag","embeddable":true,"href":"https:\/\/www.selfprotein.com\/de\/wp-json\/wp\/v2\/product_tag?post=386"}],"curies":[{"name":"wp","href":"https:\/\/api.w.org\/{rel}","templated":true}]}}