{"id":389,"date":"2023-11-27T13:04:09","date_gmt":"2023-11-27T12:04:09","guid":{"rendered":"https:\/\/34.88.231.180\/product\/carnitine-liquid\/"},"modified":"2026-04-14T12:18:32","modified_gmt":"2026-04-14T10:18:32","slug":"carnitine-liquid","status":"publish","type":"product","link":"https:\/\/www.selfprotein.com\/de\/produkt\/carnitine-liquid\/","title":{"rendered":"Carnitine Liquid"},"content":{"rendered":"<p style=\"text-align: left;\" align=\"center\"><strong><span lang=\"en-US\">Carnitine Liquid<\/span><\/strong><\/p>\n<p><span lang=\"en-US\">Erkunden Sie die grundlegende Rolle von L-Carnitin, einem Aminos\u00e4urederivat, das am Fettstoffwechsel und am Transport von Fetts\u00e4uren in die Mitochondrien beteiligt ist, wo sie als Energiequelle f\u00fcr den K\u00f6rper genutzt werden. L-Carnitin ist sowohl \u00fcber die Nahrung (z. B. rotes Fleisch, Fisch und Milchprodukte) als auch \u00fcber Nahrungserg\u00e4nzungsmittel erh\u00e4ltlich und wird h\u00e4ufig zur Steigerung der sportlichen Leistung, zur Gewichtsabnahme und zur Verbesserung der kognitiven Funktionen eingesetzt.<\/span><\/p>\n<p><span lang=\"en-US\">Vorteile von fl\u00fcssigem L-Carnitin:<\/span><\/p>\n<ul>\n<li><strong><span lang=\"en-US\">Schnelle Absorption<\/span><\/strong><span lang=\"en-US\"><strong>:<\/strong> Die fl\u00fcssige Form von L-Carnitin erm\u00f6glicht eine schnellere Absorption im K\u00f6rper, so dass die Vorteile im Vergleich zu anderen Formen von Nahrungserg\u00e4nzungsmitteln schneller zum Tragen kommen.<\/span><\/li>\n<li><strong><span lang=\"en-US\">H\u00f6here Bioverf\u00fcgbarkeit:<\/span><\/strong><span lang=\"en-US\"> Fl\u00fcssiges L-Carnitin kann im Vergleich zu Kapseln oder Tabletten eine h\u00f6here Bioverf\u00fcgbarkeit aufweisen, wodurch sichergestellt wird, dass eine gr\u00f6\u00dfere Menge der Substanz in den Blutkreislauf gelangt und vom K\u00f6rper verwertet werden kann.<\/span><\/li>\n<li><strong><span lang=\"en-US\">Flexibilit\u00e4t bei der Dosierung:<\/span><\/strong><span lang=\"en-US\"> Mit fl\u00fcssigem L-Carnitin ist es einfacher, die Dosierung an den individuellen Bedarf anzupassen, was eine bessere Kontrolle \u00fcber die t\u00e4gliche Einnahme der Substanz erm\u00f6glicht.<\/span><\/li>\n<li><strong><span lang=\"en-US\">Bequemlichkeit:<\/span><\/strong><span lang=\"en-US\"> Fl\u00fcssiges L-Carnitin kann leicht mit Getr\u00e4nken gemischt oder Smoothies zugef\u00fcgt werden, was die Integration in den Tagesablauf bequemer und angenehmer macht.<\/span><\/li>\n<li><strong><span lang=\"en-US\">Vielseitigkeit:<\/span><\/strong><span lang=\"en-US\"> Dank seiner fl\u00fcssigen Form kann L-Carnitin leicht mit anderen Nahrungserg\u00e4nzungsmitteln oder Getr\u00e4nken gemischt werden, um ein vollst\u00e4ndiges und individuelles Ern\u00e4hrungsprofil zu erhalten.<\/span><\/li>\n<\/ul>\n<p>&nbsp;<\/p>\n<p><span lang=\"en-US\">Mit fl\u00fcssigem L-Carnitin k\u00f6nnen Sie alle Vorteile dieser wichtigen Aminos\u00e4ure schnell, effektiv und bequem nutzen und so Ihre allgemeine Gesundheit sowie Ihr k\u00f6rperliches und geistiges Wohlbefinden unterst\u00fctzen.<\/span><\/p>\n<p><strong><span lang=\"en-US\">Empfohlene Verwendung<\/span><\/strong><\/p>\n<p><span lang=\"en-US\">1 Dosis w\u00e4hrend des Tages oder 30-45 Minuten vor dem Training.<\/span><\/p>\n<p><strong>Hinweis:<\/strong><\/p>\n<ul>\n<li>Nur f\u00fcr Erwachsene und ersetzt nicht eine abwechslungsreiche, ausgewogene Ern\u00e4hrung und eine gesunde Lebensweise.<\/li>\n<li>\u00dcberschreiten Sie nicht die empfohlene Dosis.<\/li>\n<li>Verwenden Sie es nicht w\u00e4hrend der Stillzeit, Schwangerschaft Perioden ohne R\u00fccksprache mit dem Arzt.<\/li>\n<li>Lagern Sie das Produkt an einem k\u00fchlen, trockenen Ort in einer gut verschlossenen Verpackung au\u00dferhalb der Reichweite von Kindern unter 3 Jahren.<\/li>\n<li>Kann Spuren von Milch, Hafer, Ei und Soja enthalten.<\/li>\n<li>Laktosefrei und Glutenfrei.<\/li>\n<\/ul>","protected":false},"excerpt":{"rendered":"<details>\n<summary>Inhaltsstoffe<\/summary>\n<table style=\"text-align: center;\">\n<tbody>\n<tr>\n<th>Inhaltsstoffe<\/th>\n<th>pro 100ml<\/th>\n<th>pro Portion 10ml<\/th>\n<\/tr>\n<tr>\n<td>L-Carnitine<\/td>\n<td>10000mg<\/td>\n<td>1000mg<\/td>\n<\/tr>\n<tr>\n<td colspan=\"3\"><strong>Andere Inhaltsstoffe: <\/strong>Wasser, S\u00e4ureregulator (E330), Konservierungsmittel (E211, E202), Aromastoffe, S\u00fc\u00dfstoff (E955)<\/td>\n<\/tr>\n<\/tbody>\n<\/table>\n<\/details>\n<p>&nbsp;<\/p>","protected":false},"featured_media":390,"template":"","meta":[],"product_cat":[155,309],"product_tag":[163,319],"class_list":{"0":"post-389","1":"product","2":"type-product","3":"status-publish","4":"has-post-thumbnail","6":"product_cat-weight-control-metabolism","7":"product_cat-weight-management-and-definition","8":"product_tag-weight-control-metabolism","9":"product_tag-weight-management-and-definition","11":"first","12":"instock","13":"taxable","14":"shipping-taxable","15":"purchasable","16":"product-type-simple"},"aioseo_notices":[],"_links":{"self":[{"href":"https:\/\/www.selfprotein.com\/de\/wp-json\/wp\/v2\/product\/389"}],"collection":[{"href":"https:\/\/www.selfprotein.com\/de\/wp-json\/wp\/v2\/product"}],"about":[{"href":"https:\/\/www.selfprotein.com\/de\/wp-json\/wp\/v2\/types\/product"}],"wp:featuredmedia":[{"embeddable":true,"href":"https:\/\/www.selfprotein.com\/de\/wp-json\/wp\/v2\/media\/390"}],"wp:attachment":[{"href":"https:\/\/www.selfprotein.com\/de\/wp-json\/wp\/v2\/media?parent=389"}],"wp:term":[{"taxonomy":"product_cat","embeddable":true,"href":"https:\/\/www.selfprotein.com\/de\/wp-json\/wp\/v2\/product_cat?post=389"},{"taxonomy":"product_tag","embeddable":true,"href":"https:\/\/www.selfprotein.com\/de\/wp-json\/wp\/v2\/product_tag?post=389"}],"curies":[{"name":"wp","href":"https:\/\/api.w.org\/{rel}","templated":true}]}}