{"id":402,"date":"2023-11-27T13:04:34","date_gmt":"2023-11-27T12:04:34","guid":{"rendered":"https:\/\/34.88.231.180\/product\/cassien-slow-release\/"},"modified":"2026-04-01T00:00:10","modified_gmt":"2026-03-31T22:00:10","slug":"casein-slow-release","status":"publish","type":"product","link":"https:\/\/www.selfprotein.com\/de\/produkt\/casein-slow-release\/","title":{"rendered":"Casein Slow Release"},"content":{"rendered":"<p><strong>Casein Slow Release<\/strong><\/p>\n<p><strong>Das Protein, das wirkt, w\u00e4hrend Sie schlafen.<\/strong><\/p>\n<p>Mizellares Kasein ist ein vollst\u00e4ndiges Milchprotein, das sich durch eine allm\u00e4hliche Freisetzung von Aminos\u00e4uren auszeichnet. Dank seiner besonderen Struktur bildet es im Magen ein Gel, das die Verdauung verlangsamt und eine konstante Versorgung mit N\u00e4hrstoffen \u00fcber einen l\u00e4ngeren Zeitraum gew\u00e4hrleistet. Es ist der ideale Verb\u00fcndete f\u00fcr alle, die die Muskelerholung optimieren und die Muskelmasse w\u00e4hrend langer Fastenperioden, z. B. w\u00e4hrend des Schlafs, erhalten wollen.<\/p>\n<p><strong>Warum es Ihnen gefallen wird:<\/strong><\/p>\n<ul>\n<li><strong>Verl\u00e4ngerte Freisetzung von N\u00e4hrstoffen<\/strong>: sorgt f\u00fcr eine konstante Versorgung mit Aminos\u00e4uren und optimiert so langfristig die Erholung und das Wachstum der Muskeln.<\/li>\n<li><strong>Vollst\u00e4ndiges Eiwei\u00df<\/strong>: enth\u00e4lt alle essentiellen Aminos\u00e4uren f\u00fcr den Erhalt der Muskelmasse.<\/li>\n<li><strong>Perfekt f\u00fcr den Abend<\/strong>Ideal vor dem Schlafengehen oder zwischen den Hauptmahlzeiten, um den Eiwei\u00dfhaushalt \u00fcber den Tag hinweg konstant zu halten.<\/li>\n<li><strong>Quelle f\u00fcr nat\u00fcrliches Kalzium<\/strong>: n\u00fctzlich f\u00fcr die Gesundheit der Knochen und die Muskelfunktion.<\/li>\n<li><strong>Verl\u00e4ngert das S\u00e4ttigungsgef\u00fchl<\/strong>: Die langsame Verdauung tr\u00e4gt dazu bei, das S\u00e4ttigungsgef\u00fchl aufrechtzuerhalten - ideal f\u00fcr alle, die versuchen, ihr Gewicht zu halten oder zu kontrollieren.<\/li>\n<\/ul>\n<p>&nbsp;<\/p>\n<p><strong>Empfohlene Dosis<\/strong><\/p>\n<p>Mischen Sie <strong>30 g<\/strong> (etwa 1 Messl\u00f6ffel) mit <strong>300 ml Wasser<\/strong> in einem Sch\u00fcttler.<\/p>\n<p>Perfekt f\u00fcr die n\u00e4chtliche Erholung, damit Ihre Muskeln arbeiten, w\u00e4hrend Sie sich ausruhen.<\/p>\n<p><strong>Hinweis<\/strong><\/p>\n<ul>\n<li>Nur f\u00fcr Erwachsene.<\/li>\n<li>Sie sind kein Ersatz f\u00fcr eine abwechslungsreiche, ausgewogene Ern\u00e4hrung und eine gesunde Lebensweise.<\/li>\n<li>\u00dcberschreiten Sie nicht die empfohlene Dosis.<\/li>\n<li>Konsultieren Sie Ihren Arzt w\u00e4hrend der Schwangerschaft oder der Stillzeit.<\/li>\n<li>K\u00fchl, trocken und vor direktem Licht gesch\u00fctzt lagern.<\/li>\n<li>Kann Spuren von Hafer, Eiern und Soja enthalten.<\/li>\n<li><strong>Glutenfrei<\/strong>.<\/li>\n<\/ul>\n<p>&nbsp;<\/p>\n<p><strong>Ideal f\u00fcr: diejenigen, die eine konstante Proteinzufuhr w\u00e4hrend der Nacht oder w\u00e4hrend l\u00e4ngerer Fastenperioden w\u00fcnschen.<\/strong><\/p>","protected":false},"excerpt":{"rendered":"<p>Casein Slow Release Das Protein, das wirkt, w\u00e4hrend Sie schlafen. Mizellares Casein ist ein vollst\u00e4ndiges Milchprotein, das sich durch eine langsame Freisetzung von Aminos\u00e4uren auszeichnet. Dank seiner besonderen Struktur bildet es im Magen ein Gel, das die Verdauung verlangsamt und eine konstante N\u00e4hrstoffzufuhr \u00fcber einen l\u00e4ngeren Zeitraum gew\u00e4hrleistet. Es ist das ideale [...]<\/p>","protected":false},"featured_media":404,"template":"","meta":[],"product_cat":[158,311],"product_tag":[18,317],"class_list":{"0":"post-402","1":"product","2":"type-product","3":"status-publish","4":"has-post-thumbnail","6":"product_cat-proteins","7":"product_cat-recovery-and-regeneration","8":"product_tag-proteins","9":"product_tag-recovery-and-regeneration","11":"first","12":"instock","13":"taxable","14":"shipping-taxable","15":"purchasable","16":"product-type-variable"},"aioseo_notices":[],"_links":{"self":[{"href":"https:\/\/www.selfprotein.com\/de\/wp-json\/wp\/v2\/product\/402"}],"collection":[{"href":"https:\/\/www.selfprotein.com\/de\/wp-json\/wp\/v2\/product"}],"about":[{"href":"https:\/\/www.selfprotein.com\/de\/wp-json\/wp\/v2\/types\/product"}],"wp:featuredmedia":[{"embeddable":true,"href":"https:\/\/www.selfprotein.com\/de\/wp-json\/wp\/v2\/media\/404"}],"wp:attachment":[{"href":"https:\/\/www.selfprotein.com\/de\/wp-json\/wp\/v2\/media?parent=402"}],"wp:term":[{"taxonomy":"product_cat","embeddable":true,"href":"https:\/\/www.selfprotein.com\/de\/wp-json\/wp\/v2\/product_cat?post=402"},{"taxonomy":"product_tag","embeddable":true,"href":"https:\/\/www.selfprotein.com\/de\/wp-json\/wp\/v2\/product_tag?post=402"}],"curies":[{"name":"wp","href":"https:\/\/api.w.org\/{rel}","templated":true}]}}