{"id":408,"date":"2023-11-27T13:04:46","date_gmt":"2023-11-27T12:04:46","guid":{"rendered":"https:\/\/34.88.231.180\/product\/cdz-vitamin-c-d-and-zinc\/"},"modified":"2026-04-01T00:00:09","modified_gmt":"2026-03-31T22:00:09","slug":"cdz-vitamin-c-d-zinc","status":"publish","type":"product","link":"https:\/\/www.selfprotein.com\/de\/produkt\/cdz-vitamin-c-d-zinc\/","title":{"rendered":"CDZ \u2013 Vitamin C-D-Zinc"},"content":{"rendered":"<p style=\"text-align: left\" align=\"center\"><strong><span lang=\"en-US\">CDZ Vitamin C, D, und Zink<\/span><\/strong><\/p>\n<p><span lang=\"en-US\">Vitamin C, Vitamin D und Zink sind wichtige N\u00e4hrstoffe f\u00fcr die F\u00f6rderung der allgemeinen Gesundheit und des Wohlbefindens im menschlichen K\u00f6rper. Jeder dieser N\u00e4hrstoffe spielt eine grundlegende Rolle bei verschiedenen K\u00f6rperfunktionen und tr\u00e4gt zur Knochengesundheit, zur Funktion des Immunsystems und zum Schutz vor Antioxidantien bei. Zwar hat jeder N\u00e4hrstoff seine spezifischen Funktionen im K\u00f6rper, doch wirken sie synergetisch zusammen, um die allgemeine Gesundheit und das Wohlbefinden zu optimieren.<\/span><\/p>\n<p><span lang=\"en-US\">Produktvorteile:<\/span><\/p>\n<ul>\n<li><strong><span lang=\"en-US\">Vitamin C (Ascorbins\u00e4ure):<\/span><\/strong><\/li>\n<\/ul>\n<p><span lang=\"en-US\">- F\u00f6rdert die Kollagenproduktion, die f\u00fcr die Gesundheit von Haut und Gelenken wichtig ist.<\/span><br \/>\n<span lang=\"en-US\">- Unterst\u00fctzt die Funktion des Immunsystems und hilft bei der Bek\u00e4mpfung von Infektionen und saisonalen Krankheiten.<\/span><br \/>\n<span lang=\"en-US\">- Bietet einen antioxidativen Schutz und hilft, Sch\u00e4den durch freie Radikale im K\u00f6rper zu bek\u00e4mpfen.<\/span><\/p>\n<ul>\n<li><strong><span lang=\"en-US\">Vitamin D (\"Sonnenschein-Vitamin\"):<\/span><\/strong><\/li>\n<\/ul>\n<p><span lang=\"en-US\">- Wesentlich f\u00fcr die Gesundheit der Knochen, da es die Kalziumaufnahme im K\u00f6rper unterst\u00fctzt.<\/span><br \/>\n<span lang=\"en-US\">- Tr\u00e4gt zur Gesunderhaltung des Immunsystems bei, hilft bei der Vorbeugung von Infektionen und f\u00f6rdert die Immunantwort.<\/span><br \/>\n<span lang=\"en-US\">- Kann eine Rolle bei der Stimmungsregulierung und der Pr\u00e4vention von Depressionen spielen.<\/span><\/p>\n<ul>\n<li><strong><span lang=\"en-US\">Zinc<\/span><span lang=\"en-US\">:<\/span><\/strong><\/li>\n<\/ul>\n<p><span lang=\"en-US\">- Unterst\u00fctzt die Funktion des Immunsystems und hilft dem K\u00f6rper bei der Abwehr von Infektionen und Krankheiten.<\/span><br \/>\n<span lang=\"en-US\">- F\u00f6rdert die Wundheilung und unterst\u00fctzt den K\u00f6rper bei der Reparatur und Regeneration von besch\u00e4digtem Gewebe.<\/span><br \/>\n<span lang=\"en-US\">- Unverzichtbar f\u00fcr Wachstum und Zellteilung, tr\u00e4gt zur ordnungsgem\u00e4\u00dfen Entwicklung und Erhaltung des K\u00f6rpergewebes bei.<\/span><\/p>\n<p><span lang=\"en-US\">Eine ausreichende Zufuhr von Vitamin C, Vitamin D und Zink durch eine ausgewogene Ern\u00e4hrung ist von entscheidender Bedeutung, um die allgemeine Gesundheit zu unterst\u00fctzen und Mangelerscheinungen zu vermeiden, die zu gesundheitlichen Problemen f\u00fchren k\u00f6nnten. Bei Bedarf kann eine Supplementierung mit diesen N\u00e4hrstoffen in Betracht gezogen werden, um eine ausreichende Zufuhr sicherzustellen.<\/span><\/p>\n<p><strong><span lang=\"en-US\">Empfohlene Verwendung<\/span><\/strong><\/p>\n<p><span lang=\"en-US\">Eine Dosis (20 ml) pro Tag.<\/span><\/p>\n<p><strong>Hinweis:<\/strong><\/p>\n<ul>\n<li>Nur f\u00fcr Erwachsene und ersetzt nicht eine abwechslungsreiche, ausgewogene Ern\u00e4hrung und eine gesunde Lebensweise.<\/li>\n<li>\u00dcberschreiten Sie nicht die empfohlene Dosis.<\/li>\n<li>Verwenden Sie es nicht w\u00e4hrend der Stillzeit, Schwangerschaft Perioden ohne R\u00fccksprache mit dem Arzt.<\/li>\n<li>Lagern Sie das Produkt an einem k\u00fchlen, trockenen Ort in einer gut verschlossenen Verpackung au\u00dferhalb der Reichweite von Kindern unter 3 Jahren.<\/li>\n<li>Kann Spuren von Hafer, Milch, Ei und Soja enthalten.<\/li>\n<li>Laktosefrei und Glutenfrei.<\/li>\n<\/ul>","protected":false},"excerpt":{"rendered":"<details>\n<summary>Inhaltsstoffe<\/summary>\n<table style=\"text-align: center\">\n<tbody>\n<tr>\n<th>Inhaltsstoffe<\/th>\n<th>100 ml<\/th>\n<th>pro Portion<br \/>\n20ml<\/th>\n<th>%NRV*<br \/>\npro Portion<\/th>\n<\/tr>\n<tr>\n<td>Vitamin C<\/td>\n<td>25000mg<\/td>\n<td>1000mg<\/td>\n<td>1250<\/td>\n<\/tr>\n<tr>\n<td>Vitamin D<\/td>\n<td>1250\u03bcg<\/td>\n<td>50\u03bcg (2000ie)<\/td>\n<td>1000<\/td>\n<\/tr>\n<tr>\n<td>Zinc<\/td>\n<td>250mg<\/td>\n<td>10mg<\/td>\n<td>100<\/td>\n<\/tr>\n<tr>\n<td colspan=\"4\"><strong>Andere Inhaltsstoffe: <\/strong>Wasser, Calciumascorbat, L-Ascorbins\u00e4ure, Zink (Citrat), Vitamin D (Cholecalciferol), Konservierungsstoffe (E211, E202), Aromastoffe, S\u00fc\u00dfstoff (E995)<\/td>\n<\/tr>\n<tr>\n<td colspan=\"4\"><strong>*%NRV <\/strong>ern\u00e4hrungsphysiologischer Referenzwert<\/td>\n<\/tr>\n<\/tbody>\n<\/table>\n<\/details>\n<p>&nbsp;<\/p>","protected":false},"featured_media":409,"template":"","meta":[],"product_cat":[214],"product_tag":[258],"class_list":{"0":"post-408","1":"product","2":"type-product","3":"status-publish","4":"has-post-thumbnail","6":"product_cat-vitamins-wellness","7":"product_tag-vitamins-wellness","9":"first","10":"instock","11":"taxable","12":"shipping-taxable","13":"purchasable","14":"product-type-simple"},"aioseo_notices":[],"_links":{"self":[{"href":"https:\/\/www.selfprotein.com\/de\/wp-json\/wp\/v2\/product\/408"}],"collection":[{"href":"https:\/\/www.selfprotein.com\/de\/wp-json\/wp\/v2\/product"}],"about":[{"href":"https:\/\/www.selfprotein.com\/de\/wp-json\/wp\/v2\/types\/product"}],"wp:featuredmedia":[{"embeddable":true,"href":"https:\/\/www.selfprotein.com\/de\/wp-json\/wp\/v2\/media\/409"}],"wp:attachment":[{"href":"https:\/\/www.selfprotein.com\/de\/wp-json\/wp\/v2\/media?parent=408"}],"wp:term":[{"taxonomy":"product_cat","embeddable":true,"href":"https:\/\/www.selfprotein.com\/de\/wp-json\/wp\/v2\/product_cat?post=408"},{"taxonomy":"product_tag","embeddable":true,"href":"https:\/\/www.selfprotein.com\/de\/wp-json\/wp\/v2\/product_tag?post=408"}],"curies":[{"name":"wp","href":"https:\/\/api.w.org\/{rel}","templated":true}]}}