{"id":414,"date":"2023-11-27T13:04:54","date_gmt":"2023-11-27T12:04:54","guid":{"rendered":"https:\/\/34.88.231.180\/product\/citrulline-malate\/"},"modified":"2026-04-09T11:52:46","modified_gmt":"2026-04-09T09:52:46","slug":"citrulline-malate","status":"publish","type":"product","link":"https:\/\/www.selfprotein.com\/de\/produkt\/citrulline-malate\/","title":{"rendered":"Citrulline Malate"},"content":{"rendered":"<p style=\"text-align: left;\" align=\"center\"><strong><span lang=\"en-US\">Citrulline Malate<\/span><\/strong><\/p>\n<p><span lang=\"en-US\">Citrullinmalat ist eine Kombination aus der Aminos\u00e4ure Citrullin und organischem Apfels\u00e4uresalz. Dieses Nahrungserg\u00e4nzungsmittel wird h\u00e4ufig verwendet, um die k\u00f6rperliche Leistungsf\u00e4higkeit zu optimieren und die Erm\u00fcdung der Muskeln zu verringern, insbesondere bei hochintensivem Training. Seine pulverf\u00f6rmige Formulierung erm\u00f6glicht eine einfache Dosierung und eine schnelle Aufnahme in den K\u00f6rper.<\/span><\/p>\n<p><span lang=\"en-US\">Vorteile von Citrullin Malat:<\/span><\/p>\n<ul>\n<li><strong><span lang=\"en-US\">Bequemlichkeit des Konsums<\/span><\/strong><span lang=\"en-US\"><strong>:<\/strong> Die pulverisierte Form von Citrullinmalat macht die Supplementierung mit dem Produkt \u00e4u\u00dferst praktisch, da es schnell in Getr\u00e4nke gemischt werden kann, was die Einnahme w\u00e4hrend der t\u00e4glichen Routine oder vor k\u00f6rperlicher Aktivit\u00e4t erleichtert.<\/span><\/li>\n<li><strong><span lang=\"en-US\">Verbesserung der k\u00f6rperlichen Leistungsf\u00e4higkeit:<\/span><\/strong><span lang=\"en-US\"> Die Einnahme von Citrullinmalat-Pulver kann die Leistung bei intensiver k\u00f6rperlicher Bet\u00e4tigung steigern, da es angeblich die Durchblutung und die Produktion von Stickstoffmonoxid verbessert, was die Ausdauer und die Kraft der Muskeln erh\u00f6hen kann.<\/span><\/li>\n<li><strong><span lang=\"en-US\">Verringerung der Muskelerm\u00fcdung:<\/span><\/strong><span lang=\"en-US\"> Personen, die Citrullinmalat-Pulver konsumieren, k\u00f6nnen eine geringere Muskelerm\u00fcdung w\u00e4hrend und nach dem Training erfahren, was eine schnellere Erholung und eine gr\u00f6\u00dfere F\u00e4higkeit, intensive Trainingseinheiten durchzuhalten, erm\u00f6glicht.<\/span><\/li>\n<li><strong><span lang=\"en-US\">Schnelle Absorption:<\/span><\/strong><span lang=\"en-US\"> Die pulverisierte Form erm\u00f6glicht eine schnelle Absorption des Citrullinmalats im Organismus, so dass seine positive Wirkung auf den Blutfluss und den Kreislauf schneller eintreten kann.<\/span><\/li>\n<li><strong><span lang=\"en-US\">Anpassungsf\u00e4higkeit an den pers\u00f6nlichen Gebrauch<\/span><\/strong><span lang=\"en-US\"><strong>:<\/strong> Die M\u00f6glichkeit, die Dosis des Citrullinmalat-Pulvers anzupassen, erlaubt es dem Einzelnen, die Einnahme auf seine spezifischen Bed\u00fcrfnisse zuzuschneiden, was eine genauere Kontrolle der gew\u00fcnschten Wirkung erm\u00f6glicht.<\/span><\/li>\n<\/ul>\n<p>&nbsp;<\/p>\n<p><strong><span lang=\"en-US\">Empfohlene Verwendung<\/span><\/strong><\/p>\n<p><span lang=\"en-US\">Nehmen Sie 1 Portion etwa 30-45 Minuten vor dem Training ein.<\/span><\/p>\n<p><strong>Hinweis:<\/strong><\/p>\n<ul>\n<li>Nur f\u00fcr Erwachsene und ersetzt nicht eine abwechslungsreiche, ausgewogene Ern\u00e4hrung und eine gesunde Lebensweise.<\/li>\n<li>\u00dcberschreiten Sie nicht die empfohlene Dosis.<\/li>\n<li>Verwenden Sie es nicht w\u00e4hrend der Stillzeit, Schwangerschaft Perioden ohne R\u00fccksprache mit dem Arzt.<\/li>\n<li>Lagern Sie das Produkt an einem k\u00fchlen, trockenen Ort in einer gut verschlossenen Verpackung au\u00dferhalb der Reichweite von Kindern unter 3 Jahren.<\/li>\n<li>Kann Spuren von Milch, Hafer, Ei und Soja enthalten.<\/li>\n<li>Laktosefrei und Glutenfrei.<\/li>\n<\/ul>","protected":false},"excerpt":{"rendered":"<details>\n<summary>Inhaltsstoffe<\/summary>\n<table style=\"text-align: center;\">\n<tbody>\n<tr>\n<th>Inhaltsstoffe<\/th>\n<th>pro Portion<\/th>\n<\/tr>\n<tr>\n<td>Citrulline Malate<\/td>\n<td>3g<\/td>\n<\/tr>\n<tr>\n<td colspan=\"2\"><strong>Andere Inhaltsstoffe: <\/strong>Stabilisator (E953), Antibackmittel (E551), Antioxidationsmittel (E341), Emulgator (E470b)<\/td>\n<\/tr>\n<\/tbody>\n<\/table>\n<\/details>\n<p>&nbsp;<\/p>","protected":false},"featured_media":416,"template":"","meta":[],"product_cat":[310,217],"product_tag":[315,230],"class_list":{"0":"post-414","1":"product","2":"type-product","3":"status-publish","4":"has-post-thumbnail","6":"product_cat-performance-and-endurance","7":"product_cat-pre-workout-energy","8":"product_tag-performance-and-endurance","9":"product_tag-pre-workout-energy","11":"first","12":"instock","13":"sale","14":"taxable","15":"shipping-taxable","16":"purchasable","17":"product-type-simple"},"aioseo_notices":[],"_links":{"self":[{"href":"https:\/\/www.selfprotein.com\/de\/wp-json\/wp\/v2\/product\/414"}],"collection":[{"href":"https:\/\/www.selfprotein.com\/de\/wp-json\/wp\/v2\/product"}],"about":[{"href":"https:\/\/www.selfprotein.com\/de\/wp-json\/wp\/v2\/types\/product"}],"wp:featuredmedia":[{"embeddable":true,"href":"https:\/\/www.selfprotein.com\/de\/wp-json\/wp\/v2\/media\/416"}],"wp:attachment":[{"href":"https:\/\/www.selfprotein.com\/de\/wp-json\/wp\/v2\/media?parent=414"}],"wp:term":[{"taxonomy":"product_cat","embeddable":true,"href":"https:\/\/www.selfprotein.com\/de\/wp-json\/wp\/v2\/product_cat?post=414"},{"taxonomy":"product_tag","embeddable":true,"href":"https:\/\/www.selfprotein.com\/de\/wp-json\/wp\/v2\/product_tag?post=414"}],"curies":[{"name":"wp","href":"https:\/\/api.w.org\/{rel}","templated":true}]}}