{"id":419,"date":"2023-11-27T13:05:14","date_gmt":"2023-11-27T12:05:14","guid":{"rendered":"https:\/\/34.88.231.180\/product\/cla\/"},"modified":"2026-05-01T00:23:42","modified_gmt":"2026-04-30T22:23:42","slug":"cla","status":"publish","type":"product","link":"https:\/\/www.selfprotein.com\/de\/produkt\/cla\/","title":{"rendered":"CLA Conjugated Linoleic Acid"},"content":{"rendered":"<p style=\"text-align: left;\" align=\"center\"><strong><span lang=\"en-US\">CLA<\/span><\/strong><\/p>\n<p><span lang=\"en-US\">Konjugierte Linols\u00e4ure (Conjugated Linoleic Acid, CLA) ist ein mehrfach unges\u00e4ttigtes Fett, das als Nahrungserg\u00e4nzungsmittel zur Gewichtsreduzierung Interesse geweckt hat, aber auch f\u00fcr Sportler von Nutzen sein kann.<\/span><\/p>\n<p><span lang=\"en-US\">Die Aufnahme von CLA als Teil einer umfassenden Ern\u00e4hrungsstrategie kann Sportlern einen zus\u00e4tzlichen Vorteil beim Erreichen ihrer Leistungsziele und ihres allgemeinen Wohlbefindens bieten. Es ist jedoch wichtig, einen Arzt zu konsultieren, bevor man ein neues Nahrungserg\u00e4nzungsmittel in seine Ern\u00e4hrung aufnimmt.<\/span><\/p>\n<p><span lang=\"en-US\">Hier sind einige der Vorteile, die CLA f\u00fcr die sportliche Leistung bieten kann:<\/span><\/p>\n<ul>\n<li><strong><span lang=\"en-US\">Reduzierung des K\u00f6rperfetts:<\/span><\/strong><span lang=\"en-US\"> CLA kann dazu beitragen, das K\u00f6rperfett zu reduzieren, was besonders f\u00fcr Sportler von Vorteil ist, die eine schlanke K\u00f6rperzusammensetzung beibehalten m\u00fcssen, um ihre sportliche Leistung zu optimieren.<\/span><\/li>\n<li><strong><span lang=\"en-US\">Unterst\u00fctzung des Muskelwachstums:<\/span><\/strong><span lang=\"en-US\"> CLA kann das Muskelwachstum f\u00f6rdern, ein wichtiger Aspekt f\u00fcr Sportler, die ihre Kraft, Ausdauer und Leistung verbessern wollen.<\/span><\/li>\n<li><strong><span lang=\"en-US\">Verbesserung der Immunfunktion:<\/span><\/strong><span lang=\"en-US\"> CLA kann die Immunfunktion verbessern und den Sportlern einen besseren Schutz vor Infektionen bieten, insbesondere in Anbetracht der Risiken, die mit einem hohen Ma\u00df an k\u00f6rperlicher Aktivit\u00e4t verbunden sind.<\/span><\/li>\n<li><strong><span lang=\"en-US\">Verringerung von Entz\u00fcndungen:<\/span><\/strong><span lang=\"en-US\"> Dank seiner entz\u00fcndungshemmenden Eigenschaften kann CLA dazu beitragen, Entz\u00fcndungen und Muskelkater, die durch intensive k\u00f6rperliche Bet\u00e4tigung verursacht werden, zu reduzieren, so dass sich die Sportler schneller erholen und ihre Leistungsf\u00e4higkeit langfristig erhalten k\u00f6nnen.<\/span><\/li>\n<\/ul>\n<p>&nbsp;<\/p>\n<p><strong><span lang=\"en-US\">Empfohlene Verwendung<\/span><\/strong><\/p>\n<p><span lang=\"en-US\">3 Kapseln \u00fcber den Tag verteilt einnehmen<\/span><\/p>\n<p><strong>Hinweis:<\/strong><\/p>\n<ul>\n<li>Nur f\u00fcr Erwachsene und ersetzt nicht eine abwechslungsreiche, ausgewogene Ern\u00e4hrung und eine gesunde Lebensweise.<\/li>\n<li>\u00dcberschreiten Sie nicht die empfohlene Dosis.<\/li>\n<li>Verwenden Sie es nicht w\u00e4hrend der Stillzeit, Schwangerschaft Perioden ohne R\u00fccksprache mit dem Arzt.<\/li>\n<li>Lagern Sie das Produkt an einem k\u00fchlen, trockenen Ort in einer gut verschlossenen Verpackung au\u00dferhalb der Reichweite von Kindern unter 3 Jahren.<\/li>\n<li>Kann Spuren von Milch, Hafer, Ei und Soja enthalten.<\/li>\n<li>Laktosefrei und Glutenfrei.<\/li>\n<\/ul>","protected":false},"excerpt":{"rendered":"<details>\n<summary>Inhaltsstoffe<\/summary>\n<table style=\"text-align: center;\">\n<tbody>\n<tr>\n<th>Inhaltsstoffe<\/th>\n<th>pro 3 Kapseln<\/th>\n<\/tr>\n<tr>\n<td>CLA - Konjugierte Linols\u00e4ure<\/td>\n<td>3000mg<\/td>\n<\/tr>\n<tr>\n<td>(F\u00e4rberdistel\u00f6l)<\/td>\n<td><\/td>\n<\/tr>\n<tr>\n<td colspan=\"2\"><strong>Andere Inhaltsstoffe: <\/strong>Weichkapsel (Rindergelatine), Glycerin, gereinigtes Wasser<\/td>\n<\/tr>\n<\/tbody>\n<\/table>\n<\/details>\n<p>&nbsp;<\/p>","protected":false},"featured_media":7141,"template":"","meta":[],"product_cat":[155,309],"product_tag":[163,319],"class_list":{"0":"post-419","1":"product","2":"type-product","3":"status-publish","4":"has-post-thumbnail","6":"product_cat-weight-control-metabolism","7":"product_cat-weight-management-and-definition","8":"product_tag-weight-control-metabolism","9":"product_tag-weight-management-and-definition","11":"first","12":"instock","13":"taxable","14":"shipping-taxable","15":"purchasable","16":"product-type-simple"},"aioseo_notices":[],"_links":{"self":[{"href":"https:\/\/www.selfprotein.com\/de\/wp-json\/wp\/v2\/product\/419"}],"collection":[{"href":"https:\/\/www.selfprotein.com\/de\/wp-json\/wp\/v2\/product"}],"about":[{"href":"https:\/\/www.selfprotein.com\/de\/wp-json\/wp\/v2\/types\/product"}],"wp:featuredmedia":[{"embeddable":true,"href":"https:\/\/www.selfprotein.com\/de\/wp-json\/wp\/v2\/media\/7141"}],"wp:attachment":[{"href":"https:\/\/www.selfprotein.com\/de\/wp-json\/wp\/v2\/media?parent=419"}],"wp:term":[{"taxonomy":"product_cat","embeddable":true,"href":"https:\/\/www.selfprotein.com\/de\/wp-json\/wp\/v2\/product_cat?post=419"},{"taxonomy":"product_tag","embeddable":true,"href":"https:\/\/www.selfprotein.com\/de\/wp-json\/wp\/v2\/product_tag?post=419"}],"curies":[{"name":"wp","href":"https:\/\/api.w.org\/{rel}","templated":true}]}}