{"id":422,"date":"2023-11-27T13:05:19","date_gmt":"2023-11-27T12:05:19","guid":{"rendered":"https:\/\/34.88.231.180\/product\/clear-way-isolate\/"},"modified":"2026-04-01T00:00:14","modified_gmt":"2026-03-31T22:00:14","slug":"clear-way-isolate","status":"publish","type":"product","link":"https:\/\/www.selfprotein.com\/de\/produkt\/clear-way-isolate\/","title":{"rendered":"Clear Whey Isolate"},"content":{"rendered":"<p><strong>Clear Whey Isolate<\/strong><\/p>\n<p><strong>Die neue Generation von Proteinen: leicht, erfrischend und wirksam.<\/strong><\/p>\n<p>Clear Whey Isolate bietet eine innovative L\u00f6sung f\u00fcr alle, die eine Alternative zu den herk\u00f6mmlichen Milchproteinshakes suchen. Dank eines fortschrittlichen Filtrationsverfahrens beh\u00e4lt es die gesamte N\u00e4hrstoffqualit\u00e4t von Molkenproteinisolat, jedoch ohne Laktose, Fett und Kohlenhydrate, f\u00fcr einen frischen und leichten Geschmack, der Sie \u00fcberraschen wird.<\/p>\n<p><strong>Warum Sie es m\u00f6gen werden<\/strong><\/p>\n<ul>\n<li><strong>Vollst\u00e4ndiges, hochwertiges Eiwei\u00df<\/strong>: Jede Portion liefert 20-25 g Eiwei\u00df, das f\u00fcr das Muskelwachstum und die Regeneration unerl\u00e4sslich ist.<\/li>\n<li><strong>Superschnelle Absorption<\/strong>: Ideal nach dem Training, um die Muskeln zu n\u00e4hren, wenn sie es am meisten brauchen.<\/li>\n<li><strong>Ideal f\u00fcr spezielle Di\u00e4ten<\/strong>Laktosefrei, zucker- und fettarm, geeignet f\u00fcr Menschen mit Unvertr\u00e4glichkeiten oder bei kontrollierter Di\u00e4t.<\/li>\n<li><strong>Frischer und durstl\u00f6schender Geschmack<\/strong>: Fruchtige Aromen und eine klare Textur, die traditionelle cremige Smoothies vergessen l\u00e4sst.<\/li>\n<li><strong>Vielseitig<\/strong>: zu jeder Tageszeit eine praktische und angenehme Art, Eiwei\u00df in Ihr Tagesablauf einzubauen.<\/li>\n<\/ul>\n<p><\/p>\n<p>\n<strong>Empfohlene Dosis<\/strong><\/p>\n<p>L\u00f6sen Sie  auf. <strong>25 g<\/strong> (ca. 1 Messl\u00f6ffel) von Clear Whey Isolate in <strong>300 ml kaltes Wasser<\/strong>. Gut sch\u00fctteln, bis es vollst\u00e4ndig aufgel\u00f6st ist.<\/p>\n<p>Eine Explosion der Frische, die Ihre Muskeln n\u00e4hrt, ohne Sie zu beschweren.<\/p>\n<p><strong>Hinweis<\/strong><\/p>\n<ul>\n<li>Nur f\u00fcr Erwachsene.<\/li>\n<li>Sie sind kein Ersatz f\u00fcr eine abwechslungsreiche, ausgewogene Ern\u00e4hrung und eine gesunde Lebensweise.<\/li>\n<li>\u00dcberschreiten Sie nicht die empfohlene Dosis.<\/li>\n<li>Konsultieren Sie Ihren Arzt w\u00e4hrend der Schwangerschaft oder Stillzeit.<\/li>\n<li>K\u00fchl, trocken und vor direktem Licht gesch\u00fctzt lagern.<\/li>\n<li>Kann Spuren von Milch, Hafer, Eiern und Soja enthalten.<\/li>\n<li><strong>Laktosefrei<\/strong> und <strong>glutenfrei<\/strong>.<\/li>\n<\/ul>\n<p><\/p>\n<p><strong>Perfekt f\u00fcr: diejenigen, die eine leichte, erfrischende und hochwertige Alternative f\u00fcr die Erholung nach dem Training suchen.<\/strong><\/p>","protected":false},"excerpt":{"rendered":"<p>Clear Whey Isolate Die neue Generation des Proteins: leicht, erfrischend und effektiv. Clear Whey Isolate bietet eine innovative L\u00f6sung f\u00fcr alle, die eine Alternative zu den herk\u00f6mmlichen milchigen Proteinshakes suchen. Dank eines fortschrittlichen Filtrationsverfahrens beh\u00e4lt es die gesamte N\u00e4hrstoffqualit\u00e4t von Molkenproteinisolat, jedoch ohne Laktose, Fett und Kohlenhydrate, f\u00fcr ein frisches [...]<\/p>","protected":false},"featured_media":424,"template":"","meta":[],"product_cat":[158,308],"product_tag":[18,318],"class_list":{"0":"post-422","1":"product","2":"type-product","3":"status-publish","4":"has-post-thumbnail","6":"product_cat-proteins","7":"product_cat-strength-and-muscle-mass","8":"product_tag-proteins","9":"product_tag-strength-and-muscle-mass","11":"first","12":"outofstock","13":"taxable","14":"shipping-taxable","15":"purchasable","16":"product-type-variable"},"aioseo_notices":[],"_links":{"self":[{"href":"https:\/\/www.selfprotein.com\/de\/wp-json\/wp\/v2\/product\/422"}],"collection":[{"href":"https:\/\/www.selfprotein.com\/de\/wp-json\/wp\/v2\/product"}],"about":[{"href":"https:\/\/www.selfprotein.com\/de\/wp-json\/wp\/v2\/types\/product"}],"wp:featuredmedia":[{"embeddable":true,"href":"https:\/\/www.selfprotein.com\/de\/wp-json\/wp\/v2\/media\/424"}],"wp:attachment":[{"href":"https:\/\/www.selfprotein.com\/de\/wp-json\/wp\/v2\/media?parent=422"}],"wp:term":[{"taxonomy":"product_cat","embeddable":true,"href":"https:\/\/www.selfprotein.com\/de\/wp-json\/wp\/v2\/product_cat?post=422"},{"taxonomy":"product_tag","embeddable":true,"href":"https:\/\/www.selfprotein.com\/de\/wp-json\/wp\/v2\/product_tag?post=422"}],"curies":[{"name":"wp","href":"https:\/\/api.w.org\/{rel}","templated":true}]}}