{"id":430,"date":"2023-11-27T13:05:33","date_gmt":"2023-11-27T12:05:33","guid":{"rendered":"https:\/\/34.88.231.180\/product\/collagen-powder\/"},"modified":"2026-04-01T00:00:14","modified_gmt":"2026-03-31T22:00:14","slug":"collagen-powder","status":"publish","type":"product","link":"https:\/\/www.selfprotein.com\/de\/produkt\/collagen-powder\/","title":{"rendered":"Collagen Powder"},"content":{"rendered":"<p style=\"text-align: left;\" align=\"center\"><strong><span lang=\"en-US\">Collagen Powder<\/span><\/strong><\/p>\n<p><span lang=\"en-US\">Kollagen, ein grundlegendes Protein, das in Bindegeweben wie Haut, Sehnen, B\u00e4ndern und Knorpeln vorkommt, bildet die St\u00fctzstruktur des K\u00f6rpers und verleiht den Geweben Festigkeit und Elastizit\u00e4t. Dieses Protein, das haupts\u00e4chlich aus Aminos\u00e4uren wie Glycin, Prolin und Hydroxyprolin besteht, ist f\u00fcr die Aufrechterhaltung der Gesundheit und Integrit\u00e4t des Bindegewebes unerl\u00e4sslich. Mit zunehmendem Alter nimmt die Kollagenproduktion jedoch ab, was zu einer Reihe von physiologischen Ver\u00e4nderungen f\u00fchrt, unter anderem zum Verlust der Hautelastizit\u00e4t und zu Gelenkschmerzen. Kollagenpr\u00e4parate werden h\u00e4ufig wegen ihrer potenziellen gesundheitlichen Vorteile angepriesen, darunter Verbesserungen des Hautbildes, der Gelenkgesundheit und der Darmgesundheit.<\/span><\/p>\n<p><span lang=\"en-US\">Vorteile von Kollagenerg\u00e4nzungen:<\/span><\/p>\n<ul>\n<li><strong><span lang=\"en-US\">I<\/span><span lang=\"en-US\">Verbesserung der Elastizit\u00e4t der Haut: <\/span><\/strong><span lang=\"en-US\">Kollagenpr\u00e4parate k\u00f6nnen dazu beitragen, die Elastizit\u00e4t der Haut zu erhalten, das Auftreten von Falten und den Verlust von Spannkraft zu verringern und so ein j\u00fcngeres und strahlenderes Aussehen zu f\u00f6rdern.<\/span><\/li>\n<li><strong><span lang=\"en-US\">Bessere Gesundheit der Gelenke:<\/span><\/strong><span lang=\"en-US\"> Eine Kollagenerg\u00e4nzung kann die Gesundheit der Gelenke unterst\u00fctzen, indem sie ihnen die f\u00fcr eine optimale Funktion erforderliche Struktur und Schmierung verleiht und so das Risiko von Gelenkschmerzen und altersbedingten Problemen verringert.<\/span><\/li>\n<li><strong><span lang=\"en-US\">F\u00f6rderung der Darmgesundheit:<\/span><\/strong><span lang=\"en-US\"> Kollagen ist auch wichtig f\u00fcr die Darmgesundheit, da es zur Regeneration der Darmschleimhaut und zur Aufrechterhaltung der Integrit\u00e4t der Darmwand beitr\u00e4gt, wodurch Entz\u00fcndungen verringert und die Verdauung verbessert werden k\u00f6nnen.<\/span><\/li>\n<li><strong><span lang=\"en-US\">Unterst\u00fctzung f\u00fcr die Knochengesundheit:<\/span><\/strong><span lang=\"en-US\"> Kollagen ist ein wichtiger Bestandteil der Knochenstruktur; daher k\u00f6nnen Nahrungserg\u00e4nzungsmittel dazu beitragen, die Gesundheit und Dichte der Knochen zu erhalten und das Risiko von Osteoporose und Knochenbr\u00fcchen zu verringern.<\/span><\/li>\n<li><strong><span lang=\"en-US\">F\u00f6rderung der Gesundheit von Haaren und N\u00e4geln:<\/span><\/strong><span lang=\"en-US\"> Einige Studien deuten darauf hin, dass Kollagenerg\u00e4nzungen auch das Haarwachstum f\u00f6rdern und die Gesundheit der N\u00e4gel verbessern k\u00f6nnen, indem sie st\u00e4rker und widerstandsf\u00e4higer werden.<\/span><\/li>\n<\/ul>\n<p>&nbsp;<\/p>\n<p><strong><span lang=\"en-US\">Empfohlene Verwendung<\/span><\/strong><\/p>\n<p><span lang=\"en-US\">Eine Portion pro Tag: 8 g, etwa zwei Messl\u00f6ffel, die mit 200 ml Wasser gemischt werden.<\/span><\/p>\n<p><strong>Hinweis:<\/strong><\/p>\n<ul>\n<li>Nur f\u00fcr Erwachsene und ersetzt nicht eine abwechslungsreiche, ausgewogene Ern\u00e4hrung und eine gesunde Lebensweise.<\/li>\n<li>\u00dcberschreiten Sie nicht die empfohlene Dosis.<\/li>\n<li>Verwenden Sie es nicht w\u00e4hrend der Stillzeit, Schwangerschaft Perioden ohne R\u00fccksprache mit dem Arzt.<\/li>\n<li>Lagern Sie das Produkt an einem k\u00fchlen, trockenen Ort in einer gut verschlossenen Verpackung au\u00dferhalb der Reichweite von Kindern unter 3 Jahren.<\/li>\n<li>Kann Spuren von Milch, Hafer, Ei und Soja enthalten.<\/li>\n<li>Laktosefrei und Glutenfrei.<\/li>\n<\/ul>","protected":false},"excerpt":{"rendered":"<p>Kollagenpulver Kollagen, ein grundlegendes Protein, das in Bindegeweben wie Haut, Sehnen, B\u00e4ndern und Knorpeln vorkommt, bildet die St\u00fctzstruktur des K\u00f6rpers und verleiht den Geweben Festigkeit und Elastizit\u00e4t. Dieses Protein, das haupts\u00e4chlich aus Aminos\u00e4uren wie Glycin, Prolin und Hydroxyprolin besteht, ist f\u00fcr die Aufrechterhaltung der Gesundheit und Integrit\u00e4t des Bindegewebes unerl\u00e4sslich. Doch mit zunehmendem Alter [...]<\/p>","protected":false},"featured_media":432,"template":"","meta":[],"product_cat":[311],"product_tag":[317,258],"class_list":{"0":"post-430","1":"product","2":"type-product","3":"status-publish","4":"has-post-thumbnail","6":"product_cat-recovery-and-regeneration","7":"product_tag-recovery-and-regeneration","8":"product_tag-vitamins-wellness","10":"first","11":"instock","12":"sale","13":"taxable","14":"shipping-taxable","15":"purchasable","16":"product-type-variable"},"aioseo_notices":[],"_links":{"self":[{"href":"https:\/\/www.selfprotein.com\/de\/wp-json\/wp\/v2\/product\/430"}],"collection":[{"href":"https:\/\/www.selfprotein.com\/de\/wp-json\/wp\/v2\/product"}],"about":[{"href":"https:\/\/www.selfprotein.com\/de\/wp-json\/wp\/v2\/types\/product"}],"wp:featuredmedia":[{"embeddable":true,"href":"https:\/\/www.selfprotein.com\/de\/wp-json\/wp\/v2\/media\/432"}],"wp:attachment":[{"href":"https:\/\/www.selfprotein.com\/de\/wp-json\/wp\/v2\/media?parent=430"}],"wp:term":[{"taxonomy":"product_cat","embeddable":true,"href":"https:\/\/www.selfprotein.com\/de\/wp-json\/wp\/v2\/product_cat?post=430"},{"taxonomy":"product_tag","embeddable":true,"href":"https:\/\/www.selfprotein.com\/de\/wp-json\/wp\/v2\/product_tag?post=430"}],"curies":[{"name":"wp","href":"https:\/\/api.w.org\/{rel}","templated":true}]}}