{"id":539,"date":"2023-11-27T13:17:56","date_gmt":"2023-11-27T12:17:56","guid":{"rendered":"https:\/\/34.88.231.180\/product\/corticut\/"},"modified":"2026-05-01T00:23:43","modified_gmt":"2026-04-30T22:23:43","slug":"corticut","status":"publish","type":"product","link":"https:\/\/www.selfprotein.com\/de\/produkt\/corticut\/","title":{"rendered":"CortiCut"},"content":{"rendered":"<p style=\"text-align: left\" align=\"center\"><strong><span lang=\"en-US\">Kortikut<\/span><\/strong><\/p>\n<p><span lang=\"en-US\">Entdecken Sie die vielf\u00e4ltigen Vorteile von Corticut, einem Nahrungserg\u00e4nzungsmittel zur F\u00f6rderung Ihrer geistigen und k\u00f6rperlichen Gesundheit. Mit einer gezielten Formulierung soll Corticut die M\u00fcdigkeit in Stresssituationen verringern, die normale Funktion des Nervensystems unterst\u00fctzen und die Konzentration und Aufmerksamkeit verbessern. Au\u00dferdem ist es gluten- und laktosefrei und eignet sich daher f\u00fcr eine Vielzahl von Menschen mit besonderen Ern\u00e4hrungsbed\u00fcrfnissen.<\/span><\/p>\n<p><span lang=\"en-US\">Vorteile von Corticut:<\/span><\/p>\n<ul>\n<li><strong><span lang=\"en-US\">Verringerung der M\u00fcdigkeit<\/span><\/strong><span lang=\"en-US\"><strong>:<\/strong> Dank seiner besonderen Zusammensetzung kann Corticut dazu beitragen, die M\u00fcdigkeit in Stresssituationen zu verringern, so dass Sie die t\u00e4glichen Herausforderungen mit mehr Energie und Vitalit\u00e4t angehen k\u00f6nnen.<\/span><\/li>\n<li><strong><span lang=\"en-US\">Unterst\u00fctzung f\u00fcr das Nervensystem:<\/span><\/strong><span lang=\"en-US\"> Corticut wurde entwickelt, um die normale Funktion des Nervensystems zu unterst\u00fctzen und so zur Erhaltung einer optimalen geistigen Gesundheit beizutragen.<\/span><\/li>\n<li><strong><span lang=\"en-US\">Verbesserung der Konzentration und Aufmerksamkeit:<\/span><\/strong><span lang=\"en-US\"> Die Inhaltsstoffe von Corticut sind so ausgew\u00e4hlt, dass sie eine bessere Konzentration und Aufmerksamkeit f\u00f6rdern, damit Sie bei Ihren t\u00e4glichen Aktivit\u00e4ten konzentrierter und produktiver sein k\u00f6nnen.<\/span><\/li>\n<li><strong><span lang=\"en-US\">Stimulierung der k\u00f6rperlichen und geistigen F\u00e4higkeiten:<\/span><\/strong><span lang=\"en-US\"> Wenn Sie Corticut in Ihren Alltag integrieren, k\u00f6nnen Sie Ihre k\u00f6rperlichen und geistigen F\u00e4higkeiten steigern und so Ihre Leistungs- und Wellnessziele erreichen.<\/span><\/li>\n<li><strong><span lang=\"en-US\">Gluten- und laktosefrei:<\/span><\/strong><span lang=\"en-US\"> Da Corticut gluten- und laktosefrei ist, eignet es sich auch f\u00fcr Menschen mit Nahrungsmittelunvertr\u00e4glichkeiten oder im Rahmen einer speziellen Di\u00e4t und ist somit eine sichere und gesunde Wahl.<\/span><\/li>\n<\/ul>\n<p><\/p>\n<p><span lang=\"en-US\">Mit Corticut k\u00f6nnen Sie eine Reihe von Vorteilen genie\u00dfen, die Ihr allgemeines Wohlbefinden unterst\u00fctzen und es Ihnen erm\u00f6glichen, dem Leben mit mehr Vitalit\u00e4t, Konzentration und Belastbarkeit zu begegnen, ohne sich um Ihre spezifischen Ern\u00e4hrungsbed\u00fcrfnisse k\u00fcmmern zu m\u00fcssen.<\/span>\n<\/p>\n<p><strong><span lang=\"en-US\">Empfohlene Verwendung<\/span><\/strong><\/p>\n<p><span lang=\"en-US\">4 Kapseln pro Tag, direkt nach dem Training oder \u00fcber den Tag verteilt.<\/span><\/p>\n<p><strong>Hinweis:<\/strong><\/p>\n<ul>\n<li>Nur f\u00fcr Erwachsene und ersetzt nicht eine abwechslungsreiche, ausgewogene Ern\u00e4hrung und eine gesunde Lebensweise.<\/li>\n<li>\u00dcberschreiten Sie nicht die empfohlene Dosis.<\/li>\n<li>Empfohlene Tagesdosis: 4 Kapseln.<\/li>\n<li>Verwenden Sie es nicht w\u00e4hrend der Stillzeit, Schwangerschaft Perioden ohne R\u00fccksprache mit dem Arzt.<\/li>\n<li>Lagern Sie das Produkt an einem k\u00fchlen, trockenen Ort in einer gut verschlossenen Verpackung au\u00dferhalb der Reichweite von Kindern unter 3 Jahren.<\/li>\n<li>Kann Spuren von Milch, Hafer, Ei und Soja enthalten.<\/li>\n<li>Laktosefrei und Glutenfrei.<\/li>\n<\/ul>","protected":false},"excerpt":{"rendered":"<details>\n<summary>Inhaltsstoffe<\/summary>\n<table style=\"text-align: center\">\n<tbody>\n<tr>\n<th>Inhaltsstoffe<\/th>\n<th>pro 4 cps<\/th>\n<\/tr>\n<tr>\n<td>Vitamn C (Ascorbins\u00e4ure)<\/td>\n<td>1000mg 1250%<\/td>\n<\/tr>\n<tr>\n<td>Phosphatidylserin (Soja)<\/td>\n<td>600mg<\/td>\n<\/tr>\n<tr>\n<td>Roseroot e.s-Extrakt (Rhodiola Rosea, radix)<\/td>\n<td>500mg<\/td>\n<\/tr>\n<tr>\n<td>GABA (Gamma-Aminobutters\u00e4ure)<\/td>\n<td>250mg<\/td>\n<\/tr>\n<tr>\n<td>Magnesiumglycinat<\/td>\n<td>250mg<\/td>\n<\/tr>\n<tr>\n<td>L-Theanin<\/td>\n<td>240mg<\/td>\n<\/tr>\n<tr>\n<td colspan=\"2\"><strong>Andere Inhaltsstoffe: <\/strong>Stabilisierungsmittel (E953, E470b, E551). vegane Kapsel (E1204)<\/td>\n<\/tr>\n<\/tbody>\n<\/table>\n<\/details>\n<p>&nbsp;<\/p>","protected":false},"featured_media":540,"template":"","meta":[],"product_cat":[155,309],"product_tag":[163,319],"class_list":{"0":"post-539","1":"product","2":"type-product","3":"status-publish","4":"has-post-thumbnail","6":"product_cat-weight-control-metabolism","7":"product_cat-weight-management-and-definition","8":"product_tag-weight-control-metabolism","9":"product_tag-weight-management-and-definition","11":"first","12":"instock","13":"taxable","14":"shipping-taxable","15":"purchasable","16":"product-type-simple"},"aioseo_notices":[],"_links":{"self":[{"href":"https:\/\/www.selfprotein.com\/de\/wp-json\/wp\/v2\/product\/539"}],"collection":[{"href":"https:\/\/www.selfprotein.com\/de\/wp-json\/wp\/v2\/product"}],"about":[{"href":"https:\/\/www.selfprotein.com\/de\/wp-json\/wp\/v2\/types\/product"}],"wp:featuredmedia":[{"embeddable":true,"href":"https:\/\/www.selfprotein.com\/de\/wp-json\/wp\/v2\/media\/540"}],"wp:attachment":[{"href":"https:\/\/www.selfprotein.com\/de\/wp-json\/wp\/v2\/media?parent=539"}],"wp:term":[{"taxonomy":"product_cat","embeddable":true,"href":"https:\/\/www.selfprotein.com\/de\/wp-json\/wp\/v2\/product_cat?post=539"},{"taxonomy":"product_tag","embeddable":true,"href":"https:\/\/www.selfprotein.com\/de\/wp-json\/wp\/v2\/product_tag?post=539"}],"curies":[{"name":"wp","href":"https:\/\/api.w.org\/{rel}","templated":true}]}}