{"id":548,"date":"2023-11-27T13:18:08","date_gmt":"2023-11-27T12:18:08","guid":{"rendered":"https:\/\/34.88.231.180\/product\/dextrose\/"},"modified":"2026-05-01T00:23:43","modified_gmt":"2026-04-30T22:23:43","slug":"dextrose","status":"publish","type":"product","link":"https:\/\/www.selfprotein.com\/de\/produkt\/dextrose\/","title":{"rendered":"Dextrose"},"content":{"rendered":"<p style=\"text-align: left;\" align=\"center\"><strong><span lang=\"en-US\">Dextrose<\/span><\/strong><\/p>\n<p><span lang=\"en-US\">Dextrose, gemeinhin als Glukose bekannt, ist ein Einfachzucker, der in vielen Lebensmitteln vorkommt und wegen seiner F\u00e4higkeit, als S\u00fc\u00dfungsmittel und unmittelbare Energiequelle zu fungieren, gesch\u00e4tzt wird. Als Monosaccharid, also ein einzelnes Zuckermolek\u00fcl, ist Dextrose eine der prim\u00e4ren Brennstoffquellen f\u00fcr den menschlichen K\u00f6rper. Seine schnelle Aufnahme in den Blutkreislauf liefert sofortige Energie, was ihn zu einem grundlegenden Bestandteil von Sporterg\u00e4nzungen und Erholungsprodukten macht.<\/span><\/p>\n<p><span lang=\"en-US\">Vorteile von Traubenzucker:<\/span><\/p>\n<ul>\n<li><strong><span lang=\"en-US\">Unmittelbarer Energielieferant:<\/span><\/strong><span lang=\"en-US\"> Aufgrund seiner Monosaccharid-Struktur wird Dextrose schnell vom K\u00f6rper aufgenommen und liefert bei intensiver oder l\u00e4ngerer k\u00f6rperlicher Bet\u00e4tigung einen schnellen Energie-Nachschub.<\/span><\/li>\n<li><strong><span lang=\"en-US\">Unterst\u00fctzung der Muskelerholung:<\/span><\/strong><span lang=\"en-US\"> Der Verzehr von Dextrose nach dem Training kann dazu beitragen, die verbrauchten Muskelglykogenreserven wieder aufzuf\u00fcllen, was den Erholungsprozess der Muskeln erleichtert und die Gefahr von Erm\u00fcdung verringert.<\/span><\/li>\n<li><strong><span lang=\"en-US\">Verbesserte Aufnahme von anderen N\u00e4hrstoffen:<\/span><\/strong><span lang=\"en-US\"> Dextrose kann die Aufnahme anderer N\u00e4hrstoffe, wie z. B. Proteine, f\u00f6rdern, wenn sie zusammen verzehrt werden, und so deren Verwertung f\u00fcr die Reparatur und das Wachstum der Muskeln optimieren.<\/span><\/li>\n<li><strong><span lang=\"en-US\">Vielseitigkeit im Einsatz:<\/span><\/strong><span lang=\"en-US\"> Dextrose kann leicht in verschiedene Arten von Nahrungserg\u00e4nzungsmitteln, Getr\u00e4nken oder Energieriegeln eingearbeitet werden und bietet eine bequeme M\u00f6glichkeit, sofortige Energie in die t\u00e4gliche Ern\u00e4hrung zu integrieren.<\/span><\/li>\n<li><strong><span lang=\"en-US\">Regulierung des glyk\u00e4mischen Index:<\/span><\/strong><span lang=\"en-US\"> Trotz seines hohen glyk\u00e4mischen Index kann Dextrose strategisch eingesetzt werden, um bei Bedarf einen schnellen Energieschub zu liefern, insbesondere bei hochintensiven Trainingseinheiten.<\/span><\/li>\n<\/ul>\n<p><\/p>\n<p><span lang=\"en-US\">Aufgrund seiner F\u00e4higkeit, eine schnelle und wirksame Energiequelle zu liefern, hat sich Dextrose eine herausragende Rolle im Bereich der Sportern\u00e4hrung erworben und tr\u00e4gt dazu bei, die k\u00f6rperliche Leistung zu optimieren und die Erholung der Muskeln nach k\u00f6rperlicher Bet\u00e4tigung zu f\u00f6rdern.<\/span>\n<\/p>\n<p><strong><span lang=\"en-US\">Empfohlene Verwendung<\/span><\/strong><\/p>\n<p><span lang=\"en-US\">1 Portion vor und w\u00e4hrend des Trainings zur Unterst\u00fctzung der sportlichen Leistung<\/span><span lang=\"en-US\">.<\/span><\/p>\n<p><strong>Hinweis:<\/strong><\/p>\n<ul>\n<li>Nur f\u00fcr Erwachsene und ersetzt nicht eine abwechslungsreiche, ausgewogene Ern\u00e4hrung und eine gesunde Lebensweise.<\/li>\n<li>\u00dcberschreiten Sie nicht die empfohlene Dosis.<\/li>\n<li>Verwenden Sie es nicht w\u00e4hrend der Stillzeit, Schwangerschaft Perioden ohne R\u00fccksprache mit dem Arzt.<\/li>\n<li>Lagern Sie das Produkt an einem k\u00fchlen, trockenen Ort in einer gut verschlossenen Verpackung au\u00dferhalb der Reichweite von Kindern unter 3 Jahren.<\/li>\n<li>Kann Spuren von Milch, Hafer, Ei und Soja enthalten.<\/li>\n<li>Glutenfrei.<\/li>\n<\/ul>","protected":false},"excerpt":{"rendered":"<details>\n<summary>N\u00e4hrwertangaben<\/summary>\n<table style=\"text-align: center;\">\n<tbody>\n<tr>\n<th>N\u00e4hrwertangaben<\/th>\n<th>pro 100g<\/th>\n<\/tr>\n<tr>\n<td>Energie<\/td>\n<td>360kcal(1505kj)<\/td>\n<\/tr>\n<tr>\n<td>Fette<\/td>\n<td>0g<\/td>\n<\/tr>\n<tr>\n<td>davon ges\u00e4ttigt<\/td>\n<td>0g<\/td>\n<\/tr>\n<tr>\n<td>Kohlenhydrate<\/td>\n<td>90g<\/td>\n<\/tr>\n<tr>\n<td>davon Zucker<\/td>\n<td>90g<\/td>\n<\/tr>\n<tr>\n<td>Protein<\/td>\n<td>0g<\/td>\n<\/tr>\n<tr>\n<td>Ballaststoffe<\/td>\n<td>0g<\/td>\n<\/tr>\n<tr>\n<td>Salz<\/td>\n<td>0g<\/td>\n<\/tr>\n<tr>\n<td colspan=\"2\"><strong>Zutaten: <\/strong> Traubenzucker (Mais)<\/td>\n<\/tr>\n<\/tbody>\n<\/table>\n<\/details>\n<p>&nbsp;<\/p>","protected":false},"featured_media":549,"template":"","meta":[],"product_cat":[310,217],"product_tag":[315,230],"class_list":{"0":"post-548","1":"product","2":"type-product","3":"status-publish","4":"has-post-thumbnail","6":"product_cat-performance-and-endurance","7":"product_cat-pre-workout-energy","8":"product_tag-performance-and-endurance","9":"product_tag-pre-workout-energy","11":"first","12":"instock","13":"taxable","14":"shipping-taxable","15":"purchasable","16":"product-type-simple"},"aioseo_notices":[],"_links":{"self":[{"href":"https:\/\/www.selfprotein.com\/de\/wp-json\/wp\/v2\/product\/548"}],"collection":[{"href":"https:\/\/www.selfprotein.com\/de\/wp-json\/wp\/v2\/product"}],"about":[{"href":"https:\/\/www.selfprotein.com\/de\/wp-json\/wp\/v2\/types\/product"}],"wp:featuredmedia":[{"embeddable":true,"href":"https:\/\/www.selfprotein.com\/de\/wp-json\/wp\/v2\/media\/549"}],"wp:attachment":[{"href":"https:\/\/www.selfprotein.com\/de\/wp-json\/wp\/v2\/media?parent=548"}],"wp:term":[{"taxonomy":"product_cat","embeddable":true,"href":"https:\/\/www.selfprotein.com\/de\/wp-json\/wp\/v2\/product_cat?post=548"},{"taxonomy":"product_tag","embeddable":true,"href":"https:\/\/www.selfprotein.com\/de\/wp-json\/wp\/v2\/product_tag?post=548"}],"curies":[{"name":"wp","href":"https:\/\/api.w.org\/{rel}","templated":true}]}}