{"id":551,"date":"2023-11-27T13:18:12","date_gmt":"2023-11-27T12:18:12","guid":{"rendered":"https:\/\/34.88.231.180\/product\/diet-meal\/"},"modified":"2026-04-01T00:00:45","modified_gmt":"2026-03-31T22:00:45","slug":"diet-meal","status":"publish","type":"product","link":"https:\/\/www.selfprotein.com\/de\/produkt\/diet-meal\/","title":{"rendered":"Diet Meal"},"content":{"rendered":"<p style=\"text-align: left;\" align=\"center\"><strong><span lang=\"en-US\">Diet Meal<\/span><\/strong><\/p>\n<p><span lang=\"en-US\">Entdecken Sie die perfekte L\u00f6sung f\u00fcr eine leichte und ausgewogene Ern\u00e4hrung! Wir stellen Ihnen unsere Di\u00e4tmahlzeit vor, die ideal ist, um eine oder zwei Mahlzeiten am Tag zu ersetzen. Mit nur 95 Kalorien hilft Ihnen diese Mahlzeit nicht nur, Ihre Kalorienzufuhr zu kontrollieren, sondern ist auch mit wichtigen Vitaminen und Mineralstoffen angereichert. Au\u00dferdem ist sie gluten- und laktosefrei und somit eine sichere Wahl f\u00fcr Menschen mit besonderen Ern\u00e4hrungsbed\u00fcrfnissen.<\/span><\/p>\n<p><span lang=\"en-US\">Vorteile der Di\u00e4t-Mahlzeit:<\/span><\/p>\n<ul>\n<li><strong><span lang=\"en-US\">Kalorienarmer Inhalt<\/span><\/strong><span lang=\"en-US\"><strong>:<\/strong> Mit nur 95 Kalorien ist die Di\u00e4tmahlzeit perfekt f\u00fcr alle, die kalorienbewusst sind und auf gesunde Weise ihr Gewicht halten oder abnehmen wollen.<\/span><\/li>\n<li><strong><span lang=\"en-US\">Reich an N\u00e4hrstoffen:<\/span><\/strong><span lang=\"en-US\"> Trotz der geringen Kalorienzahl liefert diese Mahlzeit eine wichtige Dosis an wichtigen Vitaminen und Mineralstoffen, die den K\u00f6rper gesund und fit halten.<\/span><\/li>\n<li><strong><span lang=\"en-US\">Gluten- und laktosefrei:<\/span><\/strong><span lang=\"en-US\"> Die Di\u00e4tmahlzeit ist f\u00fcr Menschen mit Empfindlichkeiten oder Unvertr\u00e4glichkeiten geeignet und bietet eine sichere und schmackhafte Wahl ohne Gluten und Laktose.<\/span><\/li>\n<li><strong><span lang=\"en-US\">Ersatzmahlzeiten:<\/span><\/strong><span lang=\"en-US\"> Er kann eine oder zwei Mahlzeiten am Tag ersetzen und ist eine praktische L\u00f6sung f\u00fcr alle, die viel unterwegs sind oder wenig Zeit f\u00fcr die Zubereitung kompletter Mahlzeiten haben.<\/span><\/li>\n<li><strong><span lang=\"en-US\">Vielf\u00e4ltige Optionen:<\/span><\/strong><span lang=\"en-US\"> Die Di\u00e4tmahlzeit ist in einer Reihe von k\u00f6stlichen Geschmacksrichtungen erh\u00e4ltlich und macht es Ihnen leicht, Ihren pers\u00f6nlichen Geschmack zu befriedigen und gleichzeitig auf Ihre Gesundheit zu achten.<\/span><\/li>\n<\/ul>\n<p>&nbsp;<\/p>\n<p><span lang=\"en-US\">Mit unserer Di\u00e4tmahlzeit k\u00f6nnen Sie eine leichte, nahrhafte Mahlzeit genie\u00dfen, die Ihren Ern\u00e4hrungsbed\u00fcrfnissen entspricht, ohne auf Geschmack oder Bequemlichkeit verzichten zu m\u00fcssen.<\/span><\/p>\n<p><strong><span lang=\"en-US\">Empfohlene Verwendung<\/span><\/strong><\/p>\n<p><span lang=\"en-US\">Zur Gewichtsabnahme ersetzen Sie 2 Mahlzeiten pro Tag durch Diet Meal; zur Erhaltung des Gewichts ersetzen Sie 1 Mahlzeit pro Tag.<\/span><\/p>\n<p><strong>Hinweis:<\/strong><\/p>\n<ul>\n<li>Nur f\u00fcr Erwachsene und ersetzt nicht eine abwechslungsreiche, ausgewogene Ern\u00e4hrung und eine gesunde Lebensweise.<\/li>\n<li>\u00dcberschreiten Sie nicht die empfohlene Dosis.<\/li>\n<li>Verwenden Sie es nicht w\u00e4hrend der Stillzeit, Schwangerschaft Perioden ohne R\u00fccksprache mit dem Arzt.<\/li>\n<li>Lagern Sie das Produkt an einem k\u00fchlen, trockenen Ort in einer gut verschlossenen Verpackung au\u00dferhalb der Reichweite von Kindern unter 3 Jahren.<\/li>\n<li>Laktosefrei und Glutenfrei.<\/li>\n<\/ul>","protected":false},"excerpt":{"rendered":"<p>Di\u00e4t-Mahlzeit Entdecken Sie die perfekte L\u00f6sung f\u00fcr eine leichte und ausgewogene Ern\u00e4hrung! Wir stellen Ihnen unsere Di\u00e4tmahlzeit vor, die ideal ist, um eine oder zwei Mahlzeiten am Tag zu ersetzen. Mit nur 95 Kalorien hilft Ihnen diese Mahlzeit nicht nur, Ihre Kalorienzufuhr zu kontrollieren, sondern ist auch mit wichtigen Vitaminen und Mineralstoffen angereichert. Au\u00dferdem ist es glutenfrei [...]<\/p>","protected":false},"featured_media":552,"template":"","meta":[],"product_cat":[210,309],"product_tag":[223,319],"class_list":{"0":"post-551","1":"product","2":"type-product","3":"status-publish","4":"has-post-thumbnail","6":"product_cat-snacks-meal-solutions","7":"product_cat-weight-management-and-definition","8":"product_tag-snacks-meal-solutions","9":"product_tag-weight-management-and-definition","11":"first","12":"instock","13":"sale","14":"taxable","15":"shipping-taxable","16":"purchasable","17":"product-type-variable"},"aioseo_notices":[],"_links":{"self":[{"href":"https:\/\/www.selfprotein.com\/de\/wp-json\/wp\/v2\/product\/551"}],"collection":[{"href":"https:\/\/www.selfprotein.com\/de\/wp-json\/wp\/v2\/product"}],"about":[{"href":"https:\/\/www.selfprotein.com\/de\/wp-json\/wp\/v2\/types\/product"}],"wp:featuredmedia":[{"embeddable":true,"href":"https:\/\/www.selfprotein.com\/de\/wp-json\/wp\/v2\/media\/552"}],"wp:attachment":[{"href":"https:\/\/www.selfprotein.com\/de\/wp-json\/wp\/v2\/media?parent=551"}],"wp:term":[{"taxonomy":"product_cat","embeddable":true,"href":"https:\/\/www.selfprotein.com\/de\/wp-json\/wp\/v2\/product_cat?post=551"},{"taxonomy":"product_tag","embeddable":true,"href":"https:\/\/www.selfprotein.com\/de\/wp-json\/wp\/v2\/product_tag?post=551"}],"curies":[{"name":"wp","href":"https:\/\/api.w.org\/{rel}","templated":true}]}}