{"id":554,"date":"2023-11-27T13:18:16","date_gmt":"2023-11-27T12:18:16","guid":{"rendered":"https:\/\/34.88.231.180\/product\/eaa-pro\/"},"modified":"2026-04-01T00:00:45","modified_gmt":"2026-03-31T22:00:45","slug":"eaa-pro","status":"publish","type":"product","link":"https:\/\/www.selfprotein.com\/de\/produkt\/eaa-pro\/","title":{"rendered":"EAA PRO"},"content":{"rendered":"<p style=\"text-align: left;\" align=\"center\"><strong><span lang=\"en-US\">EAA Pro<\/span><\/strong><\/p>\n<p><span lang=\"en-US\">EAA Pro ist ein Nahrungserg\u00e4nzungsmittel mit essentiellen Aminos\u00e4uren (EAAs), die f\u00fcr das reibungslose Funktionieren des K\u00f6rpers entscheidend sind. EAAs sind eine Kategorie von Aminos\u00e4uren, die der menschliche K\u00f6rper nicht selbst synthetisieren kann und die daher \u00fcber die Ern\u00e4hrung oder spezielle Erg\u00e4nzungsmittel zugef\u00fchrt werden m\u00fcssen. Dieses Produkt ist bei Sportlern, Bodybuildern und Fitnessbegeisterten besonders beliebt, da es das Muskelwachstum, die Erholung und die k\u00f6rperliche Leistungsf\u00e4higkeit unterst\u00fctzt.<\/span><\/p>\n<p><span lang=\"en-US\">Vorteile von EAA Pro:<\/span><\/p>\n<ul>\n<li><strong><span lang=\"en-US\">Unterst\u00fctzt das Muskelwachstum:<\/span><\/strong><span lang=\"en-US\"> Essentielle Aminos\u00e4uren sind f\u00fcr die Muskelproteinsynthese unerl\u00e4sslich und tragen somit zum Wachstum und zur Erhaltung der Muskelmasse bei.<\/span><\/li>\n<li><strong><span lang=\"en-US\">Beschleunigte Erholung<\/span><\/strong><span lang=\"en-US\"><strong>:<\/strong> EAAs k\u00f6nnen dazu beitragen, die Erholungszeit der Muskeln nach intensivem Training zu verk\u00fcrzen, was eine h\u00f6here Trainingsh\u00e4ufigkeit und eine optimale Erholung zwischen den Trainingseinheiten erm\u00f6glicht.<\/span><\/li>\n<li><strong><span lang=\"en-US\">Leistungsverbesserung:<\/span><\/strong><span lang=\"en-US\"> Eine Supplementierung mit EAAs kann die Leistung w\u00e4hrend des Trainings steigern, indem sie die Muskelausdauer und -kraft erh\u00f6ht sowie eine bessere Konzentration und mentale Ausdauer f\u00f6rdert.<\/span><\/li>\n<li><strong><span lang=\"en-US\">Unterst\u00fctzung bei der Genesung von Verletzungen oder Krankheiten:<\/span><\/strong><span lang=\"en-US\"> EAA-Erg\u00e4nzungen k\u00f6nnen besonders hilfreich f\u00fcr Personen sein, die sich von Verletzungen, Operationen oder Krankheiten erholen, die zu Muskelverlust oder Muskelschwund gef\u00fchrt haben, da sie den Heilungsprozess und die Muskelerholung beschleunigen.<\/span><\/li>\n<\/ul>\n<p>&nbsp;<\/p>\n<p><strong><span lang=\"en-US\">Empfohlene Verwendung<\/span><\/strong><\/p>\n<p><span lang=\"en-US\">Verzehren Sie 1 Portion pro Tag vor, w\u00e4hrend oder nach einer k\u00f6rperlichen Aktivit\u00e4t oder \u00fcber den Tag verteilt.<\/span><\/p>\n<p><strong>Hinweis:<\/strong><\/p>\n<ul>\n<li>Nur f\u00fcr Erwachsene und ersetzt nicht eine abwechslungsreiche, ausgewogene Ern\u00e4hrung und eine gesunde Lebensweise.<\/li>\n<li>\u00dcberschreiten Sie nicht die empfohlene Dosis.<\/li>\n<li>Verwenden Sie es nicht w\u00e4hrend der Stillzeit, Schwangerschaft Perioden ohne R\u00fccksprache mit dem Arzt.<\/li>\n<li>Lagern Sie das Produkt an einem k\u00fchlen, trockenen Ort in einer gut verschlossenen Verpackung au\u00dferhalb der Reichweite von Kindern unter 3 Jahren.<\/li>\n<li>Kann Spuren von Milch, Hafer, Ei und Soja enthalten.<\/li>\n<li>Laktosefrei und Glutenfrei.<\/li>\n<\/ul>","protected":false},"excerpt":{"rendered":"<p>EAA Pro EAA Pro ist ein Nahrungserg\u00e4nzungsmittel mit essentiellen Aminos\u00e4uren (EAAs), die f\u00fcr das reibungslose Funktionieren des K\u00f6rpers entscheidend sind. EAAs sind eine Kategorie von Aminos\u00e4uren, die der menschliche K\u00f6rper nicht selbst synthetisieren kann und die daher \u00fcber die Ern\u00e4hrung oder spezielle Nahrungserg\u00e4nzungsmittel zugef\u00fchrt werden m\u00fcssen. Dieses Produkt ist besonders bei Sportlern beliebt, [...]<\/p>","protected":false},"featured_media":5650,"template":"","meta":[],"product_cat":[151,311],"product_tag":[161,317],"class_list":{"0":"post-554","1":"product","2":"type-product","3":"status-publish","4":"has-post-thumbnail","6":"product_cat-amino-acids-creatine","7":"product_cat-recovery-and-regeneration","8":"product_tag-amino-acids-creatine","9":"product_tag-recovery-and-regeneration","11":"first","12":"instock","13":"sale","14":"taxable","15":"shipping-taxable","16":"purchasable","17":"product-type-variable"},"aioseo_notices":[],"_links":{"self":[{"href":"https:\/\/www.selfprotein.com\/de\/wp-json\/wp\/v2\/product\/554"}],"collection":[{"href":"https:\/\/www.selfprotein.com\/de\/wp-json\/wp\/v2\/product"}],"about":[{"href":"https:\/\/www.selfprotein.com\/de\/wp-json\/wp\/v2\/types\/product"}],"wp:featuredmedia":[{"embeddable":true,"href":"https:\/\/www.selfprotein.com\/de\/wp-json\/wp\/v2\/media\/5650"}],"wp:attachment":[{"href":"https:\/\/www.selfprotein.com\/de\/wp-json\/wp\/v2\/media?parent=554"}],"wp:term":[{"taxonomy":"product_cat","embeddable":true,"href":"https:\/\/www.selfprotein.com\/de\/wp-json\/wp\/v2\/product_cat?post=554"},{"taxonomy":"product_tag","embeddable":true,"href":"https:\/\/www.selfprotein.com\/de\/wp-json\/wp\/v2\/product_tag?post=554"}],"curies":[{"name":"wp","href":"https:\/\/api.w.org\/{rel}","templated":true}]}}